{"id":15496,"date":"2020-07-24T17:16:13","date_gmt":"2020-07-24T10:16:13","guid":{"rendered":"https:\/\/havamall.com\/?post_type=product&#038;p=15496"},"modified":"2021-03-03T16:29:19","modified_gmt":"2021-03-03T09:29:19","slug":"gia-vi-muoi-tieu-dac-biet-thai-lan-sutharos-50g-garlic-pepper-seasoning-power","status":"publish","type":"product","link":"https:\/\/havamall.com\/en\/shop\/gia-vi-muoi-tieu-dac-biet-thai-lan-sutharos-50g-garlic-pepper-seasoning-power\/","title":{"rendered":"Gia V\u1ecb Mu\u1ed1i Ti\u00eau \u0110\u1eb7c Bi\u1ec7t Th\u00e1i Lan Sutharos 50g &#8211; Garlic &amp; Pepper Seasoning Power"},"content":{"rendered":"<h2><strong>\u0110\u1eb7c \u0111i\u1ec3m th\u01b0\u01a1ng hi\u1ec7u<\/strong><\/h2>\n<p><span style=\"font-weight: 400\">Sutharos l\u00e0 th\u01b0\u01a1ng hi\u1ec7u cao c\u1ea5p c\u1ee7a Th\u00e1i Lan, t\u00ean th\u01b0\u01a1ng hi\u1ec7u \u0111\u01b0\u1ee3c t\u1ea1o n\u00ean b\u1edfi 2 t\u1eeb mang \u00fd ngh\u0129a l\u00e0:<\/span><\/p>\n<p><span style=\"font-weight: 400\">Sutha: Ngh\u0129a l\u00e0 \u0110\u1ea5t \u2013 N\u01a1i nu\u00f4i d\u01b0\u1ee1ng c\u00e1c m\u1ea7m c\u00e2y, cung c\u1ea5p cho con ng\u01b0\u1eddi ngu\u1ed3n t\u00e0i nguy\u00ean, kho\u00e1ng s\u1ea3n v\u00e0 c\u0169ng l\u00e0 n\u01a1i nguy\u00ean li\u1ec7u, th\u1ea3o m\u1ed9c c\u00f3 trong c\u00e1c s\u1ea3n ph\u1ea9m gia v\u1ecb c\u1ee7a th\u01b0\u01a1ng hi\u1ec7u Sutharos \u0111\u01b0\u1ee3c tr\u1ed3ng, ch\u0103m s\u00f3c v\u00e0 l\u1edbn l\u00ean h\u1eb1ng ng\u00e0y.<\/span><\/p>\n<p><span style=\"font-weight: 400\">Ros: Ngh\u0129a l\u00e0 h\u01b0\u01a1ng v\u1ecb ho\u1eb7c l\u00e0 vi\u1ec7c b\u1ea1n n\u1ebfm, b\u1ea1n c\u1ea3m nh\u1eadn m\u1ed9t m\u00f3n \u0103n n\u00e0o \u0111\u00f3.<\/span><\/p>\n<p><img decoding=\"async\" class=\"aligncenter\" src=\"https:\/\/havamall.com\/wp-content\/uploads\/2020\/07\/page_1.jpg\" alt=\"Catalog qp by sutharos - issuu\" \/><\/p>\n<p><span style=\"font-weight: 400\">Sutharos \u0111\u00fang v\u1edbi c\u00e2u slogan \u201cThe taste of Thailand\u201d \u2013 H\u01b0\u01a1ng v\u1ecb c\u1ee7a Th\u00e1i Lan.<\/span><\/p>\n<p><span style=\"font-weight: 400\">Sutharos v\u1edbi h\u01a1n 100 lo\u1ea1i gia v\u1ecb nh\u01b0: B\u1ed9 n\u1ea5u Th\u00e1i (Gia v\u1ecb n\u1ea5u s\u00fap Tom Yum, gia v\u1ecb n\u1ea5u s\u00fap Tom Kha, g\u00f3i gia v\u1ecb n\u1ea5u l\u1ea9u Th\u00e1i), b\u1ed9t gia v\u1ecb t\u1ecfi, ti\u00eau, gia v\u1ecb n\u01b0\u1edbng truy\u1ec1n th\u1ed1ng, n\u01b0\u1edbng BBQ cay n\u00f3ng, n\u01b0\u1edbng mala, gia v\u1ecb c\u00e0 ri \u2026 \u0111\u00e3 c\u00f3 m\u1eb7t t\u1ea1i nhi\u1ec1u qu\u1ed1c gia tr\u00ean th\u1ebf gi\u1edbi nh\u01b0: Th\u00e1i Lan, Vi\u1ec7t Nam, M\u1ef9, Nh\u1eadt B\u1ea3n, H\u00e0n Qu\u1ed1c, \u00dac, \u2026<\/span><\/p>\n<p><b>Th\u00f4ng tin chung<\/b><\/p>\n<table>\n<tbody>\n<tr>\n<td><span style=\"font-weight: 400\">Th\u01b0\u01a1ng hi\u1ec7u<\/span><\/td>\n<td><span style=\"font-weight: 400\">Sutharos<\/span><\/td>\n<\/tr>\n<tr>\n<td><span style=\"font-weight: 400\">Xu\u1ea5t x\u1ee9<\/span><\/td>\n<td><span style=\"font-weight: 400\">Th\u00e1i Lan<\/span><\/td>\n<\/tr>\n<tr>\n<td><span style=\"font-weight: 400\">Th\u00e0nh ph\u1ea7n<\/span><\/td>\n<td><span style=\"font-weight: 400\">Ti\u00eau, t\u1ecfi, mu\u1ed1i, \u0111\u01b0\u1eddng<\/span><\/td>\n<\/tr>\n<tr>\n<td><span style=\"font-weight: 400\">H\u1ea1n s\u1eed d\u1ee5ng<\/span><\/td>\n<td><span style=\"font-weight: 400\">Xem tr\u00ean bao b\u00ec<\/span><\/td>\n<\/tr>\n<tr>\n<td><span style=\"font-weight: 400\">H\u01b0\u1edbng d\u1eabn s\u1eed d\u1ee5ng<\/span><\/td>\n<td><span style=\"font-weight: 400\">D\u00f9ng l\u00e0m gia v\u1ecb cho c\u00e1c m\u00f3n \u0103n v\u00e0 \u0111\u1ec3 t\u1ea9m \u01b0\u1edbp th\u1ef1c ph\u1ea9m khi ch\u1ebf bi\u1ebfn<\/span><\/td>\n<\/tr>\n<tr>\n<td><span style=\"font-weight: 400\">B\u1ea3o qu\u1ea3n<\/span><\/td>\n<td><span style=\"font-weight: 400\">N\u01a1i kh\u00f4 r\u00e1o, tho\u00e1ng m\u00e1t, tr\u00e1nh \u00e1nh s\u00e1ng tr\u1ef1c ti\u1ebfp t\u1eeb m\u1eb7t tr\u1eddi<\/span><\/td>\n<\/tr>\n<\/tbody>\n<\/table>\n<p><img decoding=\"async\" class=\"aligncenter\" src=\"https:\/\/havamall.com\/wp-content\/uploads\/2020\/07\/muoi-tieu-chanh-cholimex-80gam-4-700x467.jpg\" alt=\"Mua Mu\u1ed1i ti\u00eau chanh Cholimex h\u0169 80g gi\u00e1 t\u1ed1t t\u1ea1i B\u00e1ch ho\u00e1 XANH\" \/><\/p>\n<p><b>Th\u00f4ng tin chi ti\u1ebft<\/b><\/p>\n<p>&#8211; Gia v\u1ecb mu\u1ed1i ti\u00eau Th\u00e1i Lan Sutharos h\u0169 50g<span style=\"font-weight: 400\"> \u0111\u01b0\u1ee3c \u0111\u00f3ng g\u00f3i d\u1ea1ng h\u0169 th\u1ee7y tinh \u0111\u1eb9p m\u1eaft, gi\u00fap gi\u1eef h\u01b0\u01a1ng v\u1ecb t\u1ed1t h\u01a1n.<\/span><\/p>\n<p><span style=\"font-weight: 400\">&#8211; Gia v\u1ecb ho\u00e0n to\u00e0n an to\u00e0n v\u1ec1 ch\u1ea5t l\u01b0\u1ee3ng l\u1eabn v\u1ec7 sinh th\u1ef1c ph\u1ea9m.<\/span><\/p>\n<p><span style=\"font-weight: 400\">&#8211; Quy tr\u00ecnh kh\u00e9p k\u00edn, \u0111\u1ea1t chu\u1ea9n qu\u1ed1c t\u1ebf:<\/span><\/p>\n<p><span style=\"font-weight: 400\">+ Nguy\u00ean li\u1ec7u t\u1eeb th\u1ea3o m\u1ed9c s\u1ea1ch r\u1ea5t t\u1ed1t cho s\u1ee9c kh\u1ecfe v\u00e0 \u0111\u1ea3m b\u1ea3o an to\u00e0n dinh d\u01b0\u1ee1ng<\/span><\/p>\n<p><span style=\"font-weight: 400\">+ H\u01b0\u01a1ng v\u1ecb ph\u00f9 h\u1ee3p v\u1edbi kh\u1ea9u v\u1ecb m\u1ecdi nh\u00e0<\/span><\/p>\n<p><span style=\"font-weight: 400\">+ Ch\u1ebf bi\u1ebfn ti\u1ec7n l\u1ee3i\u00a0<\/span><\/p>\n<p>D\u00f9ng l\u00e0m gia v\u1ecb t\u1ea9m \u01b0\u1edbp \u0111\u1ed3 \u0103n ho\u1eb7c l\u00e0m mu\u1ed1i ch\u1ea5m.<\/p>\n<p><img decoding=\"async\" class=\"aligncenter\" src=\"https:\/\/havamall.com\/wp-content\/uploads\/2020\/07\/an-nam-quan-tu-xuong-6.jpg\" alt=\"Xi\u00eau l\u00f2ng v\u1edbi nh\u1eefng \u0111\u1ecba ch\u1ec9 g\u00e0 l\u00ean m\u00e2m ngon h\u1ebft n\u1ea5c t\u1ea1i \u0110\u00e0 N\u1eb5ng\" \/><\/p>","protected":false},"excerpt":{"rendered":"<p>&#8211; Gia v\u1ecb mu\u1ed1i ti\u00eau Th\u00e1i Lan Sutharos h\u0169 50g<span style=\"font-weight: 400\"> \u0111\u01b0\u1ee3c \u0111\u00f3ng g\u00f3i d\u1ea1ng h\u0169 th\u1ee7y tinh \u0111\u1eb9p m\u1eaft, gi\u00fap gi\u1eef h\u01b0\u01a1ng v\u1ecb t\u1ed1t h\u01a1n.<\/span><\/p>\n<p><span style=\"font-weight: 400\">&#8211; Gia v\u1ecb ho\u00e0n to\u00e0n an to\u00e0n v\u1ec1 ch\u1ea5t l\u01b0\u1ee3ng l\u1eabn v\u1ec7 sinh th\u1ef1c ph\u1ea9m.<\/span><\/p>\n<p><span style=\"font-weight: 400\">&#8211; Quy tr\u00ecnh kh\u00e9p k\u00edn, \u0111\u1ea1t chu\u1ea9n qu\u1ed1c t\u1ebf:<\/span><\/p>\n<p><span style=\"font-weight: 400\">+ Nguy\u00ean li\u1ec7u t\u1eeb th\u1ea3o m\u1ed9c s\u1ea1ch r\u1ea5t t\u1ed1t cho s\u1ee9c kh\u1ecfe v\u00e0 \u0111\u1ea3m b\u1ea3o an to\u00e0n dinh d\u01b0\u1ee1ng<\/span><\/p>\n<p><span style=\"font-weight: 400\">+ H\u01b0\u01a1ng v\u1ecb ph\u00f9 h\u1ee3p v\u1edbi kh\u1ea9u v\u1ecb m\u1ecdi nh\u00e0<\/span><\/p>\n<p><span style=\"font-weight: 400\">+ Ch\u1ebf bi\u1ebfn ti\u1ec7n l\u1ee3i\u00a0<\/span><\/p>","protected":false},"featured_media":15497,"comment_status":"open","ping_status":"closed","template":"","meta":[],"product_brand":[],"product_cat":[36,143,134],"product_tag":[],"class_list":{"0":"post-15496","1":"product","2":"type-product","3":"status-publish","4":"has-post-thumbnail","6":"product_cat-thuc-pham-tieu-dung","7":"product_cat-thuc-pham-dong-hop","8":"product_cat-thucpham-saykho","10":"first","11":"outofstock","12":"sale","13":"shipping-taxable","14":"purchasable","15":"product-type-simple"},"_links":{"self":[{"href":"https:\/\/havamall.com\/en\/wp-json\/wp\/v2\/product\/15496","targetHints":{"allow":["GET"]}}],"collection":[{"href":"https:\/\/havamall.com\/en\/wp-json\/wp\/v2\/product"}],"about":[{"href":"https:\/\/havamall.com\/en\/wp-json\/wp\/v2\/types\/product"}],"replies":[{"embeddable":true,"href":"https:\/\/havamall.com\/en\/wp-json\/wp\/v2\/comments?post=15496"}],"version-history":[{"count":0,"href":"https:\/\/havamall.com\/en\/wp-json\/wp\/v2\/product\/15496\/revisions"}],"wp:featuredmedia":[{"embeddable":true,"href":"https:\/\/havamall.com\/en\/wp-json\/wp\/v2\/media\/15497"}],"wp:attachment":[{"href":"https:\/\/havamall.com\/en\/wp-json\/wp\/v2\/media?parent=15496"}],"wp:term":[{"taxonomy":"product_brand","embeddable":true,"href":"https:\/\/havamall.com\/en\/wp-json\/wp\/v2\/product_brand?post=15496"},{"taxonomy":"product_cat","embeddable":true,"href":"https:\/\/havamall.com\/en\/wp-json\/wp\/v2\/product_cat?post=15496"},{"taxonomy":"product_tag","embeddable":true,"href":"https:\/\/havamall.com\/en\/wp-json\/wp\/v2\/product_tag?post=15496"}],"curies":[{"name":"wp","href":"https:\/\/api.w.org\/{rel}","templated":true}]}}