{"id":15932,"date":"2020-08-25T22:30:24","date_gmt":"2020-08-25T15:30:24","guid":{"rendered":"https:\/\/havamall.com\/?post_type=product&#038;p=15932"},"modified":"2021-06-24T15:29:57","modified_gmt":"2021-06-24T08:29:57","slug":"kem-tuoi-mlekovita-cooking-cream-18-1000ml","status":"publish","type":"product","link":"https:\/\/havamall.com\/en\/shop\/kem-tuoi-mlekovita-cooking-cream-18-1000ml\/","title":{"rendered":"Kem T\u01b0\u01a1i Mlekovita Cooking Cream 18% &#8211; 1000ml"},"content":{"rendered":"<p><strong><em>Cooking Cream<\/em><\/strong> ( kem n\u1ea5u ) c\u1ee7a Mlekovita l\u00e0 d\u1ea1ng kem ch\u1ee9a 18% ch\u1ea5t b\u00e9o, chuy\u00ean d\u00f9ng \u0111\u1ec3 n\u1ea5u soup cho tr\u1ebb em hay c\u00f2n \u0111\u01b0\u1ee3c xem l\u00e0 m\u1ed9t lo\u1ea1i gia v\u1ecb gi\u00fap t\u1ea1o \u0111\u1ed9 ng\u1eady v\u00e0 m\u00f9i th\u01a1m cho c\u00e1c m\u00f3n \u0103n.<\/p>\n<p><img fetchpriority=\"high\" decoding=\"async\" class=\"wp-image-15933 aligncenter\" src=\"https:\/\/havamall.com\/wp-content\/uploads\/2020\/08\/11-300x189.jpg\" alt=\"\" width=\"799\" height=\"503\" \/><\/p>\n<p>N\u1ebfu b\u1ea1n l\u00e0 m\u1ed9t fan c\u1ee9ng c\u1ee7a c\u00e1c m\u00f3n \u0103n T\u00e2y th\u00ec <strong><em>Cooking Cream<\/em><\/strong> l\u00e0 m\u1ed9t nguy\u00ean li\u1ec7u kh\u00f4ng th\u1ec3 thi\u1ebfu trong gian b\u1ebfp nh\u1ecf xinh c\u1ee7a b\u1ea1n.<\/p>\n<p><img decoding=\"async\" class=\"wp-image-15936 aligncenter\" src=\"https:\/\/havamall.com\/wp-content\/uploads\/2020\/08\/2-300x250.jpg\" alt=\"\" width=\"800\" height=\"667\" \/><\/p>\n<p>\u27a4<strong><em> \u00a0Cooking Cream<\/em><\/strong> l\u00e0 m\u1ed9t lo\u1ea1i kem l\u1ecfng nh\u1eb9, kh\u00f4ng th\u1ec3 \u0111\u00e1nh b\u00f4ng \u0111\u01b0\u1ee3c, nh\u01b0ng v\u1eabn c\u00f3 \u0111\u01b0\u1ee3c m\u1ed9t \u0111\u1ed9 b\u00e9o ng\u1eady nh\u1ea5t \u0111\u1ecbnh. V\u00ec \u0111\u00e3 qua kh\u00e2u x\u1eed l\u00fd ch\u1ebf bi\u1ebfn nghi\u00eam ng\u1eb7t \u0111\u01b0\u1ee3c n\u1ea5u \u1edf nhi\u1ec7t \u0111\u1ed9 cao, n\u00ean Cooking Cream v\u1eabn gi\u1eef \u0111\u01b0\u1ee3c c\u00e1c ch\u1ea5t dinh d\u01b0\u1ee1ng nguy\u00ean th\u1ee7y v\u1ed1n c\u00f3 c\u1ee7a n\u00f3. \u0110\u1eb7c bi\u1ec7t l\u00e0 kh\u00f4ng b\u1ecb bi\u1ebfn ch\u1ea5t do nhi\u1ec7t \u0111\u1ed9 cao hay x\u1ea3y ra t\u00ecnh tr\u1ea1ng v\u00f3n c\u1ee5c ho\u1eb7c t\u00e1ch n\u01b0\u1edbc.<\/p>\n<p><img decoding=\"async\" class=\"wp-image-15939 aligncenter\" src=\"https:\/\/havamall.com\/wp-content\/uploads\/2020\/08\/6-300x169.jpg\" alt=\"\" width=\"799\" height=\"450\" \/><\/p>\n<p>\u27a4\u00a0 Ch\u00ednh v\u00ec th\u1ebf <strong><em>Cooking Cream<\/em><\/strong> r\u1ea5t th\u00edch h\u1ee3p \u0111\u1ec3 k\u1ebft h\u1ee3p c\u00f9ng c\u00e1c m\u00f3n \u0103n ho\u1eb7c d\u00f9ng khi ch\u1ebf bi\u1ebfn \u0111\u1ed3 n\u00f3ng.<\/p>\n<p><img loading=\"lazy\" decoding=\"async\" class=\"wp-image-15940 aligncenter\" src=\"https:\/\/havamall.com\/wp-content\/uploads\/2020\/08\/8-300x196.jpg\" alt=\"\" width=\"800\" height=\"523\" \/><\/p>\n<p>\u27a4\u00a0 C\u00e1ch b\u1ea3o qu\u1ea3n <strong><em>Cooking Cream<\/em><\/strong> c\u0169ng gi\u1ed1ng nh\u01b0 c\u00e1c lo\u1ea1i Cream kh\u00e1c \u0111\u01b0\u1ee3c b\u1ea3o qu\u1ea3n \u1edf nhi\u1ec7t \u0111\u1ed9 t\u1eeb 2-4 \u0111\u1ed9 C v\u00e0 kh\u00f4ng \u0111\u01b0\u1ee3c \u0111\u1ec3 \u0111\u00f4ng \u0111\u00e1.<\/p>\n<p><img loading=\"lazy\" decoding=\"async\" class=\"wp-image-15938 aligncenter\" src=\"https:\/\/havamall.com\/wp-content\/uploads\/2020\/08\/7-200x300.jpg\" alt=\"\" width=\"500\" height=\"750\" \/><\/p>\n<p><strong>\u2714 <\/strong>Sau khi s\u1eed d\u1ee5ng xong c\u1ea7n lau s\u1ea1ch mi\u1ec7ng h\u1ed9p, \u0111\u1eady k\u00edn b\u1eb1ng nilong.<\/p>\n<p><strong>\u2714 <\/strong>Trong su\u1ed1t th\u1eddi gian b\u1ea3o qu\u1ea3n n\u00ean th\u00ecnh tho\u1ea3ng l\u1eafc nh\u1eb9 h\u1ed9p \u0111\u1ec3 tr\u00e1nh t\u00ecnh tr\u1ea1ng b\u1ecb \u0111\u1ecdng l\u1ea1i \u1edf \u0111\u00e1y h\u1ed9p.<\/p>\n<p><img loading=\"lazy\" decoding=\"async\" class=\"wp-image-15934 aligncenter\" src=\"https:\/\/havamall.com\/wp-content\/uploads\/2020\/08\/33-200x300.jpg\" alt=\"\" width=\"500\" height=\"751\" \/><\/p>\n<p>C\u00e1ch ch\u1ebf bi\u1ebfn <strong><em>Cooking Cream<\/em><\/strong> c\u00f9ng v\u1edbi Nui Xo\u1eafn s\u1ed1t Pesto:<\/p>\n<p>Nguy\u00ean li\u1ec7u:<\/p>\n<ul>\n<li>300gr Nui Xo\u1eafn<\/li>\n<li>50gr L\u00e1 Basil<\/li>\n<li>100gr phomai Pamesan<\/li>\n<li>3 t\u00e9p t\u1ecfi<\/li>\n<li>150ml d\u1ea7u oliu<\/li>\n<li>50gr h\u1ea1t th\u00f4ng ho\u1eb7c \u00f3c ch\u00f3<\/li>\n<li>50ml cooking cream<\/li>\n<li>Mu\u1ed1i<\/li>\n<\/ul>\n<p>&nbsp;<\/p>\n<p><img loading=\"lazy\" decoding=\"async\" class=\"wp-image-15942 aligncenter\" src=\"https:\/\/havamall.com\/wp-content\/uploads\/2020\/08\/5-300x158.jpg\" alt=\"\" width=\"800\" height=\"421\" \/><\/p>\n<p>C\u00e1ch Ch\u1ebf Bi\u1ebfn:<\/p>\n<ul>\n<li>L\u00e1 Basil r\u1eeda s\u1ea1ch. T\u1ecfi l\u1ed9t v\u1ecf.<\/li>\n<li>Cho h\u1ea1t th\u00f4ng v\u00e0 l\u00e1 basil, t\u1ecfi, phomai, mu\u1ed1i, d\u1ea7u oliu v\u00e0o c\u00f9ng v\u00e0 xay m\u1ecbn.<\/li>\n<li>Th\u00eam Cooking cream v\u00e0o xay nhuy\u1ec5n.<\/li>\n<li>Chu\u1ea9n b\u1ecb m\u1ed9t n\u1ed3i n\u01b0\u1edbc s\u00f4i \u0111\u1ee3i n\u01b0\u1edbc s\u00f4i th\u00ec cho mu\u1ed1i v\u00e0o v\u00e0 lu\u1ed9c nui. Th\u1eddi gian lu\u1ed9c nui th\u1ef1c hi\u1ec7n nh\u01b0 tr\u00ean bao b\u00ec. B\u1eaft \u0111\u1ea7u th\u1eddi gian khi cho nui v\u00e0o lu\u1ed9c.<\/li>\n<li>L\u00e0m n\u00f3ng ch\u1ea3o, cho s\u1ed1t v\u00e0o \u0111un l\u1eeda nh\u1ecf, s\u1ed1t s\u00f4i \u0111\u1ec1u v\u00e0 t\u1eaft b\u1ebfp.<\/li>\n<li>Sau khi nui ch\u00edn ray cho r\u00e1o n\u01b0\u1edbc, v\u00e0 cho v\u00e0o ch\u1ea3o l\u1edbn \u0111\u1ea3o kho\u1ea3ng 1 ph\u00fat, ti\u1ebfp \u0111\u1ebfn cho s\u1ed1t v\u00e0o d\u00f9ng k\u00e8m.<\/li>\n<\/ul>\n<p>&nbsp;<\/p>\n<p><img loading=\"lazy\" decoding=\"async\" class=\"wp-image-15941 aligncenter\" src=\"https:\/\/havamall.com\/wp-content\/uploads\/2020\/08\/9-300x245.jpg\" alt=\"\" width=\"799\" height=\"653\" \/><\/p>","protected":false},"excerpt":{"rendered":"<p><strong><em>Cooking Cream<\/em><\/strong> ( kem n\u1ea5u ) c\u1ee7a Mlekovita l\u00e0 d\u1ea1ng kem ch\u1ee9a 18% ch\u1ea5t b\u00e9o, chuy\u00ean d\u00f9ng \u0111\u1ec3 n\u1ea5u soup cho tr\u1ebb em hay c\u00f2n \u0111\u01b0\u1ee3c xem l\u00e0 m\u1ed9t lo\u1ea1i gia v\u1ecb gi\u00fap t\u1ea1o \u0111\u1ed9 ng\u1eady v\u00e0 m\u00f9i th\u01a1m cho c\u00e1c m\u00f3n \u0103n.<\/p>\n<p>N\u1ebfu b\u1ea1n l\u00e0 m\u1ed9t fan c\u1ee9ng c\u1ee7a c\u00e1c m\u00f3n \u0103n T\u00e2y th\u00ec <strong><em>Cooking Cream<\/em><\/strong> l\u00e0 m\u1ed9t nguy\u00ean li\u1ec7u kh\u00f4ng th\u1ec3 thi\u1ebfu trong gian b\u1ebfp nh\u1ecf xinh c\u1ee7a b\u1ea1n.<\/p>","protected":false},"featured_media":15930,"comment_status":"open","ping_status":"closed","template":"","meta":[],"product_brand":[],"product_cat":[135,36,143],"product_tag":[],"class_list":{"0":"post-15932","1":"product","2":"type-product","3":"status-publish","4":"has-post-thumbnail","6":"product_cat-sua-do-uong","7":"product_cat-thuc-pham-tieu-dung","8":"product_cat-thuc-pham-dong-hop","10":"first","11":"outofstock","12":"sale","13":"shipping-taxable","14":"purchasable","15":"product-type-simple"},"_links":{"self":[{"href":"https:\/\/havamall.com\/en\/wp-json\/wp\/v2\/product\/15932","targetHints":{"allow":["GET"]}}],"collection":[{"href":"https:\/\/havamall.com\/en\/wp-json\/wp\/v2\/product"}],"about":[{"href":"https:\/\/havamall.com\/en\/wp-json\/wp\/v2\/types\/product"}],"replies":[{"embeddable":true,"href":"https:\/\/havamall.com\/en\/wp-json\/wp\/v2\/comments?post=15932"}],"version-history":[{"count":0,"href":"https:\/\/havamall.com\/en\/wp-json\/wp\/v2\/product\/15932\/revisions"}],"wp:featuredmedia":[{"embeddable":true,"href":"https:\/\/havamall.com\/en\/wp-json\/wp\/v2\/media\/15930"}],"wp:attachment":[{"href":"https:\/\/havamall.com\/en\/wp-json\/wp\/v2\/media?parent=15932"}],"wp:term":[{"taxonomy":"product_brand","embeddable":true,"href":"https:\/\/havamall.com\/en\/wp-json\/wp\/v2\/product_brand?post=15932"},{"taxonomy":"product_cat","embeddable":true,"href":"https:\/\/havamall.com\/en\/wp-json\/wp\/v2\/product_cat?post=15932"},{"taxonomy":"product_tag","embeddable":true,"href":"https:\/\/havamall.com\/en\/wp-json\/wp\/v2\/product_tag?post=15932"}],"curies":[{"name":"wp","href":"https:\/\/api.w.org\/{rel}","templated":true}]}}