{"id":16143,"date":"2020-09-16T09:53:45","date_gmt":"2020-09-16T02:53:45","guid":{"rendered":"https:\/\/havamall.com\/?post_type=product&#038;p=16143"},"modified":"2021-06-05T11:44:54","modified_gmt":"2021-06-05T04:44:54","slug":"nuoc-trai-cay-len-men-chateul-vi-cam-360ml-chateul-soorok-mandarin-orange-soju","status":"publish","type":"product","link":"https:\/\/havamall.com\/en\/shop\/nuoc-trai-cay-len-men-chateul-vi-cam-360ml-chateul-soorok-mandarin-orange-soju\/","title":{"rendered":"N\u01b0\u1edbc Tr\u00e1i C\u00e2y L\u00ean Men Chateul V\u1ecb Cam 360ml &#8211; Chateul Soorok Mandarin Orange Soju"},"content":{"rendered":"<p>R\u01b0\u1ee3u soju tr\u00e1i c\u00e2y l\u00e0 m\u1ed9t lo\u1ea1i r\u01b0\u1ee3u n\u1ed5i ti\u1ebfng \u1edf H\u00e0n Qu\u1ed1c, \u0111\u01b0\u1ee3c nhi\u1ec1u th\u1ef1c kh\u00e1ch \u01b0a chu\u1ed9ng. S\u1ef1 k\u1ebft h\u1ee3p tuy\u1ec7t v\u1eddi gi\u1eefa h\u01b0\u01a1ng v\u1ecb ng\u1ecdt ng\u00e0o c\u1ee7a r\u01b0\u1ee3u Soju truy\u1ec1n th\u1ed1ng v\u00e0 h\u01b0\u01a1ng th\u01a1m quy\u1ebfn r\u0169 c\u1ee7a c\u00e1c lo\u1ea1i tr\u00e1i c\u00e2y \u0111\u00e3 l\u00e0m cho r\u01b0\u1ee3u Soju tr\u00e1i c\u00e2y chinh ph\u1ee5c \u0111\u01b0\u1ee3c nhi\u1ec1u ng\u01b0\u1eddi th\u01b0\u1edfng r\u01b0\u1ee3u k\u1ec3 c\u1ea3 nh\u1eefng ng\u01b0\u1eddi th\u01b0\u1edfng r\u01b0\u1ee3u kh\u00f3 t\u00ednh. H\u01a1n th\u1ebf n\u1eefa, r\u01b0\u1ee3u soju tr\u00e1i c\u00e2y c\u00f3 \u0111\u1ed9 c\u1ed3n nh\u1eb9, v\u1ecb \u00eam d\u1ec5 u\u1ed1ng v\u00e0 c\u00f3 nhi\u1ec1u d\u01b0\u1ee1ng ch\u1ea5t l\u00e0m \u0111\u1eb9p da t\u1eeb tr\u00e1i c\u00e2y, r\u1ea5t th\u00edch h\u1ee3p cho c\u00e1c ch\u1ecb em ph\u00e1i \u0111\u1eb9p.<\/p>\n<p><img fetchpriority=\"high\" decoding=\"async\" class=\"alignnone wp-image-16138 aligncenter\" src=\"https:\/\/havamall.com\/wp-content\/uploads\/2020\/09\/z2075821097066_d71cde3fb6c404c2caa75c022ba0555d-300x225.jpg\" alt=\"\" width=\"700\" height=\"525\" \/><\/p>\n<p>Soju h\u01b0\u01a1ng tr\u00e1i c\u00e2y l\u00e0 m\u1ed9t trong nh\u1eefng lo\u1ea1i r\u01b0\u1ee3u Soju \u0111\u01b0\u1ee3c y\u00eau th\u00edch nh\u1ea5t. Soju \u0111\u01b0\u1ee3c pha ch\u1ebf t\u1eeb n\u01b0\u1edbc kho\u00e1ng \u0111\u01b0\u1ee3c tinh ch\u1ebf nh\u01b0ng v\u1eabn c\u00f2n nhi\u1ec1u kho\u00e1ng ch\u1ea5t tinh khi\u1ebft, l\u00e0m cho r\u01b0\u1ee3u thanh, c\u00f3 v\u1ecb cay nh\u1eb9, v\u1ecb ng\u1ecdt d\u1ecbu d\u00e0ng v\u1edbi h\u01b0\u01a1ng th\u01a1m t\u1eeb tr\u00e1i c\u00e2y\u00a0ch\u00edn. \u0110i\u1ec1u \u0111\u00f3 \u0111\u00e3 l\u00e0m \u0111\u1ed1n tim nhi\u1ec1u th\u1ef1c kh\u00e1ch d\u00f9ng r\u01b0\u1ee3u.<\/p>\n<p><img decoding=\"async\" class=\"wp-image-16140 aligncenter\" src=\"https:\/\/havamall.com\/wp-content\/uploads\/2020\/09\/109737720_3081539345265207_4288054609409639359_o-300x224.jpg\" alt=\"\" width=\"700\" height=\"523\" \/><\/p>\n<ul>\n<li>C\u00e1c d\u00f2ng soju hoa qu\u1ea3 v\u1ecb cam, \u0111\u00e0o, t\u00e1o\u2026 l\u00e0 b\u01b0\u1edbc ti\u00ean phong m\u1edf ngo\u1eb7t cho d\u00f2ng r\u01b0\u1ee3u soju th\u01a1m m\u00e1t v\u1edbi l\u01b0\u1ee3ng c\u1ed3n th\u1ea5p d\u1ec5 u\u1ed1ng.<\/li>\n<li>\u0110\u00e2y l\u00e0 d\u00f2ng r\u01b0\u1ee3u c\u1ef1c th\u1ea5p, v\u1edbi v\u1ecb ng\u1ecdt d\u1ecbu, kh\u00f4ng g\u1eaft, kh\u00f4ng qu\u00e1 cay, v\u00e0 c\u00f3 v\u1ecb h\u1eadu tr\u00e1i c\u00e2y th\u01a1m l\u1eebng. Ch\u00ednh \u0111i\u1ec1u n\u00e0y khi\u1ebfn nhi\u1ec1u ng\u01b0\u1eddi \u00edt u\u1ed1ng soju c\u0169ng \u0111\u00e1nh gi\u00e1 soju r\u1ea5t d\u1ec5 u\u1ed1ng.<\/li>\n<\/ul>\n<p><img decoding=\"async\" class=\"alignnone wp-image-16139 aligncenter\" src=\"https:\/\/havamall.com\/wp-content\/uploads\/2020\/09\/22712257_691832897682348_6247907744165413657_o-300x157.png\" alt=\"\" width=\"699\" height=\"366\" \/><\/p>\n<p>S\u1edf h\u1eefu thi\u1ebft k\u1ebf v\u1edbi chai m\u00e0u xanh, tuy nhi\u00ean n\u1eafp chai v\u00e0 nh\u00e3n c\u1ee7a soju \u0111\u01b0\u1ee3c thi\u1ebft k\u1ebf \u0111\u1eb9p \u0111\u1ebd v\u00e0 b\u1eaft m\u1eaft theo m\u00e0u c\u1ee7a t\u1eebng lo\u1ea1i hoa qu\u1ea3.<\/p>\n<ul>\n<li>Th\u00e0nh ph\u1ea7n: R\u01b0\u1ee3u soju, n\u01b0\u1edbc \u00e9p tr\u00e1i c\u00e2y\u2026<\/li>\n<li>N\u1ed3ng \u0111\u1ed9 c\u1ed3n: 16%<\/li>\n<li>Th\u1ec3 t\u00edch th\u1ef1c: 360ml\/chai<\/li>\n<li>H\u01b0\u1edbng d\u1eabn s\u1eed d\u1ee5ng: B\u1ea1n n\u00ean \u0111\u1ec3 l\u1ea1nh ho\u1eb7c u\u1ed1ng c\u00f9ng \u0111\u00e1 s\u1ebd ngon h\u01a1n. Ngo\u00e0i ra \u0111\u1ec3 t\u0103ng th\u00eam h\u01b0\u01a1ng v\u1ecb cho b\u1ea1n khi th\u01b0\u1edfng th\u1ee9c c\u00f3 th\u1ec3 pha ch\u1ebf cocktail soju s\u1eefa, n\u01b0\u1edbc ng\u1ecdt ho\u1eb7c tr\u00e1i c\u00e2y t\u01b0\u01a1i\u2026.<\/li>\n<li>B\u1ea1n c\u00f3 th\u1ec3 d\u00f9ng soju khi \u0103n k\u00e8m BBQ, ho\u1eb7c t\u1ea5t c\u1ea3 c\u00e1c m\u00f3n nh\u01b0 l\u1ea9u, h\u1ea5p x\u00e0o, \u0111\u1ec3 c\u00f3 th\u1ec3 th\u01b0\u1edfng th\u1ee9c h\u01b0\u01a1ng v\u1ecb tuy\u1ec7t v\u1eddi c\u1ee7a nh\u1eefng d\u00f2ng soju tr\u00e1i c\u00e2y th\u01a1m ngon.<\/li>\n<li>H\u01b0\u1edbng d\u1eabn b\u1ea3o qu\u1ea3n: B\u1ea3o qu\u1ea3n n\u01a1i kh\u00f4 r\u00e1o tho\u00e1ng m\u00e1t, tr\u00e1nh \u00e1nh n\u1eafng tr\u1ef1c ti\u1ebfp.<\/li>\n<li>Xu\u1ea5t x\u1ee9: H\u00e0n Qu\u1ed1c.<\/li>\n<\/ul>\n<p><img loading=\"lazy\" decoding=\"async\" class=\"alignnone wp-image-16144 aligncenter\" src=\"https:\/\/havamall.com\/wp-content\/uploads\/2020\/09\/z2075812796365_f1b03b74333cf9667f630d81443fe160-300x300.jpg\" alt=\"\" width=\"700\" height=\"700\" \/><\/p>","protected":false},"excerpt":{"rendered":"<p>R\u01b0\u1ee3u Soju hoa qu\u1ea3 tr\u00e1i c\u00e2y H\u00e0n Qu\u1ed1c l\u00e0 s\u1ef1 k\u1ebft h\u1ee3p gi\u1eefa soju truy\u1ec1n th\u1ed1ng v\u00e0 c\u00e1c lo\u1ea1i tr\u00e1i c\u00e2y t\u01b0\u01a1i th\u01a1m ngon, mang \u0111\u1ebfn cho kh\u00e1ch nh\u1eefng c\u1ea3m nh\u1eadn m\u1edbi v\u1ec1 h\u01b0\u01a1ng v\u1ecb soju.<\/p>\n<p>R\u01b0\u1ee3u Soju tr\u00e1i c\u00e2y l\u00e0 s\u1ef1 k\u1ebft h\u1ee3p tuy\u1ec7t v\u1eddi gi\u1eefa r\u01b0\u1ee3u Soju truy\u1ec1n th\u1ed1ng v\u00e0 h\u01b0\u01a1ng th\u01a1m quy\u1ebfn r\u0169 c\u1ee7a c\u00e1c lo\u1ea1i tr\u00e1i c\u00e2y. B\u1ea1n n\u00ean ch\u1ecdn \u0111\u00fang h\u01b0\u01a1ng v\u1ecb tr\u00e1i c\u00e2y ph\u00f9 h\u1ee3p v\u1edbi kh\u1ea9u v\u1ecb c\u1ee7a b\u1ea1n \u0111\u1ec3 b\u1eefa ti\u1ec7c c\u1ee7a b\u1ea1n th\u00eam vui.<\/p>","protected":false},"featured_media":16146,"comment_status":"open","ping_status":"closed","template":"","meta":[],"product_brand":[],"product_cat":[135,36],"product_tag":[],"class_list":{"0":"post-16143","1":"product","2":"type-product","3":"status-publish","4":"has-post-thumbnail","6":"product_cat-sua-do-uong","7":"product_cat-thuc-pham-tieu-dung","8":"pa_brand-dai-thuan","10":"first","11":"instock","12":"sale","13":"shipping-taxable","14":"purchasable","15":"product-type-variable"},"_links":{"self":[{"href":"https:\/\/havamall.com\/en\/wp-json\/wp\/v2\/product\/16143","targetHints":{"allow":["GET"]}}],"collection":[{"href":"https:\/\/havamall.com\/en\/wp-json\/wp\/v2\/product"}],"about":[{"href":"https:\/\/havamall.com\/en\/wp-json\/wp\/v2\/types\/product"}],"replies":[{"embeddable":true,"href":"https:\/\/havamall.com\/en\/wp-json\/wp\/v2\/comments?post=16143"}],"version-history":[{"count":0,"href":"https:\/\/havamall.com\/en\/wp-json\/wp\/v2\/product\/16143\/revisions"}],"wp:featuredmedia":[{"embeddable":true,"href":"https:\/\/havamall.com\/en\/wp-json\/wp\/v2\/media\/16146"}],"wp:attachment":[{"href":"https:\/\/havamall.com\/en\/wp-json\/wp\/v2\/media?parent=16143"}],"wp:term":[{"taxonomy":"product_brand","embeddable":true,"href":"https:\/\/havamall.com\/en\/wp-json\/wp\/v2\/product_brand?post=16143"},{"taxonomy":"product_cat","embeddable":true,"href":"https:\/\/havamall.com\/en\/wp-json\/wp\/v2\/product_cat?post=16143"},{"taxonomy":"product_tag","embeddable":true,"href":"https:\/\/havamall.com\/en\/wp-json\/wp\/v2\/product_tag?post=16143"}],"curies":[{"name":"wp","href":"https:\/\/api.w.org\/{rel}","templated":true}]}}