{"id":16681,"date":"2020-10-07T14:19:55","date_gmt":"2020-10-07T07:19:55","guid":{"rendered":"https:\/\/havamall.com\/?post_type=product&#038;p=16681"},"modified":"2025-03-19T11:07:30","modified_gmt":"2025-03-19T04:07:30","slug":"sot-a1-240g-a1-sauce-240g","status":"publish","type":"product","link":"https:\/\/havamall.com\/en\/shop\/sot-a1-240g-a1-sauce-240g\/","title":{"rendered":"S\u1ed1t A1 240g &#8211; A1 Sauce 240g"},"content":{"rendered":"<p><strong>TH\u00d4NG TIN NH\u00c0 S\u00c1N XU\u1ea4T KRAFT FOOD<\/strong><\/p>\n<p><span style=\"font-weight: 400\">&#8211; N\u0103m 1903, James L. Kraft s\u00e1ng l\u1eadp ra Kraft Foods &#8211; C\u00f4ng ty chuy\u00ean s\u1ea3n xu\u1ea5t c\u00e1c s\u1ea3n ph\u1ea9m t\u1eeb ph\u00f4 mai. Qua nhi\u1ec1u n\u0103m, Kraft Foods ti\u1ebfp t\u1ee5c s\u1edf h\u1eefu r\u1ea5t nhi\u1ec1u th\u01b0\u01a1ng hi\u1ec7u li\u00ean quan \u0111\u1ebfn th\u1ef1c ph\u1ea9m nh\u01b0 Milka, Toblerone, Jacobs, Oscar Mayer hay Oreo.<\/span><\/p>\n<p><span style=\"font-weight: 400\">&#8211; C\u00f4ng ty \u0111\u00e3 ho\u1ea1t \u0111\u1ed9ng tr\u00ean 150 qu\u1ed1c gia, v\u00e0 l\u00e0 m\u1ed9t trong nh\u1eefng nh\u00e0 s\u1ea3n xu\u1ea5t b\u00e1nh k\u1eb9o h\u00e0ng \u0111\u1ea7u c\u1ee7a M\u1ef9 trong n\u0103m 2013.<\/span><\/p>\n<p><span style=\"font-weight: 400\">&#8211; 5 ng\u00e0nh s\u1ea3n xu\u1ea5t ch\u00ednh c\u1ee7a Kraft Foods:<\/span><\/p>\n<ul>\n<li style=\"font-weight: 400\"><span style=\"font-weight: 400\">Snack: B\u00e1nh quy (Cookies v\u00e0 b\u00e1nh quy gi\u00f2n), mu\u1ed1i \u0103n nh\u1eb9 v\u00e0 b\u00e1nh k\u1eb9o s\u00f4 c\u00f4 la<\/span><\/li>\n<li style=\"font-weight: 400\"><span style=\"font-weight: 400\">\u0110\u1ed3 u\u1ed1ng: Cafe, n\u01b0\u1edbc tr\u00e1i c\u00e2y \u0111\u00f3ng h\u1ed9p v\u00e0 \u0111\u1ed3 u\u1ed1ng b\u1ed9t<\/span><\/li>\n<li style=\"font-weight: 400\"><span style=\"font-weight: 400\">Ph\u00f4 mai: ph\u00f4 mai t\u1ef1 nhi\u00ean v\u00e0 kem ph\u00f4 mai<\/span><\/li>\n<li style=\"font-weight: 400\"><span style=\"font-weight: 400\">T\u1ea1p ph\u1ea9m: M\u1ed9t s\u1ed1 lo\u1ea1i d\u1ea7u gi\u1ea5m, gia v\u1ecb v\u00e0 m\u00f3n tr\u00e1ng mi\u1ec7ng<\/span><\/li>\n<li style=\"font-weight: 400\"><span style=\"font-weight: 400\">\u0110\u1ed3 \u0103n s\u1eb5n: Pizza, \u0111\u1ed3 \u0103n tr\u01b0a\/t\u1ed1i \u0111\u00f3ng g\u00f3i v\u00e0 th\u1ecbt ch\u1ebf bi\u1ebfn<\/span><\/li>\n<\/ul>\n<p><img fetchpriority=\"high\" decoding=\"async\" class=\"wp-image-16687 aligncenter\" src=\"https:\/\/havamall.com\/wp-content\/uploads\/2020\/10\/png.png\" alt=\"\" width=\"502\" height=\"502\" srcset=\"https:\/\/havamall.com\/wp-content\/uploads\/2020\/10\/png.png 600w, https:\/\/havamall.com\/wp-content\/uploads\/2020\/10\/png-150x150.png 150w\" sizes=\"(max-width: 502px) 100vw, 502px\" \/><\/p>\n<p><strong>TH\u00d4NG TIN S\u1ea2N PH\u1ea8M<\/strong><\/p>\n<ul>\n<li style=\"font-weight: 400\"><span style=\"font-weight: 400\">Xu\u1ea5t x\u1ee9: Anh<\/span><\/li>\n<li style=\"font-weight: 400\"><span style=\"font-weight: 400\">Th\u00e0nh ph\u1ea7n nguy\u00ean li\u1ec7u: C\u00e0 chua, gi\u1ea5m m\u1ea1ch nha, gi\u1ea5m c\u1ed3n, gia v\u1ecb, th\u1ea3o m\u1ed9c\u2026<\/span><\/li>\n<li style=\"font-weight: 400\"><span style=\"font-weight: 400\">Quy c\u00e1ch \u0111\u00f3ng g\u00f3i: 240g<\/span><\/li>\n<li style=\"font-weight: 400\"><span style=\"font-weight: 400\">H\u01b0\u1edbng d\u1eabn s\u1eed d\u1ee5ng: D\u00f9ng l\u00e0m n\u01b0\u1edbc s\u1ed1t ch\u1ebf bi\u1ebfn th\u1ef1c ph\u1ea9m. S\u1eed d\u1ee5ng tr\u1ef1c ti\u1ebfp \u0111\u1ec3 \u01b0\u1edbp c\u00e1c m\u00f3n n\u01b0\u1edbng, chi\u00ean, kho,\u2026. ho\u1eb7c tu\u1ef3 theo s\u1edf th\u00edch.<\/span><\/li>\n<li style=\"font-weight: 400\"><span style=\"font-weight: 400\">H\u01b0\u1edbng d\u1eabn b\u1ea3o qu\u1ea3n: B\u1ea3o qu\u1ea3n n\u01a1i kh\u00f4 r\u00e1o tho\u00e1ng m\u00e1t, tr\u00e1nh \u00e1nh n\u1eafng tr\u1ef1c ti\u1ebfp.<\/span><\/li>\n<\/ul>\n<p><img decoding=\"async\" class=\"wp-image-16686 aligncenter\" src=\"https:\/\/havamall.com\/wp-content\/uploads\/2020\/10\/H\u00ccNH-4-1024x683.jpg\" alt=\"\" width=\"484\" height=\"322\" \/><\/p>\n<p><strong>\u0110\u1eb6C \u0110I\u1ec2M S\u1ea2N PH\u1ea8M<\/strong><\/p>\n<p><span style=\"font-weight: 400\">&#8211; S\u1ed1t A1(Sauce) l\u00e0 th\u01b0\u01a1ng hi\u1ec7u n\u01b0\u1edbc s\u1ed1t n\u00e2u n\u1ed5i ti\u1ebfng s\u1ea3n xu\u1ea5t b\u1edfi Kraft Food. S\u1ed1t A1 \u0111\u01b0\u1ee3c xem nh\u01b0 1 gia v\u1ecb chuy\u00ean d\u1ee5ng \u0111\u1ec3 t\u1ea9m \u01b0\u1edbp cho th\u1ecbt ho\u1eb7c c\u00e1c m\u00f3n \u0103n nh\u1eb9 \u1edf Anh, sau \u0111\u00f3 \u0111\u01b0a \u0111\u1ebfn B\u1eafc M\u1ef9. T\u1eeb \u0111\u00f3, s\u1ed1t A1 \u0111\u01b0\u1ee3c ph\u1ed5 bi\u1ebfn r\u1ed9ng r\u00e3i t\u1ea1i M\u1ef9 v\u00e0 Canada.<\/span><\/p>\n<p><img decoding=\"async\" class=\"wp-image-16684 aligncenter\" src=\"https:\/\/havamall.com\/wp-content\/uploads\/2020\/10\/H\u00ccNH-2-1024x683.jpg\" alt=\"\" width=\"508\" height=\"338\" \/><\/p>\n<p><span style=\"font-weight: 400\">&#8211; S\u1ed1t th\u1ecbt n\u01b0\u1edbng A1 \u0111\u01b0\u1ee3c nh\u1eadp kh\u1ea9u tr\u1ef1c ti\u1ebfp t\u1eeb Anh, \u0111\u01b0\u1ee3c d\u00f9ng l\u00e0m n\u01b0\u1edbc s\u1ed1t hay tr\u1ed9n v\u1edbi c\u00e1c gia v\u1ecb kh\u00e1c \u0111\u1ec3 ch\u1ebf bi\u1ebfn m\u00f3n \u0103n. C\u00f4ng th\u1ee9c \u0111\u1eb7c bi\u1ec7t t\u1eeb S\u1ed1t A1 mang l\u1ea1i s\u1ef1 m\u1edbi l\u1ea1 trong m\u00f3n \u0103n, gi\u00fap mang l\u1ea1i h\u01b0\u01a1ng v\u1ecb th\u01a1m ngon, l\u00e0m t\u0103ng s\u1ef1 h\u1ea5p d\u1eabn cho m\u00f3n \u0103n.<\/span><\/p>\n<p><span style=\"font-weight: 400\">&#8211; S\u1ed1t A1 c\u00f3 th\u00e0nh ph\u1ea7n g\u1ed3m: c\u00e0 chua, gi\u1ea5m,m\u1ea1ch nha, gi\u1ea5m c\u1ed3n, \u0111\u01b0\u1eddng, mu\u1ed1i,&#8230;, v\u1edbi nguy\u00ean li\u1ec7u \u0111\u1ea3m b\u1ea3o ch\u1ea5t l\u01b0\u1ee3ng, A1 s\u1ebd kh\u00f4ng l\u00e0m b\u1ea1n th\u1ea5t v\u1ecdng khi l\u1ef1a ch\u1ecdn A1 tr\u1edf th\u00e0nh b\u1ea1n \u0111\u1ed3ng h\u00e0nh tr\u00ean con \u0111\u01b0\u1eddng chinh ph\u1ee5c \u1ea9m th\u1ef1c.<\/span><\/p>\n<p><span style=\"font-weight: 400\">&#8211; Th\u00e0nh ph\u1ea7n dinh d\u01b0\u1ee1ng c\u00f3 trong 100g s\u1ed1t A1<\/span><\/p>\n<ul>\n<li><span style=\"font-weight: 400\">N\u0103ng l\u01b0\u1ee3ng: 372kj\/88kcal<\/span><\/li>\n<li><span style=\"font-weight: 400\">Protein: 1.1g<\/span><\/li>\n<li><span style=\"font-weight: 400\">Carbohydrate: 20.8g<\/span><\/li>\n<li><span style=\"font-weight: 400\">\u0110\u01b0\u1eddng: 18.8g<\/span><\/li>\n<\/ul>","protected":false},"excerpt":{"rendered":"<ul>\n<li><span style=\"font-weight: 400\"> S\u1ed1t A1 l\u00e0 th\u01b0\u01a1ng hi\u1ec7u n\u01b0\u1edbc s\u1ed1t n\u00e2u n\u1ed5i ti\u1ebfng s\u1ea3n xu\u1ea5t b\u1edfi Kraft Food. S\u1ed1t A1 \u0111\u01b0\u1ee3c xem nh\u01b0 1 gia v\u1ecb chuy\u00ean d\u1ee5ng \u0111\u1ec3 t\u1ea9m \u01b0\u1edbp cho th\u1ecbt ho\u1eb7c c\u00e1c m\u00f3n \u0103n nh\u1eb9 \u1edf Anh, sau \u0111\u00f3 \u0111\u01b0a \u0111\u1ebfn B\u1eafc M\u1ef9. T\u1eeb \u0111\u00f3, s\u1ed1t A1 \u0111\u01b0\u1ee3c ph\u1ed5 bi\u1ebfn r\u1ed9ng r\u00e3i t\u1ea1i M\u1ef9 v\u00e0 Canada.<\/span><\/li>\n<li><span style=\"font-weight: 400\">S\u1ed1t th\u1ecbt n\u01b0\u1edbng A1 \u0111\u01b0\u1ee3c nh\u1eadp kh\u1ea9u tr\u1ef1c ti\u1ebfp t\u1eeb Anh, \u0111\u01b0\u1ee3c d\u00f9ng l\u00e0m n\u01b0\u1edbc s\u1ed1t hay tr\u1ed9n v\u1edbi c\u00e1c gia v\u1ecb kh\u00e1c \u0111\u1ec3 ch\u1ebf bi\u1ebfn m\u00f3n \u0103n. <\/span><\/li>\n<li><span style=\"font-weight: 400\">C\u00f4ng th\u1ee9c \u0111\u1eb7c bi\u1ec7t t\u1eeb S\u1ed1t A1 mang l\u1ea1i s\u1ef1 m\u1edbi l\u1ea1 trong m\u00f3n \u0103n, gi\u00fap mang l\u1ea1i h\u01b0\u01a1ng v\u1ecb th\u01a1m ngon, l\u00e0m t\u0103ng s\u1ef1 h\u1ea5p d\u1eabn cho m\u00f3n \u0103n.<\/span><\/li>\n<\/ul>","protected":false},"featured_media":16682,"comment_status":"open","ping_status":"closed","template":"","meta":[],"product_brand":[],"product_cat":[730,36,134],"product_tag":[],"class_list":{"0":"post-16681","1":"product","2":"type-product","3":"status-publish","4":"has-post-thumbnail","6":"product_cat-cac-nuoc-khac","7":"product_cat-thuc-pham-tieu-dung","8":"product_cat-thucpham-saykho","10":"first","11":"instock","12":"sale","13":"shipping-taxable","14":"purchasable","15":"product-type-simple"},"_links":{"self":[{"href":"https:\/\/havamall.com\/en\/wp-json\/wp\/v2\/product\/16681","targetHints":{"allow":["GET"]}}],"collection":[{"href":"https:\/\/havamall.com\/en\/wp-json\/wp\/v2\/product"}],"about":[{"href":"https:\/\/havamall.com\/en\/wp-json\/wp\/v2\/types\/product"}],"replies":[{"embeddable":true,"href":"https:\/\/havamall.com\/en\/wp-json\/wp\/v2\/comments?post=16681"}],"version-history":[{"count":0,"href":"https:\/\/havamall.com\/en\/wp-json\/wp\/v2\/product\/16681\/revisions"}],"wp:featuredmedia":[{"embeddable":true,"href":"https:\/\/havamall.com\/en\/wp-json\/wp\/v2\/media\/16682"}],"wp:attachment":[{"href":"https:\/\/havamall.com\/en\/wp-json\/wp\/v2\/media?parent=16681"}],"wp:term":[{"taxonomy":"product_brand","embeddable":true,"href":"https:\/\/havamall.com\/en\/wp-json\/wp\/v2\/product_brand?post=16681"},{"taxonomy":"product_cat","embeddable":true,"href":"https:\/\/havamall.com\/en\/wp-json\/wp\/v2\/product_cat?post=16681"},{"taxonomy":"product_tag","embeddable":true,"href":"https:\/\/havamall.com\/en\/wp-json\/wp\/v2\/product_tag?post=16681"}],"curies":[{"name":"wp","href":"https:\/\/api.w.org\/{rel}","templated":true}]}}