{"id":16905,"date":"2020-10-13T17:15:27","date_gmt":"2020-10-13T10:15:27","guid":{"rendered":"https:\/\/havamall.com\/?post_type=product&#038;p=16905"},"modified":"2021-06-24T15:26:21","modified_gmt":"2021-06-24T08:26:21","slug":"gao-ban-mai-thuong-hang-tui-5kg-premium-ban-mai-rice","status":"publish","type":"product","link":"https:\/\/havamall.com\/en\/shop\/gao-ban-mai-thuong-hang-tui-5kg-premium-ban-mai-rice\/","title":{"rendered":"G\u1ea1o Ban Mai Th\u01b0\u1ee3ng H\u1ea1ng T\u00fai 5Kg &#8211; Premium Ban Mai Rice"},"content":{"rendered":"<h1><strong>\u0110\u1eb6C \u0110I\u1ec2M S\u1ea2N PH\u1ea8M<\/strong><\/h1>\n<p>G\u1ea1o Ban Mai Th\u01b0\u1ee3ng H\u1ea1ng l\u00e0 s\u1ea3n ph\u1ea9m g\u1ea1o t\u01b0\u01a1i s\u1ea1ch \u0111\u01b0\u1ee3c s\u1ea3n xu\u1ea5t kh\u00e9p k\u00edn t\u1eeb vi\u1ec7c l\u1ef1a ch\u1ecdn gi\u1ed1ng t\u1ed1t, gieo tr\u1ed3ng \u0111\u01b0\u1ee3c qu\u1ea3n l\u00fd ch\u1eb7t ch\u1ebd. Ngay sau khi thu ho\u1ea1ch l\u00faa \u0111\u01b0\u1ee3c chuy\u1ec3n v\u1ec1 h\u1ec7 th\u1ed1ng s\u1ea5y v\u00e0 ch\u1ebf bi\u1ebfn hi\u1ec7n \u0111\u1ea1i c\u1ee7a VinaRice (\u0110\u01a1n v\u1ecb th\u00e0nh vi\u00ean c\u1ee7a Vinaseed) \u0111\u1ea3m b\u1ea3o 100% lu\u00f4n t\u01b0\u01a1i m\u1edbi.<\/p>\n<p>G\u1ea1o Ban Mai th\u01b0\u1ee3ng h\u1ea1ng s\u1ea3n xu\u1ea5t t\u1eeb gi\u1ed1ng l\u00faa th\u01a1m do Vinaseed Group ch\u1ecdn t\u1ea1o, ph\u1ee5c tr\u00e1ng, gi\u1ed1ng c\u00f3 kh\u1ea3 n\u0103ng ch\u1ed1ng ch\u1ecbu s\u00e2u b\u1ec7nh, ch\u1ecbu m\u1eb7n r\u1ea5t t\u1ed1t, th\u00edch h\u1ee3p v\u1edbi c\u00e1c v\u00f9ng \u0111\u1ea5t ven bi\u1ec3n. S\u1ea3n ph\u1ea9m g\u1ea1o Ban Mai Th\u01b0\u1ee3ng H\u1ea1ng v\u1edbi \u0111\u1eb7c tr\u01b0ng Th\u01a1m, D\u1ebbo, Dai, \u0110\u1eadm \u0110\u00e0, h\u00e0m l\u01b0\u1ee3ng protein th\u1ef1c v\u1eadt c\u00f3 th\u1ec3 l\u00ean \u0111\u1ebfn 9,2%, t\u1ed1t v\u00e0 ph\u00f9 h\u1ee3p v\u1edbi m\u1ecdi th\u00e0nh vi\u00ean trong gia \u0111\u00ecnh.<\/p>\n<p><img fetchpriority=\"high\" decoding=\"async\" class=\"size-full wp-image-16907 aligncenter\" src=\"https:\/\/havamall.com\/wp-content\/uploads\/2020\/10\/TH-22.jpg\" alt=\"\" width=\"650\" height=\"406\" srcset=\"https:\/\/havamall.com\/wp-content\/uploads\/2020\/10\/TH-22.jpg 650w, https:\/\/havamall.com\/wp-content\/uploads\/2020\/10\/TH-22-600x375.jpg 600w, https:\/\/havamall.com\/wp-content\/uploads\/2020\/10\/TH-22-150x94.jpg 150w\" sizes=\"(max-width: 650px) 100vw, 650px\" \/><\/p>\n<p>L\u00e0 lo\u1ea1i g\u1ea1o c\u00f3 h\u01b0\u01a1ng th\u01a1m v\u00e0 v\u1ecb ng\u1ecdt \u0111\u1eadm \u0111\u00e0. G\u1ea1o khi n\u1ea5u ch\u00edn cho c\u01a1m m\u1ec1m, \u0111\u1ed9 d\u1ebbo v\u1eeba ph\u1ea3i k\u1ebft h\u1ee3p v\u1edbi m\u00f9i th\u01a1m r\u1ea5t h\u1ea5p d\u1eabn. B\u1ea1n c\u00f3 th\u1ec3 s\u1eed d\u1ee5ng g\u1ea1o Ban Mai th\u01b0\u1ee3ng h\u1ea1ng \u0111\u1ec3 n\u1ea5u c\u00e1c lo\u1ea1i c\u01a1m, n\u1ea5u ch\u00e1o, l\u00e0m b\u00e1nh,..<\/p>\n<p>G\u1ea1o Ban Mai th\u01b0\u1ee3ng h\u1ea1ng lu\u00f4n mang l\u1ea1i s\u1ef1 tin c\u1eady cho ng\u01b0\u1eddi ti\u00eau d\u00f9ng v\u1edbi quy tr\u00ecnh s\u1ea3n xu\u1ea5t kh\u00e9p k\u00edn, h\u01b0\u01a1ng li\u1ec7u ho\u00e0n to\u00e0n t\u1ef1 nhi\u00ean, kh\u00f4ng t\u1ed3n d\u01b0 thu\u1ed1c b\u1ea3o v\u1ec7 th\u1ef1c v\u1eadt, kh\u00f4ng h\u01b0\u01a1ng th\u01a1m nh\u00e2n t\u1ea1o, kh\u00f4ng ch\u1ea5t t\u1ea1o m\u00e0u v\u00e0 kh\u00f4ng ch\u1ea5t b\u1ea3o qu\u1ea3n.<\/p>\n<h1>TH\u00d4NG TIN S\u1ea2N PH\u1ea8M<\/h1>\n<table>\n<tbody>\n<tr>\n<td>Th\u01b0\u01a1ng hi\u1ec7u<\/td>\n<td>Ban Mai<\/td>\n<\/tr>\n<tr>\n<td>Quy c\u00e1ch \u0111\u00f3ng g\u00f3i<\/td>\n<td>5Kg<\/td>\n<\/tr>\n<tr>\n<td>Th\u00e0nh ph\u1ea7n<\/td>\n<td>100% g\u1ea1o Ban Mai th\u01b0\u1ee3ng h\u1ea1ng d\u1ebbo, th\u01a1m ngon<\/td>\n<\/tr>\n<tr>\n<td>H\u1ea1n s\u1eed d\u1ee5ng<\/td>\n<td>Xem tr\u00ean bao b\u00ec<\/td>\n<\/tr>\n<tr>\n<td>H\u01b0\u1edbng d\u1eabn s\u1eed d\u1ee5ng<\/td>\n<td>D\u00f9ng \u0111\u1ec3 n\u1ea5u c\u01a1m, ch\u00e1o, l\u00e0m kimpap,..<\/td>\n<\/tr>\n<tr>\n<td>B\u1ea3o qu\u1ea3n<\/td>\n<td>Sau khi m\u1edf g\u00f3i g\u1ea1o, n\u00ean b\u1ea3o qu\u1ea3n trong l\u1ecd th\u1ee7y tinh s\u1ea1ch, \u0111\u1eady ch\u1eb7t n\u1eafp l\u1ea1i v\u00e0 \u0111\u1ec3 n\u01a1i kh\u00f4 tho\u00e1ng.<\/td>\n<\/tr>\n<\/tbody>\n<\/table>\n<h1><img decoding=\"async\" class=\"size-full wp-image-16909 aligncenter\" src=\"https:\/\/havamall.com\/wp-content\/uploads\/2020\/10\/th-h2.jpg\" alt=\"\" width=\"512\" height=\"341\" srcset=\"https:\/\/havamall.com\/wp-content\/uploads\/2020\/10\/th-h2.jpg 512w, https:\/\/havamall.com\/wp-content\/uploads\/2020\/10\/th-h2-150x100.jpg 150w\" sizes=\"(max-width: 512px) 100vw, 512px\" \/><\/h1>\n<h1>L\u1ee2I \u00cdCH TUY\u1ec6T V\u1edcI T\u1eea G\u1ea0O BAN MAI TH\u01af\u1ee2NG H\u1ea0NG<\/h1>\n<p>G\u1ea1o l\u00e0 th\u1ef1c ph\u1ea9m v\u00f4 c\u00f9ng quan tr\u1ecdng trong m\u1ed7i gia \u0111\u00ecnh. Vi\u1ec7c s\u1eed d\u1ee5ng g\u1ea1o tr\u1eafng \u0111\u1ed1i v\u1edbi t\u1eebng ng\u01b0\u1eddi kh\u00f4ng ch\u1ec9 cung c\u1ea5p m\u1ed9t b\u1eefa \u0103n \u0111\u1ee7 no m\u00e0 h\u01a1n th\u1ebf n\u00f3 l\u1ea1i mang v\u1ec1 nh\u1eefng l\u1ee3i \u00edch v\u00f4 c\u00f9ng t\u1ed1t cho s\u1ee9c kho\u1ebb c\u1ee7a b\u1ea1n.<\/p>\n<p>\u2013 Trong g\u1ea1o c\u00f3 ch\u1ee9a carbohydrate l\u00e0nh m\u1ea1nh, gi\u00fap c\u00e2n b\u1eb1ng n\u1ed9i ti\u1ebft t\u1ed1.<\/p>\n<p>\u2013 Cung c\u1ea5p n\u0103ng l\u01b0\u1ee3ng: M\u1ed9t b\u00e1t c\u01a1m b\u1eb1ng g\u1ea1o tr\u1eafng c\u00f3 th\u1ec3 cung c\u1ea5p \u0111\u1ee7 cho b\u1ea1n n\u0103ng l\u01b0\u1ee3ng trong su\u1ed1t ng\u00e0y d\u00e0i.<\/p>\n<p>\u2013 Th\u00fac \u0111\u1ea9y t\u0103ng tr\u01b0\u1edfng c\u01a1 b\u1eafp: Trong g\u1ea1o ch\u1ee9a protein (axit amin thi\u1ebft y\u1ebfu) gi\u00fap b\u1ea1n h\u1ea5p th\u1ee5 \u0111\u1ea7y \u0111\u1ee7 t\u1ea5t c\u1ea3 c\u00e1c axit amin cho vi\u1ec7c x\u00e2y d\u1ef1ng c\u01a1 b\u1eafp.<\/p>\n<p><img decoding=\"async\" class=\"wp-image-16908 aligncenter\" src=\"https:\/\/havamall.com\/wp-content\/uploads\/2020\/10\/th-h4-1024x577.jpg\" alt=\"\" width=\"606\" height=\"342\" \/><\/p>\n<p>\u2013 \u0110i\u1ec1u tr\u1ecb ti\u00eau ho\u00e1: G\u1ea1o c\u00f3 gluten, gi\u00fap b\u1ea1n ng\u0103n ng\u1eeba ch\u1ee9ng ti\u00eau ch\u1ea3y m\u1ed9t c\u00e1ch hi\u1ec7u qu\u1ea3 nh\u1ea5t.<\/p>\n<p>\u2013 T\u0103ng c\u01b0\u1eddng h\u1ec7 th\u1ed1ng mi\u1ec5n d\u1ecbch: Trong g\u1ea1o ch\u1ee9a magie, \u0111\u00e2y l\u00e0 m\u1ed9t lo\u1ea1i kho\u00e1ng ch\u1ea5t gi\u00fap b\u1ea1n t\u0103ng c\u01b0\u1eddng kh\u1ea3 n\u0103ng mi\u1ec5n d\u1ecbch cho c\u01a1 th\u1ec3.<\/p>\n<p>\u2013 Trong g\u1ea1o c\u00f2n ch\u1ee9a thiamine gi\u00fap t\u0103ng c\u01b0\u1eddng tr\u00ed n\u00e3o. M\u1ee9c \u0111\u1ed9 natri th\u1ea5p r\u1ea5t th\u00edch h\u1ee3p cho nh\u1eefng b\u1ec7nh nh\u00e2n cao huy\u1ebft \u00e1p.<\/p>\n<p>\u2013 T\u1ed1t cho r\u0103ng: S\u1eed d\u1ee5ng g\u1ea1o tr\u1eafng s\u1ebd \u0111em l\u1ea1i l\u1ee3i \u00edch cho s\u1ee9c kho\u1ebb c\u1ee7a r\u0103ng b\u1edfi ch\u00fang kh\u00f4ng h\u1ec1 ch\u1ee9a axit phytic, m\u1ed9t lo\u1ea1i axit ph\u00e1 hu\u1ef7 men r\u0103ng nh\u01b0 trong c\u00e1c th\u1ef1c ph\u1ea9m kh\u00e1c.<\/p>","protected":false},"excerpt":{"rendered":"<ul>\n<li>G\u1ea1o Ban Mai Th\u01b0\u1ee3ng H\u1ea1ng l\u00e0 s\u1ea3n ph\u1ea9m g\u1ea1o t\u01b0\u01a1i s\u1ea1ch \u0111\u01b0\u1ee3c s\u1ea3n xu\u1ea5t kh\u00e9p k\u00edn t\u1eeb vi\u1ec7c l\u1ef1a ch\u1ecdn gi\u1ed1ng t\u1ed1t, gieo tr\u1ed3ng \u0111\u01b0\u1ee3c qu\u1ea3n l\u00fd ch\u1eb7t ch\u1ebd. Ngay sau khi thu ho\u1ea1ch l\u00faa \u0111\u01b0\u1ee3c chuy\u1ec3n v\u1ec1 h\u1ec7 th\u1ed1ng s\u1ea5y v\u00e0 ch\u1ebf bi\u1ebfn hi\u1ec7n \u0111\u1ea1i c\u1ee7a VinaRice (\u0110\u01a1n v\u1ecb th\u00e0nh vi\u00ean c\u1ee7a Vinaseed) \u0111\u1ea3m b\u1ea3o 100% lu\u00f4n t\u01b0\u01a1i m\u1edbi.<\/li>\n<li>\u00a0S\u1ea3n ph\u1ea9m g\u1ea1o Ban Mai Th\u01b0\u1ee3ng H\u1ea1ng v\u1edbi \u0111\u1eb7c tr\u01b0ng Th\u01a1m, D\u1ebbo, Dai, \u0110\u1eadm \u0110\u00e0, h\u00e0m l\u01b0\u1ee3ng protein th\u1ef1c v\u1eadt c\u00f3 th\u1ec3 l\u00ean \u0111\u1ebfn 9,2%, t\u1ed1t v\u00e0 ph\u00f9 h\u1ee3p v\u1edbi m\u1ecdi th\u00e0nh vi\u00ean trong gia \u0111\u00ecnh.<\/li>\n<li>Quy tr\u00ecnh s\u1ea3n xu\u1ea5t ho\u00e0n to\u00e0n kh\u00e9p k\u00edn v\u1edbi 4 kh\u00f4ng: \u201cKh\u00f4ng t\u1ed3n d\u01b0 thu\u1ed1c b\u1ea3o v\u1ec7 th\u1ef1c v\u1eadt, kh\u00f4ng h\u01b0\u01a1ng th\u01a1m nh\u00e2n t\u1ea1o, kh\u00f4ng ch\u1ea5t t\u1ea1o m\u00e0u v\u00e0 kh\u00f4ng ch\u1ea5t b\u1ea3o qu\u1ea3n\u201d<\/li>\n<\/ul>","protected":false},"featured_media":16913,"comment_status":"open","ping_status":"closed","template":"","meta":[],"product_brand":[],"product_cat":[36,134],"product_tag":[],"class_list":{"0":"post-16905","1":"product","2":"type-product","3":"status-publish","4":"has-post-thumbnail","6":"product_cat-thuc-pham-tieu-dung","7":"product_cat-thucpham-saykho","8":"pa_brand-ban-mai","10":"first","11":"outofstock","12":"sale","13":"shipping-taxable","14":"purchasable","15":"product-type-simple"},"_links":{"self":[{"href":"https:\/\/havamall.com\/en\/wp-json\/wp\/v2\/product\/16905","targetHints":{"allow":["GET"]}}],"collection":[{"href":"https:\/\/havamall.com\/en\/wp-json\/wp\/v2\/product"}],"about":[{"href":"https:\/\/havamall.com\/en\/wp-json\/wp\/v2\/types\/product"}],"replies":[{"embeddable":true,"href":"https:\/\/havamall.com\/en\/wp-json\/wp\/v2\/comments?post=16905"}],"version-history":[{"count":0,"href":"https:\/\/havamall.com\/en\/wp-json\/wp\/v2\/product\/16905\/revisions"}],"wp:featuredmedia":[{"embeddable":true,"href":"https:\/\/havamall.com\/en\/wp-json\/wp\/v2\/media\/16913"}],"wp:attachment":[{"href":"https:\/\/havamall.com\/en\/wp-json\/wp\/v2\/media?parent=16905"}],"wp:term":[{"taxonomy":"product_brand","embeddable":true,"href":"https:\/\/havamall.com\/en\/wp-json\/wp\/v2\/product_brand?post=16905"},{"taxonomy":"product_cat","embeddable":true,"href":"https:\/\/havamall.com\/en\/wp-json\/wp\/v2\/product_cat?post=16905"},{"taxonomy":"product_tag","embeddable":true,"href":"https:\/\/havamall.com\/en\/wp-json\/wp\/v2\/product_tag?post=16905"}],"curies":[{"name":"wp","href":"https:\/\/api.w.org\/{rel}","templated":true}]}}