{"id":16914,"date":"2020-10-13T17:46:20","date_gmt":"2020-10-13T10:46:20","guid":{"rendered":"https:\/\/havamall.com\/?post_type=product&#038;p=16914"},"modified":"2021-06-24T15:26:16","modified_gmt":"2021-06-24T08:26:16","slug":"gao-ban-mai-hao-hang-tui-5kg-ban-mai-rice","status":"publish","type":"product","link":"https:\/\/havamall.com\/en\/shop\/gao-ban-mai-hao-hang-tui-5kg-ban-mai-rice\/","title":{"rendered":"G\u1ea1o Ban Mai H\u1ea3o H\u1ea1ng T\u00fai 5Kg \u2013 Ban Mai Rice"},"content":{"rendered":"<h1>TH\u00d4NG TIN C\u00d4NG TY VINASEED<\/h1>\n<p>\u2013 Vinaseed l\u00e0 doanh nghi\u1ec7p KHCN \u0111\u1ea7u ti\u00ean trong ng\u00e0nh gi\u1ed1ng c\u00e2y tr\u1ed3ng Vi\u1ec7t Nam, ti\u00ean phong trong ho\u1ea1t \u0111\u1ed9ng nghi\u00ean c\u1ee9u, \u1ee9ng d\u1ee5ng v\u00e0 chuy\u1ec3n giao c\u00f4ng ngh\u1ec7 v\u1edbi c\u00e1c gi\u1ea3i ph\u00e1p \u0111\u1ed9t ph\u00e1, \u0111i tr\u01b0\u1edbc v\u00e0 \u0111\u1ecbnh h\u01b0\u1edbng th\u1ecb tr\u01b0\u1eddng.<\/p>\n<p>\u2013 H\u1ec7 th\u1ed1ng c\u01a1 s\u1edf h\u1ea1 t\u1ea7ng ph\u1ee5c v\u1ee5 nghi\u00ean c\u1ee9u hi\u1ec7n \u0111\u1ea1i, \u0111\u1ed9i ng\u0169 chuy\u00ean gia h\u00f9ng h\u1eadu, nh\u00e2n s\u1ef1 tr\u00ean 1000 lao \u0111\u1ed9ng v\u1edbi 80% c\u00f3 tr\u00ecnh \u0111\u1ed9 \u0111\u1ea1i h\u1ecdc v\u00e0 tr\u00ean \u0111\u1ea1i h\u1ecdc ho\u00e0n to\u00e0n l\u00e0m ch\u1ee7 c\u00f4ng ngh\u1ec7 ch\u1ecdn t\u1ea1o gi\u1ed1ng ti\u00ean ti\u1ebfn tr\u00ean th\u1ebf gi\u1edbi, c\u00f4ng ngh\u1ec7 s\u1ea3n xu\u1ea5t h\u1ea1t lai, c\u00f4ng ngh\u1ec7 s\u1ea3n xu\u1ea5t n\u00f4ng nghi\u1ec7p 4.0.<\/p>\n<p><img fetchpriority=\"high\" decoding=\"async\" class=\"size-full wp-image-16903 aligncenter\" src=\"https:\/\/havamall.com\/wp-content\/uploads\/2020\/10\/download.png\" alt=\"\" width=\"417\" height=\"121\" srcset=\"https:\/\/havamall.com\/wp-content\/uploads\/2020\/10\/download.png 417w, https:\/\/havamall.com\/wp-content\/uploads\/2020\/10\/download-150x44.png 150w\" sizes=\"(max-width: 417px) 100vw, 417px\" \/><\/p>\n<h1>TH\u00d4NG TIN S\u1ea2N PH\u1ea8M<\/h1>\n<table>\n<tbody>\n<tr>\n<td>Th\u01b0\u01a1ng hi\u1ec7u<\/td>\n<td>Ban Mai<\/td>\n<\/tr>\n<tr>\n<td>Quy c\u00e1ch \u0111\u00f3ng g\u00f3i<\/td>\n<td>5Kg<\/td>\n<\/tr>\n<tr>\n<td>Th\u00e0nh ph\u1ea7n<\/td>\n<td>100% g\u1ea1o Ban Mai h\u1ea3o h\u1ea1ng<\/td>\n<\/tr>\n<tr>\n<td>H\u1ea1n s\u1eed d\u1ee5ng<\/td>\n<td>Xem tr\u00ean bao b\u00ec<\/td>\n<\/tr>\n<tr>\n<td>H\u01b0\u1edbng d\u1eabn s\u1eed d\u1ee5ng<\/td>\n<td>D\u00f9ng \u0111\u1ec3 n\u1ea5u c\u01a1m, ch\u00e1o, l\u00e0m kimpap,..<\/td>\n<\/tr>\n<tr>\n<td>B\u1ea3o qu\u1ea3n<\/td>\n<td>Sau khi m\u1edf g\u00f3i g\u1ea1o, n\u00ean b\u1ea3o qu\u1ea3n trong l\u1ecd th\u1ee7y tinh s\u1ea1ch, \u0111\u1eady ch\u1eb7t n\u1eafp l\u1ea1i v\u00e0 \u0111\u1ec3 n\u01a1i kh\u00f4 tho\u00e1ng.<\/td>\n<\/tr>\n<\/tbody>\n<\/table>\n<h1><img decoding=\"async\" class=\"size-full wp-image-16897 aligncenter\" src=\"https:\/\/havamall.com\/wp-content\/uploads\/2020\/10\/ds1.jpg\" alt=\"\" width=\"626\" height=\"417\" srcset=\"https:\/\/havamall.com\/wp-content\/uploads\/2020\/10\/ds1.jpg 626w, https:\/\/havamall.com\/wp-content\/uploads\/2020\/10\/ds1-600x400.jpg 600w, https:\/\/havamall.com\/wp-content\/uploads\/2020\/10\/ds1-150x100.jpg 150w\" sizes=\"(max-width: 626px) 100vw, 626px\" \/><\/h1>\n<h1>\u0110\u1eb6C \u0110I\u1ec2M G\u1ea0O BAN MAI H\u1ea2O H\u1ea0NG<\/h1>\n<p>&#8211; G\u1ea1o Ban Mai h\u1ea3o h\u1ea1ng s\u1ea3n xu\u1ea5t t\u1eeb gi\u1ed1ng l\u00faa m\u1edbi c\u1ee7a Vinaseed Group, l\u00e0 lo\u1ea1i g\u1ea1o c\u00f3 h\u01b0\u01a1ng th\u01a1m v\u00e0 v\u1ecb ng\u1ecdt \u0111\u1eadm \u0111\u00e0.<\/p>\n<p>&#8211; S\u1ea3n ph\u1ea9m c\u00f3 h\u1ea1t g\u1ea1o trong, b\u00f3ng \u0111\u1eb9p. G\u1ea1o khi n\u1ea5u ch\u00edn cho c\u01a1m m\u1ec1m, \u0111\u1ed9 d\u1ebbo v\u1eeba ph\u1ea3i v\u00e0 m\u00f9i th\u01a1m r\u1ea5t h\u1ea5p d\u1eabn. B\u00e1t c\u01a1m tr\u1eafng, d\u1ebbo th\u01a1m t\u1ea1o s\u1ef1 h\u1ea5p d\u1eabn v\u00e0 ngon mi\u1ec7ng trong b\u1eefa c\u01a1m c\u1ee7a gia \u0111\u00ecnh.<\/p>\n<p>&#8211; B\u1ea1n c\u00f3 th\u1ec3 s\u1eed d\u1ee5ng g\u1ea1o Ban Mai h\u1ea3o h\u1ea1ng \u0111\u1ec3 n\u1ea5u c\u00e1c lo\u1ea1i c\u01a1m, n\u1ea5u ch\u00e1o, l\u00e0m b\u00e1nh,&#8230;<\/p>\n<p><img decoding=\"async\" class=\"wp-image-16892 aligncenter\" src=\"https:\/\/havamall.com\/wp-content\/uploads\/2020\/10\/ds7.jpg\" alt=\"\" width=\"639\" height=\"365\" srcset=\"https:\/\/havamall.com\/wp-content\/uploads\/2020\/10\/ds7.jpg 700w, https:\/\/havamall.com\/wp-content\/uploads\/2020\/10\/ds7-600x343.jpg 600w, https:\/\/havamall.com\/wp-content\/uploads\/2020\/10\/ds7-150x86.jpg 150w\" sizes=\"(max-width: 639px) 100vw, 639px\" \/><\/p>\n<p>&#8211; S\u1ea3n ph\u1ea9m \u0111\u01b0\u1ee3c ch\u1ebf bi\u1ebfn theo m\u1ed9t quy tr\u00ecnh s\u1ea3n xu\u1ea5t nghi\u00eam ng\u1eb7t v\u00e0 qu\u1ea3n l\u00fd ch\u1eb7t ch\u1ebd t\u1eeb kh\u00e2u thu mua, s\u01a1 ch\u1ebf n\u00ean ng\u01b0\u1eddi ti\u00eau d\u00f9ng c\u00f3 th\u1ec3 ho\u00e0n to\u00e0n y\u00ean t\u00e2m v\u1ec1 ch\u1ea5t l\u01b0\u1ee3ng. Ngay sau khi thu ho\u1ea1ch l\u00faa \u0111\u01b0\u1ee3c chuy\u1ec3n v\u1ec1 h\u1ec7 th\u1ed1ng s\u1ea5y v\u00e0 ch\u1ebf bi\u1ebfn hi\u1ec7n \u0111\u1ea1i c\u1ee7a VinaRice (\u0110\u01a1n v\u1ecb th\u00e0nh vi\u00ean c\u1ee7a Vinaseed) \u0111\u1ea3m b\u1ea3o 100% lu\u00f4n t\u01b0\u01a1i m\u1edbi.<\/p>\n<p>&#8211; Quy tr\u00ecnh s\u1ea3n xu\u1ea5t ho\u00e0n to\u00e0n kh\u00e9p k\u00edn v\u00e0 \u0111\u1ea3m b\u1ea3o 4 &#8220;kh\u00f4ng&#8221;: kh\u00f4ng t\u1ed3n d\u01b0 thu\u1ed1c b\u1ea3o v\u1ec7 th\u1ef1c v\u1eadt, kh\u00f4ng h\u01b0\u01a1ng th\u01a1m nh\u00e2n t\u1ea1o, kh\u00f4ng ch\u1ea5t t\u1ea1o m\u00e0u v\u00e0 kh\u00f4ng ch\u1ea5t b\u1ea3o qu\u1ea3n, \u0111\u1ea3m b\u1ea3o an to\u00e0n cho ng\u01b0\u1eddi ti\u00eau d\u00f9ng.<\/p>","protected":false},"excerpt":{"rendered":"<ul>\n<li>G\u1ea1o Ban Mai h\u1ea3o h\u1ea1ng s\u1ea3n xu\u1ea5t t\u1eeb gi\u1ed1ng l\u00faa m\u1edbi c\u1ee7a Vinaseed Group, l\u00e0 lo\u1ea1i g\u1ea1o c\u00f3 h\u01b0\u01a1ng th\u01a1m v\u00e0 v\u1ecb ng\u1ecdt \u0111\u1eadm \u0111\u00e0.<\/li>\n<li>S\u1ea3n ph\u1ea9m c\u00f3 h\u1ea1t g\u1ea1o trong, b\u00f3ng \u0111\u1eb9p. G\u1ea1o khi n\u1ea5u ch\u00edn cho c\u01a1m m\u1ec1m, \u0111\u1ed9 d\u1ebbo v\u1eeba ph\u1ea3i v\u00e0 m\u00f9i th\u01a1m r\u1ea5t h\u1ea5p d\u1eabn. B\u00e1t c\u01a1m tr\u1eafng, d\u1ebbo th\u01a1m t\u1ea1o s\u1ef1 h\u1ea5p d\u1eabn v\u00e0 ngon mi\u1ec7ng trong b\u1eefa c\u01a1m c\u1ee7a gia \u0111\u00ecnh.<\/li>\n<li>C\u00f3 th\u1ec3 s\u1eed d\u1ee5ng g\u1ea1o Ban Mai h\u1ea3o h\u1ea1ng \u0111\u1ec3 n\u1ea5u c\u00e1c lo\u1ea1i c\u01a1m, n\u1ea5u ch\u00e1o, l\u00e0m b\u00e1nh,&#8230;<\/li>\n<li>Quy tr\u00ecnh s\u1ea3n xu\u1ea5t ho\u00e0n to\u00e0n kh\u00e9p k\u00edn v\u00e0 \u0111\u1ea3m b\u1ea3o 4 &#8220;kh\u00f4ng&#8221;: kh\u00f4ng t\u1ed3n d\u01b0 thu\u1ed1c b\u1ea3o v\u1ec7 th\u1ef1c v\u1eadt, kh\u00f4ng h\u01b0\u01a1ng th\u01a1m nh\u00e2n t\u1ea1o, kh\u00f4ng ch\u1ea5t t\u1ea1o m\u00e0u v\u00e0 kh\u00f4ng ch\u1ea5t b\u1ea3o qu\u1ea3n, \u0111\u1ea3m b\u1ea3o an to\u00e0n cho ng\u01b0\u1eddi ti\u00eau d\u00f9ng.<\/li>\n<\/ul>","protected":false},"featured_media":16916,"comment_status":"open","ping_status":"closed","template":"","meta":[],"product_brand":[],"product_cat":[36,134],"product_tag":[],"class_list":{"0":"post-16914","1":"product","2":"type-product","3":"status-publish","4":"has-post-thumbnail","6":"product_cat-thuc-pham-tieu-dung","7":"product_cat-thucpham-saykho","8":"pa_brand-ban-mai","10":"first","11":"outofstock","12":"sale","13":"shipping-taxable","14":"purchasable","15":"product-type-simple"},"_links":{"self":[{"href":"https:\/\/havamall.com\/en\/wp-json\/wp\/v2\/product\/16914","targetHints":{"allow":["GET"]}}],"collection":[{"href":"https:\/\/havamall.com\/en\/wp-json\/wp\/v2\/product"}],"about":[{"href":"https:\/\/havamall.com\/en\/wp-json\/wp\/v2\/types\/product"}],"replies":[{"embeddable":true,"href":"https:\/\/havamall.com\/en\/wp-json\/wp\/v2\/comments?post=16914"}],"version-history":[{"count":0,"href":"https:\/\/havamall.com\/en\/wp-json\/wp\/v2\/product\/16914\/revisions"}],"wp:featuredmedia":[{"embeddable":true,"href":"https:\/\/havamall.com\/en\/wp-json\/wp\/v2\/media\/16916"}],"wp:attachment":[{"href":"https:\/\/havamall.com\/en\/wp-json\/wp\/v2\/media?parent=16914"}],"wp:term":[{"taxonomy":"product_brand","embeddable":true,"href":"https:\/\/havamall.com\/en\/wp-json\/wp\/v2\/product_brand?post=16914"},{"taxonomy":"product_cat","embeddable":true,"href":"https:\/\/havamall.com\/en\/wp-json\/wp\/v2\/product_cat?post=16914"},{"taxonomy":"product_tag","embeddable":true,"href":"https:\/\/havamall.com\/en\/wp-json\/wp\/v2\/product_tag?post=16914"}],"curies":[{"name":"wp","href":"https:\/\/api.w.org\/{rel}","templated":true}]}}