{"id":16926,"date":"2020-10-14T09:58:30","date_gmt":"2020-10-14T02:58:30","guid":{"rendered":"https:\/\/havamall.com\/?post_type=product&#038;p=16926"},"modified":"2025-12-03T04:09:51","modified_gmt":"2025-12-02T21:09:51","slug":"bot-gia-vi-cajun-thuong-hieu-foodies-goi-100g-cajun-spice","status":"publish","type":"product","link":"https:\/\/havamall.com\/en\/shop\/bot-gia-vi-cajun-thuong-hieu-foodies-goi-100g-cajun-spice\/","title":{"rendered":"B\u1ed9t Gia V\u1ecb Cajun Th\u01b0\u01a1ng Hi\u1ec7u Hava Foodies G\u00f3i 100g \u2013 Cajun Spice"},"content":{"rendered":"<h2><b>NGU\u1ed2N G\u1ed0C C\u1ee6A CAJUN<\/b><\/h2>\n<p>Cajun l\u00e0 lo\u1ea1i gia v\u1ecb h\u1ed7n h\u1ee3p \u0111\u01b0\u1ee3c t\u1ea1o n\u00ean t\u1eeb r\u1ea5t nhi\u1ec1u lo\u1ea1i gia v\u1ecb kh\u00e1c nhau v\u00e0 \u0111em xay nhuy\u1ec5n t\u1ea1o th\u00e0nh. Cajun th\u01b0\u1eddng \u0111\u01b0\u1ee3c s\u1eed d\u1ee5ng \u0111\u1ec3 \u01b0\u1edbp c\u00e1c lo\u1ea1i th\u1ecbt c\u1eebu, g\u00e0, heo, t\u00f4m, rau c\u1ee7 \u0111\u1ec3 t\u1ea1o m\u00e0u s\u1eafc v\u00e0 h\u01b0\u01a1ng v\u1ecb cay th\u01a1m \u0111\u1eb7c tr\u01b0ng. B\u00ean c\u1ea1nh \u0111\u00f3, Cajun c\u0169ng l\u00e0 gia v\u1ecb n\u1ed5i ti\u1ebfng, g\u1eafn li\u1ec1n v\u1edbi k\u1ef9 thu\u1eadt blackening truy\u1ec1n th\u1ed1ng.<\/p>\n<p>H\u01b0\u01a1ng v\u1ecb ch\u00ednh c\u1ee7a Cajun l\u00e0 cay v\u00e0 th\u01a1m b\u1edfi n\u00f3 s\u1eed d\u1ee5ng nhi\u1ec1u \u1edbt v\u00e0 ti\u00eau. Tuy nhi\u00ean, v\u1ecb cay n\u1ed3ng n\u00e0y l\u1ea1i nh\u1eb9 nh\u00e0ng, kh\u00f4ng g\u00e2y t\u00ea \u0111\u1ea7u l\u01b0\u1ee1i nh\u01b0 c\u00e1c m\u00f3n \u1ea4n. Ch\u00fat cay c\u1ee7a Cajun gi\u00fap k\u00edch th\u00edch v\u1ecb gi\u00e1c v\u00e0 khi\u1ebfn th\u1ef1c kh\u00e1ch kh\u00f4ng th\u1ec3 ng\u1edbt \u0111\u0169a. H\u01a1n n\u1eefa, kh\u00f4ng c\u00f3 quy t\u1eafc n\u00e0o trong c\u00e1ch s\u1eed d\u1ee5ng Cajun ch\u1ebf bi\u1ebfn m\u00f3n \u0103n. Do \u0111\u00f3, ng\u01b0\u1eddi n\u1ea5u ph\u1ea3i s\u00e1ng t\u1ea1o v\u00e0 mang \u0111\u1ebfn h\u01b0\u01a1ng v\u1ecb theo \u00fd c\u1ee7a m\u00ecnh. V\u00ec th\u1ebf, kh\u00f4ng qu\u00e1 ng\u1ea1c nhi\u00ean khi m\u1ed9t m\u00f3n \u0103n nh\u01b0ng c\u00f3 \u0111\u1ebfn h\u00e0ng ch\u1ee5c c\u00f4ng th\u1ee9c kh\u00e1c nhau.<\/p>\n<p><img decoding=\"async\" class=\"aligncenter\" src=\"https:\/\/havamall.com\/wp-content\/uploads\/2020\/07\/cajun-seasoning-4.jpg\" alt=\"Cajun Seasoning Recipe - Dinner at the Zoo\" \/><\/p>\n<p>Cajun c\u00f3 ngu\u1ed3n g\u1ed1c t\u1eeb ng\u01b0\u1eddi Acadian, l\u00e0 nh\u1eefng ng\u01b0\u1eddi Canada g\u1ed1c Ph\u00e1p v\u00e0 \u0111\u1ecbnh c\u01b0 t\u1ea1i v\u00f9ng Louisiana, mi\u1ec1n Nam n\u01b0\u1edbc M\u1ef9. Do \u0111\u00f3, Cajun mang v\u1ebb m\u1ed9c m\u1ea1c cay n\u1ed3ng n\u00e0n \u0111\u01b0\u1ee3c t\u1ea1o n\u00ean t\u1eeb nh\u1eefng lo\u1ea1i gia v\u1ecb \u0111\u1ecba ph\u01b0\u01a1ng. Khi n\u1ebfm th\u1eed Cajun, b\u1ea1n s\u1ebd c\u1ea3m nh\u1eadn \u0111\u01b0\u1ee3c s\u1ef1 giao thoa h\u00e0i h\u00f2a gi\u1eefa \u1ea9m th\u1ef1c M\u1ef9, Canada, Ph\u00e1p v\u00e0 ch\u00e2u Phi.<\/p>\n<h2><b>Nguy\u00ean li\u1ec7u t\u1ea1o n\u00ean Cajun<\/b><\/h2>\n<p>\u0110\u1ec3 t\u1ea1o n\u00ean gia v\u1ecb Cajun cay n\u1ed3ng, b\u1ea1n ph\u1ea3i c\u00f9ng l\u00fac k\u1ebft h\u1ee3p nhi\u1ec1u lo\u1ea1i th\u1ef1c ph\u1ea9m \u0111\u1ecba ph\u01b0\u01a1ng. Tuy nhi\u00ean, ch\u00fang kh\u00e1 d\u1ec5 t\u00ecm v\u00e0 quen thu\u1ed9c, bao g\u1ed3m: Rau m\u00f9i t\u00e2y, c\u1ee7 h\u00e0nh, c\u1ea7n t\u00e2y, l\u00e1 nguy\u1ec7t qu\u1ebf, h\u00e0nh t\u01b0\u01a1i, ti\u00eau \u0111en, l\u00e1 h\u1ed3ng, ng\u00f2, t\u1ecfi, c\u00e2y d\u1ebb v\u00e0ng, h\u00fang t\u00e2y, \u0111\u01b0\u1eddng m\u00eda\u2026 K\u1ebft h\u1ee3p v\u1edbi c\u00e1c lo\u1ea1i \u1edbt nh\u01b0: \u1edat chu\u00f4ng, \u1edbt t\u01b0\u01a1ng, \u1edbt b\u1ed9t, \u1edbt cayenne kh\u00f4\u2026<\/p>\n<h2><b>C\u00e1c m\u00f3n \u0103n \u0111\u1eb7c tr\u01b0ng t\u1eeb Cajun<\/b><\/h2>\n<p>Khi nh\u1eafc \u0111\u1ebfn Cajun, ng\u01b0\u1eddi ta s\u1ebd nh\u1eafc \u0111\u1ebfn 3 m\u00f3n \u0103n \u0111\u1eb7c tr\u01b0ng ch\u00ednh l\u00e0: T\u00f4m \u0111\u00e1, s\u00fap m\u01b0\u1edbp t\u00e2y v\u00e0 Jambalaya.<\/p>\n<p>\u2013 Jambalaya l\u00e0 m\u00f3n \u0103n truy\u1ec1n th\u1ed1ng l\u00e2u \u0111\u1eddi \u0111\u01b0\u1ee3c l\u00e0m t\u1eeb Cajun. M\u00f3n \u0103n n\u00e0y c\u00f3 c\u00e1ch l\u00e0m \u0111\u01a1n gi\u1ea3n ch\u1ec9 v\u1edbi g\u1ea1o, h\u00e0nh c\u1ee7, \u1edbt, ti\u00eau xanh v\u00e0 c\u1ea7n t\u00e2y. M\u00f3n Jambalaya c\u00f3 v\u1ecb \u0111\u1eadm \u0111\u00e0 nh\u01b0ng d\u00e2n d\u00e3.<\/p>\n<p>\u2013 Kh\u00e1c v\u1edbi Jambalaya, s\u00fap m\u01b0\u1edbp t\u00e2y c\u00f3 s\u1ef1 tinh t\u1ebf c\u1ee7a \u1ea9m th\u1ef1c Ph\u00e1p, ch\u00fat ph\u00f3ng kho\u00e1ng c\u1ee7a ng\u01b0\u1eddi M\u1ef9 v\u00e0 kh\u00ed ch\u1ea5t hoang d\u00e3 c\u1ee7a ch\u00e2u Phi. M\u00f3n \u0103n l\u00e0 s\u1ef1 pha tr\u1ed9n c\u1ee7a l\u00e1 c\u00e2y d\u1ebb v\u00e0ng c\u1ee7a \u1ea4n \u0110\u1ed9, m\u01b0\u1edbp t\u00e2y c\u1ee7a ch\u00e2u Phi c\u00f9ng c\u00e1c gia v\u1ecb c\u1ee7a ch\u00e2u M\u1ef9. \u0110\u1eb7c bi\u1ec7t, l\u00e0 ph\u1ea7n x\u1ed1t \u0111\u01b0\u1ee3c l\u00e0m t\u1eeb b\u1ed9t m\u00ec rang, m\u1ee1 th\u1ecbt mu\u1ed1i v\u00e0 d\u1ea7u oliu.<\/p>\n<p>\u2013 T\u00f4m \u0111\u00e1 ki\u1ec3u Cajun c\u00f3 v\u1ecb cay cay, \u0111\u1eadm \u0111\u00e0 v\u00e0 th\u01a1m ph\u1ee9c m\u00f9i Cajun. M\u00f3n \u0103n c\u00e0ng tr\u1edf n\u00ean cu\u1ed1n h\u00fat h\u01a1n nh\u1edd l\u00e1 h\u1ea1t m\u00f9 t\u1ea1t, nguy\u1ec7t qu\u1ebf kh\u00f4, \u1edbt cayenne, b\u1eafp v\u00e0 x\u00fac x\u00edch\u2026<\/p>\n<p><img fetchpriority=\"high\" decoding=\"async\" class=\"aligncenter\" src=\"https:\/\/havamall.com\/wp-content\/uploads\/2020\/07\/dsc09318_b239c810cd3a4ddab3b51ec593aa991f.jpg\" alt=\"Cua Ho\u00e0ng \u0110\u1ebf King Crab Alaska S\u1ed1t Cajun \u2013 Lobster Bay\" width=\"689\" height=\"689\" \/><\/p>\n<h2>\u0110\u1eb7c \u0111i\u1ec3m s\u1ea3n ph\u1ea9m<\/h2>\n<ul>\n<li>Th\u00e0nh ph\u1ea7n: mu\u1ed1i, gia v\u1ecb, \u1edbt \u0111\u1ecf kh\u00f4, t\u1ecfi kh\u00f4, \u1edbt b\u1ed9t\u2026<\/li>\n<li>C\u00e1ch s\u1eed d\u1ee5ng: \u0110\u01b0\u1ee3c s\u1eed d\u1ee5ng nh\u01b0 mu\u1ed1i v\u00e0 h\u1ea1t ti\u00eau, n\u00eam n\u1ebfm khi n\u1ea5u \u0103n ho\u1eb7c t\u1ea9m \u01b0\u1edbp c\u00e1c lo\u1ea1i th\u1ef1c ph\u1ea9m d\u00f9ng trong m\u00f3n n\u01b0\u1edbng, m\u00f3n chi\u00ean, m\u00f3n kho\u2026<\/li>\n<li>Tr\u1ecdng l\u01b0\u1ee3ng: 100gr<\/li>\n<li>Xu\u1ea5t x\u1ee9: \u0110\u1ee9c<\/li>\n<li>Quy c\u00e1ch \u0111\u00f3ng g\u00f3i: t\u00fai zip ch\u1eafc ch\u1eafn<\/li>\n<li>H\u1ea1n s\u1eed d\u1ee5ng: xem tr\u00ean bao b\u00ec<\/li>\n<li>H\u01b0\u1edbng d\u1eabn b\u1ea3o qu\u1ea3n:\u00a0 B\u1ea3o qu\u1ea3n n\u01a1i kh\u00f4 r\u00e1o tho\u00e1ng m\u00e1t, tr\u00e1nh \u00e1nh n\u1eafng m\u1eb7t tr\u1eddi. N\u00ean bu\u1ed9c th\u1eadt k\u00edn trong t\u00fai nilon \u0111\u1ec3 b\u1ed9t kh\u00f4ng b\u1ecb m\u1ea5t m\u00f9i v\u1ecb v\u00e0 kh\u00f4ng b\u1ecb \u1ea9m.<\/li>\n<\/ul>\n<h3><b>\u00a0<\/b><b>C\u00e1c b\u01b0\u1edbc th\u1ef1c hi\u1ec7n n\u1ea5u Crawfish s\u1ed1t Cajun:<\/b><\/h3>\n<p>\u2013 B\u1eafc n\u1ed3i n\u01b0\u1edbc l\u00ean b\u1ebfp \u0111un \u0111\u1ebfn khi n\u01b0\u1edbc s\u00f4i (d\u00f9ng ho\u00e0n to\u00e0n n\u01b0\u1edbc cam s\u1ebd r\u1ea5t ngon, kh\u00f4ng th\u00ec c\u00e1c b\u1ea1n pha n\u01b0\u1edbc cam + n\u01b0\u1edbc ph\u00f9 h\u1ee3p v\u1edbi l\u01b0\u1ee3ng crawfish nh\u00e9)<\/p>\n<p>\u2013 Cho h\u00e0nh t\u00e2y + gia v\u1ecb (b\u1ed9t crawfish, d\u1ea7u cay, b\u1ed9t \u1edbt, b\u1ed9t cajun) + v\u1ecf cam (v\u1ecf cam cho t\u00f9y \u00fd)<\/p>\n<p>\u2013 Cho b\u01a1, b\u1ed9t ng\u1ecdt v\u00e0 n\u00eam n\u1ebfm gia v\u1ecb cho v\u1eeba \u0103n.<\/p>\n<p>\u2013 Ti\u1ebfp \u0111\u1ebfn, cho crawfish v\u00e0o \u0111un t\u1eeb 10-20 ph\u00fat t\u00f9y s\u1ed1 l\u01b0\u1ee3ng<\/p>\n<p>\u2013 T\u1eaft b\u1ebfp, \u0111\u1ec3 crawfish trong n\u1ed3i kho\u1ea3ng 10 ph\u00fat<\/p>\n<p>\u2013 V\u1edbt crawfish ra, ch\u1eaft b\u1edbt l\u01b0\u1ee3ng n\u01b0\u1edbc lu\u1ed9c crawfish ra n\u1ebfu qu\u00e1 nhi\u1ec1u. Cho th\u00eam b\u1eafp, khoai t\u00e2y c\u1eaft kh\u00fac v\u00e0 x\u00fac x\u00edch v\u00e0o n\u1ea5u ch\u1eebng 10 ph\u00fat.<\/p>\n<p>\u2013 V\u1edbt khoai t\u00e2y, b\u1eafp, x\u00fac x\u00edch l\u00ean tr\u00ean crawfish \u0111\u00e3 v\u1edbt ra tr\u01b0\u1edbc \u0111\u00f3.<\/p>\n<p><img decoding=\"async\" class=\"aligncenter\" src=\"https:\/\/havamall.com\/wp-content\/uploads\/2020\/07\/acajun25.jpg\" alt=\"S\u1ed1t cajun | Nh\u00e0 h\u00e0ng Vua Cua\" width=\"672\" height=\"672\" \/><\/p>\n<p><strong><em>N\u1ea5u s\u1ed1t cajun b\u01a1 t\u1ecfi<\/em><\/strong><\/p>\n<p>\u2013 \u1ede m\u1ed9t n\u1ed3i kh\u00e1c, c\u00e1c b\u1ea1n phi th\u01a1m t\u1ecfi, th\u00eam ch\u00fat b\u01a1 v\u00e0o cho tan, r\u1ed3i \u0111\u1ed5 h\u1ed7n h\u1ee3p v\u00e0o n\u1ed3i n\u01b0\u1edbc lu\u1ed9c tr\u01b0\u1edbc \u0111\u00f3.<\/p>\n<p>\u2013 H\u00f2a tan b\u1ed9t n\u0103ng v\u1edbi n\u01b0\u1edbc, sau \u0111\u00f3 cho v\u00e0o n\u1ed3i \u0111\u1ec3 n\u01b0\u1edbc s\u1ed1t \u0111\u01b0\u1ee3c s\u00e1nh v\u00e0 th\u01a1m ngon<\/p>\n<p>\u2013 N\u00eam n\u1ebfm l\u1ea1i m\u00f9i v\u1ecb n\u01b0\u1edbc s\u1ed1t. T\u01b0\u1edbi n\u01b0\u1edbc s\u1ed1t l\u00ean ph\u1ea7n Crawfish + ng\u00f4 + khoai + x\u00fac x\u00edch tr\u01b0\u1edbc \u0111\u00f3.<\/p>\n<p>L\u01b0u \u00fd: Set gia v\u1ecb Cajun c\u00f3 v\u1ecb m\u1eb7n v\u00e0 cay n\u00ean c\u00e1c b\u1ea1n n\u00eam t\u1eeb t\u1eeb th\u00f4i nh\u00e9. N\u00eam nhi\u1ec1u qu\u00e1 m\u1ea5t ngon nha c\u1ea3 nh\u00e0.<\/p>\n<p><i>Th\u01b0\u1edfng th\u1ee9c ngay khi c\u00f2n n\u00f3ng v\u00e0 \u0103n k\u00e8m b\u00e1nh m\u00ec n\u1ebfu th\u00edch nh\u00e9.<\/i><\/p>","protected":false},"excerpt":{"rendered":"<ul>\n<li>Cajun c\u00f3 ngu\u1ed3n g\u1ed1c t\u1eeb ng\u01b0\u1eddi Acadian, l\u00e0 nh\u1eefng ng\u01b0\u1eddi Canada g\u1ed1c Ph\u00e1p v\u00e0 \u0111\u1ecbnh c\u01b0 t\u1ea1i v\u00f9ng Louisiana, mi\u1ec1n Nam n\u01b0\u1edbc M\u1ef9. Do \u0111\u00f3, Cajun mang v\u1ebb m\u1ed9c m\u1ea1c cay n\u1ed3ng n\u00e0n \u0111\u01b0\u1ee3c t\u1ea1o n\u00ean t\u1eeb nh\u1eefng lo\u1ea1i gia v\u1ecb \u0111\u1ecba ph\u01b0\u01a1ng. Khi n\u1ebfm th\u1eed Cajun, b\u1ea1n s\u1ebd c\u1ea3m nh\u1eadn \u0111\u01b0\u1ee3c s\u1ef1 giao thoa h\u00e0i h\u00f2a gi\u1eefa \u1ea9m th\u1ef1c M\u1ef9, Canada, Ph\u00e1p v\u00e0 ch\u00e2u Phi.<\/li>\n<li>Nguy\u00ean li\u1ec7u t\u1ea1o ra b\u1ed9t Cajun ho\u00e0n to\u00e0n t\u1ef1 nhi\u00ean, kh\u00f4ng l\u1eabn b\u1ea5t k\u1ef3 t\u1ea1p ch\u1ea5t, kh\u00f4ng ch\u1ee9a ch\u1ea5t b\u1ea3o qu\u1ea3n, kh\u00f4ng s\u1eed d\u1ee5ng ch\u1ea5t t\u1ea1o m\u00f9i v\u00e0 kh\u00f4ng ch\u1ea5t t\u1ea1o m\u00e0u n\u00ean r\u1ea5t an to\u00e0n cho ng\u01b0\u1eddi s\u1eed d\u1ee5ng.<\/li>\n<\/ul>","protected":false},"featured_media":40661,"comment_status":"open","ping_status":"closed","template":"","meta":[],"product_brand":[],"product_cat":[595,36,134],"product_tag":[],"class_list":{"0":"post-16926","1":"product","2":"type-product","3":"status-publish","4":"has-post-thumbnail","6":"product_cat-gia-vi-va-che-bien","7":"product_cat-thuc-pham-tieu-dung","8":"product_cat-thucpham-saykho","9":"pa_brand-skx","11":"first","12":"instock","13":"sale","14":"shipping-taxable","15":"purchasable","16":"product-type-simple"},"_links":{"self":[{"href":"https:\/\/havamall.com\/en\/wp-json\/wp\/v2\/product\/16926","targetHints":{"allow":["GET"]}}],"collection":[{"href":"https:\/\/havamall.com\/en\/wp-json\/wp\/v2\/product"}],"about":[{"href":"https:\/\/havamall.com\/en\/wp-json\/wp\/v2\/types\/product"}],"replies":[{"embeddable":true,"href":"https:\/\/havamall.com\/en\/wp-json\/wp\/v2\/comments?post=16926"}],"version-history":[{"count":0,"href":"https:\/\/havamall.com\/en\/wp-json\/wp\/v2\/product\/16926\/revisions"}],"wp:featuredmedia":[{"embeddable":true,"href":"https:\/\/havamall.com\/en\/wp-json\/wp\/v2\/media\/40661"}],"wp:attachment":[{"href":"https:\/\/havamall.com\/en\/wp-json\/wp\/v2\/media?parent=16926"}],"wp:term":[{"taxonomy":"product_brand","embeddable":true,"href":"https:\/\/havamall.com\/en\/wp-json\/wp\/v2\/product_brand?post=16926"},{"taxonomy":"product_cat","embeddable":true,"href":"https:\/\/havamall.com\/en\/wp-json\/wp\/v2\/product_cat?post=16926"},{"taxonomy":"product_tag","embeddable":true,"href":"https:\/\/havamall.com\/en\/wp-json\/wp\/v2\/product_tag?post=16926"}],"curies":[{"name":"wp","href":"https:\/\/api.w.org\/{rel}","templated":true}]}}