{"id":16940,"date":"2020-10-14T10:34:48","date_gmt":"2020-10-14T03:34:48","guid":{"rendered":"https:\/\/havamall.com\/?post_type=product&#038;p=16940"},"modified":"2025-06-19T14:47:17","modified_gmt":"2025-06-19T07:47:17","slug":"16940","status":"publish","type":"product","link":"https:\/\/havamall.com\/en\/shop\/16940\/","title":{"rendered":"L\u00e1 Kinh Gi\u1edbi Kh\u00f4 Th\u01b0\u01a1ng Hi\u1ec7u Hava Foodies G\u00f3i 100g \u2013 Dried Oregano"},"content":{"rendered":"<p>L\u00e1 Oregano l\u00e0 m\u1ed9t lo\u1ea1i rau th\u01a1m th\u01b0\u1eddng \u0111\u01b0\u1ee3c s\u1eed d\u1ee5ng trong n\u1ea5u \u0103n, t\u00ean ti\u1ebfng Vi\u1ec7t c\u1ee7a lo\u1ea1i l\u00e1 n\u00e0y l\u00e0 kinh gi\u1edbi cay. Tr\u01b0\u1edbc \u0111\u00e2y, Oregano l\u00e0 m\u1ed9t lo\u1ea1i c\u00e2y m\u1ecdc hoang \u1edf nh\u1eefng n\u01a1i kh\u00f4 r\u00e1o, n\u1eafng v\u00e0 c\u00f3 \u0111\u1ed9 cao 2000m so v\u1edbi m\u1ef1c n\u01b0\u1edbc bi\u1ec3n. Hi\u1ec7n t\u1ea1i, lo\u1ea1i l\u00e1 n\u00e0y \u0111\u00e3 \u0111\u01b0\u1ee3c ph\u00e1t tri\u1ec3n th\u00e0nh m\u1ed9t lo\u1ea1i rau gia v\u1ecb ph\u1ed5 bi\u1ebfn v\u1eeba c\u00f3 t\u00e1c d\u1ee5ng t\u0103ng h\u01b0\u01a1ng v\u1ecb cho m\u00f3n \u0103n, v\u1eeba l\u00e0 m\u1ed9t lo\u1ea1i th\u1ea3o m\u1ed9c c\u00f3 ch\u1ee9a nhi\u1ec1u \u0111\u1eb7c t\u00ednh ch\u1eefa b\u1ec7nh.<\/p>\n<p><img fetchpriority=\"high\" decoding=\"async\" class=\"aligncenter\" src=\"https:\/\/havamall.com\/wp-content\/uploads\/2020\/06\/oregano-la-la-gi-600x400.jpg\" alt=\"L\u00e1 Oregano L\u00e0 G\u00ec? C\u00f4ng D\u1ee5ng Tuy\u1ec7t V\u1eddi C\u1ee7a L\u00e1 Oregano\" width=\"600\" height=\"400\" \/><\/p>\n<p>C\u00f3 th\u1ec3 b\u1ea1n ch\u01b0a bi\u1ebft, c\u00e1c lo\u1ea1i rau th\u01a1m \u0111\u01b0\u1ee3c s\u1eed d\u1ee5ng \u0111\u1ec3 th\u00eam v\u00e0o m\u00f3n \u0103n kh\u00f4ng ch\u1ec9 \u0111\u1ec3 t\u0103ng th\u00eam h\u01b0\u01a1ng v\u1ecb m\u00e0 \u0111a ph\u1ea7n ch\u00fang c\u00f2n c\u00f3 t\u00e1c d\u1ee5ng nh\u01b0 m\u1ed9t v\u1ecb thu\u1ed1c c\u00f3 th\u1ec3 ch\u1eefa \u0111\u01b0\u1ee3c m\u1ed9t s\u1ed1 b\u1ec7nh ph\u1ed5 bi\u1ebfn v\u00e0 gi\u00fap c\u01a1 th\u1ec3 con ng\u01b0\u1eddi th\u00eam kh\u1ecfe m\u1ea1nh. Oregano l\u00e0 m\u1ed9t trong s\u1ed1 \u0111\u00f3, ngo\u00e0i h\u01b0\u01a1ng v\u1ecb \u0111\u1eb7c bi\u1ec7t c\u1ee7a m\u00ecnh, Oregano c\u00f2n l\u00e0 m\u1ed9t lo\u1ea1i th\u1ea3o m\u1ed9c c\u1ef1c k\u00ec t\u1ed1t cho s\u1ee9c kh\u1ecfe con ng\u01b0\u1eddi.<\/p>\n<h1>\u0110\u1eb6C \u0110I\u1ec2M C\u1ee6A L\u00c1 OREGANO<\/h1>\n<p>V\u1edbi \u0111\u1eb7c tr\u01b0ng v\u1ec1 h\u01b0\u01a1ng v\u1ecb c\u1ee7a m\u00ecnh, l\u00e1 Oregano th\u01b0\u1eddng \u0111\u01b0\u1ee3c s\u1eed d\u1ee5ng ph\u1ed5 bi\u1ebfn trong m\u00f3n n\u01b0\u1edbng ho\u1eb7c \u0111\u00fat l\u00f2. \u0110\u1eb7c bi\u1ec7t, lo\u1ea1i l\u00e1 n\u00e0y c\u1ef1c k\u00ec \u0111\u01b0\u1ee3c y\u00eau th\u00edch trong l\u00e0m b\u00e1nh Pizza ho\u1eb7c c\u00e1c lo\u1ea1i b\u00e1nh m\u1eb7n \u0111\u1eb7c tr\u01b0ng c\u1ee7a \u1ea9m th\u1ef1c \u00dd. C\u00e1c m\u00f3n c\u00f3 s\u1ed1t c\u00e0 chua c\u0169ng r\u1ea5t h\u1ee3p v\u1edbi Oregano, mang l\u1ea1i h\u01b0\u01a1ng v\u1ecb n\u1ed3ng, \u1ea5m r\u1ea5t th\u00fa v\u1ecb.\u00a0 Ngo\u00e0i ra h\u01b0\u01a1ng v\u1ecb tuy\u1ec7t v\u1eddi c\u1ee7a oregano c\u0169ng \u0111\u01b0\u1ee3c xem l\u00e0 m\u1ed9t \u201ctr\u1ee3 th\u1ee7 \u0111\u1eafc l\u1ef1c\u201d cho n\u01b0\u1edbc s\u1ed1t m\u00ec \u1ed1ng.<\/p>\n<p><img decoding=\"async\" class=\"wp-image-16718 aligncenter\" src=\"https:\/\/havamall.com\/wp-content\/uploads\/2020\/10\/l\u00e1-kg2.jpg\" alt=\"\" width=\"558\" height=\"371\" srcset=\"https:\/\/havamall.com\/wp-content\/uploads\/2020\/10\/l\u00e1-kg2.jpg 1000w, https:\/\/havamall.com\/wp-content\/uploads\/2020\/10\/l\u00e1-kg2-600x400.jpg 600w, https:\/\/havamall.com\/wp-content\/uploads\/2020\/10\/l\u00e1-kg2-150x100.jpg 150w\" sizes=\"(max-width: 558px) 100vw, 558px\" \/><\/p>\n<p>V\u1edbi l\u00e1 Oregano, b\u1ea1n c\u00f2n c\u00f3 th\u1ec3 \u0103n s\u1ed1ng \u0111\u01b0\u1ee3c v\u00e0 lo\u1ea1i l\u00e1 n\u00e0y h\u1ee3p v\u1edbi r\u1ea5t nhi\u1ec1u nguy\u00ean li\u1ec7u. Ch\u00ednh v\u00ec th\u1ebf, \u1edf c\u00e1c n\u01b0\u1edbc ph\u01b0\u01a1ng T\u00e2y, ng\u01b0\u1eddi ta th\u01b0\u1eddng d\u00f9ng Oregano \u0111\u1ec3 tr\u1ed9n n\u00f3 c\u00f9ng v\u1edbi salad. N\u1ebfu b\u1ea1n ngh\u0129 r\u1eb1ng salad th\u01b0\u1eddng c\u00f3 x\u00e0-l\u00e1ch, c\u00e0 chua, h\u00e0nh, ph\u00f4 mai v\u00e0 m\u1ed9t \u00edt d\u1ea5m v\u00e0 m\u1ed9t s\u1ed1 nguy\u00ean li\u1ec7u kh\u00e1c nh\u01b0 b\u01a1, c\u00e0 r\u1ed1t, khoai t\u00e2y,\u2026 th\u00ec c\u00f3 v\u1ebb b\u1ea1n \u0111\u00e3 nh\u1ea7m. Th\u1ef1c ch\u1ea5t, v\u1edbi salad th\u00ec b\u1ea1n b\u1ecf b\u1ea5t c\u1ee9 th\u1ee9 g\u00ec v\u00e0o c\u0169ng \u0111\u01b0\u1ee3c t\u1eeb rau, c\u1ee7, tr\u00e1i c\u00e2y cho \u0111\u1ebfn ph\u00f4 mai ho\u1eb7c pasta, v\u00e0 n\u1ebfu b\u1ea1n c\u00f3 m\u1ed9t ph\u1ea7n salad v\u1edbi \u201ct\u00e1 l\u1ea3\u201d th\u00ec oregano ch\u00ednh l\u00e0 lo\u1ea1i rau th\u01a1m ph\u00f9 h\u1ee3p nh\u1ea5t. V\u1edbi oregano, b\u1ea1n s\u1ebd kh\u00f4ng c\u1ea7n ph\u1ea3i lo l\u1eafng vi\u1ec7c c\u00e1c nguy\u00ean li\u1ec7u \u201c\u0111\u00e1nh nhau\u201d v\u1edbi rau th\u01a1m l\u00e0m \u1ea3nh h\u01b0\u1edfng \u0111\u1ebfn ch\u1ea5t l\u01b0\u1ee3ng m\u00f3n \u0103n c\u1ee7a b\u1ea1n.<\/p>\n<p>C\u00f3 th\u1ec3 b\u1ea1n ch\u01b0a bi\u1ebft, Oregano l\u00e0 m\u1ed9t lo\u1ea1i th\u1ea3o d\u01b0\u1ee3c c\u00f3 \u0111\u1eb7c t\u00ednh ch\u1eefa b\u1ec7nh r\u1ea5t \u1ea5n t\u01b0\u1ee3ng. B\u1ea1n ho\u00e0n to\u00e0n c\u00f3 th\u1ec3 s\u1eed d\u1ee5ng ch\u00fang \u0111\u1ec3 thay th\u1ebf thu\u1ed1c gi\u1ea3m \u0111au, s\u00e1t tr\u00f9ng, ch\u1ed1ng \u0111\u1eddm, co th\u1eaft, gi\u00fap d\u1ec5 ti\u00eau v\u00e0 b\u1ed5 tr\u1ee3 cho h\u1ec7 ti\u00eau h\u00f3a c\u1ef1c k\u00ec hi\u1ec7u qu\u1ea3. Oregano c\u00f2n c\u00f3 t\u00e1c d\u1ee5ng r\u1ea5t nhanh ch\u00f3ng trong vi\u1ec7c gi\u1ea3m \u0111\u1ea7y h\u01a1i, chu\u1ed9t r\u00fat ru\u1ed9t ho\u1eb7c l\u00e0 m\u1ed9t li\u1ec1u thu\u1ed1c an th\u1ea7n c\u1ef1c k\u00ec \u1ea5n t\u01b0\u1ee3ng \u0111\u1ea5y.<\/p>\n<p><img decoding=\"async\" class=\"wp-image-16717 aligncenter\" src=\"https:\/\/havamall.com\/wp-content\/uploads\/2020\/10\/l\u00e1-kg.jpg\" alt=\"\" width=\"611\" height=\"611\" srcset=\"https:\/\/havamall.com\/wp-content\/uploads\/2020\/10\/l\u00e1-kg.jpg 600w, https:\/\/havamall.com\/wp-content\/uploads\/2020\/10\/l\u00e1-kg-150x150.jpg 150w\" sizes=\"(max-width: 611px) 100vw, 611px\" \/><\/p>\n<h1><strong>TH\u00d4NG TIN S\u1ea2N PH\u1ea8M<\/strong><\/h1>\n<ul>\n<li>Th\u01b0\u01a1ng hi\u1ec7u: Hava Foodies<\/li>\n<li>Xu\u1ea5t x\u1ee9: \u0110\u1ee9c<\/li>\n<li>Th\u00e0nh ph\u1ea7n: 100% l\u00e1 kinh gi\u1edbi s\u1ea5y kh\u00f4<\/li>\n<li>Quy c\u00e1ch \u0111\u00f3ng g\u00f3i: 100g<\/li>\n<li>H\u1ea1n s\u1eed d\u1ee5ng: Xem tr\u00ean bao b\u00ec s\u1ea3n ph\u1ea9m<\/li>\n<li>B\u1ea3o qu\u1ea3n: N\u01a1i tho\u00e1ng m\u00e1t, tr\u00e1nh \u00e1nh n\u1eafng tr\u1ef1c ti\u1ebfp, tho\u00e1ng m\u00e1t<\/li>\n<\/ul>","protected":false},"excerpt":{"rendered":"<ul>\n<li>V\u1edbi \u0111\u1eb7c tr\u01b0ng v\u1ec1 h\u01b0\u01a1ng v\u1ecb c\u1ee7a m\u00ecnh, l\u00e1 Oregano th\u01b0\u1eddng \u0111\u01b0\u1ee3c s\u1eed d\u1ee5ng ph\u1ed5 bi\u1ebfn trong m\u00f3n n\u01b0\u1edbng ho\u1eb7c \u0111\u00fat l\u00f2.<\/li>\n<li>\u0110\u1eb7c bi\u1ec7t, lo\u1ea1i l\u00e1 n\u00e0y c\u1ef1c k\u00ec \u0111\u01b0\u1ee3c y\u00eau th\u00edch trong l\u00e0m b\u00e1nh Pizza ho\u1eb7c c\u00e1c lo\u1ea1i b\u00e1nh m\u1eb7n \u0111\u1eb7c tr\u01b0ng c\u1ee7a \u1ea9m th\u1ef1c \u00dd.<\/li>\n<li>C\u00e1c m\u00f3n c\u00f3 s\u1ed1t c\u00e0 chua c\u0169ng r\u1ea5t h\u1ee3p v\u1edbi Oregano, mang l\u1ea1i h\u01b0\u01a1ng v\u1ecb n\u1ed3ng, \u1ea5m r\u1ea5t th\u00fa v\u1ecb.<\/li>\n<li>Ngo\u00e0i ra h\u01b0\u01a1ng v\u1ecb tuy\u1ec7t v\u1eddi c\u1ee7a oregano c\u0169ng s\u1ebd l\u00e0 m\u1ed9t \u201ctr\u1ee3 th\u1ee7 \u0111\u1eafc l\u1ef1c\u201d cho n\u01b0\u1edbc s\u1ed1t m\u00ec \u1ed1ng.<\/li>\n<\/ul>","protected":false},"featured_media":40757,"comment_status":"open","ping_status":"closed","template":"","meta":[],"product_brand":[],"product_cat":[36,134],"product_tag":[],"class_list":{"0":"post-16940","1":"product","2":"type-product","3":"status-publish","4":"has-post-thumbnail","6":"product_cat-thuc-pham-tieu-dung","7":"product_cat-thucpham-saykho","8":"pa_brand-skx","10":"first","11":"instock","12":"sale","13":"shipping-taxable","14":"purchasable","15":"product-type-simple"},"_links":{"self":[{"href":"https:\/\/havamall.com\/en\/wp-json\/wp\/v2\/product\/16940","targetHints":{"allow":["GET"]}}],"collection":[{"href":"https:\/\/havamall.com\/en\/wp-json\/wp\/v2\/product"}],"about":[{"href":"https:\/\/havamall.com\/en\/wp-json\/wp\/v2\/types\/product"}],"replies":[{"embeddable":true,"href":"https:\/\/havamall.com\/en\/wp-json\/wp\/v2\/comments?post=16940"}],"version-history":[{"count":0,"href":"https:\/\/havamall.com\/en\/wp-json\/wp\/v2\/product\/16940\/revisions"}],"wp:featuredmedia":[{"embeddable":true,"href":"https:\/\/havamall.com\/en\/wp-json\/wp\/v2\/media\/40757"}],"wp:attachment":[{"href":"https:\/\/havamall.com\/en\/wp-json\/wp\/v2\/media?parent=16940"}],"wp:term":[{"taxonomy":"product_brand","embeddable":true,"href":"https:\/\/havamall.com\/en\/wp-json\/wp\/v2\/product_brand?post=16940"},{"taxonomy":"product_cat","embeddable":true,"href":"https:\/\/havamall.com\/en\/wp-json\/wp\/v2\/product_cat?post=16940"},{"taxonomy":"product_tag","embeddable":true,"href":"https:\/\/havamall.com\/en\/wp-json\/wp\/v2\/product_tag?post=16940"}],"curies":[{"name":"wp","href":"https:\/\/api.w.org\/{rel}","templated":true}]}}