{"id":16950,"date":"2020-10-14T11:11:58","date_gmt":"2020-10-14T04:11:58","guid":{"rendered":"https:\/\/havamall.com\/?post_type=product&#038;p=16950"},"modified":"2022-04-08T09:44:37","modified_gmt":"2022-04-08T02:44:37","slug":"la-xo-thom-thuong-hieu-foodies-goi-100g-sage-leaf-ground","status":"publish","type":"product","link":"https:\/\/havamall.com\/en\/shop\/la-xo-thom-thuong-hieu-foodies-goi-100g-sage-leaf-ground\/","title":{"rendered":"L\u00e1 X\u00f4 Th\u01a1m Th\u01b0\u01a1ng Hi\u1ec7u Hava Foodies G\u00f3i 100g \u2013 Sage Leaf Ground"},"content":{"rendered":"<h1><strong>L\u00e1 x\u00f4 th\u01a1m l\u00e0 g\u00ec?<\/strong><\/h1>\n<p>Gi\u1ed1ng nh\u01b0 h\u01b0\u01a1ng th\u1ea3o,\u00a0c\u00e2y x\u00f4 th\u01a1m\u00a0(sage) c\u00f3 xu\u1ea5t x\u1ee9 t\u1eeb v\u00f9ng \u0110\u1ecba Trung H\u1ea3i. C\u00e2y x\u00f4 th\u01a1m (sage) c\u00f2n g\u1ecdi l\u00e0 c\u00e2y ng\u1ea3i \u0111\u1eafng, l\u00e0 rau gia v\u1ecb \u0111\u01b0\u1ee3c s\u1eed d\u1ee5ng ph\u1ed5 bi\u1ebfn trong \u1ea9m th\u1ef1c ph\u01b0\u01a1ng T\u00e2y v\u00e0 Trung \u0110\u00f4ng v\u00ec c\u00f3 h\u01b0\u01a1ng v\u1ecb n\u1ed3ng \u1ea5m, cay nh\u1eb9, pha ch\u00fat \u0111\u1eafng v\u1edbi h\u01b0\u01a1ng th\u01a1m hoang d\u1ea1i v\u00e0 man m\u00e1t.<\/p>\n<p><img fetchpriority=\"high\" decoding=\"async\" class=\"aligncenter\" src=\"https:\/\/havamall.com\/wp-content\/uploads\/2020\/08\/Sage.jpg\" alt=\"Sage - Fleet Farming\" width=\"632\" height=\"421\" \/><\/p>\n<p>C\u00e2y x\u00f4 th\u01a1m trong ti\u1ebfng latin c\u00f3 ngh\u0129a l\u00e0 \u201cch\u1eefa l\u00e0nh\u201d. V\u00e0\u00a0c\u00e2y mang \u0111\u1eb7c t\u00ednh th\u1ea3o d\u01b0\u1ee3c c\u00f3 th\u1ec3 ch\u1eefa \u0111\u01b0\u1ee3c m\u1ed9t s\u1ed1 b\u1ec7nh \u0111au c\u1ed5 h\u1ecdng, ti\u00eau h\u00f3a k\u00e9m\u2026T\u1eeb x\u01b0a, c\u00e2y x\u00f4 th\u01a1m \u0111\u01b0\u1ee3c xem l\u00e0 m\u1ed9t lo\u1ea1i th\u1ea3o m\u1ed9c thi\u00eang li\u00eang, \u0111\u1eb7c bi\u1ec7t l\u00e0 ng\u01b0\u1eddi La M\u00e3 tin r\u1eb1ng c\u00e2y x\u00f4 th\u01a1m c\u00f3 th\u1ec3 ch\u1eefa kh\u1ecfi t\u1ea5t c\u1ea3 m\u1ecdi b\u1ec7nh t\u1eadt, k\u00e9o d\u00e0i cu\u1ed9c s\u1ed1ng con ng\u01b0\u1eddi. Ng\u01b0\u1eddi Trung Qu\u1ed1c c\u0169ng \u0111\u00e1nh gi\u00e1 cao gi\u00e1 tr\u1ecb c\u1ee7a c\u00e2y x\u00f4 th\u01a1m, h\u1ecd cho r\u1eb1ng x\u00f4 th\u01a1m l\u00e0 1 d\u01b0\u1ee3c li\u1ec7u c\u00f3 t\u00e1c d\u1ee5ng ch\u1eefa v\u00f4 sinh.<\/p>\n<h1><strong>\u0110\u1eb7c \u0111i\u1ec3m n\u1ed5i b\u1eadt c\u1ee7a s\u1ea3n ph\u1ea9m<\/strong><\/h1>\n<p>L\u00e1 x\u00f4 th\u01a1m c\u00f3 m\u00f9i th\u01a1m \u0111\u01b0\u1ee3c b\u1ea3o qu\u1ea3n trong l\u1ecd k\u00edn n\u00ean gi\u1eef nguy\u00ean ch\u1ea5t l\u01b0\u1ee3ng v\u00e0 h\u01b0\u01a1ng v\u1ecb \u0111\u1eb7c tr\u01b0ng v\u1ed1n c\u00f3, d\u1ec5 d\u00e0ng b\u1ea3o qu\u1ea3n trong th\u1eddi gian d\u00e0i m\u00e0 kh\u00f4ng b\u1ecb thay \u0111\u1ed5i m\u00f9i v\u1ecb.<\/p>\n<p>X\u00f4 th\u01a1m h\u01a1i k\u00e9n so v\u1edbi c\u00e1c lo\u1ea1i rau th\u01a1m kh\u00e1c, nh\u01b0ng d\u00f9ng v\u1edbi \u0111\u00fang nguy\u00ean li\u1ec7u th\u00ec n\u00f3 ngon ch\u1ea3 k\u00e9m g\u00ec. Ngo\u00e0i ra, x\u00f4 th\u01a1m c\u00f2n \u0111\u01b0\u1ee3c l\u01b0u gi\u1eef v\u00e0 s\u1eed d\u1ee5ng nh\u01b0 m\u1ed9t lo\u1ea1i thu\u1ed1c, tuy nhi\u00ean c\u1ea7n l\u01b0u \u00fd l\u00e0 kh\u00f4ng s\u1eed d\u1ee5ng qu\u00e1 15g m\u1ed7i ng\u00e0y.<\/p>\n<p><img decoding=\"async\" class=\"aligncenter\" src=\"https:\/\/alkalinewell.wpengine.com\/wp-content\/uploads\/2016\/01\/sage_porkchops.jpg\" alt=\"Sage Pork Chops - Recipes - Alkaline Wellness\" width=\"597\" height=\"398\" \/><\/p>\n<p>C\u00e1c s\u1ea3n ph\u1ea9m L\u00e1 X\u00f4 Th\u01a1m t\u1ea1i Havamall \u0111\u01b0\u1ee3c s\u1ea3n xu\u1ea5t v\u00e0 \u0111\u00f3ng g\u00f3i theo d\u00e2y chuy\u1ec1n c\u00f4ng ngh\u1ec7 hi\u1ec7n \u0111\u1ea1i v\u1edbi ngu\u1ed3n nguy\u00ean li\u1ec7u \u0111\u1ea3m b\u1ea3o v\u1ec7 sinh an to\u00e0n th\u1ef1c ph\u1ea9m<\/p>\n<table>\n<tbody>\n<tr>\n<td>Th\u01b0\u01a1ng hi\u1ec7u<\/td>\n<td>Havafood<\/td>\n<\/tr>\n<tr>\n<td>Xu\u1ea5t x\u1ee9<\/td>\n<td>\u0110\u1ee9c<\/td>\n<\/tr>\n<tr>\n<td>Th\u00e0nh ph\u1ea7n<\/td>\n<td>100% L\u00e1 x\u00f4 th\u01a1m s\u1ea5y kh\u00f4<\/td>\n<\/tr>\n<tr>\n<td>H\u1ea1n s\u1eed d\u1ee5ng<\/td>\n<td>Xem tr\u00ean bao b\u00ec<\/td>\n<\/tr>\n<tr>\n<td>H\u01b0\u1edbng d\u1eabn s\u1eed d\u1ee5ng<\/td>\n<td>D\u00f9ng l\u00e0m gia v\u1ecb cho ch\u1ebf bi\u1ebfn m\u00f3n \u0103n<\/td>\n<\/tr>\n<tr>\n<td>B\u1ea3o qu\u1ea3n<\/td>\n<td>N\u01a1i kh\u00f4 r\u00e1o, tho\u00e1ng m\u00e1t, tr\u00e1nh \u00e1nh s\u00e1ng tr\u1ef1c ti\u1ebfp t\u1eeb m\u1eb7t tr\u1eddi<\/td>\n<\/tr>\n<\/tbody>\n<\/table>\n<p><b>Th\u00f4ng tin chi ti\u1ebft<\/b><\/p>\n<ul>\n<li>L\u00e1 x\u00f4 th\u01a1m Havafood \u0111\u01b0\u1ee3c \u0111\u00f3ng g\u00f3i d\u1ea1ng t\u00fai zip ch\u1eafc ch\u1eafn, gi\u00fap gi\u1eef h\u01b0\u01a1ng v\u1ecb t\u1ed1t h\u01a1n.<\/li>\n<li>Gia v\u1ecb ho\u00e0n to\u00e0n an to\u00e0n v\u1ec1 ch\u1ea5t l\u01b0\u1ee3ng l\u1eabn v\u1ec7 sinh th\u1ef1c ph\u1ea9m.<\/li>\n<li>Quy tr\u00ecnh kh\u00e9p k\u00edn, \u0111\u1ea1t chu\u1ea9n qu\u1ed1c t\u1ebf<\/li>\n<li>Nguy\u00ean li\u1ec7u t\u1eeb th\u1ea3o m\u1ed9c s\u1ea1ch r\u1ea5t t\u1ed1t cho s\u1ee9c kh\u1ecfe v\u00e0 \u0111\u1ea3m b\u1ea3o an to\u00e0n dinh d\u01b0\u1ee1ng<\/li>\n<li>H\u01b0\u01a1ng v\u1ecb ph\u00f9 h\u1ee3p v\u1edbi kh\u1ea9u v\u1ecb m\u1ecdi nh\u00e0<\/li>\n<li>Ch\u1ebf bi\u1ebfn ti\u1ec7n l\u1ee3i<\/li>\n<\/ul>\n<h1><strong>C\u00f4ng d\u1ee5ng c\u1ee7a l\u00e1 x\u00f4 th\u01a1m<\/strong><\/h1>\n<h4><em><strong>\u0110\u1ed1i v\u1edbi s\u1ee9c kh\u1ecfe<\/strong><\/em><\/h4>\n<ul>\n<li>C\u00f4ng d\u1ee5ng c\u1ee7a c\u00e2y x\u00f4 th\u01a1m ch\u00ednh l\u00e0 kh\u00e1ng vi\u00eam, nh\u1ea5t l\u00e0 vi\u00eam h\u1ecdng, mi\u1ec7ng, vi\u00eam l\u01b0\u1ee1i d\u00f9ng d\u1ea1ng thu\u1ed1c s\u00fac mi\u1ec7ng; d\u00f9ng d\u01b0\u1edbi d\u1ea1ng tr\u00e0 tr\u1ecb kh\u00f3 ti\u00eau, r\u1ed1i lo\u1ea1n \u0111\u01b0\u1eddng ru\u1ed9t, ti\u00eau ch\u1ea3y.<\/li>\n<li>Nh\u1eefng nghi\u00ean c\u1ee9u m\u1edbi cho th\u1ea5y x\u00f4 th\u01a1m c\u00f3 t\u00e1c d\u1ee5ng gi\u1ea3m s\u01b0ng \u0111au khi b\u00f4i l\u00e0 nh\u1edd acid ursolic, c\u00f2n c\u00e1c tinh d\u1ea7u th\u00ec t\u00e1c d\u1ee5ng kh\u00e1ng khu\u1ea9n, kh\u00e1ng n\u1ea5m, kh\u00e1ng si\u00eau vi v\u00e0 kh\u00e1ng ung th\u01b0.<\/li>\n<li>X\u00f4 th\u01a1m c\u0169ng c\u00f3 t\u00e1c d\u1ee5ng kh\u00e1ng ti\u1ebft m\u1ed3 h\u00f4i khi b\u00f4i ngo\u00e0i da. Ph\u1ee5 n\u1eef cho con b\u00fa kh\u00f4ng d\u00f9ng \u0111\u01b0\u1ee3c v\u00ec n\u00f3 kh\u00e1ng ti\u1ebft s\u1eefa. X\u00f4 th\u01a1m \u0111i\u1ec1u h\u00f2a kinh nguy\u1ec7t v\u00e0 h\u1ea1 \u0111\u01b0\u1eddng huy\u1ebft.<\/li>\n<li>L\u00e0 th\u1ef1c ph\u1ea9m g\u00f3p ph\u1ea7n gi\u00fap t\u0103ng tr\u00ed nh\u1edb cho ng\u01b0\u1eddi cao tu\u1ed5i.<\/li>\n<\/ul>\n<p><img decoding=\"async\" class=\"aligncenter\" src=\"https:\/\/havamall.com\/wp-content\/uploads\/2020\/08\/1280-503539812-sage-tea.jpg\" alt=\"5 Substitutes for Sage Herb - Tastessence\" width=\"611\" height=\"407\" \/><\/p>\n<h4><em><strong>Trong \u1ea9m th\u1ef1c<\/strong><\/em><\/h4>\n<ul>\n<li>C\u00e1ch k\u1ebft h\u1ee3p x\u00f4 th\u01a1m v\u1edbi c\u00e1c lo\u1ea1i th\u1ef1c ph\u1ea9m \u0111\u00f2i h\u1ecfi s\u1ef1 tinh t\u1ebf v\u00ec n\u00f3 h\u01a1i k\u00e9n ch\u1ecdn. Tuy l\u00e0 rau th\u01a1m nh\u01b0ng m\u00f9i n\u00f3 \u1ea9n, kh\u00f4ng t\u1ecfa ra n\u1ed3ng n\u00e0n nh\u01b0 x\u1ea1 h\u01b0\u01a1ng. N\u00f3 d\u1eady h\u01b0\u01a1ng h\u01a1n ng\u00f2 t\u00e2y m\u1ed9t ch\u00fat, c\u00f2n b\u1ea3n th\u00e2n v\u1ecb khi \u0103n v\u00e0o l\u1ea1i nh\u1eb9 nh\u00e0ng so v\u1edbi h\u00fang t\u00e2y. X\u00f4 th\u01a1m h\u1ee3p v\u1edbi nh\u1eefng nguy\u00ean li\u1ec7u nh\u01b0 khoai lang, c\u00e1c lo\u1ea1i b\u00ed \u0111\u1ecf, c\u00e0 t\u00edm, c\u00e0 chua; c\u00e1c lo\u1ea1i th\u1ecbt gia c\u1ea7m (g\u00e0, v\u1ecbt, ngan, ng\u1ed7ng), th\u1ecbt l\u1ee3n v\u00e0 x\u00fac x\u00edch. N\u00f3i chung sage h\u1ee3p v\u1edbi c\u00e1c m\u00f3n \u0103n b\u00e9o v\u00e0 b\u00f9i.<\/li>\n<\/ul>\n<p><img loading=\"lazy\" decoding=\"async\" class=\"aligncenter\" src=\"https:\/\/havamall.com\/wp-content\/uploads\/2020\/08\/20190725-delish-butternut-squash-ravioli-ehg-vertical-2-1565301914.png\" alt=\"Best Butternut Squash Ravioli Recipe - How to Make Butternut ...\" width=\"630\" height=\"945\" \/><\/p>\n<ul>\n<li>Ng\u01b0\u1eddi \u0103n chay r\u1ea5t th\u00edch x\u00f4 th\u01a1m. X\u00f4 th\u01a1m h\u1ee3p v\u1edbi c\u1ee7 nhi\u1ec1u h\u01a1n v\u1edbi th\u1ecbt, nh\u1ea5t l\u00e0 n\u1ebfu \u0111\u00e3 ch\u00e1n \u0103n rau x\u00f4 th\u01a1m c\u00f9ng v\u1edbi\u00a0 khoai t\u00e2y, c\u00e0 r\u1ed1t, v\u1edbi b\u00f4ng c\u1ea3i m\u00e3i r\u1ed3i th\u00ec k\u1ebft h\u1ee3p c\u00f9ng nh\u1eefng m\u00f3n b\u00f9i b\u00f9i nh\u01b0 khoai lang, b\u00ed \u0111\u1ecf s\u1ebd \u0111em l\u1ea1i c\u1ea3m gi\u00e1c beo b\u00e9o cho ng\u01b0\u1eddi \u0103n.<\/li>\n<li>\u0110un l\u00e1 x\u00f4 th\u01a1m th\u00e0nh d\u1ea1ng tr\u00e0, c\u00f3 h\u01b0\u01a1ng v\u1ecb h\u01a1i \u0111\u1eafng m\u1ed9t ch\u00fat, cho th\u00eam ch\u00fat m\u1eadt ong khi\u1ebfn tr\u00e0 ngon h\u01a1n v\u00e0 gi\u1ea3m \u0111au hi\u1ec7u qu\u1ea3.<\/li>\n<\/ul>","protected":false},"excerpt":{"rendered":"<ul>\n<li>L\u00e1 x\u00f4 th\u01a1m c\u00f3 m\u00f9i th\u01a1m \u0111\u01b0\u1ee3c b\u1ea3o qu\u1ea3n trong l\u1ecd k\u00edn n\u00ean gi\u1eef nguy\u00ean ch\u1ea5t l\u01b0\u1ee3ng v\u00e0 h\u01b0\u01a1ng v\u1ecb \u0111\u1eb7c tr\u01b0ng v\u1ed1n c\u00f3, d\u1ec5 d\u00e0ng b\u1ea3o qu\u1ea3n trong th\u1eddi gian d\u00e0i m\u00e0 kh\u00f4ng b\u1ecb thay \u0111\u1ed5i m\u00f9i v\u1ecb.<\/li>\n<li>Ng\u01b0\u1eddi \u0103n chay r\u1ea5t th\u00edch x\u00f4 th\u01a1m. X\u00f4 th\u01a1m h\u1ee3p v\u1edbi c\u1ee7 nhi\u1ec1u h\u01a1n v\u1edbi th\u1ecbt, nh\u1ea5t l\u00e0 n\u1ebfu \u0111\u00e3 ch\u00e1n \u0103n rau x\u00f4 th\u01a1m c\u00f9ng v\u1edbi\u00a0 khoai t\u00e2y, c\u00e0 r\u1ed1t, v\u1edbi b\u00f4ng c\u1ea3i m\u00e3i r\u1ed3i th\u00ec k\u1ebft h\u1ee3p c\u00f9ng nh\u1eefng m\u00f3n b\u00f9i b\u00f9i nh\u01b0 khoai lang, b\u00ed \u0111\u1ecf s\u1ebd \u0111em l\u1ea1i c\u1ea3m gi\u00e1c beo b\u00e9o cho ng\u01b0\u1eddi \u0103n.<\/li>\n<li>\u0110un l\u00e1 x\u00f4 th\u01a1m th\u00e0nh d\u1ea1ng tr\u00e0, c\u00f3 h\u01b0\u01a1ng v\u1ecb h\u01a1i \u0111\u1eafng m\u1ed9t ch\u00fat, cho th\u00eam ch\u00fat m\u1eadt ong khi\u1ebfn tr\u00e0 ngon h\u01a1n v\u00e0 gi\u1ea3m \u0111au hi\u1ec7u qu\u1ea3.<\/li>\n<\/ul>","protected":false},"featured_media":16951,"comment_status":"open","ping_status":"closed","template":"","meta":[],"product_brand":[],"product_cat":[36,134],"product_tag":[],"class_list":{"0":"post-16950","1":"product","2":"type-product","3":"status-publish","4":"has-post-thumbnail","6":"product_cat-thuc-pham-tieu-dung","7":"product_cat-thucpham-saykho","8":"pa_brand-skx","10":"first","11":"instock","12":"sale","13":"shipping-taxable","14":"purchasable","15":"product-type-simple"},"_links":{"self":[{"href":"https:\/\/havamall.com\/en\/wp-json\/wp\/v2\/product\/16950","targetHints":{"allow":["GET"]}}],"collection":[{"href":"https:\/\/havamall.com\/en\/wp-json\/wp\/v2\/product"}],"about":[{"href":"https:\/\/havamall.com\/en\/wp-json\/wp\/v2\/types\/product"}],"replies":[{"embeddable":true,"href":"https:\/\/havamall.com\/en\/wp-json\/wp\/v2\/comments?post=16950"}],"version-history":[{"count":0,"href":"https:\/\/havamall.com\/en\/wp-json\/wp\/v2\/product\/16950\/revisions"}],"wp:featuredmedia":[{"embeddable":true,"href":"https:\/\/havamall.com\/en\/wp-json\/wp\/v2\/media\/16951"}],"wp:attachment":[{"href":"https:\/\/havamall.com\/en\/wp-json\/wp\/v2\/media?parent=16950"}],"wp:term":[{"taxonomy":"product_brand","embeddable":true,"href":"https:\/\/havamall.com\/en\/wp-json\/wp\/v2\/product_brand?post=16950"},{"taxonomy":"product_cat","embeddable":true,"href":"https:\/\/havamall.com\/en\/wp-json\/wp\/v2\/product_cat?post=16950"},{"taxonomy":"product_tag","embeddable":true,"href":"https:\/\/havamall.com\/en\/wp-json\/wp\/v2\/product_tag?post=16950"}],"curies":[{"name":"wp","href":"https:\/\/api.w.org\/{rel}","templated":true}]}}