{"id":16954,"date":"2020-10-14T11:59:43","date_gmt":"2020-10-14T04:59:43","guid":{"rendered":"https:\/\/havamall.com\/?post_type=product&#038;p=16954"},"modified":"2025-06-16T10:19:18","modified_gmt":"2025-06-16T03:19:18","slug":"xa-huong-thuong-hieu-foodie-goi-100g-thyme-rubbed","status":"publish","type":"product","link":"https:\/\/havamall.com\/en\/shop\/xa-huong-thuong-hieu-foodie-goi-100g-thyme-rubbed\/","title":{"rendered":"L\u00e1 Thyme Kh\u00f4 Th\u01b0\u01a1ng Hi\u1ec7u Hava Foodies G\u00f3i 100g \u2013 Thyme Rubbed"},"content":{"rendered":"<p>Thyme hay c\u00f2n g\u1ecdi l\u00e0 c\u1ecf x\u1ea1 h\u01b0\u01a1ng, l\u00e0 m\u1ed9t lo\u1ea1i th\u1ef1c v\u1eadt c\u00f3 hoa trong h\u1ecd hoa m\u00f4i, cao 30 \u2013 70 cm. C\u00e2y t\u1ea1o th\u00e0nh kh\u00f3m x\u00e1m hay l\u1ee5c tr\u0103ng tr\u1eafng, c\u00f3 th\u00e2n g\u1ed7, m\u1ecdc \u0111\u1ee9ng ho\u1eb7c n\u1eb1m, nhi\u1ec1u nh\u00e1nh v\u00e0 l\u00f4ng m\u1ecbn. Thyme c\u00f3 l\u00e1 nh\u1ecf, h\u00ecnh ng\u1ecdn gi\u00e1o d\u00e0i kho\u1ea3ng 5 \u2013 9 mm.<\/p>\n<p>L\u00e1 thyme c\u00f3 ngu\u1ed3n g\u1ed1c mi\u1ec1n nam ch\u00e2u \u00c2u t\u1eeb ph\u00eda t\u00e2y \u0110\u1ecba Trung H\u1ea3i \u0111\u1ebfn mi\u1ec1n nam Italia, sau \u0111\u00f3 \u0111\u01b0\u1ee3c tr\u1ed3ng t\u1ea1i nhi\u1ec1u n\u01a1i tr\u00ean th\u1ebf gi\u1edbi, ph\u1ed5 bi\u1ebfn nh\u1ea5t l\u00e0 \u0110\u1ee9c, Ph\u00e1p, S\u00e9c, \u00c1o\u2026 T\u1ea1i Vi\u1ec7t Nam, thyme \u0111\u01b0\u1ee3c tr\u1ed3ng nhi\u1ec1u \u1edf \u0110\u00e0 L\u1ea1t v\u00e0 Sa Pa.<\/p>\n<p><img fetchpriority=\"high\" decoding=\"async\" class=\"wp-image-16960 aligncenter\" src=\"https:\/\/havamall.com\/wp-content\/uploads\/2020\/10\/THYME1.jpg\" alt=\"\" width=\"595\" height=\"397\" srcset=\"https:\/\/havamall.com\/wp-content\/uploads\/2020\/10\/THYME1.jpg 640w, https:\/\/havamall.com\/wp-content\/uploads\/2020\/10\/THYME1-600x400.jpg 600w, https:\/\/havamall.com\/wp-content\/uploads\/2020\/10\/THYME1-150x100.jpg 150w\" sizes=\"(max-width: 595px) 100vw, 595px\" \/><\/p>\n<h1>\u0110\u0102C \u0110I\u1ec2M L\u00c1 THYME<\/h1>\n<p>&#8211; Thyme c\u00f3 h\u01b0\u01a1ng v\u1ecb h\u01a1i cay, m\u1eb7n, m\u00f9i th\u01a1m n\u1ed3ng n\u00e0n, n\u1ea5u c\u00e0ng l\u00e2u v\u1edbi nhi\u1ec7t \u0111\u1ed9 th\u00edch h\u1ee3p th\u00ec l\u00e1 c\u00e0ng cho ra h\u01b0\u01a1ng th\u01a1m h\u1ea5p d\u1eabn.<\/p>\n<p>&#8211; Thyme th\u00edch h\u1ee3p \u0111\u1ec3 n\u1ea5u c\u00f9ng v\u1edbi c\u00e0 chua, th\u1ecbt b\u00f2, th\u1ecbt g\u00e0, th\u1ecbt c\u1eebu, c\u00e0 r\u1ed1t, khoai t\u00e2y, h\u00e0nh t\u00e2y v\u00e0 c\u00e1c lo\u1ea1i s\u00fap. Do l\u00e1 thyme th\u01b0\u1eddng m\u1ea5t nhi\u1ec1u th\u1eddi gian n\u1ea5u \u0111\u1ec3 t\u1ea1o ra m\u00f9i th\u01a1m n\u00ean th\u01b0\u1eddng hay d\u00f9ng \u0111\u1ec3 n\u1ea5u v\u1edbi c\u00e1c lo\u1ea1i s\u00fap \u0111\u1eadu h\u1ea7m l\u00e2u, th\u1ecbt b\u00f2 h\u1ea7m. B\u00ean c\u1ea1nh \u0111\u00f3, thyme c\u00f2n \u0111\u01b0\u1ee3c s\u1eed d\u1ee5ng trong clam chowder v\u00e0 gumbo. N\u1ebfu b\u1ea1n l\u00e0 m\u1ed9t t\u00edn \u0111\u1ed3 c\u1ee7a \u1ea9m th\u1ef1c ph\u01b0\u01a1ng T\u00e2y th\u00ec s\u1ebd d\u1ec5 d\u00e0ng b\u1eaft g\u1eb7p l\u00e1 thyme trong c\u00e1c m\u00f3n \u0103n.<\/p>\n<p><img decoding=\"async\" class=\"size-full wp-image-16955 aligncenter\" src=\"https:\/\/havamall.com\/wp-content\/uploads\/2020\/10\/thyme7.jpg\" alt=\"\" width=\"512\" height=\"288\" srcset=\"https:\/\/havamall.com\/wp-content\/uploads\/2020\/10\/thyme7.jpg 512w, https:\/\/havamall.com\/wp-content\/uploads\/2020\/10\/thyme7-150x84.jpg 150w\" sizes=\"(max-width: 512px) 100vw, 512px\" \/><\/p>\n<p>&#8211; Nh\u00ecn chung, thyme kh\u00f4ng k\u00e9n nguy\u00ean li\u1ec7u \u0111i c\u00f9ng n\u00ean khi c\u00f3 \u00fd \u0111\u1ecbnh l\u00e0m m\u1ed9t m\u00f3n T\u00e2y \u0111\u1ec3 th\u01b0\u1edfng th\u1ee9c nh\u01b0ng kh\u00f4ng bi\u1ebft l\u00e0m th\u1ebf n\u00e0o, ch\u1ec9 c\u1ea7n mua m\u1ed9t \u00edt l\u00e1 thyme v\u1ec1 ch\u1ebf bi\u1ebfn c\u00f9ng, m\u00f3n \u0103n c\u1ee7a b\u1ea1n s\u1ebd tr\u00f2n v\u1ecb v\u00e0 h\u1ea5p d\u1eabn kh\u00f4ng thua k\u00e9m \u1edf nh\u00e0 h\u00e0ng. Kh\u00f4ng ch\u1ec9 d\u00f9ng cho c\u00e1c m\u00f3n \u0103n, thyme c\u00f2n c\u00f3 th\u1ec3 d\u00f9ng trong m\u00f3n tr\u00e1ng mi\u1ec7ng, ch\u1ee7 y\u1ebfu l\u00e0 c\u00e1c m\u00f3n tr\u00e1i c\u00e2y n\u01b0\u1edbng ho\u1eb7c m\u00f3n n\u1ea5u kem, n\u1ea5u s\u1eefa.<\/p>\n<h1>C\u00d4NG D\u1ee4NG C\u1ee6A THYME<\/h1>\n<p>&#8211; L\u00e0 \u0111i\u1ec3m nh\u1ea5n th\u00fa v\u1ecb, gi\u00fap l\u00e0m d\u1eady m\u00f9i th\u01a1m c\u00e1c m\u00f3n th\u1ecbt h\u1ea7m, tr\u1ee9ng, soup, khoai t\u00e2y chi\u00ean, b\u00e1nh m\u00ec th\u1ecbt&#8230; Gi\u00fap m\u00f3n \u0103n th\u00eam ph\u1ea7n th\u01a1m ngon v\u00e0 \u0111\u1ed9c \u0111\u00e1o.<\/p>\n<p>&#8211; C\u1ecf x\u1ea1 h\u01b0\u01a1ng c\u00f3 t\u00ednh kh\u00e1ng vi\u00eam, kh\u00e1ng khu\u1ea9n, t\u1ed1t cho h\u1ec7 ti\u00eau h\u00f4 h\u1ea5p. L\u00e0m gi\u1ea3m m\u1ea1nh c\u00e1c tri\u1ec7u ch\u1ee9ng c\u1ee7a vi\u00eam nhi\u1ec5m \u0111\u01b0\u1eddng h\u00f4 h\u1ea5p nh\u1edd c\u01a1 ch\u1ebf kh\u00e1ng vi\u00eam, \u0111\u1eb7c bi\u1ec7t tr\u00ean \u0111\u1ed1i t\u01b0\u1ee3ng tr\u1ebb em vi\u00eam ph\u1ebf qu\u1ea3n.<\/p>\n<p>&#8211; Theo m\u1ed9t nghi\u00ean c\u1ee9u, c\u1ecf x\u1ea1 h\u01b0\u01a1ng k\u1ebft h\u1ee3p v\u1edbi l\u00e1 th\u01b0\u1eddng xu\u00e2n gi\u00fap gi\u1ea3m ho v\u00e0 c\u00e1c tri\u1ec7u ch\u1ee9ng c\u1ee7a b\u1ec7nh vi\u00eam ph\u1ebf qu\u1ea3n.<\/p>\n<p><img decoding=\"async\" class=\"size-full wp-image-16958 aligncenter\" src=\"https:\/\/havamall.com\/wp-content\/uploads\/2020\/10\/THYME3.jpg\" alt=\"\" width=\"600\" height=\"400\" srcset=\"https:\/\/havamall.com\/wp-content\/uploads\/2020\/10\/THYME3.jpg 600w, https:\/\/havamall.com\/wp-content\/uploads\/2020\/10\/THYME3-150x100.jpg 150w\" sizes=\"(max-width: 600px) 100vw, 600px\" \/><\/p>\n<p>&#8211; C\u1ecf x\u1ea1 h\u01b0\u01a1ng c\u00f3 t\u00ednh ch\u1ea5t s\u00e1t tr\u00f9ng v\u00e0 ch\u1ed1ng n\u1ea5m, v\u00ec v\u1eady th\u01b0\u1eddng \u0111\u01b0\u1ee3c s\u1eed d\u1ee5ng trong n\u01b0\u1edbc s\u00fac mi\u1ec7ng. C\u1ecf x\u1ea1 h\u01b0\u01a1ng c\u0169ng l\u00e0 m\u1ed9t th\u00e0nh ph\u1ea7n ph\u1ed5 bi\u1ebfn trong c\u00e1c s\u1ea3n ph\u1ea9m kh\u1eed m\u00f9i, gi\u00fap c\u01a1 th\u1ec3 lu\u00f4n th\u01a1m m\u00e1t.<\/p>\n<p>&#8211; Gi\u00fap l\u00e0n da lu\u00f4n tr\u1ebb trung, t\u01b0\u01a1i m\u1edbi: Nhi\u1ec1u nghi\u00ean c\u1ee9u \u0111\u00e3 ch\u1ee9ng minh r\u1eb1ng c\u1ecf x\u1ea1 h\u01b0\u01a1ng ch\u1ee9a h\u00e0m l\u01b0\u1ee3ng l\u1edbn c\u00e1c vitamin A, C v\u00e0 Folate, nh\u1eefng ch\u1ea5t dinh d\u01b0\u1ee1ng ch\u1ed1ng l\u00e3o h\u00f3a m\u1ea1nh, \u0111\u00f3ng vai tr\u00f2 quan tr\u1ecdng trong vi\u1ec7c gi\u1eef cho da lu\u00f4n m\u1ec1m m\u1ea1i, m\u1ecbn m\u00e0ng v\u00e0 d\u1ebbo dai.<\/p>\n<p>&#8211;\u00a0 Cung c\u1ea5p c\u00e1c kho\u00e1ng ch\u1ea5t c\u1ea7n thi\u1ebft cho da nh\u01b0 canxi, ph\u1ed1t pho v\u00e0 kali. C\u00e1c kho\u00e1ng ch\u1ea5t nu\u00f4i d\u01b0\u1ee1ng l\u00e0n da t\u01b0\u01a1i tr\u1ebb t\u1eeb b\u00ean trong.<\/p>\n<p>&#8211; C\u00e1c h\u1ee3p ch\u1ea5t Polyphenolic trong c\u1ecf x\u1ea1 h\u01b0\u01a1ng c\u00f3 l\u1ee3i \u00edch ch\u1ed1ng oxy h\u00f3a cho da v\u00e0 c\u01a1 th\u1ec3 b\u1eb1ng c\u00e1ch \u201cchi\u1ebfn \u0111\u1ea5u\u201d ch\u1ed1ng l\u1ea1i c\u00e1c g\u1ed1c t\u1ef1 do.<\/p>\n<h1>H\u01af\u1edaNG D\u1eaaN S\u1eec D\u1ee4NG<\/h1>\n<p>&#8211; S\u1eed d\u1ee5ng \u0111\u1ec3 n\u1ea5u \u0103n: B\u1ecf m\u1ed9t \u00edt c\u1ecf x\u1ea1 h\u01b0\u01a1ng v\u00e0o c\u00e1c m\u00f3n h\u1ea7m, soup, tr\u1ee9ng chi\u00ean. C\u1ecf x\u1ea1 h\u01b0\u01a1ng ph\u1ea3i \u0111\u01b0\u1ee3c n\u1ea5u ch\u00edn m\u1edbi d\u1eady v\u1ecb n\u00ean c\u1ea7n \u0111\u01b0\u1ee3c cho v\u00e0o tr\u01b0\u1edbc.<\/p>\n<p><img loading=\"lazy\" decoding=\"async\" class=\"size-full wp-image-16957 aligncenter\" src=\"https:\/\/havamall.com\/wp-content\/uploads\/2020\/10\/thyme5.jpg\" alt=\"\" width=\"600\" height=\"450\" srcset=\"https:\/\/havamall.com\/wp-content\/uploads\/2020\/10\/thyme5.jpg 600w, https:\/\/havamall.com\/wp-content\/uploads\/2020\/10\/thyme5-150x113.jpg 150w\" sizes=\"(max-width: 600px) 100vw, 600px\" \/><\/p>\n<p>&#8211; S\u1eed d\u1ee5ng \u0111\u1ec3 x\u00f4ng t\u1eafm: Cho m\u1ed9t \u00edt c\u1ecf x\u1ea1 h\u01b0\u01a1ng v\u00e0o b\u1ed3n t\u1eafm n\u01b0\u1edbc \u1ea5m, ng\u00e2m m\u00ecnh th\u01b0 gi\u00e3n.<\/p>\n<h1>TH\u00d4NG TIN S\u1ea2N PH\u1ea8M<\/h1>\n<table border=\"1\" cellspacing=\"0\">\n<tbody>\n<tr>\n<td><strong>Th\u01b0\u01a1ng hi\u1ec7u<\/strong><\/td>\n<td>Havafood<\/td>\n<\/tr>\n<tr>\n<td><b>Xu\u1ea5t x\u1ee9<\/b><\/td>\n<td>\u0110\u1ee9c<\/td>\n<\/tr>\n<tr>\n<td><strong>Th\u00e0nh ph\u1ea7n<\/strong><\/td>\n<td>100% l\u00e1 Thyme<\/td>\n<\/tr>\n<tr>\n<td><strong>H\u1ea1n s\u1eed d\u1ee5ng<\/strong><\/td>\n<td>Xem tr\u00ean bao b\u00ec s\u1ea3n ph\u1ea9m<\/td>\n<\/tr>\n<tr>\n<td><strong>C\u00e1ch s\u1eed d\u1ee5ng<\/strong><\/td>\n<td>D\u00f9ng \u0111\u1ec3 n\u00eam n\u1ebfm, ch\u1ebf bi\u1ebfn m\u00f3n \u0103n<\/td>\n<\/tr>\n<tr>\n<td><strong>Nh\u1eadp kh\u1ea9u &amp; \u0111\u00f3ng g\u00f3i<\/strong><\/td>\n<td>Vi\u1ec7t Nam<\/td>\n<\/tr>\n<tr>\n<td><strong>\u00a0B\u1ea3o qu\u1ea3n<\/strong><\/td>\n<td>N\u01a1i tho\u00e1ng m\u00e1t, tr\u00e1nh \u00e1nh n\u1eafng tr\u1ef1c ti\u1ebfp, tho\u00e1ng m\u00e1t<\/td>\n<\/tr>\n<tr>\n<td><strong>Kh\u1ed1i l\u01b0\u1ee3ng t\u1ecbnh<\/strong><\/td>\n<td>100g<\/td>\n<\/tr>\n<\/tbody>\n<\/table>","protected":false},"excerpt":{"rendered":"<ul>\n<li>L\u00e1 thyme c\u00f3 ngu\u1ed3n g\u1ed1c mi\u1ec1n nam ch\u00e2u \u00c2u t\u1eeb ph\u00eda t\u00e2y \u0110\u1ecba Trung H\u1ea3i \u0111\u1ebfn mi\u1ec1n nam Italia, sau \u0111\u00f3 \u0111\u01b0\u1ee3c tr\u1ed3ng t\u1ea1i nhi\u1ec1u n\u01a1i tr\u00ean th\u1ebf gi\u1edbi, ph\u1ed5 bi\u1ebfn nh\u1ea5t l\u00e0 \u0110\u1ee9c, Ph\u00e1p, S\u00e9c, \u00c1o\u2026 T\u1ea1i Vi\u1ec7t Nam, thyme \u0111\u01b0\u1ee3c tr\u1ed3ng nhi\u1ec1u \u1edf \u0110\u00e0 L\u1ea1t v\u00e0 Sa Pa.<\/li>\n<li>Thyme c\u00f3 h\u01b0\u01a1ng v\u1ecb h\u01a1i cay, m\u1eb7n, m\u00f9i th\u01a1m n\u1ed3ng n\u00e0n, n\u1ea5u c\u00e0ng l\u00e2u v\u1edbi nhi\u1ec7t \u0111\u1ed9 th\u00edch h\u1ee3p th\u00ec l\u00e1 c\u00e0ng cho ra h\u01b0\u01a1ng th\u01a1m h\u1ea5p d\u1eabn.<\/li>\n<li>Thyme th\u00edch h\u1ee3p \u0111\u1ec3 n\u1ea5u c\u00f9ng v\u1edbi c\u00e0 chua, th\u1ecbt b\u00f2, th\u1ecbt g\u00e0, th\u1ecbt c\u1eebu, c\u00e0 r\u1ed1t, khoai t\u00e2y, h\u00e0nh t\u00e2y v\u00e0 c\u00e1c lo\u1ea1i s\u00fap. N\u1ebfu b\u1ea1n l\u00e0 m\u1ed9t t\u00edn \u0111\u1ed3 c\u1ee7a \u1ea9m th\u1ef1c ph\u01b0\u01a1ng T\u00e2y th\u00ec s\u1ebd d\u1ec5 d\u00e0ng b\u1eaft g\u1eb7p l\u00e1 thyme trong c\u00e1c m\u00f3n \u0103n.<\/li>\n<\/ul>","protected":false},"featured_media":40627,"comment_status":"open","ping_status":"closed","template":"","meta":[],"product_brand":[],"product_cat":[36,134],"product_tag":[],"class_list":{"0":"post-16954","1":"product","2":"type-product","3":"status-publish","4":"has-post-thumbnail","6":"product_cat-thuc-pham-tieu-dung","7":"product_cat-thucpham-saykho","8":"pa_brand-skx","10":"first","11":"instock","12":"sale","13":"shipping-taxable","14":"purchasable","15":"product-type-simple"},"_links":{"self":[{"href":"https:\/\/havamall.com\/en\/wp-json\/wp\/v2\/product\/16954","targetHints":{"allow":["GET"]}}],"collection":[{"href":"https:\/\/havamall.com\/en\/wp-json\/wp\/v2\/product"}],"about":[{"href":"https:\/\/havamall.com\/en\/wp-json\/wp\/v2\/types\/product"}],"replies":[{"embeddable":true,"href":"https:\/\/havamall.com\/en\/wp-json\/wp\/v2\/comments?post=16954"}],"version-history":[{"count":0,"href":"https:\/\/havamall.com\/en\/wp-json\/wp\/v2\/product\/16954\/revisions"}],"wp:featuredmedia":[{"embeddable":true,"href":"https:\/\/havamall.com\/en\/wp-json\/wp\/v2\/media\/40627"}],"wp:attachment":[{"href":"https:\/\/havamall.com\/en\/wp-json\/wp\/v2\/media?parent=16954"}],"wp:term":[{"taxonomy":"product_brand","embeddable":true,"href":"https:\/\/havamall.com\/en\/wp-json\/wp\/v2\/product_brand?post=16954"},{"taxonomy":"product_cat","embeddable":true,"href":"https:\/\/havamall.com\/en\/wp-json\/wp\/v2\/product_cat?post=16954"},{"taxonomy":"product_tag","embeddable":true,"href":"https:\/\/havamall.com\/en\/wp-json\/wp\/v2\/product_tag?post=16954"}],"curies":[{"name":"wp","href":"https:\/\/api.w.org\/{rel}","templated":true}]}}