{"id":17236,"date":"2020-11-03T11:01:22","date_gmt":"2020-11-03T04:01:22","guid":{"rendered":"https:\/\/havamall.com\/?post_type=product&#038;p=17236"},"modified":"2025-05-31T11:38:32","modified_gmt":"2025-05-31T04:38:32","slug":"bot-nghe-thuong-hieu-hava-foodies-goi-100g-turmeric-powder","status":"publish","type":"product","link":"https:\/\/havamall.com\/en\/shop\/bot-nghe-thuong-hieu-hava-foodies-goi-100g-turmeric-powder\/","title":{"rendered":"B\u1ed9t Ngh\u1ec7 Th\u01b0\u01a1ng Hi\u1ec7u Hava Foodies G\u00f3i 100g \u2013 Turmeric Powder"},"content":{"rendered":"<table border=\"1\" width=\"912\" cellspacing=\"0\">\n<tbody>\n<tr>\n<td><strong>Th\u01b0\u01a1ng hi\u1ec7u<\/strong><\/td>\n<td>Havafood<\/td>\n<\/tr>\n<tr>\n<td><strong>\u0110\u00f3ng g\u00f3i<\/strong><\/td>\n<td>T\u00fai zip ch\u1eafc ch\u1eafn<\/td>\n<\/tr>\n<tr>\n<td><strong>Th\u00e0nh ph\u1ea7n<\/strong><\/td>\n<td>100% Ngh\u1ec7 t\u01b0\u01a1i, s\u1ea5y kh\u00f4<\/td>\n<\/tr>\n<tr>\n<td><strong>H\u1ea1n s\u1eed d\u1ee5ng<\/strong><\/td>\n<td>Xem tr\u00ean bao b\u00ec s\u1ea3n ph\u1ea9m<\/td>\n<\/tr>\n<tr>\n<td><strong>C\u00e1ch s\u1eed d\u1ee5ng<\/strong><\/td>\n<td>D\u00f9ng \u0111\u1ec3 l\u00e0m nguy\u00ean li\u1ec7u ph\u1ee5 t\u1ea1o th\u00eam h\u01b0\u01a1ng v\u1ecb th\u01a1m ngon cho c\u00e1c m\u00f3n \u0103n, u\u1ed1ng.<\/td>\n<\/tr>\n<tr>\n<td><strong>SX &amp; \u0111\u00f3ng g\u00f3i<\/strong><\/td>\n<td>Vi\u1ec7t Nam<\/td>\n<\/tr>\n<tr>\n<td><strong>\u00a0B\u1ea3o qu\u1ea3n<\/strong><\/td>\n<td>N\u01a1i tho\u00e1ng m\u00e1t, tr\u00e1nh \u00e1nh n\u1eafng tr\u1ef1c ti\u1ebfp m\u1eb7t tr\u1eddi<\/td>\n<\/tr>\n<tr>\n<td><strong>Kh\u1ed1i l\u01b0\u1ee3ng\u00a0<\/strong><\/td>\n<td>100gr<\/td>\n<\/tr>\n<\/tbody>\n<\/table>\n<p><strong>\u0110\u1eb6C \u0110I\u1ec2M S\u1ea2N PH\u1ea8M<\/strong><\/p>\n<p>B\u1ed9t ngh\u1ec7 l\u00e0 th\u00e0nh ph\u1ea9m t\u1eeb c\u1ee7 ngh\u1ec7 t\u01b0\u01a1i \u0111\u01b0\u1ee3c ch\u1ecdn l\u1ecdc, sau \u0111\u00f3 r\u1eeda s\u1ea1ch, lo\u1ea1i b\u1ecf v\u1ecf, th\u00e1i l\u00e1t v\u00e0 ph\u01a1i ph\u00f4. Sau \u0111\u00f3 ghi\u1ec1n m\u1ecbn tr\u00ean d\u00e2y chuy\u1ec1n c\u00f4ng ngh\u1ec7 hi\u1ec7n t\u1ea1i. \u0110\u1ea3m b\u1ea3o ch\u1ea5t l\u01b0\u1ee3ng tr\u00ean t\u1eebng kh\u00e2u s\u1ea3n xu\u1ea5t, mang l\u1ea1i s\u1ef1 tin cho ng\u01b0\u1eddi s\u1eed d\u1ee5ng.<\/p>\n<p>S\u1ea3n ph\u1ea9m \u1edf d\u1ea1ng b\u1ed9t m\u1ecbn, c\u00f3 m\u00e0u v\u00e0ng v\u00e0 mang h\u01b0\u01a1ng th\u01a1m nguy\u00ean th\u1ee7y c\u1ee7a ngh\u1ec7.<\/p>\n<p><img fetchpriority=\"high\" decoding=\"async\" class=\"size-full wp-image-17242 aligncenter\" src=\"https:\/\/havamall.com\/wp-content\/uploads\/2020\/11\/unnamed-1.jpg\" alt=\"\" width=\"512\" height=\"384\" srcset=\"https:\/\/havamall.com\/wp-content\/uploads\/2020\/11\/unnamed-1.jpg 512w, https:\/\/havamall.com\/wp-content\/uploads\/2020\/11\/unnamed-1-150x113.jpg 150w\" sizes=\"(max-width: 512px) 100vw, 512px\" \/><\/p>\n<p>B\u1ed9t ngh\u1ec7 ch\u1ee9a nhi\u1ec1u ch\u1ea5t dinh d\u01b0\u1ee1ng nh\u01b0 protein, ch\u1ea5t x\u01a1, niacin, gi\u00e0u vitamin nh\u01b0 vitamin E, C, K, gi\u00e0u ch\u1ea5t kho\u00e1ng nh\u01b0 kali, canxi, \u0111\u1ed3ng, s\u1eaft, magie, k\u1ebdm, ch\u1ea5t oxy h\u00f3a. \u0110\u1eb7c bi\u1ec7t, tb\u1ed9t ngh\u1ec7 r\u1ea5t gi\u00e0u ch\u1ea5t Curcumin, m\u1ed9t ch\u1ea5t qu\u00fd ch\u1ec9 c\u00f3 trong ngh\u1ec7<\/p>\n<p><strong>C\u00d4NG D\u1ee4NG C\u1ee6A B\u1ed8T NGH\u1ec6<\/strong><\/p>\n<p>&#8211; Trong \u1ea9m th\u1ef1c, b\u1ed9t ngh\u1ec7 \u0111\u01b0\u1ee3c d\u00f9ng l\u00e0m nguy\u00ean li\u1ec7u t\u1ea1o h\u01b0\u01a1ng v\u1ecb v\u00e0 m\u00e0u v\u00e0ng \u0111\u1eb7c tr\u01b0ng cho c\u00e1c m\u00f3n \u0103n nh\u01b0: Ch\u00e1o l\u01b0\u01a1n, l\u00f2ng heo x\u00e0o, c\u00e0 ri g\u00e0, c\u01a1m chi\u00ean, g\u00e0 kho ngh\u1ec7, th\u1ecbt heo kho ngh\u1ec7, c\u00e1 kho ngh\u1ec7\u2026<\/p>\n<p>&#8211; Trong l\u00e0m \u0111\u1eb9p, b\u1ed9t ngh\u1ec7 d\u00f9ng \u0111\u1ec3 \u0111\u1eafp m\u1eb7t l\u00e0m s\u00e1ng da, s\u1ea1ch m\u1ee5n, x\u00f3a s\u1eb9o hi\u1ec7u qu\u1ea3, x\u00f3a m\u1edd v\u1ebft nh\u0103n, c\u1ea3i thi\u1ec7n s\u1eafc t\u1ed1 da\u2026<\/p>\n<p>&#8211; Trong y h\u1ecdc<\/p>\n<p>C\u00f4ng d\u1ee5ng c\u1ee7a c\u1ea3 b\u1ed9t ngh\u1ec7 v\u00e0 tinh b\u1ed9t ngh\u1ec7 \u0111\u1ec1u \u0111\u1ebfn t\u1eeb Curcumin \u2013 m\u1ed9t ho\u1ea1t ch\u1ea5t c\u00f3 r\u1ea5t nhi\u1ec1u trong ngh\u1ec7 t\u01b0\u01a1i. \u0110\u00e2y l\u00e0 m\u1ed9t trong nh\u1eefng ch\u1ea5t ch\u1ed1ng oxy h\u00f3a m\u1ea1nh nh\u1ea5t trong t\u1ef1 nhi\u00ean v\u00e0 \u0111\u01b0\u1ee3c \u1ee9ng d\u1ee5ng r\u1ea5t nhi\u1ec1u \u0111\u1ec3 h\u1ed7 tr\u1ee3 \u0111i\u1ec1u tr\u1ecb nhi\u1ec1u ch\u1ee9ng b\u1ec7nh.<\/p>\n<p><img decoding=\"async\" class=\"size-full wp-image-17241 aligncenter\" src=\"https:\/\/havamall.com\/wp-content\/uploads\/2020\/11\/ngh\u1ec7.jpg\" alt=\"\" width=\"600\" height=\"333\" srcset=\"https:\/\/havamall.com\/wp-content\/uploads\/2020\/11\/ngh\u1ec7.jpg 600w, https:\/\/havamall.com\/wp-content\/uploads\/2020\/11\/ngh\u1ec7-150x83.jpg 150w\" sizes=\"(max-width: 600px) 100vw, 600px\" \/><\/p>\n<ul>\n<li>L\u00e0m li\u1ec1n v\u1ebft lo\u00e9t c\u1ee7a b\u1ec7nh vi\u00eam lo\u00e9t d\u1ea1 d\u00e0y, t\u00e1 tr\u00e0ng, v\u00e9t m\u1ed5 ph\u1eabu thu\u1eadt\u2026, gi\u1ea3m thi\u1ec3u t\u1ea7n su\u1ea5t v\u00e0 c\u01b0\u1eddng \u0111\u1ed9 c\u1ee7a c\u01a1n \u0111au d\u1ea1 d\u00e0y.<\/li>\n<li>Kh\u00e1ng khu\u1ea9n, th\u00fac \u0111\u1ea9y l\u00e0m l\u00e0nh c\u00e1c v\u1ebft th\u01b0\u01a1ng h\u1edf, h\u1ea1n ch\u1ebf \u0111\u1ec3 l\u1ea1i s\u1eb9o.<\/li>\n<li>T\u0103ng \u0111\u00e0o th\u1ea3i \u0111\u1ed9c t\u1ed1, b\u1ea3o v\u1ec7 gan th\u1eadn, h\u1ed7 tr\u1ee3 ki\u1ec3m so\u00e1t c\u00e2n n\u1eb7ng hi\u1ec7u qu\u1ea3.<\/li>\n<li>T\u0103ng c\u01b0\u1eddng h\u1ec7 mi\u1ec5n d\u1ecbch, gi\u00fap c\u01a1 th\u1ec3 ng\u0103n ch\u1eb7n s\u1ef1 t\u1ea5n c\u00f4ng c\u1ee7a virus, vi khu\u1ea9n v\u00e0 c\u00e1c lo\u1ea1i n\u1ea5m, h\u1ea1n ch\u1ebf c\u00e1c b\u1ec7nh truy\u1ec1n nhi\u1ec5m.<\/li>\n<li>Ki\u1ec3m so\u00e1t \u0111\u01b0\u1eddng huy\u1ebft v\u00e0 cholesterol trong m\u00e1u, b\u1ea3o v\u1ec7 th\u00e0nh m\u1ea1ch m\u00e1u, ng\u0103n ng\u1eeba c\u00e1c b\u1ec7nh v\u1ec1 tim m\u1ea1ch.<\/li>\n<li>C\u00f3 t\u00ednh ch\u1ed1ng oxy h\u00f3a m\u1ea1nh, ng\u0103n ng\u1eeba nguy c\u01a1 ung th\u01b0 \u0111\u1ed3ng th\u1eddi r\u1ea5t t\u1ed1t cho ng\u01b0\u1eddi v\u1eeba tr\u1ea3i qua h\u00f3a tr\u1ecb, x\u1ea1 tr\u1ecb.<\/li>\n<\/ul>\n<p><strong>C\u00c1CH S\u1eec D\u1ee4NG B\u1ed8T NGH\u1ec6<\/strong><\/p>\n<p><strong>1. D\u00f9ng \u0111\u1ec3 u\u1ed1ng<\/strong><\/p>\n<p>H\u00f2a tan \u0111\u1ec1u 2-3g b\u1ed9t ngh\u1ec7 v\u00e0ng v\u00e0o kho\u1ea3ng 300ml n\u01b0\u1edbc \u1ea5m, c\u00f3 th\u1ec3 d\u00f9ng k\u00e8m th\u00eam v\u1edbi m\u1ed9t s\u1ed1 lo\u1ea1i s\u1ea3n ph\u1ea9m kh\u00e1c nh\u01b0 m\u1eadt ong r\u1eebng ho\u1eb7c s\u1eefa chua t\u00f9y theo s\u1edf th\u00edch t\u1eebng ng\u01b0\u1eddi v\u00e0 theo m\u1ee5c \u0111\u00edch s\u1eed d\u1ee5ng. D\u00f9ng l\u00e2u d\u00e0i kho\u1ea3ng 3-6 th\u00e1ng. Khi d\u00f9ng m\u1ed7i ng\u00e0y d\u00f9ng 2-3 l\u1ea7n.<\/p>\n<p><img decoding=\"async\" class=\"size-full wp-image-17239 aligncenter\" src=\"https:\/\/havamall.com\/wp-content\/uploads\/2020\/11\/ngh\u1ec7-nc1.jpg\" alt=\"\" width=\"600\" height=\"400\" srcset=\"https:\/\/havamall.com\/wp-content\/uploads\/2020\/11\/ngh\u1ec7-nc1.jpg 600w, https:\/\/havamall.com\/wp-content\/uploads\/2020\/11\/ngh\u1ec7-nc1-150x100.jpg 150w\" sizes=\"(max-width: 600px) 100vw, 600px\" \/><\/p>\n<p><strong>2. D\u00f9ng l\u00e0m \u0111\u1eb9p<\/strong>:<\/p>\n<p>H\u00f2a tan 10g\u00a0b\u1ed9t ngh\u1ec7\u00a0v\u1edbi m\u1eadt ong, l\u00f2ng tr\u1eafng tr\u1ee9ng g\u00e0, n\u01b0\u1edbc hoa h\u1ed3ng v\u00e0 n\u01b0\u1edbc c\u1ed1t chanh th\u00e0nh h\u1ed7n h\u1ee3p \u0111\u1ed3ng nh\u1ea5t v\u00e0 s\u1eed d\u1ee5ng. N\u00ean s\u1eed d\u1ee5ng m\u1ed7i tu\u1ea7n 2-3 l\u1ea7n v\u00e0 kho\u1ea3ng 3-5 th\u00e1ng \u0111\u1ec3 c\u00f3 hi\u1ec7u qu\u1ea3 t\u1ed1t nh\u1ea5t.<\/p>\n<p><strong>H\u01af\u1edaNG D\u1eaaN C\u00c1CH N\u1ea4U M\u00d3N B\u00daN X\u00c0O NGH\u1ec6<\/strong><\/p>\n<p><em><strong>1.Nguy\u00ean li\u1ec7u:<\/strong><\/em><\/p>\n<p>&#8211; B\u00fan (\u0111\u1ee7 d\u00f9ng cho 4 ng\u01b0\u1eddi)<\/p>\n<p>&#8211; Th\u1ecbt heo: 500 gram<\/p>\n<p>&#8211; Tim heo: 400 gram<\/p>\n<p>&#8211; C\u1eadt heo: 400 gram<\/p>\n<p>&#8211; Gia v\u1ecb: tinh b\u1ed9t ngh\u1ec7 , t\u1ecfi b\u0103m, h\u1ea1t n\u00eam, mu\u1ed1i, \u0111\u01b0\u1eddng, ti\u00eau, d\u1ea7u \u0103n, h\u00e0nh l\u00e1, rau h\u1eb9<\/p>\n<p><em><strong>2. C\u00e1c b\u01b0\u1edbc th\u1ef1c hi\u1ec7n<\/strong><\/em><\/p>\n<p>&#8211; Cho d\u1ea7u \u0103n v\u00e0o ch\u1ea3o, \u0111\u1ee3i d\u1ea7u s\u00f4i cho t\u1ecfi b\u0103m v\u00e0o, phi v\u00e0ng.<\/p>\n<p>&#8211; Sau khi t\u1ecfi v\u00e0ng \u0111\u1ec1u v\u00e0 c\u00f3 m\u00f9i th\u01a1m, cho th\u1ecbt heo, c\u1eadt v\u00e0 tim heo v\u00e0o x\u00e0o, \u0111\u1ea3o \u0111\u1ec1u tay, sau \u0111\u00f3 cho 2 th\u00eca c\u00e0 ph\u00ea tinh b\u1ed9t ngh\u1ec7 v\u00e0o x\u00e0o chung.<\/p>\n<p><img loading=\"lazy\" decoding=\"async\" class=\"size-full wp-image-17238 aligncenter\" src=\"https:\/\/havamall.com\/wp-content\/uploads\/2020\/11\/b\u00fan-l\u00f2ng-x\u00e0o-ngh\u1ec7.jpg\" alt=\"\" width=\"650\" height=\"586\" srcset=\"https:\/\/havamall.com\/wp-content\/uploads\/2020\/11\/b\u00fan-l\u00f2ng-x\u00e0o-ngh\u1ec7.jpg 650w, https:\/\/havamall.com\/wp-content\/uploads\/2020\/11\/b\u00fan-l\u00f2ng-x\u00e0o-ngh\u1ec7-600x541.jpg 600w, https:\/\/havamall.com\/wp-content\/uploads\/2020\/11\/b\u00fan-l\u00f2ng-x\u00e0o-ngh\u1ec7-150x135.jpg 150w\" sizes=\"(max-width: 650px) 100vw, 650px\" \/><\/p>\n<p>&#8211; Ch\u1edd c\u1eadt v\u00e0 tim heo v\u1eeba ch\u00edn t\u1edbi, cho b\u00fan v\u00e0o x\u00e0o chung, \u0111\u1ea3o \u0111\u1ec1u tay cho b\u00fan th\u1ea5m ngh\u1ec7, n\u00eam n\u1ebfm sao cho v\u1eeba \u0103n.<\/p>\n<p>&#8211; Cu\u1ed1i c\u00f9ng, x\u1eaft h\u1eb9 v\u00e0 h\u00e0nh l\u00e1 r\u1ed3i cho v\u00e0o ch\u1ea3o, tr\u1ed9n \u0111\u1ec1u l\u1ea7n n\u1eefa l\u00e0 m\u00f3n \u0103n \u0111\u00e3 ho\u00e0n th\u00e0nh<\/p>\n<p>&#8211; T\u1eaft b\u1ebfp, sau \u0111\u00f3 r\u1eafc th\u00eam m\u1ed9t \u00edt ti\u00eau.Trong qu\u00e1 tr\u00ecnh n\u00eam gia v\u1ecb, c\u00f3 th\u1ec3 thay mu\u1ed1i b\u1eb1ng n\u01b0\u1edbc m\u1eafm \u0111\u1ec3 m\u00f3n \u0103n c\u00f3 h\u01b0\u01a1ng v\u1ecb \u0111\u1eadm<\/p>","protected":false},"excerpt":{"rendered":"<ul>\n<li>B\u1ed9t ngh\u1ec7 l\u00e0 th\u00e0nh ph\u1ea9m t\u1eeb c\u1ee7 ngh\u1ec7 t\u01b0\u01a1i \u0111\u01b0\u1ee3c ch\u1ecdn l\u1ecdc, sau \u0111\u00f3 r\u1eeda s\u1ea1ch, lo\u1ea1i b\u1ecf v\u1ecf, th\u00e1i l\u00e1t v\u00e0 ph\u01a1i ph\u00f4. Sau \u0111\u00f3 ghi\u1ec1n m\u1ecbn tr\u00ean d\u00e2y chuy\u1ec1n c\u00f4ng ngh\u1ec7 hi\u1ec7n t\u1ea1i. \u0110\u1ea3m b\u1ea3o ch\u1ea5t l\u01b0\u1ee3ng tr\u00ean t\u1eebng kh\u00e2u s\u1ea3n xu\u1ea5t, mang l\u1ea1i s\u1ef1 tin cho ng\u01b0\u1eddi s\u1eed d\u1ee5ng.<\/li>\n<li>S\u1ea3n ph\u1ea9m \u1edf d\u1ea1ng b\u1ed9t m\u1ecbn, c\u00f3 m\u00e0u v\u00e0ng v\u00e0 mang h\u01b0\u01a1ng th\u01a1m nguy\u00ean th\u1ee7y c\u1ee7a ngh\u1ec7.<\/li>\n<li>B\u1ed9t ngh\u1ec7 ch\u1ee9a nhi\u1ec1u ch\u1ea5t dinh d\u01b0\u1ee1ng nh\u01b0 protein, ch\u1ea5t x\u01a1, niacin, gi\u00e0u vitamin nh\u01b0 vitamin E, C, K, gi\u00e0u ch\u1ea5t kho\u00e1ng nh\u01b0 kali, canxi, \u0111\u1ed3ng, s\u1eaft, magie, k\u1ebdm, ch\u1ea5t oxy h\u00f3a. \u0110\u1eb7c bi\u1ec7t, tb\u1ed9t ngh\u1ec7 r\u1ea5t gi\u00e0u ch\u1ea5t Curcumin, m\u1ed9t ch\u1ea5t qu\u00fd ch\u1ec9 c\u00f3 trong ngh\u1ec7<\/li>\n<\/ul>","protected":false},"featured_media":39965,"comment_status":"open","ping_status":"closed","template":"","meta":[],"product_brand":[],"product_cat":[154,40],"product_tag":[],"class_list":{"0":"post-17236","1":"product","2":"type-product","3":"status-publish","4":"has-post-thumbnail","6":"product_cat-gia-vi","7":"product_cat-sieuthi-giasi","8":"pa_brand-skx","10":"first","11":"instock","12":"sale","13":"shipping-taxable","14":"purchasable","15":"product-type-simple"},"_links":{"self":[{"href":"https:\/\/havamall.com\/en\/wp-json\/wp\/v2\/product\/17236","targetHints":{"allow":["GET"]}}],"collection":[{"href":"https:\/\/havamall.com\/en\/wp-json\/wp\/v2\/product"}],"about":[{"href":"https:\/\/havamall.com\/en\/wp-json\/wp\/v2\/types\/product"}],"replies":[{"embeddable":true,"href":"https:\/\/havamall.com\/en\/wp-json\/wp\/v2\/comments?post=17236"}],"version-history":[{"count":0,"href":"https:\/\/havamall.com\/en\/wp-json\/wp\/v2\/product\/17236\/revisions"}],"wp:featuredmedia":[{"embeddable":true,"href":"https:\/\/havamall.com\/en\/wp-json\/wp\/v2\/media\/39965"}],"wp:attachment":[{"href":"https:\/\/havamall.com\/en\/wp-json\/wp\/v2\/media?parent=17236"}],"wp:term":[{"taxonomy":"product_brand","embeddable":true,"href":"https:\/\/havamall.com\/en\/wp-json\/wp\/v2\/product_brand?post=17236"},{"taxonomy":"product_cat","embeddable":true,"href":"https:\/\/havamall.com\/en\/wp-json\/wp\/v2\/product_cat?post=17236"},{"taxonomy":"product_tag","embeddable":true,"href":"https:\/\/havamall.com\/en\/wp-json\/wp\/v2\/product_tag?post=17236"}],"curies":[{"name":"wp","href":"https:\/\/api.w.org\/{rel}","templated":true}]}}