{"id":17320,"date":"2020-11-05T11:53:27","date_gmt":"2020-11-05T04:53:27","guid":{"rendered":"https:\/\/havamall.com\/?post_type=product&#038;p=17320"},"modified":"2024-11-09T15:44:08","modified_gmt":"2024-11-09T08:44:08","slug":"ruou-soju-huong-vi-man-jinro-360ml-jinro-plum-soju","status":"publish","type":"product","link":"https:\/\/havamall.com\/en\/shop\/ruou-soju-huong-vi-man-jinro-360ml-jinro-plum-soju\/","title":{"rendered":"R\u01b0\u1ee3u Soju H\u01b0\u01a1ng V\u1ecb M\u1eadn Jinro 360ml \u2013 Jinro Plum Soju"},"content":{"rendered":"<p>R\u01b0\u1ee3u soju truy\u1ec1n th\u1ed1ng n\u1ed5i ti\u1ebfng l\u00e0 qu\u1ed1c t\u1eedu x\u1ee9 kim chi. V\u1edbi phong tr\u00e0o \u1ea9m th\u1ef1c m\u1edbi, phong c\u00e1ch m\u1edbi k\u1ebft h\u1ee3p truy\u1ec1n th\u1ed1ng \u0111\u00e3 cho ra \u0111\u1eddi soju hoa qu\u1ea3 v\u1ecb tr\u00e1i c\u00e2y tuy\u1ec7t v\u1eddi. R\u01b0\u1ee3u soju (sochu) hoa qu\u1ea3 v\u1edbi v\u1ecb ng\u1ecdt nh\u1eb9 h\u01b0\u01a1ng th\u01a1m tr\u00e1i ch\u00edn c\u00f9ng n\u1ed3ng \u0111\u1ed9 r\u1ea5t th\u1ea5p \u00eam d\u1ecbu mang \u0111\u1ebfn cho ng\u01b0\u1eddi u\u1ed1ng c\u1ea3m gi\u00e1 nh\u1eb9 nh\u00e0ng th\u01b0 th\u00e1i.<\/p>\n<p>N\u1ed1i ti\u1ebfp th\u00e0nh c\u00f4ng c\u1ee7a d\u00f2ng sochu tr\u00e1i c\u00e2y, Hitejinro cho ra m\u1eaft ti\u1ebfp soju tr\u00e1i m\u1eadn l\u00e0 soju Jinro m\u1eadn. R\u01b0\u1ee3u soju hoa qu\u1ea3 n\u00e0y c\u00f3 ch\u1ee9a chi\u1ebft xu\u1ea5t m\u1eadn ho\u00e0n to\u00e0n t\u1ef1 nhi\u00ean mang l\u1ea1i h\u01b0\u01a1ng v\u1ecb ng\u1ecdt nh\u1eb9 v\u00e0 chua thanh.<\/p>\n<p><img fetchpriority=\"high\" decoding=\"async\" class=\"wp-image-17325 aligncenter\" src=\"https:\/\/havamall.com\/wp-content\/uploads\/2020\/11\/m\u1eadn-11-1024x1024.jpg\" alt=\"\" width=\"557\" height=\"557\" \/><\/p>\n<p>C\u00f3 s\u1eb5n cho th\u1ecb tr\u01b0\u1eddng xu\u1ea5t kh\u1ea9u, Jinro Plum Soju l\u00e0 lo\u1ea1i soju h\u01b0\u01a1ng v\u1ecb m\u1edbi nh\u1ea5t \u0111\u01b0\u1ee3c ph\u00e1t h\u00e0nh. Tr\u00e1i c\u00e2y v\u00e0 v\u1edbi h\u01b0\u01a1ng v\u1ecb \u0111\u1ed9c \u0111\u00e1o c\u1ee7a m\u1eadn, b\u1ed5 sung m\u1edbi nh\u1ea5t n\u00e0y s\u1ebd l\u00e0m h\u00e0i l\u00f2ng ng\u01b0\u1eddi h\u00e2m m\u1ed9 c\u1ee7a h\u01b0\u01a1ng v\u1ecb soju. H\u00e0m l\u01b0\u1ee3ng c\u1ed3n th\u1ea5p 13% l\u00e0m cho \u0111\u1ed3 u\u1ed1ng n\u00e0y tr\u1edf th\u00e0nh m\u1ed9t th\u1ee9c u\u1ed1ng th\u00fa v\u1ecb b\u00ean l\u00fd t\u01b0\u1edfng v\u1edbi m\u00f3n th\u1ecbt n\u01b0\u1edbng H\u00e0n Qu\u1ed1c y\u00eau th\u00edch c\u1ee7a b\u1ea1n ho\u1eb7c th\u1eadm ch\u00ed l\u00e0 c\u1ee7a ri\u00eang m\u00ecnh.<\/p>\n<p>Soju m\u1eadn c\u00f3 v\u1ecb ng\u1ecdt nh\u1eb9 v\u00e0 \u0111\u1ed9 r\u01b0\u1ee3u nh\u1eb9 d\u1ec5 u\u1ed1ng khi\u1ebfn cho r\u01b0\u1ee3u Jinro m\u1eadn r\u1ea5t \u0111\u01b0\u1ee3c y\u00eau th\u00edch. Soju jinro plum r\u1ea5t h\u1ee3p cho nh\u1eefng ti\u1ec7c vui d\u00e0nh cho c\u1ea3 ph\u00e1i n\u1eef v\u00e0 ph\u00e1i nam.<\/p>\n<p><img decoding=\"async\" class=\"wp-image-17330 aligncenter\" src=\"https:\/\/havamall.com\/wp-content\/uploads\/2020\/11\/soju11.jpg\" alt=\"\" width=\"576\" height=\"324\" srcset=\"https:\/\/havamall.com\/wp-content\/uploads\/2020\/11\/soju11.jpg 640w, https:\/\/havamall.com\/wp-content\/uploads\/2020\/11\/soju11-600x338.jpg 600w, https:\/\/havamall.com\/wp-content\/uploads\/2020\/11\/soju11-150x84.jpg 150w\" sizes=\"(max-width: 576px) 100vw, 576px\" \/><\/p>\n<p>R\u01b0\u1ee3u Soju M\u1eadn th\u01a1m m\u00f9i m\u1eadn ch\u00edn kh\u00f4ng ch\u1ec9 l\u00e0 \u0111\u1ed3 u\u1ed1ng gi\u1ea3i kh\u00e1t ngon m\u00e1t, nh\u1eb9 nh\u00e0ng m\u00e0 c\u00f2n r\u1ea5t th\u00edch h\u1ee3p \u0111\u1ec3 u\u1ed1ng c\u00f9ng v\u1edbi c\u00e1c m\u00f3n n\u01b0\u1edbng l\u1ea9u, h\u1ea3i s\u1ea3n trong c\u00e1c b\u1eefa ti\u1ec7c, li\u00ean hoan.<\/p>\n<p>R\u01b0\u1ee3u Soju M\u1eadn Jinro \u0111\u01b0\u1ee3c \u0111\u1ef1ng trong chai th\u1ee7y tinh n\u00ean \u0111\u1ea3m b\u1ea3o \u0111\u1ed9 an to\u00e0n v\u1ec7 sinh th\u1ef1c ph\u1ea9m. Thi\u1ebft k\u1ebf bao b\u00ec tinh t\u1ebf, trang tr\u1ecdng r\u1ea5t th\u00edch h\u1ee3p khi l\u00e0m qu\u00e0 t\u1eb7ng v\u00e0 check-in ch\u1ee5p h\u00ecnh sanh ch\u1ea3nh.<\/p>\n<p>TH\u00d4NG TIN S\u1ea2N PH\u1ea8M<\/p>\n<ul>\n<li>Xu\u1ea5t x\u1ee9: H\u00e0n Qu\u1ed1c<\/li>\n<li>Th\u00e0nh ph\u1ea7n: G\u1ea1o, \u0111\u01b0\u1eddng, n\u01b0\u1edbc, men \u0111\u01b0\u1ee3c l\u1ecdc qua l\u1edbp than tre ho\u1ea1t t\u00ednh, h\u01b0\u01a1ng m\u1eadn t\u1ef1 nhi\u00ean<\/li>\n<li>Th\u1ec3 t\u00edch th\u1ef1c: 360ml\/chai<\/li>\n<li>\u0110\u1ed9 r\u01b0\u1ee3u: 13%<\/li>\n<li>H\u01b0\u1edbng d\u1eabn s\u1eed d\u1ee5ng: D\u00f9ng \u0111\u1ec3 u\u1ed1ng tr\u1ef1c ti\u1ebfp, ngon h\u01a1n khi u\u1ed1ng l\u1ea1nh.<\/li>\n<\/ul>\n<p><img decoding=\"async\" class=\"wp-image-17326 aligncenter\" src=\"https:\/\/havamall.com\/wp-content\/uploads\/2020\/11\/m\u1eadn-22-1024x1024.jpg\" alt=\"\" width=\"637\" height=\"637\" \/><\/p>\n<ul>\n<li>B\u1ea3o qu\u1ea3n: \u0110\u1ec3 n\u01a1i kh\u00f4 r\u00e1o, tho\u00e1ng m\u00e1t \u0111\u1ea3m b\u1ea3o \u0111i\u1ec1u ki\u1ec7n v\u1ec7 sinh an to\u00e0n th\u1ef1c ph\u1ea9m, tr\u00e1nh ti\u1ebfp x\u00fac tr\u1ef1c ti\u1ebfp v\u1edbi \u00e1nh s\u00e1ng m\u1eb7t tr\u1eddi.<\/li>\n<li>Th\u1eddi gian s\u1eed d\u1ee5ng: Kh\u00f4ng c\u00f3 h\u1ea1n s\u1eed d\u1ee5ng, c\u00e0ng \u0111\u1ec3 l\u00e2u u\u1ed1ng c\u00e0ng ngon.<\/li>\n<li>Ng\u00e0y s\u1ea3n xu\u1ea5t: Xem tr\u00ean bao b\u00ec s\u1ea3n ph\u1ea9m<\/li>\n<\/ul>\n<p><em>R\u01b0\u1ee3u Soju H\u01b0\u01a1ng V\u1ecb M\u1eadn Jinro 360ml \u0111ang \u0111\u01b0\u1ee3c ph\u00e2n ph\u1ed1i t\u1ea1i Vi\u1ec7t Nam b\u1edfi Havamall. \u0110\u1eebng ch\u1ea7n ch\u1eeb m\u00e0 h\u00e3y \u0111\u1eb7t ngay \u0111\u1ec3 n\u1ebfm th\u1eed h\u01b0\u01a1ng v\u1ecb n\u01b0\u1edbc tr\u00e1i c\u00e2y l\u00ean men \u0111\u01b0\u1ee3c nh\u1eadp kh\u1ea9u tr\u1ef1c ti\u1ebfp t\u1eeb H\u00e0n Qu\u1ed1c nh\u00e9.<\/em><\/p>","protected":false},"excerpt":{"rendered":"<ul>\n<li>N\u1ed1i ti\u1ebfp th\u00e0nh c\u00f4ng c\u1ee7a d\u00f2ng sochu tr\u00e1i c\u00e2y, Hitejinro cho ra m\u1eaft ti\u1ebfp soju tr\u00e1i m\u1eadn l\u00e0 soju Jinro m\u1eadn. R\u01b0\u1ee3u soju hoa qu\u1ea3 n\u00e0y c\u00f3 ch\u1ee9a chi\u1ebft xu\u1ea5t m\u1eadn ho\u00e0n to\u00e0n t\u1ef1 nhi\u00ean mang l\u1ea1i h\u01b0\u01a1ng v\u1ecb ng\u1ecdt nh\u1eb9 v\u00e0 chua thanh.<\/li>\n<li>Soju m\u1eadn c\u00f3 v\u1ecb ng\u1ecdt nh\u1eb9 v\u00e0 \u0111\u1ed9 r\u01b0\u1ee3u nh\u1eb9 d\u1ec5 u\u1ed1ng khi\u1ebfn cho r\u01b0\u1ee3u Jinro m\u1eadn r\u1ea5t \u0111\u01b0\u1ee3c y\u00eau th\u00edch.<\/li>\n<li>R\u01b0\u1ee3u Soju M\u1eadn th\u01a1m m\u00f9i m\u1eadn ch\u00edn kh\u00f4ng ch\u1ec9 l\u00e0 \u0111\u1ed3 u\u1ed1ng gi\u1ea3i kh\u00e1t ngon m\u00e1t, nh\u1eb9 nh\u00e0ng m\u00e0 c\u00f2n r\u1ea5t th\u00edch h\u1ee3p \u0111\u1ec3 u\u1ed1ng c\u00f9ng v\u1edbi c\u00e1c m\u00f3n n\u01b0\u1edbng l\u1ea9u, h\u1ea3i s\u1ea3n trong c\u00e1c b\u1eefa ti\u1ec7c, li\u00ean hoan.<\/li>\n<li>R\u01b0\u1ee3u Soju M\u1eadn Jinro \u0111\u01b0\u1ee3c \u0111\u1ef1ng trong chai th\u1ee7y tinh n\u00ean \u0111\u1ea3m b\u1ea3o \u0111\u1ed9 an to\u00e0n v\u1ec7 sinh th\u1ef1c ph\u1ea9m. Thi\u1ebft k\u1ebf bao b\u00ec tinh t\u1ebf, trang tr\u1ecdng r\u1ea5t th\u00edch h\u1ee3p khi l\u00e0m qu\u00e0 t\u1eb7ng v\u00e0 check-in ch\u1ee5p h\u00ecnh sanh ch\u1ea3nh.<\/li>\n<\/ul>","protected":false},"featured_media":17327,"comment_status":"open","ping_status":"closed","template":"","meta":[],"product_brand":[],"product_cat":[135,699],"product_tag":[],"class_list":{"0":"post-17320","1":"product","2":"type-product","3":"status-publish","4":"has-post-thumbnail","6":"product_cat-sua-do-uong","7":"product_cat-thuc-uong-co-con","8":"pa_brand-jinro","10":"first","11":"instock","12":"sale","13":"shipping-taxable","14":"purchasable","15":"product-type-simple"},"_links":{"self":[{"href":"https:\/\/havamall.com\/en\/wp-json\/wp\/v2\/product\/17320","targetHints":{"allow":["GET"]}}],"collection":[{"href":"https:\/\/havamall.com\/en\/wp-json\/wp\/v2\/product"}],"about":[{"href":"https:\/\/havamall.com\/en\/wp-json\/wp\/v2\/types\/product"}],"replies":[{"embeddable":true,"href":"https:\/\/havamall.com\/en\/wp-json\/wp\/v2\/comments?post=17320"}],"version-history":[{"count":0,"href":"https:\/\/havamall.com\/en\/wp-json\/wp\/v2\/product\/17320\/revisions"}],"wp:featuredmedia":[{"embeddable":true,"href":"https:\/\/havamall.com\/en\/wp-json\/wp\/v2\/media\/17327"}],"wp:attachment":[{"href":"https:\/\/havamall.com\/en\/wp-json\/wp\/v2\/media?parent=17320"}],"wp:term":[{"taxonomy":"product_brand","embeddable":true,"href":"https:\/\/havamall.com\/en\/wp-json\/wp\/v2\/product_brand?post=17320"},{"taxonomy":"product_cat","embeddable":true,"href":"https:\/\/havamall.com\/en\/wp-json\/wp\/v2\/product_cat?post=17320"},{"taxonomy":"product_tag","embeddable":true,"href":"https:\/\/havamall.com\/en\/wp-json\/wp\/v2\/product_tag?post=17320"}],"curies":[{"name":"wp","href":"https:\/\/api.w.org\/{rel}","templated":true}]}}