{"id":17342,"date":"2020-11-05T14:40:11","date_gmt":"2020-11-05T07:40:11","guid":{"rendered":"https:\/\/havamall.com\/?post_type=product&#038;p=17342"},"modified":"2025-12-03T04:24:04","modified_gmt":"2025-12-02T21:24:04","slug":"ruou-soju-huong-vi-nho-xanh-jinro-360ml-jinro-green-grape-soju","status":"publish","type":"product","link":"https:\/\/havamall.com\/en\/shop\/ruou-soju-huong-vi-nho-xanh-jinro-360ml-jinro-green-grape-soju\/","title":{"rendered":"R\u01b0\u1ee3u Soju H\u01b0\u01a1ng V\u1ecb Nho Xanh Jinro 360ml \u2013 Jinro Green Grape Soju"},"content":{"rendered":"<p>Soju c\u00f3 ngu\u1ed3n g\u1ed1c t\u1eeb H\u00e0n Qu\u1ed1c, n\u01a1i \u0111\u1ea7u ti\u00ean \u0111\u01b0\u1ee3c ch\u01b0ng c\u1ea5t v\u00e0o kho\u1ea3ng th\u1ebf k\u1ef7 14. Sau nhi\u1ec1u mong \u0111\u1ee3i c\u1ee7a m\u1ecdi ng\u01b0\u1eddi nh\u1ea5t l\u00e0 ch\u1ecb em ph\u1ee5 n\u1eef th\u00ec d\u00f2ng soju v\u1ecb nho Green Grape c\u1ee7a Jinro cho ra m\u1eaft g\u1ea7n \u0111\u00e2y v\u1edbi h\u01b0\u01a1ng th\u01a1m d\u1ecbu d\u00e0ng. Sochu hoa qu\u1ea3 v\u1ecb nho n\u00e0y \u0111\u00e3 nhanh ch\u00f3ng chi\u1ebfm \u0111\u01b0\u1ee3c c\u1ea3m t\u00ecnh c\u1ee7a th\u1ef1c kh\u00e1ch.<\/p>\n<p>R\u01b0\u1ee3u soju nho Green Grape \u0111\u01b0\u1ee3c ph\u00e1t ph\u00e1t tri\u1ec3n t\u1eeb Soju Jinro truy\u1ec1n th\u1ed1ng d\u1ef1a tr\u00ean d\u1ea1ng cocktail tr\u00e1i nho xanh tuy\u1ec7t v\u1eddi.<\/p>\n<p><img fetchpriority=\"high\" decoding=\"async\" class=\"wp-image-17346 aligncenter\" src=\"https:\/\/havamall.com\/wp-content\/uploads\/2020\/11\/nho-1-1024x1024.jpg\" alt=\"\" width=\"571\" height=\"571\" \/><\/p>\n<p>R\u01b0\u1ee3u soju kh\u00f4ng gi\u1ed1ng nh\u01b0 vodka, soju c\u00f3 m\u1ed9t g\u1ee3i \u00fd t\u1ef1 nhi\u00ean c\u1ee7a c\u00e1c ch\u1ea5t th\u1ef1c v\u1eadt c\u00f3 th\u1ec3 l\u00e0m cho m\u1ed9t h\u01b0\u01a1ng v\u1ecb m\u01b0\u1ee3t m\u00e0 h\u01a1n vodka, m\u00e0 \u0111\u00f4i khi c\u00f3 th\u1ec3 \u0111i ra nh\u01b0 kh\u1eafc nghi\u1ec7t \u1edf cu\u1ed1i.<\/p>\n<p>R\u01b0\u1ee3u sochu v\u1ecb nho v\u1edbi h\u00e0m l\u01b0\u1ee3ng c\u1ed3n r\u1ea5t nh\u1eb9 ch\u1ec9 l\u00e0 13%, sochu nho c\u00f3 h\u01b0\u01a1ng v\u1ecb tr\u00e1i nho t\u01b0\u01a1i m\u00e1t v\u00e0 t\u01b0\u01a1i m\u1edbi c\u00f3 th\u1ec3 n\u1eafm b\u1eaft \u0111\u01b0\u1ee3c tr\u00e1i tim c\u1ee7a b\u1ea1n.<\/p>\n<p>Lo\u1ea1i r\u01b0\u1ee3u tr\u1eafng n\u00e0y th\u01b0\u1eddng \u0111\u01b0\u1ee3c c\u00e1c ch\u1ecb em ph\u1ee5 n\u1eef y\u00eau th\u00edch, b\u1edfi v\u1eeba l\u00e0 m\u00f9i r\u01b0\u1ee3u g\u1ea1o c\u1ed5 \u0111i\u1ec3n nh\u01b0ng \u0111\u1ed3ng th\u1eddi c\u0169ng kh\u00e1 hi\u1ec7n \u0111\u1ea1i khi \u0111\u01b0\u1ee3c b\u1ed5 sung v\u00e0o \u0111\u00f3 nh\u1eefng m\u00f9i v\u1ecb tr\u00e1i c\u00e2y h\u1ea5p d\u1eabn.<\/p>\n<p><img decoding=\"async\" class=\"wp-image-17344 aligncenter\" src=\"https:\/\/havamall.com\/wp-content\/uploads\/2020\/11\/nho-g-1024x1024.jpg\" alt=\"\" width=\"605\" height=\"605\" \/><\/p>\n<p>V\u1eabn l\u00e0 ch\u00fat v\u1ecb n\u1ed3ng nh\u1eb9, th\u01a1m th\u01a1m m\u00f9i g\u1ea1o d\u1ec5 ch\u1ecbu. \u0110\u1ebfn khi th\u01b0\u1edfng th\u1ee9c, ng\u01b0\u1eddi u\u1ed1ng s\u1ebd c\u1ea3m nh\u1eadn \u0111\u01b0\u1ee3c v\u1ecb g\u1ea1o h\u00f2a quy\u1ec7n c\u00f9ng v\u1ecb nho chua chua ng\u1ecdt ng\u1ecdt.<\/p>\n<p>S\u1ef1 k\u1ebft h\u1ee3p \u0111\u1ed9c \u0111\u00e1o c\u1ee7a g\u1ea1o l\u00ean men c\u00f9ng h\u01b0\u01a1ng v\u1ecb tr\u00e1i c\u00e2y, t\u1ea1o c\u1ea3m gi\u00e1c th\u00edch th\u00fa n\u01a1i v\u00f2m mi\u1ec7ng. Soju \u0111\u1ec3 l\u1ea1i h\u1eadu v\u1ecb v\u1eeba ph\u1ea3i, kh\u00f4ng qu\u00e1 \u0111\u1eafng g\u1eaft m\u00e0 l\u1ea1i ng\u1ecdt d\u1ecbu m\u00f9i tr\u00e1i c\u00e2y th\u01a1m nh\u1eb9. \u0110\u00e2y qu\u1ea3 th\u1eadt l\u00e0 lo\u1ea1i th\u1ee9c u\u1ed1ng th\u01a1m ngon m\u00e0 b\u1ea5t k\u1ef3 ch\u1ecb em n\u00e0o c\u0169ng s\u1ebd y\u00eau th\u00edch.<\/p>\n<p>Gi\u1edd \u0111\u00e2y r\u01b0\u1ee3u soju \u0111\u00e3 tr\u1edf th\u00e0nh th\u1ee9c u\u1ed1ng h\u01b0\u01a1ng v\u1ecb tr\u00e1i c\u00e2y ph\u1ed5 bi\u1ebfn nh\u1ea5t t\u1ea1i H\u00e0n Qu\u1ed1c. T\u1ea1i Th\u00e1i Lan hay c\u00e1c n\u01b0\u1edbc kh\u00e1c tr\u00ean th\u1ebf gi\u1edbi r\u01b0\u1ee3u soju h\u01b0\u01a1ng tr\u00e1i c\u00e2y n\u00e0y c\u0169ng \u0111\u1ea1t doanh s\u1ed1 b\u00e1n ra r\u1ea5t cao ngay khi xu\u1ea5t hi\u1ec7n t\u1ea1i Thailand. T\u1ea1i Vi\u1ec7t Nam r\u01b0\u1ee3u soju nho xanh \u0111\u00e3 \u0111\u01b0\u1ee3c b\u00e1n r\u1ea5t ch\u1ea1y t\u1ea1i c\u00e1c nh\u00e0 h\u00e0ng ki\u1ec3u H\u00e0n, nh\u00e0 h\u00e0ng Vi\u1ec7t v\u00e0 r\u1ea5t nhi\u1ec1u th\u1ef1c kh\u00e1ch \u0111\u00e3 \u0111\u1eb7t h\u00e0ng cho nh\u1eefng b\u1eefa ti\u1ec7c b\u1eefa li\u00ean hoan t\u1ea1i nh\u00e0.<\/p>\n<p><img decoding=\"async\" class=\"wp-image-17347 aligncenter\" src=\"https:\/\/havamall.com\/wp-content\/uploads\/2020\/11\/nho.jpg\" alt=\"\" width=\"537\" height=\"290\" srcset=\"https:\/\/havamall.com\/wp-content\/uploads\/2020\/11\/nho.jpg 1000w, https:\/\/havamall.com\/wp-content\/uploads\/2020\/11\/nho-600x324.jpg 600w, https:\/\/havamall.com\/wp-content\/uploads\/2020\/11\/nho-150x81.jpg 150w\" sizes=\"(max-width: 537px) 100vw, 537px\" \/><\/p>\n<p>R\u01b0\u1ee3u Soju Nho xanh th\u01a1m m\u00f9i nho ch\u00edn kh\u00f4ng ch\u1ec9 l\u00e0 \u0111\u1ed3 u\u1ed1ng gi\u1ea3i kh\u00e1t ngon m\u00e1t, nh\u1eb9 nh\u00e0ng m\u00e0 c\u00f2n r\u1ea5t th\u00edch h\u1ee3p \u0111\u1ec3 u\u1ed1ng c\u00f9ng v\u1edbi c\u00e1c m\u00f3n n\u01b0\u1edbng l\u1ea9u, h\u1ea3i s\u1ea3n trong c\u00e1c b\u1eefa ti\u1ec7c, li\u00ean hoan.<\/p>\n<p>R\u01b0\u1ee3u Soju Nho Xanh Jinro \u0111\u01b0\u1ee3c \u0111\u1ef1ng trong chai th\u1ee7y tinh n\u00ean \u0111\u1ea3m b\u1ea3o \u0111\u1ed9 an to\u00e0n v\u1ec7 sinh th\u1ef1c ph\u1ea9m. Thi\u1ebft k\u1ebf bao b\u00ec tinh t\u1ebf, trang tr\u1ecdng r\u1ea5t th\u00edch h\u1ee3p khi l\u00e0m qu\u00e0 t\u1eb7ng v\u00e0 check-in ch\u1ee5p h\u00ecnh sanh ch\u1ea3nh.<\/p>\n<p>TH\u00d4NG TIN S\u1ea2N PH\u1ea8M<\/p>\n<ul>\n<li>Xu\u1ea5t x\u1ee9: H\u00e0n Qu\u1ed1c<\/li>\n<li>Th\u00e0nh ph\u1ea7n: G\u1ea1o, \u0111\u01b0\u1eddng, n\u01b0\u1edbc, men \u0111\u01b0\u1ee3c l\u1ecdc qua l\u1edbp than tre ho\u1ea1t t\u00ednh, h\u01b0\u01a1ng nho xanh t\u1ef1 nhi\u00ean<\/li>\n<li>\u0110\u1ed9 r\u01b0\u1ee3u: 13%<\/li>\n<li>H\u01b0\u1edbng d\u1eabn s\u1eed d\u1ee5ng: D\u00f9ng \u0111\u1ec3 u\u1ed1ng tr\u1ef1c ti\u1ebfp, ngon h\u01a1n khi u\u1ed1ng l\u1ea1nh.<\/li>\n<li>B\u1ea3o qu\u1ea3n: \u0110\u1ec3 n\u01a1i kh\u00f4 r\u00e1o, tho\u00e1ng m\u00e1t \u0111\u1ea3m b\u1ea3o \u0111i\u1ec1u ki\u1ec7n v\u1ec7 sinh an to\u00e0n th\u1ef1c ph\u1ea9m, tr\u00e1nh ti\u1ebfp x\u00fac tr\u1ef1c ti\u1ebfp v\u1edbi \u00e1nh s\u00e1ng m\u1eb7t tr\u1eddi.<\/li>\n<\/ul>\n<p><img loading=\"lazy\" decoding=\"async\" class=\"wp-image-17345 aligncenter\" src=\"https:\/\/havamall.com\/wp-content\/uploads\/2020\/11\/nho-2.jpg\" alt=\"\" width=\"482\" height=\"482\" srcset=\"https:\/\/havamall.com\/wp-content\/uploads\/2020\/11\/nho-2.jpg 330w, https:\/\/havamall.com\/wp-content\/uploads\/2020\/11\/nho-2-150x150.jpg 150w\" sizes=\"(max-width: 482px) 100vw, 482px\" \/><\/p>\n<ul>\n<li>Th\u1eddi gian s\u1eed d\u1ee5ng: Kh\u00f4ng c\u00f3 h\u1ea1n s\u1eed d\u1ee5ng, c\u00e0ng \u0111\u1ec3 l\u00e2u u\u1ed1ng c\u00e0ng ngon.<\/li>\n<li>Ng\u00e0y s\u1ea3n xu\u1ea5t: Xem tr\u00ean bao b\u00ec s\u1ea3n ph\u1ea9m<\/li>\n<\/ul>\n<p><em>R\u01b0\u1ee3u Soju H\u01b0\u01a1ng Nho Xanh Jinro 360ml \u0111ang \u0111\u01b0\u1ee3c ph\u00e2n ph\u1ed1i t\u1ea1i Vi\u1ec7t Nam b\u1edfi Havamall. \u0110\u1eebng ch\u1ea7n ch\u1eeb m\u00e0 h\u00e3y \u0111\u1eb7t ngay \u0111\u1ec3 n\u1ebfm th\u1eed h\u01b0\u01a1ng v\u1ecb n\u01b0\u1edbc tr\u00e1i c\u00e2y l\u00ean men \u0111\u01b0\u1ee3c nh\u1eadp kh\u1ea9u tr\u1ef1c ti\u1ebfp t\u1eeb H\u00e0n Qu\u1ed1c nh\u00e9.<\/em><\/p>","protected":false},"excerpt":{"rendered":"<ul>\n<li>S\u1ef1 k\u1ebft h\u1ee3p \u0111\u1ed9c \u0111\u00e1o c\u1ee7a g\u1ea1o l\u00ean men c\u00f9ng h\u01b0\u01a1ng v\u1ecb tr\u00e1i c\u00e2y, t\u1ea1o c\u1ea3m gi\u00e1c th\u00edch th\u00fa n\u01a1i v\u00f2m mi\u1ec7ng. Soju \u0111\u1ec3 l\u1ea1i h\u1eadu v\u1ecb v\u1eeba ph\u1ea3i, kh\u00f4ng qu\u00e1 \u0111\u1eafng g\u1eaft m\u00e0 l\u1ea1i ng\u1ecdt d\u1ecbu m\u00f9i tr\u00e1i c\u00e2y th\u01a1m nh\u1eb9. \u0110\u00e2y qu\u1ea3 th\u1eadt l\u00e0 lo\u1ea1i th\u1ee9c u\u1ed1ng th\u01a1m ngon m\u00e0 b\u1ea5t k\u1ef3 ch\u1ecb em n\u00e0o c\u0169ng s\u1ebd y\u00eau th\u00edch.<\/li>\n<li>R\u01b0\u1ee3u Soju Nho xanh th\u01a1m m\u00f9i nho ch\u00edn kh\u00f4ng ch\u1ec9 l\u00e0 \u0111\u1ed3 u\u1ed1ng gi\u1ea3i kh\u00e1t ngon m\u00e1t, nh\u1eb9 nh\u00e0ng m\u00e0 c\u00f2n r\u1ea5t th\u00edch h\u1ee3p \u0111\u1ec3 u\u1ed1ng c\u00f9ng v\u1edbi c\u00e1c m\u00f3n n\u01b0\u1edbng l\u1ea9u, h\u1ea3i s\u1ea3n trong c\u00e1c b\u1eefa ti\u1ec7c, li\u00ean hoan.<\/li>\n<li>R\u01b0\u1ee3u Soju Nho Xanh Jinro \u0111\u01b0\u1ee3c \u0111\u1ef1ng trong chai th\u1ee7y tinh n\u00ean \u0111\u1ea3m b\u1ea3o \u0111\u1ed9 an to\u00e0n v\u1ec7 sinh th\u1ef1c ph\u1ea9m. Thi\u1ebft k\u1ebf bao b\u00ec tinh t\u1ebf, trang tr\u1ecdng r\u1ea5t th\u00edch h\u1ee3p khi l\u00e0m qu\u00e0 t\u1eb7ng v\u00e0 check-in ch\u1ee5p h\u00ecnh sanh ch\u1ea3nh.<\/li>\n<\/ul>","protected":false},"featured_media":17349,"comment_status":"open","ping_status":"closed","template":"","meta":[],"product_brand":[],"product_cat":[135,699],"product_tag":[],"class_list":{"0":"post-17342","1":"product","2":"type-product","3":"status-publish","4":"has-post-thumbnail","6":"product_cat-sua-do-uong","7":"product_cat-thuc-uong-co-con","8":"pa_brand-jinro","10":"first","11":"instock","12":"sale","13":"shipping-taxable","14":"purchasable","15":"product-type-simple"},"_links":{"self":[{"href":"https:\/\/havamall.com\/en\/wp-json\/wp\/v2\/product\/17342","targetHints":{"allow":["GET"]}}],"collection":[{"href":"https:\/\/havamall.com\/en\/wp-json\/wp\/v2\/product"}],"about":[{"href":"https:\/\/havamall.com\/en\/wp-json\/wp\/v2\/types\/product"}],"replies":[{"embeddable":true,"href":"https:\/\/havamall.com\/en\/wp-json\/wp\/v2\/comments?post=17342"}],"version-history":[{"count":0,"href":"https:\/\/havamall.com\/en\/wp-json\/wp\/v2\/product\/17342\/revisions"}],"wp:featuredmedia":[{"embeddable":true,"href":"https:\/\/havamall.com\/en\/wp-json\/wp\/v2\/media\/17349"}],"wp:attachment":[{"href":"https:\/\/havamall.com\/en\/wp-json\/wp\/v2\/media?parent=17342"}],"wp:term":[{"taxonomy":"product_brand","embeddable":true,"href":"https:\/\/havamall.com\/en\/wp-json\/wp\/v2\/product_brand?post=17342"},{"taxonomy":"product_cat","embeddable":true,"href":"https:\/\/havamall.com\/en\/wp-json\/wp\/v2\/product_cat?post=17342"},{"taxonomy":"product_tag","embeddable":true,"href":"https:\/\/havamall.com\/en\/wp-json\/wp\/v2\/product_tag?post=17342"}],"curies":[{"name":"wp","href":"https:\/\/api.w.org\/{rel}","templated":true}]}}