{"id":17377,"date":"2020-11-06T11:55:16","date_gmt":"2020-11-06T04:55:16","guid":{"rendered":"https:\/\/havamall.com\/?post_type=product&#038;p=17377"},"modified":"2022-01-12T09:35:01","modified_gmt":"2022-01-12T02:35:01","slug":"keo-cay-gay-17g-fantasia-candy-cane","status":"publish","type":"product","link":"https:\/\/havamall.com\/en\/shop\/keo-cay-gay-17g-fantasia-candy-cane\/","title":{"rendered":"K\u1eb9o C\u00e2y G\u1eady 8g &#8211; Fantasia Candy Cane"},"content":{"rendered":"<p><strong>TH\u00d4NG TIN S\u1ea2N PH\u1ea8M<\/strong><\/p>\n<ul>\n<li>Th\u01b0\u01a1ng Hi\u1ec7u: Hachi<\/li>\n<li>Xu\u1ea5t x\u1ee9: Th\u00e1i Lan<\/li>\n<li>Nh\u00e0 ph\u00e2n ph\u1ed1i: Havamall<\/li>\n<li>Th\u00e0nh ph\u1ea7n: \u0110\u01b0\u1eddng glucose 60%, \u0111\u01b0\u1eddng 40%, h\u01b0\u01a1ng v\u00e0 m\u00e0u th\u1ef1c ph\u1ea9m<\/li>\n<li>Quy c\u00e1ch \u0111\u00f3ng g\u00f3i: 8g<\/li>\n<li>Ng\u00e0y s\u1ea3n xu\u1ea5t: Xem tr\u00ean bao b\u00ec s\u1ea3n ph\u1ea9m<\/li>\n<\/ul>\n<p><img fetchpriority=\"high\" decoding=\"async\" class=\"wp-image-17380 aligncenter\" src=\"https:\/\/havamall.com\/wp-content\/uploads\/2020\/11\/g\u1eady-1.jpg\" alt=\"\" width=\"616\" height=\"461\" srcset=\"https:\/\/havamall.com\/wp-content\/uploads\/2020\/11\/g\u1eady-1.jpg 960w, https:\/\/havamall.com\/wp-content\/uploads\/2020\/11\/g\u1eady-1-600x449.jpg 600w, https:\/\/havamall.com\/wp-content\/uploads\/2020\/11\/g\u1eady-1-150x112.jpg 150w\" sizes=\"(max-width: 616px) 100vw, 616px\" \/><\/p>\n<ul>\n<li>H\u1ea1n s\u1eed d\u1ee5ng: 18 th\u00e1ng<\/li>\n<li>B\u1ea3o qu\u1ea3n: B\u1ea3o qu\u1ea3n n\u01a1i kh\u00f4 r\u00e1o, tho\u00e1ng m\u00e1t, tr\u00e1nh \u00e1nh n\u1eafng tr\u1ef1c ti\u1ebfp m\u1eb7t tr\u1eddi.<\/li>\n<\/ul>\n<p><strong>\u0110\u1eb6C \u0110I\u1ec2M N\u1ed4I B\u1eacT C\u1ee6A S\u1ea2N PH\u1ea8M<\/strong><\/p>\n<p>&#8211; K\u1eb9o g\u1eady (Candy Cane) l\u00e0 s\u1ea3n ph\u1ea9m k\u1eb9o \u0111\u01b0\u1ee3c nh\u1eadp kh\u1ea9u tr\u1ef1c ti\u1ebfp t\u1eeb Th\u00e1i Lan,\u00a0\u0111\u01b0\u1ee3c s\u1ea3n xu\u1ea5t tr\u00ean d\u00e2y chuy\u1ec1n c\u00f4ng ngh\u1ec7 hi\u1ec7n \u0111\u1ea1i t\u1ea1i Th\u00e1i Lan. S\u1ea3n ph\u1ea9m \u0111\u01b0\u1ee3c ki\u1ec3m tra nghi\u00eam ng\u1eb7t t\u1eeb giai \u0111o\u1ea1n chu\u1ea9n b\u1ecb nguy\u00ean li\u1ec7u \u0111\u1ebfn \u0111\u00f3ng g\u00f3i, \u0111\u1ea3m b\u1ea3o an to\u00e0n v\u1ec7 sinh th\u1ef1c ph\u1ea9m cho ng\u01b0\u1eddi s\u1eed d\u1ee5ng.<\/p>\n<p>&#8211;\u00a0Nguy\u00ean li\u1ec7u l\u00e0m ra k\u1eb9o \u0111\u1ec1u s\u1eed d\u1ee5ng h\u01b0\u01a1ng li\u1ec7u t\u1eeb thi\u00ean nhi\u00ean, kh\u00f4ng ch\u1ee9a ch\u1ea5t b\u1ea3o qu\u1ea3n, ch\u1ea5t t\u1ea1o m\u00e0u n\u00ean c\u00e1c m\u1eb9 c\u00f3 th\u1ec3 y\u00ean t\u00e2m cho b\u00e9 th\u01b0\u1edfng th\u1ee9c tho\u1ea3i m\u00e1i.<\/p>\n<p><img decoding=\"async\" class=\"wp-image-17379 aligncenter\" src=\"https:\/\/havamall.com\/wp-content\/uploads\/2020\/11\/g\u1eady-2.jpg\" alt=\"\" width=\"586\" height=\"440\" srcset=\"https:\/\/havamall.com\/wp-content\/uploads\/2020\/11\/g\u1eady-2.jpg 960w, https:\/\/havamall.com\/wp-content\/uploads\/2020\/11\/g\u1eady-2-600x450.jpg 600w, https:\/\/havamall.com\/wp-content\/uploads\/2020\/11\/g\u1eady-2-150x113.jpg 150w\" sizes=\"(max-width: 586px) 100vw, 586px\" \/><\/p>\n<p>&#8211; K\u1eb9o c\u00f3 v\u1ecb ng\u1ecdt d\u1ecbu, kh\u00f4ng qu\u00e1 ng\u1ecdt g\u1eaft, gi\u00fap b\u00e9 y\u00eau th\u01b0 gi\u00e3n tinh th\u1ea7n v\u00e0 cung c\u1ea5p n\u0103ng l\u01b0\u1ee3ng cho c\u01a1 th\u1ec3 tho\u1ea3i m\u00e1i ho\u1ea1t \u0111\u1ed9ng. B\u00ean c\u1ea1nh \u0111\u00f3, s\u1ea3n ph\u1ea9m k\u1eb9o c\u00f3 nhi\u1ec1u m\u00e0u s\u1eafc khi\u1ebfn c\u00e1c b\u00e9 &#8220;m\u00ea m\u1eabn&#8221; t\u1eeb c\u00e1i nh\u00ecn \u0111\u1ea7u ti\u00ean v\u00e0 tha h\u1ed3 l\u1ef1a ch\u1ecdn m\u00e0u s\u1eafc m\u00ecnh th\u00edch c\u0169ng nh\u01b0 thay \u0111\u1ed5i theo kh\u1ea9u v\u1ecb.<\/p>\n<p>&#8211; K\u1eb9o g\u1eady c\u0169ng \u0111\u01b0\u1ee3c xem l\u00e0 m\u1ed9t m\u00f3n qu\u00e0 ng\u1ecdt ng\u00e0o k\u1ebft n\u1ed1i b\u1ea1n b\u00e8, r\u1ea5t thu\u1eadn ti\u1ec7n \u0111\u1ec3 l\u00e0m qu\u00e0 t\u1eb7ng sinh nh\u1eadt, qu\u00e0 k\u1ef7 ni\u1ec7m.<\/p>\n<p>&#8211; K\u1eb9o c\u00f3 h\u00ecnh d\u00e1ng gi\u1ed1ng nh\u01b0 nh\u1eefng c\u00e2y g\u1eady nh\u1ecf nh\u1eafn, xinh x\u1eafn \u0111\u01b0\u1ee3c \u0111\u00f3ng g\u00f3i b\u1edfi m\u1ed9t bao b\u00ec m\u1ecfng n\u00ean khi th\u01b0\u1edfng th\u1ee9c b\u00e9 ch\u1ec9 c\u1ea7n x\u00e9 b\u1ecf bao b\u00ec l\u00e0 c\u00f3 th\u1ec3 \u0103n \u0111\u01b0\u1ee3c ngay. K\u1eb9o \u0111\u01b0\u1ee3c thi\u1ebft k\u1ebf nh\u1ecf g\u1ecdn, r\u1ea5t ti\u1ec7n l\u1ee3i cho vi\u1ec7c b\u1ecf c\u1eb7p ho\u1eb7c t\u00fai x\u00e1ch mang \u0111i h\u1ecdc, \u0111i ch\u01a1i,..<\/p>\n<p><img decoding=\"async\" class=\"wp-image-17378 aligncenter\" src=\"https:\/\/havamall.com\/wp-content\/uploads\/2020\/11\/76713908_494373537836977_7201500424027766784_n.jpg\" alt=\"\" width=\"581\" height=\"436\" srcset=\"https:\/\/havamall.com\/wp-content\/uploads\/2020\/11\/76713908_494373537836977_7201500424027766784_n.jpg 960w, https:\/\/havamall.com\/wp-content\/uploads\/2020\/11\/76713908_494373537836977_7201500424027766784_n-600x450.jpg 600w, https:\/\/havamall.com\/wp-content\/uploads\/2020\/11\/76713908_494373537836977_7201500424027766784_n-150x113.jpg 150w\" sizes=\"(max-width: 581px) 100vw, 581px\" \/><\/p>\n<p><b><span lang=\"vi\">H\u01af\u1edaNG D\u1eaaN S\u1eec D\u1ee4NG<\/span><\/b><\/p>\n<ul>\n<li><span lang=\"vi\">B\u00f3c bao b\u00ec v\u00e0 d\u00f9ng tr\u1ef1c ti\u1ebfp s\u1ea3n ph\u1ea9m<\/span><\/li>\n<li>Khi \u0103n kh\u00f4ng h\u1ebft th\u00ec b\u1ea3o qu\u1ea3n trong t\u1ee7 l\u1ea1nh<\/li>\n<\/ul>","protected":false},"excerpt":{"rendered":"<ul>\n<li>K\u1eb9o g\u1eady (Candy Cane) l\u00e0 s\u1ea3n ph\u1ea9m k\u1eb9o \u0111\u01b0\u1ee3c nh\u1eadp kh\u1ea9u tr\u1ef1c ti\u1ebfp t\u1eeb Th\u00e1i Lan,\u00a0\u0111\u01b0\u1ee3c s\u1ea3n xu\u1ea5t tr\u00ean d\u00e2y chuy\u1ec1n c\u00f4ng ngh\u1ec7 hi\u1ec7n \u0111\u1ea1i t\u1ea1i Th\u00e1i Lan. S\u1ea3n ph\u1ea9m \u0111\u01b0\u1ee3c ki\u1ec3m tra nghi\u00eam ng\u1eb7t t\u1eeb giai \u0111o\u1ea1n chu\u1ea9n b\u1ecb nguy\u00ean li\u1ec7u \u0111\u1ebfn \u0111\u00f3ng g\u00f3i, \u0111\u1ea3m b\u1ea3o an to\u00e0n v\u1ec7 sinh th\u1ef1c ph\u1ea9m cho ng\u01b0\u1eddi s\u1eed d\u1ee5ng.<\/li>\n<li>Nguy\u00ean li\u1ec7u l\u00e0m ra k\u1eb9o \u0111\u1ec1u s\u1eed d\u1ee5ng h\u01b0\u01a1ng li\u1ec7u t\u1eeb thi\u00ean nhi\u00ean, kh\u00f4ng ch\u1ee9a ch\u1ea5t b\u1ea3o qu\u1ea3n, ch\u1ea5t t\u1ea1o m\u00e0u n\u00ean c\u00e1c m\u1eb9 c\u00f3 th\u1ec3 y\u00ean t\u00e2m cho b\u00e9 th\u01b0\u1edfng th\u1ee9c tho\u1ea3i m\u00e1i.<\/li>\n<li>K\u1eb9o c\u00f3 v\u1ecb ng\u1ecdt d\u1ecbu, kh\u00f4ng qu\u00e1 ng\u1ecdt g\u1eaft, gi\u00fap b\u00e9 y\u00eau th\u01b0 gi\u00e3n tinh th\u1ea7n v\u00e0 cung c\u1ea5p n\u0103ng l\u01b0\u1ee3ng cho c\u01a1 th\u1ec3 tho\u1ea3i m\u00e1i ho\u1ea1t \u0111\u1ed9ng. B\u00ean c\u1ea1nh \u0111\u00f3, s\u1ea3n ph\u1ea9m k\u1eb9o c\u00f3 nhi\u1ec1u m\u00e0u s\u1eafc khi\u1ebfn c\u00e1c b\u00e9 &#8220;m\u00ea m\u1eabn&#8221; t\u1eeb c\u00e1i nh\u00ecn \u0111\u1ea7u ti\u00ean v\u00e0 tha h\u1ed3 l\u1ef1a ch\u1ecdn m\u00e0u s\u1eafc m\u00ecnh th\u00edch c\u0169ng nh\u01b0 thay \u0111\u1ed5i theo kh\u1ea9u v\u1ecb.<\/li>\n<\/ul>","protected":false},"featured_media":17431,"comment_status":"open","ping_status":"closed","template":"","meta":[],"product_brand":[],"product_cat":[133,36],"product_tag":[],"class_list":{"0":"post-17377","1":"product","2":"type-product","3":"status-publish","4":"has-post-thumbnail","6":"product_cat-banh-keo-chocolate","7":"product_cat-thuc-pham-tieu-dung","9":"first","10":"outofstock","11":"sale","12":"shipping-taxable","13":"purchasable","14":"product-type-variable"},"_links":{"self":[{"href":"https:\/\/havamall.com\/en\/wp-json\/wp\/v2\/product\/17377","targetHints":{"allow":["GET"]}}],"collection":[{"href":"https:\/\/havamall.com\/en\/wp-json\/wp\/v2\/product"}],"about":[{"href":"https:\/\/havamall.com\/en\/wp-json\/wp\/v2\/types\/product"}],"replies":[{"embeddable":true,"href":"https:\/\/havamall.com\/en\/wp-json\/wp\/v2\/comments?post=17377"}],"version-history":[{"count":0,"href":"https:\/\/havamall.com\/en\/wp-json\/wp\/v2\/product\/17377\/revisions"}],"wp:featuredmedia":[{"embeddable":true,"href":"https:\/\/havamall.com\/en\/wp-json\/wp\/v2\/media\/17431"}],"wp:attachment":[{"href":"https:\/\/havamall.com\/en\/wp-json\/wp\/v2\/media?parent=17377"}],"wp:term":[{"taxonomy":"product_brand","embeddable":true,"href":"https:\/\/havamall.com\/en\/wp-json\/wp\/v2\/product_brand?post=17377"},{"taxonomy":"product_cat","embeddable":true,"href":"https:\/\/havamall.com\/en\/wp-json\/wp\/v2\/product_cat?post=17377"},{"taxonomy":"product_tag","embeddable":true,"href":"https:\/\/havamall.com\/en\/wp-json\/wp\/v2\/product_tag?post=17377"}],"curies":[{"name":"wp","href":"https:\/\/api.w.org\/{rel}","templated":true}]}}