{"id":17494,"date":"2020-11-30T15:01:55","date_gmt":"2020-11-30T08:01:55","guid":{"rendered":"https:\/\/havamall.com\/?post_type=product&#038;p=17494"},"modified":"2025-03-26T16:50:16","modified_gmt":"2025-03-26T09:50:16","slug":"khoai-tay-say-gion-toi-ot-dja-100g-dja-potato-wedges-smoked-garlic-chilli","status":"publish","type":"product","link":"https:\/\/havamall.com\/en\/shop\/khoai-tay-say-gion-toi-ot-dja-100g-dja-potato-wedges-smoked-garlic-chilli\/","title":{"rendered":"Khoai T\u00e2y S\u1ea5y Gi\u00f2n T\u1ecfi \u1edat DJ&amp;A 100g \u2013 DJ&amp;A Potato Wedges Smoked Garlic &amp; Chilli"},"content":{"rendered":"<table border=\"1\" cellspacing=\"0\">\n<tbody>\n<tr>\n<td><strong>Th\u01b0\u01a1ng hi\u1ec7u<\/strong><\/td>\n<td>DJ&amp;A<\/td>\n<\/tr>\n<tr>\n<td><strong>Xu\u1ea5t x\u1ee9<\/strong><\/td>\n<td>\u00dac<\/td>\n<\/tr>\n<tr>\n<td><strong>Th\u00e0nh ph\u1ea7n<\/strong><\/td>\n<td>Khoai t\u00e2y, H\u01b0\u01a1ng v\u1ecb t\u1ef1 nhi\u00ean, Gia v\u1ecb t\u1ecfi \u1edbt<\/td>\n<\/tr>\n<tr>\n<td><strong>H\u1ea1n s\u1eed d\u1ee5ng<\/strong><\/td>\n<td>Xem tr\u00ean bao b\u00ec s\u1ea3n ph\u1ea9m<\/td>\n<\/tr>\n<tr>\n<td><strong>C\u00e1ch s\u1eed d\u1ee5ng<\/strong><\/td>\n<td>S\u1eed d\u1ee5ng \u0103n li\u1ec1n<\/td>\n<\/tr>\n<tr>\n<td><strong>Nh\u1eadp kh\u1ea9u &amp; \u0111\u00f3ng g\u00f3i<\/strong><\/td>\n<td>Vi\u1ec7t Nam<\/td>\n<\/tr>\n<tr>\n<td><strong>\u00a0B\u1ea3o qu\u1ea3n<\/strong><\/td>\n<td>N\u01a1i kh\u00f4 r\u00e1o, tho\u00e1ng m\u00e1t, tr\u00e1nh ti\u1ebfp x\u00fac tr\u1ef1c ti\u1ebfp v\u1edbi \u00e1nh n\u1eafng m\u1eb7t tr\u1eddi<\/td>\n<\/tr>\n<tr>\n<td><strong>Kh\u1ed1i l\u01b0\u1ee3ng t\u1ecbnh<\/strong><\/td>\n<td>100g<\/td>\n<\/tr>\n<\/tbody>\n<\/table>\n<p>C\u00e1c s\u1ea3n ph\u1ea9m s\u1ea5y gi\u00f2n \u0111\u01b0\u1ee3c DJ&amp;A l\u1ef1a ch\u1ecdn l\u00e0 c\u00e1c lo\u1ea1i th\u1ef1c ph\u1ea9m s\u1ea5y \u0111\u1eb7c bi\u1ec7t, m\u00f9i v\u1ecb v\u00e0 h\u01b0\u01a1ng v\u1ecb r\u1ea5t th\u01a1m ngon, c\u00f3 h\u00e0m l\u01b0\u1ee3ng dinh d\u01b0\u1ee1ng cao v\u00e0 t\u1ed1t cho s\u1ee9c kh\u1ecfe ng\u01b0\u1eddi s\u1eed d\u1ee5ng.<br \/>\n\u0110\u1eb7c bi\u1ec7t nh\u1ea5t l\u00e0 nh\u1edd c\u00f4ng ngh\u1ec7 s\u1ea5y ti\u00ean ti\u1ebfn v\u00e0 hi\u1ec7n \u0111\u1ea1i c\u1ee7a nh\u00e0 s\u1ea3n xu\u1ea5t, m\u00e0 h\u00e0m l\u01b0\u1ee3ng dinh d\u01b0\u1ee1ng c\u0169ng nh\u01b0 h\u01b0\u01a1ng v\u1ecb c\u1ee7a s\u1ea3n ph\u1ea9m v\u1eabn gi\u1eef \u0111\u01b0\u1ee3c nguy\u00ean v\u1eb9n nh\u01b0 s\u1ea3n ph\u1ea9m t\u01b0\u01a1i.<\/p>\n<p><img fetchpriority=\"high\" decoding=\"async\" class=\"wp-image-22077 aligncenter\" src=\"https:\/\/havamall.com\/wp-content\/uploads\/2020\/11\/DJA-4-300x300.png\" alt=\"\" width=\"635\" height=\"635\" \/><\/p>\n<p><span style=\"font-weight: 400\">Khoai t\u00e2y s\u1ea5y DJ&amp;A Smoked Garlic &amp; Chilli\u00a0 g\u00f3i 100g &#8211; snack rau c\u1ee7 s\u1ea5y gi\u00f2n c\u1ee7a \u00dac t\u1ed1t cho s\u1ee9c kh\u1ecfe l\u00e0 m\u00f3n \u0103n ngon mi\u1ec7ng gi\u00e0u ch\u1ea5t dinh d\u01b0\u1ee1ng c\u1ee7a \u00dac \u0111\u01b0\u1ee3c s\u1ea3n xu\u1ea5t theo c\u00f4ng ngh\u1ec7 s\u1ea1ch \u0103n th\u1ecfa th\u00edch m\u00e0 kh\u00f4ng ph\u1ea3i lo v\u1ec1 c\u00e2n n\u1eb7ng.<\/span><\/p>\n<p><span style=\"font-weight: 400\">Potato Wedges Original 100g l\u00e0 m\u00f3n \u0103n v\u1eb7t \u0111\u01b0\u1ee3c y\u00eau th\u00edch h\u00e0ng \u0111\u1ea7u t\u1ea1i \u00dac, ch\u1ebf bi\u1ebfn ho\u00e0n to\u00e0n t\u1eeb c\u00e1c s\u1ea3n ph\u1ea9m t\u1ef1 nhi\u00ean. \u00cdt b\u00e9o h\u01a1n so v\u1edbi khoai t\u00e2y chi\u00ean th\u01b0\u1eddng 25%.<\/span> <span style=\"font-weight: 400\">Khoai t\u00e2y s\u1ea5y c\u00f3 <\/span><span style=\"font-weight: 400\">v\u1ecb m\u1eb7n m\u1eb7n, cay nh\u1eb9 c\u1ee7a \u1edbt, v\u00e0 th\u01a1m m\u00f9i t\u1ecfi \u0111\u1eb7c tr\u01b0ng.<\/span><\/p>\n<p><img decoding=\"async\" class=\"wp-image-22075 aligncenter\" src=\"https:\/\/havamall.com\/wp-content\/uploads\/2020\/11\/DJA-1-300x300.png\" alt=\"\" width=\"636\" height=\"636\" \/><\/p>\n<p><span style=\"font-weight: 400\">Nguy\u00ean li\u1ec7u s\u1ea3n ph\u1ea9m ho\u00e0n to\u00e0n t\u1ef1 nhi\u00ean, kh\u00f4ng t\u1ea9m \u01b0\u1edbp h\u01b0\u01a1ng v\u1ecb kh\u00e1c, mang \u0111\u1ebfn cho b\u1ea1n nh\u1eefng gi\u00e2y ph\u00fat v\u1eeba th\u01b0\u1edfng th\u1ee9c, v\u1eeba tr\u00f2 chuy\u1ec7n th\u1eadt th\u00fa v\u1ecb b\u00ean b\u1ea1n b\u00e8 v\u00e0 ng\u01b0\u1eddi th\u00e2n.<\/span><\/p>\n<p><span style=\"font-weight: 400\">S\u1ea3n ph\u1ea9m \u0111\u01b0\u1ee3c s\u1ea3n xu\u1ea5t v\u1edbi quy tr\u00ecnh \u0111\u1eb7c bi\u1ec7t \u2013 n\u1ea5u v\u01b0\u1ee3t tr\u1ed9i hay c\u00f2n g\u1ecdi l\u00e0 n\u1ea5u ch\u00e2n kh\u00f4ng. S\u1eed d\u1ee5ng \u00edt d\u1ea7u h\u01a1n v\u00e0 nhi\u1ec7t \u0111\u1ed9 th\u1ea5p h\u01a1n \u0111\u1ec3 gi\u1eef \u0111\u01b0\u1ee3c \u0111\u1ed9 ngon c\u1ee7a khoai t\u00e2y t\u1ef1 nhi\u00ean v\u00e0 h\u01b0\u01a1ng v\u1ecb th\u01a1m ngon. T\u1eebng mi\u1ebfng khoai gi\u00f2n gi\u00f2n, m\u1eb1n m\u1eb7n s\u1ebd gi\u00fap b\u1ea1n b\u1edbt m\u1ecfi m\u1ec7t trong gi\u1edd l\u00e0m vi\u1ec7c c\u0103ng th\u1eb3ng.<\/span><\/p>\n<p><img decoding=\"async\" class=\"wp-image-22076 aligncenter\" src=\"https:\/\/havamall.com\/wp-content\/uploads\/2020\/11\/khoai-tay-300x200.png\" alt=\"\" width=\"624\" height=\"417\" \/><\/p>\n<p><span style=\"font-weight: 400\">Khoai t\u00e2y s\u1ea5y r\u1ea5t th\u00edch h\u1ee3p v\u1edbi ng\u01b0\u1eddi \u0103n chay b\u1edfi nguy\u00ean li\u1ec7u 100% t\u1ef1 nhi\u00ean, kh\u00f4ng s\u1eed d\u1ee5ng GMO, kh\u00f4ng b\u1ed9t ng\u1ecdt, kh\u00f4ng m\u00e0u nh\u00e2n t\u1ea1o, h\u01b0\u01a1ng v\u1ecb ho\u1eb7c ch\u1ea5t b\u1ea3o qu\u1ea3n. S\u1ea3n ph\u1ea9m \u0111\u1ea3m b\u1ea3o an to\u00e0n cho ng\u01b0\u1eddi s\u1eed d\u1ee5ng.<\/span><\/p>\n<p><span style=\"font-weight: 400\">S\u1ea3n ph\u1ea9m \u0111\u00f3ng g\u00f3i v\u1edbi kh\u1ed1i l\u01b0\u1ee3ng 100g n\u00ean r\u1ea5t th\u00edch h\u1ee3p cho vi\u1ec7c mang theo \u0111\u1ec3 nh\u00e2m nhi khi \u0111i ch\u01a1i, d\u00e3 ngo\u1ea1i, gi\u1ea3i lao sau gi\u1edd h\u1ecdc hay l\u00e0m vi\u1ec7c m\u1ec7t m\u1ecfi,..<\/span><\/p>\n<h2><strong>C\u00e1ch s\u1eed d\u1ee5ng:<\/strong><\/h2>\n<p><span style=\"font-weight: 400\">Khoai t\u00e2y s\u1ea5y gi\u00f2n DJ&amp;A d\u00f9ng \u0111\u1ec3 \u0103n tr\u1ef1c ti\u1ebfp sau khi m\u1edf t\u00fai nh\u1edb k\u00e9o kh\u00f3a zip \u0111\u1ec3 khoai t\u00e2y lu\u00f4n gi\u1eef \u0111\u01b0\u1ee3c \u0111\u1ed9 gi\u00f2n, tr\u00e1nh \u1ea9m m\u1ed1c.<\/span><\/p>\n<p><img loading=\"lazy\" decoding=\"async\" class=\"aligncenter\" src=\"https:\/\/havamall.com\/wp-content\/uploads\/2020\/11\/Potato-Wedges-V2l-a22b61c6-6fa7-4a0a-8d2e-9aa2d8365d1d-0-1400x919.jpg\" alt=\"Spicy Potato Wedges | Potato Wedges Recipe | Tesco Real Food\" width=\"739\" height=\"486\" \/><\/p>\n<h2><b>C\u00f4ng d\u1ee5ng c\u1ee7a khoai t\u00e2y:<\/b><\/h2>\n<p><span style=\"font-weight: 400\">Khoai t\u00e2y ch\u1ee9a nhi\u1ec1u th\u00e0nh ph\u1ea7n dinh d\u01b0\u1ee1ng c\u00f3 th\u1ec3 b\u1ed5 sung n\u0103ng l\u01b0\u1ee3ng cho c\u01a1 th\u1ec3 v\u00e0 \u0111em l\u1ea1i m\u1ed9t s\u1ed1 l\u1ee3i \u00edch s\u1ee9c kh\u1ecfe:<\/span><\/p>\n<ul>\n<li><b><\/b><b> \u00a0 \u00a0 \u00a0 <\/b><span style=\"font-weight: 400\">T\u0103ng c\u01b0\u1eddng mi\u1ec5n d\u1ecbch<\/span><\/li>\n<li><b><\/b><b> \u00a0 \u00a0 \u00a0 <\/b><span style=\"font-weight: 400\">\u0110\u1ea9y m\u1ea1nh qu\u00e1 tr\u00ecnh ti\u00eau h\u00f3a:<\/span><\/li>\n<li><b><\/b><b> \u00a0 \u00a0 \u00a0 <\/b><span style=\"font-weight: 400\">H\u1ed7 tr\u1ee3 ho\u1ea1t \u0111\u1ed9ng\u00a0<\/span><\/li>\n<li><b><\/b><b> \u00a0 \u00a0 \u00a0 <\/b><span style=\"font-weight: 400\">L\u00e0m \u0111\u1eb9p da<\/span><\/li>\n<\/ul>\n<p>S\u1ea3n ph\u1ea9m \u0111\u01b0\u1ee3c nh\u1eadp kh\u1ea9u v\u00e0 ph\u00e2n ph\u1ed1i b\u1edfi Havamall.<\/p>","protected":false},"excerpt":{"rendered":"<ul>\n<li style=\"font-weight: 400\"><span style=\"font-weight: 400\">Khoai t\u00e2y s\u1ea5y l\u00e0 m\u00f3n v\u1eb7t \u0111\u01b0\u1ee3c gi\u1edbi tr\u1ebb \u01b0a chu\u1ed9ng. S\u1ea3n ph\u1ea9m \u0111\u01b0\u1ee3c l\u00e0m t\u1eeb khoai t\u00e2y t\u01b0\u01a1i nguy\u00ean ch\u1ea5t, \u0111\u01b0\u1ee3c c\u1eaft l\u00e1t m\u1ecfng kh\u00f4ng t\u1ea9m \u01b0\u1edbp h\u01b0\u01a1ng v\u1ecb kh\u00e1c, mang \u0111\u1ebfn cho b\u1ea1n nh\u1eefng gi\u00e2y ph\u00fat v\u1eeba th\u01b0\u1edfng th\u1ee9c, v\u1eeba tr\u00f2 chuy\u1ec7n th\u1eadt th\u00fa v\u1ecb b\u00ean b\u1ea1n b\u00e8 v\u00e0 ng\u01b0\u1eddi th\u00e2n.<\/span><\/li>\n<li style=\"font-weight: 400\"><span style=\"font-weight: 400\">Khoai t\u00e2y s\u1ea5y r\u1ea5t th\u00edch h\u1ee3p v\u1edbi ng\u01b0\u1eddi \u0103n chay b\u1edfi nguy\u00ean li\u1ec7u ho\u00e0n to\u00e0n t\u1ef1 nhi\u00ean, kh\u00f4ng s\u1eed d\u1ee5ng GMO, kh\u00f4ng b\u1ed9t ng\u1ecdt, kh\u00f4ng m\u00e0u nh\u00e2n t\u1ea1o, h\u01b0\u01a1ng v\u1ecb ho\u1eb7c ch\u1ea5t b\u1ea3o qu\u1ea3n.\u00a0<\/span><\/li>\n<\/ul>","protected":false},"featured_media":17520,"comment_status":"open","ping_status":"closed","template":"","meta":[],"product_brand":[],"product_cat":[734,36,134],"product_tag":[],"class_list":{"0":"post-17494","1":"product","2":"type-product","3":"status-publish","4":"has-post-thumbnail","6":"product_cat-nhap-khau-uc","7":"product_cat-thuc-pham-tieu-dung","8":"product_cat-thucpham-saykho","9":"pa_brand-dja","11":"first","12":"instock","13":"sale","14":"shipping-taxable","15":"purchasable","16":"product-type-simple"},"_links":{"self":[{"href":"https:\/\/havamall.com\/en\/wp-json\/wp\/v2\/product\/17494","targetHints":{"allow":["GET"]}}],"collection":[{"href":"https:\/\/havamall.com\/en\/wp-json\/wp\/v2\/product"}],"about":[{"href":"https:\/\/havamall.com\/en\/wp-json\/wp\/v2\/types\/product"}],"replies":[{"embeddable":true,"href":"https:\/\/havamall.com\/en\/wp-json\/wp\/v2\/comments?post=17494"}],"version-history":[{"count":0,"href":"https:\/\/havamall.com\/en\/wp-json\/wp\/v2\/product\/17494\/revisions"}],"wp:featuredmedia":[{"embeddable":true,"href":"https:\/\/havamall.com\/en\/wp-json\/wp\/v2\/media\/17520"}],"wp:attachment":[{"href":"https:\/\/havamall.com\/en\/wp-json\/wp\/v2\/media?parent=17494"}],"wp:term":[{"taxonomy":"product_brand","embeddable":true,"href":"https:\/\/havamall.com\/en\/wp-json\/wp\/v2\/product_brand?post=17494"},{"taxonomy":"product_cat","embeddable":true,"href":"https:\/\/havamall.com\/en\/wp-json\/wp\/v2\/product_cat?post=17494"},{"taxonomy":"product_tag","embeddable":true,"href":"https:\/\/havamall.com\/en\/wp-json\/wp\/v2\/product_tag?post=17494"}],"curies":[{"name":"wp","href":"https:\/\/api.w.org\/{rel}","templated":true}]}}