{"id":17569,"date":"2020-12-09T16:48:09","date_gmt":"2020-12-09T09:48:09","guid":{"rendered":"https:\/\/havamall.com\/?post_type=product&#038;p=17569"},"modified":"2021-08-24T16:40:40","modified_gmt":"2021-08-24T09:40:40","slug":"banh-quy-trung-muoi-dai-loan","status":"publish","type":"product","link":"https:\/\/havamall.com\/en\/shop\/banh-quy-trung-muoi-dai-loan\/","title":{"rendered":"B\u00e1nh Quy Tr\u1ee9ng Mu\u1ed1i \u0110\u00e0i Loan H\u1ed9p 180g \u2013 Salted Egg Yolk Malt Sugar Biscuit"},"content":{"rendered":"<table style=\"height: 237px;\" width=\"644\">\n<tbody>\n<tr>\n<td><strong>Th\u01b0\u01a1ng hi\u1ec7u<\/strong><\/td>\n<td>\n<h5>Sheng Tian<\/h5>\n<\/td>\n<\/tr>\n<tr>\n<td><strong>Xu\u1ea5t x\u1ee9<\/strong><\/td>\n<td>\u0110\u00e0i Loan<\/td>\n<\/tr>\n<tr>\n<td><strong>Th\u00e0nh ph\u1ea7n<\/strong><\/td>\n<td>B\u1ed9t m\u00ec, d\u1ea7u th\u1ef1c v\u1eadt (d\u1ea7u c\u1ecd), \u0111\u01b0\u1eddng m\u1ea1ch nha, l\u00f2ng \u0111\u1ecf tr\u1ee9ng mu\u1ed1i,&#8230;<\/td>\n<\/tr>\n<tr>\n<td><strong>H\u1ea1n s\u1eed d\u1ee5ng<\/strong><\/td>\n<td>Xem tr\u00ean bao b\u00ec s\u1ea3n ph\u1ea9m<\/td>\n<\/tr>\n<tr>\n<td><strong>C\u00e1ch s\u1eed d\u1ee5ng<\/strong><\/td>\n<td>\u0102n tr\u1ef1c ti\u1ebfp sau khi m\u1edf bao b\u00ec<\/td>\n<\/tr>\n<tr>\n<td><strong>\u00a0B\u1ea3o qu\u1ea3n<\/strong><\/td>\n<td>B\u1ea3o qu\u1ea3n n\u01a1i kh\u00f4 r\u00e1o, tho\u00e1ng m\u00e1t<\/td>\n<\/tr>\n<tr>\n<td><strong>Kh\u1ed1i l\u01b0\u1ee3ng t\u1ecbnh<\/strong><\/td>\n<td>180gram<\/td>\n<\/tr>\n<\/tbody>\n<\/table>\n<p><span style=\"font-weight: 400;\">B\u00e1nh quy nh\u00e2n tr\u1ee9ng mu\u1ed1i \u0111ang l\u00e0 m\u1ed9t lo\u1ea1i b\u00e1nh r\u1ea5t n\u1ed5i ti\u1ebfng v\u00e0 \u0111\u01b0\u1ee3c s\u0103n l\u00f9ng r\u1ea5t nhi\u1ec1u t\u1eeb gi\u1edbi tr\u1ebb. M\u00f3n b\u00e1nh truy\u1ec1n th\u1ed1ng c\u1ee7a \u0110\u00e0i Loan mang \u0111\u1ebfn m\u1ed9t h\u01b0\u01a1ng v\u1ecb m\u1edbi l\u1ea1, kh\u00f3 c\u01b0\u1ee1ng, g\u00e2y nghi\u1ec7n m\u1ea1nh cho nh\u1eefng ai \u0111\u00e3 th\u1eed qua.<\/span><\/p>\n<p><img fetchpriority=\"high\" decoding=\"async\" class=\"wp-image-17571 aligncenter\" src=\"https:\/\/havamall.com\/wp-content\/uploads\/2020\/12\/e97196a4b83aa3a30b30a0431edc459b-300x300.jpg\" alt=\"\" width=\"336\" height=\"336\" \/><\/p>\n<p><strong>Gi\u1edbi thi\u1ec7u B\u00e1nh Quy Nh\u00e2n Tr\u1ee9ng Mu\u1ed1i<\/strong><\/p>\n<p><span style=\"font-weight: 400;\">B\u00e1nh quy tr\u1ee9ng mu\u1ed1i Taiwan l\u00e0 lo\u1ea1i b\u00e1nh \u0111\u1ecba ph\u01b0\u01a1ng \u1edf \u0110\u00e0i Loan, n\u1ed5i ti\u1ebfng kh\u1eafp khu v\u1ef1c \u00c1 \u0110\u00f4ng. B\u00e1nh mang h\u01b0\u01a1ng v\u1ecb \u0111\u1eb7c tr\u01b0ng kh\u00f3 t\u00ecm th\u1ea5y \u1edf m\u1ed9t lo\u1ea1i b\u00e1nh n\u00e0o kh\u00e1c. N\u1ebfu \u0111\u00e3 tr\u00f3t y\u00eau th\u00edch h\u01b0\u01a1ng v\u1ecb c\u1ee7a tr\u1ee9ng mu\u1ed1i th\u00ec \u0111\u00e2y l\u00e0 lo\u1ea1i b\u00e1nh b\u1ea1n kh\u00f4ng th\u1ec3 b\u1ecf qua.<\/span><\/p>\n<p><span style=\"font-weight: 400;\">B\u00e1nh quy tr\u1ee9ng mu\u1ed1i \u0110\u00e0i Loan v\u1edbi v\u1ecb m\u1eb7n m\u1eb7n, gi\u00f2n gi\u00f2n c\u1ee7a l\u1edbp v\u1ecf b\u00e1nh th\u01a1m ngon, b\u00ean trong l\u00e0 kem m\u1ea1ch nha c\u00f3 v\u1ecb tr\u1ee9ng mu\u1ed1i l\u1ea1 mi\u1ec7ng, h\u1ea5p d\u1eabn ng\u01b0\u1eddi s\u1eed d\u1ee5ng ngay t\u1eeb nh\u1eefng mi\u1ebfng \u0103n \u0111\u1ea7u ti\u00ean.<\/span><\/p>\n<p><img decoding=\"async\" class=\"wp-image-17572 aligncenter\" src=\"https:\/\/havamall.com\/wp-content\/uploads\/2020\/12\/00db7fbba4ce71cf2cedbc2be67da764-300x300.jpg\" alt=\"\" width=\"315\" height=\"315\" \/><\/p>\n<p><span style=\"font-weight: 400;\">Khi \u0103n c\u1eafn t\u1eeb t\u1eeb t\u1eebng mi\u1ebfng nh\u1ecf \u0111\u1ec3 th\u01b0\u1edfng th\u1ee9c, l\u1edbp nh\u00e2n r\u1ea5t d\u1ebbo, r\u1ea5t \u0111\u1eb7c bi\u1ec7t, v\u00e0 \u0111\u01b0\u01a1ng nhi\u00ean l\u00e0 c\u1ef1c k\u00ec ngon s\u1ebd g\u00e2y nghi\u1ec7n c\u1ea5p \u0111\u1ed9 cao nh\u1ea5t.\u00a0<\/span><\/p>\n<p><span style=\"font-weight: 400;\">B\u00e1nh c\u00f3 th\u00e0nh ph\u1ea7n t\u1eeb: b\u1ed9t m\u00ec, d\u1ea7u th\u1ef1c v\u1eadt (d\u1ea7u c\u1ecd), \u0111\u01b0\u1eddng m\u1ea1ch nha, l\u00f2ng \u0111\u1ecf tr\u1ee9ng mu\u1ed1i,&#8230;<\/span><\/p>\n<p><span style=\"font-weight: 400;\">Th\u00e0nh ph\u1ea7n d\u1ea7u c\u1ecd c\u00f3 trong b\u00e1nh ch\u1ee9a vitamin E t\u1ed1t cho s\u1ee9c kh\u1ecfe, l\u00e0m s\u00e1ng m\u1eaft. D\u1ea7u c\u1ecd gi\u1eef cho b\u00e1nh \u0111\u01b0\u1ee3c t\u01b0\u01a1i ngon v\u00e0 gi\u00f2n l\u00e2u h\u01a1n. Ngon n\u1ee9c v\u1edbi h\u01b0\u01a1ng v\u1ecb \u0111\u1eb7c tr\u01b0ng, \u0111\u01b0\u1ee3c kh\u00e1ch du l\u1ecbch \u01b0a chu\u1ed9ng mua v\u1ec1 bi\u1ebfu t\u1eb7ng m\u1ed7i d\u1ecbp gh\u00e9 \u0110\u00e0i Loan.<img decoding=\"async\" class=\"wp-image-17573 aligncenter\" src=\"https:\/\/havamall.com\/wp-content\/uploads\/2020\/12\/banh-quy-trung-muoi-dai-loan-salted-egg-yolk-malt-sugar-biscut-500g-07-213x300.jpg\" alt=\"\" width=\"311\" height=\"438\" \/><\/span><\/p>\n<p><span style=\"font-weight: 400;\">V\u1edbi quy c\u00e1ch \u0111\u00f3ng g\u00f3i b\u1eb1ng h\u1ed9p \u0111\u1eb9p m\u1eaft, s\u1ebd r\u1ea5t ti\u1ec7n l\u1ee3i cho vi\u1ec7c l\u00e0m qu\u00e0 t\u1eb7ng b\u1ea1n b\u00e8, gia \u0111\u00ecnh hay \u0111\u1ed1i t\u00e1c v\u00e0o c\u00e1c d\u1ecbp quan tr\u1ecdng hay l\u1ec5, T\u1ebft.\u00a0<\/span><\/p>\n<p><strong>S\u1eed d\u1ee5ng v\u00e0 b\u1ea3o qu\u1ea3n:<\/strong><\/p>\n<p><span style=\"font-weight: 400;\">Th\u01b0\u1edfng th\u1ee9c b\u00e1nh quy \u0110\u00e0i Loan v\u1edbi 1 t\u00e1ch tr\u00e0 n\u00f3ng l\u00e0 tuy\u1ec7t v\u1eddi nh\u1ea5t, v\u1eeba t\u0103ng th\u00eam h\u01b0\u01a1ng v\u1ecb th\u01a1m ngon c\u1ee7a b\u00e1nh, v\u1eeba gi\u00fap \u0103n kh\u00f4ng b\u1ecb ng\u1ea5y.<\/span><\/p>\n<p><span style=\"font-weight: 400;\">L\u00e0m qu\u00e0 bi\u1ebfu t\u1eb7ng trong nh\u1eefng d\u1ecbp \u0111\u1eb7c bi\u1ec7t.<\/span><\/p>\n<p><span style=\"font-weight: 400;\">S\u1eed d\u1ee5ng b\u00e1nh tr\u1ee9ng mu\u1ed1i trong c\u00e1c bu\u1ed5i l\u1ec5, li\u00ean hoan, t\u1ee5 t\u1eadp b\u1ea1n b\u00e8 l\u00e0 \u0111i\u1ec1u v\u00f4 c\u00f9ng l\u00fd th\u00fa.<\/span><\/p>\n<p><span style=\"font-weight: 400;\">B\u1ea3o qu\u1ea3n n\u01a1i kh\u00f4 r\u00e1o, tr\u00e1nh \u1ea9m, \u00e1nh n\u1eafng tr\u1ef1c ti\u1ebfp.<\/span><\/p>\n<p>&gt; <strong>B\u00e1nh \u0111\u01b0\u1ee3c nh\u1eadp kh\u1ea9u tr\u1ef1c ti\u1ebfp t\u1eeb \u0110\u00e0i Loan v\u00e0 \u0111\u01b0\u1ee3c b\u00e1n t\u1ea1i Havamall.<\/strong><\/p>","protected":false},"excerpt":{"rendered":"<ul>\n<li><span style=\"font-weight: 400;\">Th\u00e0nh ph\u1ea7n d\u1ea7u c\u1ecd c\u00f3 trong b\u00e1nh ch\u1ee9a vitamin E t\u1ed1t cho s\u1ee9c kh\u1ecfe, l\u00e0m s\u00e1ng m\u1eaft. D\u1ea7u c\u1ecd gi\u1eef cho b\u00e1nh \u0111\u01b0\u1ee3c t\u01b0\u01a1i ngon v\u00e0 gi\u00f2n l\u00e2u h\u01a1n.<\/span><\/li>\n<li><span style=\"font-weight: 400;\">B\u00e1nh quy tr\u1ee9ng mu\u1ed1i \u0110\u00e0i Loan v\u1edbi v\u1ecb m\u1eb7n m\u1eb7n, gi\u00f2n gi\u00f2n c\u1ee7a l\u1edbp v\u1ecf b\u00e1nh th\u01a1m ngon, b\u00ean trong l\u00e0 kem m\u1ea1ch nha c\u00f3 v\u1ecb tr\u1ee9ng mu\u1ed1i l\u1ea1 mi\u1ec7ng.<\/span><\/li>\n<li><span style=\"font-weight: 400;\">Ti\u1ec7n l\u1ee3i cho vi\u1ec7c l\u00e0m qu\u00e0 t\u1eb7ng b\u1ea1n b\u00e8, gia \u0111\u00ecnh hay \u0111\u1ed1i t\u00e1c v\u00e0o c\u00e1c d\u1ecbp quan tr\u1ecdng hay l\u1ec5, T\u1ebft.<\/span><\/li>\n<\/ul>","protected":false},"featured_media":17547,"comment_status":"open","ping_status":"closed","template":"","meta":[],"product_brand":[],"product_cat":[133],"product_tag":[],"class_list":{"0":"post-17569","1":"product","2":"type-product","3":"status-publish","4":"has-post-thumbnail","6":"product_cat-banh-keo-chocolate","8":"first","9":"outofstock","10":"sale","11":"shipping-taxable","12":"purchasable","13":"product-type-simple"},"_links":{"self":[{"href":"https:\/\/havamall.com\/en\/wp-json\/wp\/v2\/product\/17569","targetHints":{"allow":["GET"]}}],"collection":[{"href":"https:\/\/havamall.com\/en\/wp-json\/wp\/v2\/product"}],"about":[{"href":"https:\/\/havamall.com\/en\/wp-json\/wp\/v2\/types\/product"}],"replies":[{"embeddable":true,"href":"https:\/\/havamall.com\/en\/wp-json\/wp\/v2\/comments?post=17569"}],"version-history":[{"count":0,"href":"https:\/\/havamall.com\/en\/wp-json\/wp\/v2\/product\/17569\/revisions"}],"wp:featuredmedia":[{"embeddable":true,"href":"https:\/\/havamall.com\/en\/wp-json\/wp\/v2\/media\/17547"}],"wp:attachment":[{"href":"https:\/\/havamall.com\/en\/wp-json\/wp\/v2\/media?parent=17569"}],"wp:term":[{"taxonomy":"product_brand","embeddable":true,"href":"https:\/\/havamall.com\/en\/wp-json\/wp\/v2\/product_brand?post=17569"},{"taxonomy":"product_cat","embeddable":true,"href":"https:\/\/havamall.com\/en\/wp-json\/wp\/v2\/product_cat?post=17569"},{"taxonomy":"product_tag","embeddable":true,"href":"https:\/\/havamall.com\/en\/wp-json\/wp\/v2\/product_tag?post=17569"}],"curies":[{"name":"wp","href":"https:\/\/api.w.org\/{rel}","templated":true}]}}