{"id":17677,"date":"2020-12-25T16:40:18","date_gmt":"2020-12-25T09:40:18","guid":{"rendered":"https:\/\/havamall.com\/?post_type=product&#038;p=17677"},"modified":"2025-05-23T14:14:57","modified_gmt":"2025-05-23T07:14:57","slug":"pate-thit-heo-pate-pork-luncheon-meat-fiambre-jean-floch-400g","status":"publish","type":"product","link":"https:\/\/havamall.com\/en\/shop\/pate-thit-heo-pate-pork-luncheon-meat-fiambre-jean-floch-400g\/","title":{"rendered":"Pate Th\u1ecbt Heo-Pate Pork Luncheon Meat Fiambre Jean Floc&#8217;h 400G"},"content":{"rendered":"<table style=\"height: 237px;\" width=\"644\">\n<tbody>\n<tr>\n<td>Th\u01b0\u01a1ng hi\u1ec7u<\/td>\n<td>Jean Floc&#8217;H<\/td>\n<\/tr>\n<tr>\n<td>Xu\u1ea5t x\u1ee9<\/td>\n<td>Ph\u00e1p<\/td>\n<\/tr>\n<tr>\n<td>Th\u00e0nh ph\u1ea7n<\/td>\n<td>Th\u1ecbt heo, th\u1ecbt mu\u1ed1i, n\u01b0\u1edbc,&#8230;<\/td>\n<\/tr>\n<tr>\n<td>H\u1ea1n s\u1eed d\u1ee5ng<\/td>\n<td>4 n\u0103m k\u1ec3 t\u1eeb ng\u00e0y s\u1ea3n xu\u1ea5t<\/td>\n<\/tr>\n<tr>\n<td>C\u00e1ch s\u1eed d\u1ee5ng<\/td>\n<td>D\u00f9ng \u0103n tr\u1ef1c ti\u1ebfp, s\u1eed d\u1ee5ng ngay khi m\u1edf n\u1eafp ra<\/td>\n<\/tr>\n<tr>\n<td>\u00a0B\u1ea3o qu\u1ea3n<\/td>\n<td>B\u1ea3o qu\u1ea3n n\u01a1i kh\u00f4 r\u00e1o, tho\u00e1ng m\u00e1t<\/td>\n<\/tr>\n<tr>\n<td>Kh\u1ed1i l\u01b0\u1ee3ng t\u1ecbnh<\/td>\n<td>400gram<\/td>\n<\/tr>\n<\/tbody>\n<\/table>\n<p><span style=\"font-weight: 400;\">Pate gan heo \u201cPork Luchcheon Meat Flambre\u201d hi\u1ec7u Jean Floc\u2019H \u0111\u01b0\u1ee3c nh\u1eadp kh\u1ea9u tr\u1ef1c ti\u1ebfp t\u1eeb Ph\u00e1p, mang \u0111\u00fang v\u1ecb chu\u1ea9n pate Ph\u00e1p, s\u1ea3n ph\u1ea9m \u0111\u01b0\u1ee3c s\u1ea3n xu\u1ea5t tr\u00ean d\u00e2y chuy\u1ec1n hi\u1ec7n \u0111\u1ea1i, \u0111\u1ea3m b\u1ea3o an to\u00e0n v\u1ec7 sinh th\u1ef1c ph\u1ea9m.<\/span><span style=\"font-weight: 400;\"><br \/>\n<\/span><span style=\"font-weight: 400;\">Pate gan heo l\u00e0 m\u00f3n \u0103n c\u00f3 ngu\u1ed3n g\u1ed1c t\u1eeb Ph\u00e1p v\u00e0 \u0111\u00e3 \u0111\u01b0\u1ee3c r\u1ea5t nhi\u1ec1u qu\u1ed1c gia \u01b0a chu\u1ed9ng, Vi\u1ec7t Nam l\u00e0 m\u1ed9t trong nh\u1eefng qu\u1ed1c gia y\u00eau th\u00edch m\u00f3n n\u00e0y.<br \/>\n<img fetchpriority=\"high\" decoding=\"async\" class=\"aligncenter\" src=\"https:\/\/havamall.com\/wp-content\/uploads\/2020\/12\/b8405ad39c79c6415a9f188a2b6c52ed.jpg\" alt=\"Pate Gan G\u00e0 pate de foie de Volaille 78gr | Tiki\" width=\"629\" height=\"444\" \/><\/span><\/p>\n<p><span style=\"font-weight: 400;\">M\u00f3n n\u00e0y th\u01b0\u1eddng \u0111\u01b0\u1ee3c \u0103n k\u00e8m v\u1edbi b\u00e1nh m\u00ec, x\u00f4i n\u00f3ng cho b\u1eefa s\u00e1ng ho\u1eb7c nh\u1eefng b\u1eefa \u0103n nh\u1eb9 \u0111\u1ec3 l\u1ea5y l\u1ea1i s\u1ee9c kh\u1ecfe cho c\u00f4ng vi\u1ec7c, h\u1ecdc t\u1eadp.<br \/>\n<img decoding=\"async\" class=\"aligncenter\" src=\"https:\/\/havamall.com\/wp-content\/uploads\/2020\/12\/db3d6e90345fa1d8b9fd4a66ecf03225.jpg\" alt=\"Pat\u00ea Th\u1ecbt G\u00e0 T\u00e2y - Chicken Luncheon Meat 400gr | Tiki\" width=\"629\" height=\"472\" \/><\/span><\/p>\n<p><span style=\"font-weight: 400;\">Ngo\u00e0i ra ch\u00fang ta c\u0169ng c\u00f3 th\u1ec3 chi\u00ean Pate \u0111\u1ec3 \u0103n k\u00e8m v\u1edbi b\u00e1nh m\u00ec, s\u1ebd l\u00e0m Pate d\u1eady m\u00f9i h\u01a1n \u0103n k\u00e8m th\u00eam m\u1ed9t \u00edt rau xanh ch\u00fang ta s\u1ebd c\u00f3 m\u1ed9t b\u1eefa \u0103n tuy\u1ec7t v\u1eddi.<br \/>\n<img decoding=\"async\" class=\"aligncenter\" src=\"https:\/\/havamall.com\/wp-content\/uploads\/2020\/12\/gan-l\u00e0m-pate-ph\u1ea3i-ng\u00e2m-s\u1eefa-t\u01b0\u01a1i3.jpg\" alt=\"gan l\u00e0m pate ph\u1ea3i ng\u00e2m s\u1eefa t\u01b0\u01a1i3 - M\u00e1y ch\u1ebf bi\u1ebfn th\u1ef1c ph\u1ea9m - C\u01a1 Kh\u00ed Vi\u1ec5n \u0110\u00f4ng M\u00e1y ch\u1ebf bi\u1ebfn th\u1ef1c ph\u1ea9m \u2013 C\u01a1 Kh\u00ed Vi\u1ec5n \u0110\u00f4ng\" width=\"647\" height=\"431\" \/><\/span><\/p>\n<p><span style=\"font-weight: 400;\">Pate c\u0169ng c\u00f3 th\u1ec3 nh\u1ed3i \u0111\u1ec3 l\u00e0m l\u1ea1p x\u01b0\u1edfng s\u1ebd t\u1ea1o cho b\u1ea1n m\u1ed9t c\u1ea3m gi\u00e1c m\u1edbi l\u1ea1 v\u00e0 h\u1ea5p d\u1eabn kh\u00f4ng k\u00e9m khi \u0103n theo ki\u1ec3u truy\u1ec1n th\u1ed1ng.<br \/>\n<img loading=\"lazy\" decoding=\"async\" class=\"aligncenter\" src=\"https:\/\/havamall.com\/wp-content\/uploads\/2020\/12\/saucisse_toulouse.jpg\" alt=\"Fresh | Jean Floc\" width=\"647\" height=\"486\" \/><\/span><\/p>\n<h4><strong>Th\u00e0nh ph\u1ea7n dinh d\u01b0\u1ee1ng c\u00f3 trong pate:\u00a0<\/strong><\/h4>\n<p><span style=\"font-weight: 400;\">&#8211; Theo nghi\u00ean c\u1ee9u c\u1ee7a c\u00e1c nh\u00e0 khoa h\u1ecdc, gan l\u00e0 m\u1ed9t th\u1ef1c ph\u1ea9m gi\u00e0u dinh d\u01b0\u1ee1ng, c\u00f3 \u0111\u1ed9 \u0111\u1ea1m cao v\u00e0 ch\u1ee9a nhi\u1ec1u c\u00e1c ch\u1ea5t dinh d\u01b0\u1ee1ng c\u1ea7n thi\u1ebft cho c\u01a1 th\u1ec3. Trong \u0111\u00f3, l\u01b0\u1ee3ng vitamin A c\u00f3 trong gan heo cao h\u01a1n nhi\u1ec1u so v\u1edbi th\u1ecbt, c\u00e1, tr\u1ee9ng, s\u1eefa\u2026<\/span><span style=\"font-weight: 400;\"><br \/>\n<\/span><span style=\"font-weight: 400;\">&#8211; Trong 100g pate c\u00f3 ch\u1ee9a 319 kilo calo, 1.5g cacbohydrate, 14g protein v\u00e0 r\u1ea5t nhi\u1ec1u d\u01b0\u1ee1ng ch\u1ea5t kh\u00e1c<br \/>\n<img loading=\"lazy\" decoding=\"async\" class=\"aligncenter\" src=\"https:\/\/havamall.com\/wp-content\/uploads\/2020\/12\/pate_croute_de_jambon_persille.jpg\" alt=\"Le meilleur p\u00e2t\u00e9 en cro\u00fbte du monde est-il fabriqu\u00e9 \u00e0 Besan\u00e7on ? \u2022 macommune.info\" width=\"604\" height=\"453\" \/><\/span><\/p>\n<h4><strong>Nh\u1eefng l\u01b0u \u00fd khi \u0103n pate<\/strong><\/h4>\n<p><span style=\"font-weight: 400;\">&#8211; Ph\u1ee5 n\u1eef c\u00f3 thai n\u00ean h\u1ea1n ch\u1ebf ho\u1eb7c ch\u1ec9 n\u00ean \u0103n pate 1-2 l\u1ea7n\/tu\u1ea7n \u0111\u1ec3 tr\u00e1nh nh\u1eefng v\u1ea5n \u0111\u1ec1 kh\u00f4ng t\u1ed1t v\u1ec1 s\u1ee9c kh\u1ecfe cho m\u1eb9 v\u00e0 thai nhi.<\/span><\/p>\n<p><span style=\"font-weight: 400;\">&#8211; Ng\u01b0\u1eddi b\u1ec7nh cao huy\u1ebft \u00e1p ch\u1ec9 n\u00ean \u0103n pate 1 l\u1ea7n\/tu\u1ea7n v\u00ec trong pate c\u00f3 h\u00e0m l\u01b0\u1ee3ng cholesterol cao, n\u1ebfu \u0103n nhi\u1ec1u c\u00f3 th\u1ec3 g\u00e2y hi\u1ec7n t\u01b0\u1ee3ng x\u01a1 v\u1eefa \u0111\u1ed9ng m\u1ea1ch v\u00e0 l\u00e0m b\u1ec7nh tim n\u1eb7ng h\u01a1n.<\/span><\/p>\n<p><span style=\"font-weight: 400;\">&#8211; \u0102n pate b\u1ea3o \u0111\u1ea3m ngu\u1ed3n g\u1ed1c, c\u00f3 th\u01b0\u01a1ng hi\u1ec7u v\u00e0 xu\u1ea5t x\u1ee9 r\u00f5 r\u00e0ng, kh\u00f4ng \u0103n s\u1ea3n ph\u1ea9m h\u1ebft h\u1ea1n ho\u1eb7c s\u1ea3n ph\u1ea9m \u0111\u00e3 b\u1ea3o qu\u1ea3n qu\u00e1 l\u00e2u.<\/span><\/p>\n<p><span style=\"font-weight: 400;\">&#8211; \u0110\u1ed1i v\u1edbi pate t\u1ef1 l\u00e0m c\u1ea7n ph\u1ea3i k\u1ef9 l\u01b0\u1ee1ng trong kh\u00e2u ch\u1ecdn nguy\u00ean li\u1ec7u gan \u0111\u1ed9ng v\u1eadt, c\u1ea7n ph\u1ea3i s\u01a1 ch\u1ebf v\u00e0 ch\u1ebf bi\u1ebfn th\u1eadt k\u1ef9 gan tr\u01b0\u1edbc khi l\u00e0m pate nh\u01b0 r\u1eeda n\u01b0\u1edbc mu\u1ed1i,ng\u00e2m s\u1eefa t\u01b0\u01a1i \u0111\u1ec3 l\u00e0m s\u1ea1ch.<\/span><\/p>\n<h4><strong>Th\u00e0nh ph\u1ea7n:\u00a0<\/strong><\/h4>\n<p><span style=\"font-weight: 400;\">-Th\u1ecbt heo th\u1ecbt xay nhuy\u1ec5n, th\u1ecbt mu\u1ed1i th\u1ecbt<\/span><\/p>\n<p><span style=\"font-weight: 400;\">&#8211; N\u01b0\u1edbc<\/span><\/p>\n<p><span style=\"font-weight: 400;\">&#8211; Mu\u1ed1i<\/span><\/p>\n<p><span style=\"font-weight: 400;\">&#8211; Gan, t\u00f3p m\u1ee1, n\u01b0\u1edbc, huy\u1ebft t\u01b0\u01a1ng l\u1ee3n<\/span><\/p>\n<p><span style=\"font-weight: 400;\">&#8211; B\u1ed9t v\u00e0 tinh b\u1ed9t l\u00faa m\u00ec, mu\u1ed1i, h\u01b0\u01a1ng ti\u00eau t\u1ef1 nhi\u00ean.<br \/>\n<img loading=\"lazy\" decoding=\"async\" class=\"aligncenter\" src=\"https:\/\/havamall.com\/wp-content\/uploads\/2020\/12\/pate-gan.jpg\" alt=\"Nhanh - Ngon] v\u1edbi c\u00e1ch l\u00e0m pate gan heo th\u01a1m ngon\" width=\"626\" height=\"417\" \/><\/span><\/p>\n<h4><strong>H\u01b0\u1edbng d\u1eabn s\u1eed d\u1ee5ng:\u00a0<\/strong><\/h4>\n<p><span style=\"font-weight: 400;\">D\u00f9ng \u0103n tr\u1ef1c ti\u1ebfp, s\u1eed d\u1ee5ng ngay sau khi m\u1edf.<br \/>\n<img loading=\"lazy\" decoding=\"async\" class=\"aligncenter\" src=\"https:\/\/havamall.com\/wp-content\/uploads\/2020\/12\/pork-jean.jpg\" alt=\"PATE TH\u1ecaT HEO JEAN FLOC\" width=\"626\" height=\"626\" \/><\/span><\/p>\n<h4><strong>H\u01b0\u1edbng d\u1eabn b\u1ea3o qu\u1ea3n:\u00a0<\/strong><\/h4>\n<p><span style=\"font-weight: 400;\">B\u1ea3o qu\u1ea3n n\u01a1i kh\u00f4 r\u00e1o v\u00e0 tho\u00e1ng m\u00e1t. S\u1eed d\u1ee5ng nhanh v\u00e0 b\u1ea3o qu\u1ea3n l\u1ea1nh t\u1eeb 0-4 oC sau khi m\u1edf.<\/span><\/p>\n<p><span style=\"font-weight: 400;\">S\u1ea3n ph\u1ea9m \u0111\u01b0\u1ee3c nh\u1eadp kh\u1ea9u tr\u1ef1c ti\u1ebfp t\u1eeb Ph\u00e1p v\u00e0 ph\u00e2n ph\u1ed1i t\u1ea1i Havamall<\/span><\/p>","protected":false},"excerpt":{"rendered":"<p><span style=\"font-weight: 400;\">Pate gan heo \u201cPork Luchcheon Meat Flambre\u201d hi\u1ec7u Jean Floc\u2019H \u0111\u01b0\u1ee3c nh\u1eadp kh\u1ea9u tr\u1ef1c ti\u1ebfp t\u1eeb Ph\u00e1p, mang \u0111\u00fang v\u1ecb chu\u1ea9n pate Ph\u00e1p.<br \/>\n<\/span><span style=\"font-weight: 400;\">S\u1ea3n ph\u1ea9m \u0111\u01b0\u1ee3c s\u1ea3n xu\u1ea5t tr\u00ean d\u00e2y chuy\u1ec1n hi\u1ec7n \u0111\u1ea1i, \u0111\u1ea3m b\u1ea3o an to\u00e0n v\u1ec7 sinh th\u1ef1c ph\u1ea9m.<\/span><span style=\"font-weight: 400;\"><br \/>\n<\/span><span style=\"font-weight: 400;\">Pate gan heo l\u00e0 m\u00f3n \u0103n c\u00f3 ngu\u1ed3n g\u1ed1c t\u1eeb Ph\u00e1p v\u00e0 \u0111\u00e3 \u0111\u01b0\u1ee3c r\u1ea5t nhi\u1ec1u qu\u1ed1c gia \u01b0a chu\u1ed9ng, Vi\u1ec7t Nam l\u00e0 m\u1ed9t trong nh\u1eefng qu\u1ed1c gia y\u00eau th\u00edch m\u00f3n n\u00e0y.<br \/>\n<\/span><span style=\"font-weight: 400;\">Pate <\/span><span style=\"font-weight: 400;\">Pork Luncheon Meat Fiambre Jean Floc&#8217;h nguy\u00ean li\u1ec7u tuy\u1ec7t v\u1eddi cho b\u1eefa \u0103n c\u1ee7a gia \u0111\u00ecnh b\u1ea1n.<\/span><\/p>","protected":false},"featured_media":17692,"comment_status":"open","ping_status":"closed","template":"","meta":[],"product_brand":[],"product_cat":[723,36,143],"product_tag":[],"class_list":{"0":"post-17677","1":"product","2":"type-product","3":"status-publish","4":"has-post-thumbnail","6":"product_cat-nhap-khau-phap","7":"product_cat-thuc-pham-tieu-dung","8":"product_cat-thuc-pham-dong-hop","9":"pa_brand-jean-floch","11":"first","12":"outofstock","13":"sale","14":"shipping-taxable","15":"purchasable","16":"product-type-simple"},"_links":{"self":[{"href":"https:\/\/havamall.com\/en\/wp-json\/wp\/v2\/product\/17677","targetHints":{"allow":["GET"]}}],"collection":[{"href":"https:\/\/havamall.com\/en\/wp-json\/wp\/v2\/product"}],"about":[{"href":"https:\/\/havamall.com\/en\/wp-json\/wp\/v2\/types\/product"}],"replies":[{"embeddable":true,"href":"https:\/\/havamall.com\/en\/wp-json\/wp\/v2\/comments?post=17677"}],"version-history":[{"count":0,"href":"https:\/\/havamall.com\/en\/wp-json\/wp\/v2\/product\/17677\/revisions"}],"wp:featuredmedia":[{"embeddable":true,"href":"https:\/\/havamall.com\/en\/wp-json\/wp\/v2\/media\/17692"}],"wp:attachment":[{"href":"https:\/\/havamall.com\/en\/wp-json\/wp\/v2\/media?parent=17677"}],"wp:term":[{"taxonomy":"product_brand","embeddable":true,"href":"https:\/\/havamall.com\/en\/wp-json\/wp\/v2\/product_brand?post=17677"},{"taxonomy":"product_cat","embeddable":true,"href":"https:\/\/havamall.com\/en\/wp-json\/wp\/v2\/product_cat?post=17677"},{"taxonomy":"product_tag","embeddable":true,"href":"https:\/\/havamall.com\/en\/wp-json\/wp\/v2\/product_tag?post=17677"}],"curies":[{"name":"wp","href":"https:\/\/api.w.org\/{rel}","templated":true}]}}