{"id":17971,"date":"2021-01-21T15:49:50","date_gmt":"2021-01-21T08:49:50","guid":{"rendered":"https:\/\/havamall.com\/?post_type=product&#038;p=17971"},"modified":"2021-06-24T15:24:21","modified_gmt":"2021-06-24T08:24:21","slug":"hat-macca-thai-bon-180g","status":"publish","type":"product","link":"https:\/\/havamall.com\/en\/shop\/hat-macca-thai-bon-180g\/","title":{"rendered":"H\u1ea1t Macca Th\u00e1i Bon 180g"},"content":{"rendered":"<table>\n<tbody>\n<tr>\n<td>Th\u01b0\u01a1ng hi\u1ec7u<\/td>\n<td>Th\u00e1i Bon<\/td>\n<\/tr>\n<tr>\n<td>Xu\u1ea5t x\u1ee9<\/td>\n<td>Vi\u1ec7t Nam<\/td>\n<\/tr>\n<tr>\n<td>Th\u00e0nh ph\u1ea7n<\/td>\n<td>H\u1ea1t macca<\/td>\n<\/tr>\n<tr>\n<td>H\u1ea1n s\u1eed d\u1ee5ng<\/td>\n<td>12 th\u00e1ng k\u1ec3 t\u1eeb ng\u00e0y s\u1ea3n xu\u1ea5t.<\/td>\n<\/tr>\n<tr>\n<td>B\u1ea3o qu\u1ea3n<\/td>\n<td>\u0110\u1ec3 n\u01a1i kh\u00f4 r\u00e1o, tho\u00e1ng m\u00e1t, tr\u00e1nh \u00e1nh n\u1eafng tr\u1ef1c ti\u1ebfp<\/td>\n<\/tr>\n<tr>\n<td>Kh\u1ed1i l\u01b0\u1ee3ng t\u1ecbnh<\/td>\n<td>180g<\/td>\n<\/tr>\n<\/tbody>\n<\/table>\n<p><span style=\"font-weight: 400\">H\u1ea1t Macca Th\u00e1i Bon \u0111\u01b0\u1ee3c s\u1ea5y t\u00e1ch n\u1ee9t v\u1ecf gi\u00fap gi\u1eef v\u1ecb ng\u1ecdt thanh, t\u01b0\u01a1i b\u00e9o t\u1ef1 nhi\u00ean m\u00e0 v\u1eabn gi\u1eef \u0111\u01b0\u1ee3c gi\u00e1 tr\u1ecb dinh d\u01b0\u1ee1ng c\u1ee7a h\u1ea1t. Kh\u00f4ng ng\u1eabu nhi\u00ean m\u00e0 ng\u01b0\u1eddi ta \u0111\u1eb7t cho Macca m\u1ed9t c\u00e1i t\u00ean h\u1ebft s\u1ee9c ki\u00eau l\u00e0 \u201cho\u00e0ng h\u1eadu c\u1ee7a c\u00e1c lo\u1ea1i qu\u1ea3 kh\u00f4\u201d. S\u1ef1 \u01b0u \u00e1i \u0111\u00f3 b\u1eaft ngu\u1ed3n t\u1eeb gi\u00e1 tr\u1ecb dinh d\u01b0\u1ee1ng d\u1ed3i d\u00e0o v\u00e0 v\u1ecb th\u01a1m b\u00f9i ng\u1ecdt t\u1ef1 nhi\u00ean m\u00e0 kh\u00f3 c\u00f3 lo\u1ea1i h\u1ea1t n\u00e0o c\u00f3 th\u1ec3 s\u00e1nh \u0111\u01b0\u1ee3c.<\/span><\/p>\n<p><img fetchpriority=\"high\" decoding=\"async\" class=\"aligncenter\" src=\"https:\/\/havamall.com\/wp-content\/uploads\/2021\/01\/28-1200x676.jpg\" alt=\"H\u1ea1t macca l\u00e0 g\u00ec? H\u1ea1t macca c\u00f3 t\u00e1c d\u1ee5ng g\u00ec \u0111\u1ed1i v\u1edbi s\u1ee9c kh\u1ecfe ch\u00fang ta\" width=\"654\" height=\"369\" \/><\/p>\n<p><span style=\"font-weight: 400\">M\u1ed9t kh\u1ea9u ph\u1ea7n \u0103n h\u1ea1t macca (kho\u1ea3ng 28 gram) ch\u1ee9a t\u1edbi 201 calo v\u00e0 c\u00f3 t\u1edbi 21 gram ch\u1ea5t b\u00e9o, trong \u0111\u00f3 ch\u1ec9 c\u00f3 3 gram ch\u1ea5t b\u00e9o b\u00e3o h\u00f2a c\u00f2n l\u1ea1i l\u00e0 c\u00e1c ch\u1ea5t b\u00e9o kh\u00f4ng b\u00e3o h\u00f2a. H\u1ea1t m\u1eafc ca kh\u00f4ng ch\u1ee9a cholesterol v\u00e0 h\u00e0m l\u01b0\u1ee3ng natri trong h\u1ea1t th\u00ec kh\u00f4ng \u0111\u00e1ng k\u1ec3 trong khi c\u00e1c d\u01b0\u1ee1ng ch\u1ea5t kh\u00e1c nh\u01b0 s\u1eaft, magie, ph\u1ed1t pho hay vitamin B6 l\u1ea1i r\u1ea5t d\u1ed3i d\u00e0o. V\u1eady n\u00ean macca m\u1edbi \u0111\u01b0\u1ee3c coi l\u00e0 m\u1ed9t m\u00f3n \u0103n v\u1eb7t l\u00e0nh m\u1ea1nh.<\/span><\/p>\n<p><img decoding=\"async\" class=\"aligncenter\" src=\"https:\/\/havamall.com\/wp-content\/uploads\/2021\/01\/mac2-1547786460299922863141-1547786492402109006202.png\" alt=\"3 m\u00f3n ngon c\u00f3 th\u1ec3 l\u00e0m v\u1edbi h\u1ea1t m\u1eafc ca | VnEconomy\" width=\"650\" height=\"613\" \/><\/p>\n<p><span style=\"font-weight: 400\">Tuy l\u00e0 m\u1ed9t lo\u1ea1i h\u1ea1t r\u1ea5t t\u1ed1t cho s\u1ee9c kh\u1ecfe nh\u01b0ng m\u1ee9c gi\u00e1 c\u1ee7a c\u00e1c s\u1ea3n ph\u1ea9m Macca v\u1eabn c\u00f2n kh\u00e1 cao so v\u1edbi m\u1eb7t b\u1eb1ng thu nh\u1eadp chung c\u1ee7a ng\u01b0\u1eddi Vi\u1ec7t. N\u1eafm b\u1eaft \u0111\u01b0\u1ee3c nhu c\u1ea7u ng\u00e0y c\u00e0ng cao c\u1ee7a lo\u1ea1i h\u1ea1t n\u00e0y tr\u00ean th\u1ecb tr\u01b0\u1eddng, H\u1ea1t macca Th\u00e1i Bon \u0111\u00e3 mang l\u1ea1i cho ng\u01b0\u1eddi ti\u00eau d\u00f9ng Vi\u1ec7t Nam m\u1ed9t ngu\u1ed3n Macca ch\u1ea5t l\u01b0\u1ee3ng, \u0111\u1ea3m b\u1ea3o dinh d\u01b0\u1ee1ng nh\u01b0ng gi\u00e1 c\u1ea3 lu\u00f4n \u1ed5n \u0111\u1ecbnh.<\/span><\/p>\n<p><img decoding=\"async\" class=\"aligncenter\" src=\"https:\/\/havamall.com\/wp-content\/uploads\/2021\/01\/hat-macca.jpg\" alt=\"h\u1ea1t macca t\u00e2y nguy\u00ean ho\u00e0ng h\u1eadu 1kg - S\u1ea3n ph\u1ea9m Vi\u1ec7t - Tr\u01b0\u1eddng Giang\" width=\"649\" height=\"439\" \/><\/p>\n<h4><strong>C\u00f4ng d\u1ee5ng c\u1ee7a h\u1ea1t macca:<\/strong><\/h4>\n<p><span style=\"font-weight: 400\">&#8211; D\u00f9ng m\u1eafc ca th\u01b0\u1eddng xuy\u00ean gi\u00fap t\u0103ng c\u01b0\u1eddng h\u1ec7 mi\u1ec5n d\u1ecbch, t\u0103ng c\u00e1c cholesterol t\u1ed1t ( HDL ) v\u00e0 gi\u1ea3m c\u00e1c cholesterol x\u1ea5u.<\/span><\/p>\n<p><span style=\"font-weight: 400\">&#8211; M\u1eafc ca cung c\u1ea5p ngu\u1ed3n ch\u1ea5t \u0111\u1ea1m th\u1ef1c v\u1eadt phong ph\u00fa, cung c\u1ea5p n\u0103ng l\u01b0\u1ee3ng v\u00e0 gi\u00fap kh\u1ecfe t\u00f3c, \u0111\u1eb9p da&#8230;<\/span><\/p>\n<p><span style=\"font-weight: 400\">&#8211; M\u1eafc ca gi\u00fap gi\u1ea3m c\u00e2n, nhu\u1eadn tr\u00e0ng, ch\u1ea5t x\u01a1 c\u00f2n c\u00f3 l\u1ee3i cho h\u1ec7 ti\u00eau h\u00f3a, s\u1ea1ch ru\u1ed9t, c\u00e2n b\u1eb1ng vi khu\u1ea9n \u0111\u01b0\u1eddng ru\u1ed9t v\u00e0 ch\u1ed1ng t\u00e1o b\u00f3n c\u1ef1c k\u1ef3 hi\u1ec7u qu\u1ea3.<\/span><\/p>\n<p><span style=\"font-weight: 400\">&#8211; M\u1eafc ca \u00dac t\u1ed1t cho s\u1ee9c kh\u1ecfe b\u00e0 b\u1ea7u<\/span><\/p>\n<p><span style=\"font-weight: 400\">&#8211; Ngo\u00e0i ra h\u1ea1t Macca \u00dac c\u00f2n t\u1ed1t cho x\u01b0\u01a1ng kh\u1edbp, t\u0103ng c\u01b0\u1eddng mi\u1ec5n d\u1ecbch cho to\u00e0n b\u1ed9 c\u01a1 th\u1ec3\u00a0<\/span><\/p>\n<p><span style=\"font-weight: 400\">h\u1ea1t nh\u00e2n rang b\u01a1 l\u00e0 s\u1ea3n ph\u1ea9m h\u1ee3p \u201cgu\u201d v\u1edbi ng\u01b0\u1eddi ti\u00eau d\u00f9ng.<\/span><\/p>\n<p><img loading=\"lazy\" decoding=\"async\" class=\"aligncenter\" src=\"https:\/\/cdn.shortpixel.ai\/client\/q_glossy,ret_img,w_1200\/https:\/\/nutgarden.vn\/wp-content\/uploads\/2019\/08\/Creamy-Pineapple-Pie_EXPS_BDSMZ17_231_D03_02_1b-min.jpg\" alt=\"13 c\u00f4ng th\u1ee9c ch\u1ebf bi\u1ebfn h\u1ea1t m\u1eafc ca | Ngon tuy\u1ec7t c\u00fa m\u00e8o! - Nutgarden\" width=\"653\" height=\"490\" \/><\/p>\n<h4><strong>H\u01b0\u1edbng d\u1eabn s\u1eed d\u1ee5ng:<\/strong><\/h4>\n<p><span style=\"font-weight: 400\">&#8211; Lo\u1ea1i h\u1ea1t nguy\u00ean ch\u1ea5t c\u00f3 th\u1ec3 \u0103n tr\u1ef1c ti\u1ebfp<\/span><\/p>\n<p><span style=\"font-weight: 400\">&#8211; Ch\u1ebf bi\u1ebfn th\u00e0nh c\u00e1c m\u00f3n \u0103n, l\u00e0m s\u1eefa<\/span><\/p>\n<p><span style=\"font-weight: 400\">&#8211; D\u00f9ng chung v\u1edbi s\u1eefa v\u00e0 ng\u0169 c\u1ed1c, l\u00e0m b\u00e1nh,\u2026<\/span><\/p>\n<p><img loading=\"lazy\" decoding=\"async\" class=\"aligncenter\" src=\"https:\/\/havamall.com\/wp-content\/uploads\/2021\/01\/sua-hat-macca.jpg\" alt=\"C\u00e1ch l\u00e0m s\u1eefa h\u1ea1t macca th\u01a1m ngon t\u1ea1i nh\u00e0 c\u1ef1c \u0111\u01a1n gi\u1ea3n\" width=\"655\" height=\"444\" \/><\/p>\n<h4><strong>H\u01b0\u1edbng d\u1eabn s\u1eed d\u1ee5ng:<\/strong><\/h4>\n<p><span style=\"font-weight: 400\">&#8211; Lo\u1ea1i h\u1ea1t nguy\u00ean ch\u1ea5t c\u00f3 th\u1ec3 \u0103n tr\u1ef1c ti\u1ebfp<\/span><\/p>\n<p><span style=\"font-weight: 400\">&#8211; Ch\u1ebf bi\u1ebfn th\u00e0nh c\u00e1c m\u00f3n \u0103n<\/span><\/p>\n<p><span style=\"font-weight: 400\">&#8211; D\u00f9ng chung v\u1edbi s\u1eefa v\u00e0 ng\u0169 c\u1ed1c, l\u00e0m b\u00e1nh, kem,&#8230;<\/span><\/p>\n<p>S\u1ea3n ph\u1ea9m hi\u1ec7n \u0111\u00e3 c\u00f3 m\u1eb7t t\u1ea1i Havamalll.<\/p>","protected":false},"excerpt":{"rendered":"<p><span style=\"font-weight: 400\">H\u1ea1t Macca Th\u00e1i Bon \u0111\u01b0\u1ee3c s\u1ea5y t\u00e1ch n\u1ee9t v\u1ecf gi\u00fap gi\u1eef v\u1ecb ng\u1ecdt thanh, t\u01b0\u01a1i b\u00e9o t\u1ef1 nhi\u00ean m\u00e0 v\u1eabn gi\u1eef \u0111\u01b0\u1ee3c gi\u00e1 tr\u1ecb dinh d\u01b0\u1ee1ng c\u1ee7a h\u1ea1t.<br \/>\nKh\u00f4ng ng\u1eabu nhi\u00ean m\u00e0 ng\u01b0\u1eddi ta \u0111\u1eb7t cho Macca m\u1ed9t c\u00e1i t\u00ean h\u1ebft s\u1ee9c ki\u00eau l\u00e0 \u201cho\u00e0ng h\u1eadu c\u1ee7a c\u00e1c lo\u1ea1i qu\u1ea3 kh\u00f4\u201d. S\u1ef1 \u01b0u \u00e1i \u0111\u00f3 b\u1eaft ngu\u1ed3n t\u1eeb gi\u00e1 tr\u1ecb dinh d\u01b0\u1ee1ng d\u1ed3i d\u00e0o v\u00e0 v\u1ecb th\u01a1m b\u00f9i ng\u1ecdt t\u1ef1 nhi\u00ean m\u00e0 kh\u00f3 c\u00f3 lo\u1ea1i h\u1ea1t n\u00e0o c\u00f3 th\u1ec3 s\u00e1nh \u0111\u01b0\u1ee3c.<\/span><\/p>\n<p>&nbsp;<\/p>","protected":false},"featured_media":18078,"comment_status":"open","ping_status":"closed","template":"","meta":[],"product_brand":[],"product_cat":[36,143,134],"product_tag":[],"class_list":{"0":"post-17971","1":"product","2":"type-product","3":"status-publish","4":"has-post-thumbnail","6":"product_cat-thuc-pham-tieu-dung","7":"product_cat-thuc-pham-dong-hop","8":"product_cat-thucpham-saykho","9":"pa_brand-thai-bon","11":"first","12":"outofstock","13":"sale","14":"shipping-taxable","15":"purchasable","16":"product-type-simple"},"_links":{"self":[{"href":"https:\/\/havamall.com\/en\/wp-json\/wp\/v2\/product\/17971","targetHints":{"allow":["GET"]}}],"collection":[{"href":"https:\/\/havamall.com\/en\/wp-json\/wp\/v2\/product"}],"about":[{"href":"https:\/\/havamall.com\/en\/wp-json\/wp\/v2\/types\/product"}],"replies":[{"embeddable":true,"href":"https:\/\/havamall.com\/en\/wp-json\/wp\/v2\/comments?post=17971"}],"version-history":[{"count":0,"href":"https:\/\/havamall.com\/en\/wp-json\/wp\/v2\/product\/17971\/revisions"}],"wp:featuredmedia":[{"embeddable":true,"href":"https:\/\/havamall.com\/en\/wp-json\/wp\/v2\/media\/18078"}],"wp:attachment":[{"href":"https:\/\/havamall.com\/en\/wp-json\/wp\/v2\/media?parent=17971"}],"wp:term":[{"taxonomy":"product_brand","embeddable":true,"href":"https:\/\/havamall.com\/en\/wp-json\/wp\/v2\/product_brand?post=17971"},{"taxonomy":"product_cat","embeddable":true,"href":"https:\/\/havamall.com\/en\/wp-json\/wp\/v2\/product_cat?post=17971"},{"taxonomy":"product_tag","embeddable":true,"href":"https:\/\/havamall.com\/en\/wp-json\/wp\/v2\/product_tag?post=17971"}],"curies":[{"name":"wp","href":"https:\/\/api.w.org\/{rel}","templated":true}]}}