{"id":18070,"date":"2021-01-26T14:05:58","date_gmt":"2021-01-26T07:05:58","guid":{"rendered":"https:\/\/havamall.com\/?post_type=product&#038;p=18070"},"modified":"2021-06-24T15:23:57","modified_gmt":"2021-06-24T08:23:57","slug":"18070","status":"publish","type":"product","link":"https:\/\/havamall.com\/en\/shop\/18070\/","title":{"rendered":"M\u00ec \u00dd Spaghetti Ankara Veronelli 500g"},"content":{"rendered":"<table>\n<tbody>\n<tr>\n<td>Th\u01b0\u01a1ng hi\u1ec7u<\/td>\n<td>VERONELLI<\/td>\n<\/tr>\n<tr>\n<td>Xu\u1ea5t x\u1ee9<\/td>\n<td>Th\u1ed5 Nh\u0129 K\u1ef3<\/td>\n<\/tr>\n<tr>\n<td>Th\u00e0nh ph\u1ea7n<\/td>\n<td>B\u1ed9t l\u00faa m\u00ec c\u1ee9ng, n\u01b0\u1edbc<\/td>\n<\/tr>\n<tr>\n<td>H\u1ea1n s\u1eed d\u1ee5ng<\/td>\n<td>2 n\u0103m k\u1ec3 t\u1eeb ng\u00e0y s\u1ea3n xu\u1ea5t.<\/td>\n<\/tr>\n<tr>\n<td>B\u1ea3o qu\u1ea3n<\/td>\n<td>\u0110\u1ec3 n\u01a1i kh\u00f4 r\u00e1o, tho\u00e1ng m\u00e1t, tr\u00e1nh \u00e1nh n\u1eafng tr\u1ef1c ti\u1ebfp<\/td>\n<\/tr>\n<tr>\n<td>Kh\u1ed1i l\u01b0\u1ee3ng t\u1ecbnh<\/td>\n<td>500g<\/td>\n<\/tr>\n<\/tbody>\n<\/table>\n<p><span style=\"font-weight: 400\">M\u00ec Spaghetti Ankara Veronelli \u0111\u01b0\u1ee3c ch\u1ebf bi\u1ebfn t\u1eeb h\u1ea1t m\u00ec c\u1ee9ng v\u00e0 gia v\u1ecb qua quy tr\u00ecnh s\u1ea3n xu\u1ea5t kh\u00e9p k\u00edn d\u01b0\u1edbi s\u1ef1 gi\u00e1m s\u00e1t v\u00e0 ki\u1ec3m tra nghi\u00eam ng\u1eb7t \u0111\u1ec3 t\u1ea1o ra nh\u1eefng s\u1ee3i m\u00ec dai ngon, v\u00e0ng \u00f3ng.<\/span><\/p>\n<p><img decoding=\"async\" class=\"aligncenter\" src=\"https:\/\/havamall.com\/wp-content\/uploads\/2021\/01\/medium_null_LPf1wooY-.png\" \/><\/p>\n<p><span style=\"font-weight: 400\">M\u1ef3 Spaghetti Ankara \u0111\u01b0\u1ee3c s\u1ea3n xu\u1ea5t v\u00e0 \u0111\u00f3ng g\u00f3i tr\u00ean d\u00e2y chuy\u1ec1n c\u00f4ng ngh\u1ec7 hi\u1ec7n \u0111\u1ea1i. C\u00e1c nguy\u00ean li\u1ec7u \u0111\u1ec1u l\u1ea5y t\u1eeb t\u1ef1 nhi\u00ean, kh\u00f4ng ch\u1ee9a h\u00f3a ch\u1ea5t, kh\u00f4ng s\u1eed d\u1ee5ng ch\u1ea5t b\u1ea3o qu\u1ea3n, \u0111\u1ea1t y\u00eau c\u1ea7u an to\u00e0n v\u1ec7 sinh th\u1ef1c ph\u1ea9m.<\/span><\/p>\n<p><span style=\"font-weight: 400\">S\u1ea3n ph\u1ea9m \u0111\u01b0\u1ee3c \u0111\u00f3ng g\u00f3i k\u1ef9 l\u01b0\u1ee1ng, thu\u1eadn l\u1ee3i cho b\u1ea1n mang \u0111i du l\u1ecbch hay d\u00e3 ngo\u1ea1i c\u00f9ng b\u1ea1n b\u00e8, ng\u01b0\u1eddi th\u00e2n.<\/span><\/p>\n<p><img fetchpriority=\"high\" decoding=\"async\" class=\"aligncenter\" src=\"https:\/\/havamall.com\/wp-content\/uploads\/2021\/01\/e7ba030048be8f8b23f6667bacccb38e.jpg_q80_2200x2200q80.jpg_.webp\" width=\"696\" height=\"696\" \/><\/p>\n<p><span style=\"font-weight: 400\">M\u1ef3 Spaghetti Ankara 500g th\u01b0\u01a1ng hi\u1ec7u \u0111\u1ebfn t\u1eeb Th\u1ed5 Nh\u0129 K\u1ef3,<\/span><span style=\"font-weight: 400\"> l\u00e0 th\u1ef1c ph\u1ea9m \u0111\u01b0\u1ee3c ch\u1ebf bi\u1ebfn t\u1eeb l\u00faa m\u00ec n\u00ean n\u00f3 c\u00f3 ch\u1ee9a gluten, m\u1ed9t lo\u1ea1i protein c\u00f3 trong c\u00e1c lo\u1ea1i ng\u0169 c\u1ed1c nh\u01b0 l\u00faa m\u00ec v\u00e0 l\u00faa m\u1ea1ch.\u00a0<\/span><\/p>\n<p><img decoding=\"async\" class=\"aligncenter\" src=\"https:\/\/havamall.com\/wp-content\/uploads\/2021\/01\/vietqld-spaghetti-14.jpg\" alt=\"C\u00e1ch l\u00e0m m\u00f3n M\u00ec Spaghetti \u0111\u00fang v\u1ecb \u00dd | Vi\u1ec7t QLD\" width=\"710\" height=\"474\" \/><\/p>\n<p><span style=\"font-weight: 400\">Spaghetti Ankara Veronelli ch\u1ee9a l\u01b0\u1ee3ng tinh b\u1ed9t m\u00e0 c\u01a1 th\u1ec3 ch\u00fang ta c\u1ea7n, s\u1ea3n ph\u1ea9m cung c\u1ea5p h\u00e0m l\u01b0\u1ee3ng tinh b\u1ed9t, protein \u0111\u00e1ng k\u1ec3 v\u00e0 cung c\u1ea5p ngu\u1ed3n n\u0103ng l\u01b0\u1ee3ng d\u1ed3i d\u00e0o cho c\u01a1 th\u1ec3 su\u1ed1t ng\u00e0y d\u00e0i ho\u1ea1t \u0111\u1ed9ng, carbohydrate \u0111\u1ec3 cung c\u1ea5p n\u0103ng l\u01b0\u1ee3ng, \u0111\u1eb7c bi\u1ec7t l\u00e0 \u0111\u1ed1i v\u1edbi nh\u1eefng ng\u01b0\u1eddi ch\u01a1i th\u1ec3 thao. M\u1ed9t ch\u1ebf \u0111\u1ed9 \u0103n u\u1ed1ng c\u00e2n b\u1eb1ng n\u00ean c\u00f3 kho\u1ea3ng \u00bd l\u01b0\u1ee3ng calo c\u1ee7a b\u1ea1n \u0111\u1ebfn t\u1eeb carbohydrate.<\/span><\/p>\n<p><img decoding=\"async\" class=\"aligncenter\" src=\"https:\/\/havamall.com\/wp-content\/uploads\/2021\/01\/medium_null_9wB7Uqim3h.png\" \/><\/p>\n<p><span style=\"font-weight: 400\">Ph\u1ee7 l\u00ean m\u00f3n m\u00ec spaghetti c\u1ee7a b\u1ea1n v\u1edbi lo\u1ea1i n\u01b0\u1edbc s\u1ed1t m\u00e0 b\u1ea1n y\u00eau th\u00edch. Th\u00eam rau v\u00e0 n\u1ea5m \u0111\u1ec3 t\u0103ng th\u00eam h\u01b0\u01a1ng v\u1ecb cho m\u00f3n \u0103n. C\u00f3 th\u1ec3 d\u00f9ng chung v\u1edbi m\u00f3n salad rau xanh \u0111\u1ec3 c\u00f3 dinh d\u01b0\u1ee1ng t\u1ed1t h\u01a1n.<\/span><\/p>\n<p><span style=\"font-weight: 400\">S\u1ea3n ph\u1ea9m <\/span><span style=\"font-weight: 400\">c\u00f3 th\u1ec3 ch\u1ebf bi\u1ebfn th\u00e0nh nhi\u1ec1u m\u00f3n \u0103n kh\u00e1c nhau ho\u1eb7c x\u00e0o n\u1ea5u <\/span><span style=\"font-weight: 400\">t\u00f9y s\u1edf th\u00edch c\u1ee7a m\u1ed7i ng\u01b0\u1eddi. C\u00f3 th\u1ec3 d\u00f9ng v\u1edbi nhi\u1ec1u lo\u1ea1i n\u01b0\u1edbc s\u1ed1t kh\u00e1c nhau.<\/span><\/p>\n<p><img decoding=\"async\" class=\"aligncenter\" src=\"https:\/\/havamall.com\/wp-content\/uploads\/2021\/01\/medium_null_D-BlYqUpZ.png\" \/><\/p>\n<h4><strong>H\u01b0\u1edbng d\u1eabn s\u1eed d\u1ee5ng:<\/strong><\/h4>\n<p><span style=\"font-weight: 400\">&#8211; Lu\u1ed9c m\u00ec trong 7-8 ph\u00fat ho\u1eb7c ki\u1ec3m tra m\u00ec ch\u00edn ch\u01b0a b\u1eb1ng c\u00e1ch c\u1eafn th\u1eed v\u00e0o s\u1ee3i m\u1ef3 th\u1ea5y h\u01a1i d\u1ebbo d\u1ebbo m\u00e0 kh\u00f4ng b\u1ecb s\u01b0\u1ee3ng.<\/span><\/p>\n<p><span style=\"font-weight: 400\">&#8211; \u0110\u00e2y l\u00e0 l\u00fac n\u00ean v\u1edbt m\u00ec ra kh\u1ecfi n\u1ed3i n\u01b0\u1edbc lu\u1ed9c, m\u1ef3 s\u1ebd ti\u1ebfp t\u1ee5c ch\u00edn th\u00eam v\u1eeba \u0103n.<\/span><\/p>\n<p><span style=\"font-weight: 400\">&#8211; N\u1ebfu n\u1ea5u cho tr\u1ebb nh\u1ecf th\u00ec \u0111un kho\u1ea3ng th\u00eam 1-2 ph\u00fat n\u1eefa \u0111\u1ec3 m\u00ec m\u1ec1m h\u01a1n, d\u1ec5 \u0103n h\u01a1n \u0111\u1ed1i v\u1edbi c\u00e1c b\u00e9.<\/span><\/p>\n<p><span style=\"font-weight: 400\">&#8211; B\u1ea1n c\u00f3 th\u1ec3 tr\u1ed9n m\u1ed9t \u00edt d\u1ea7u \u00f4 liu ho\u1eb7c \u1ee7 m\u1ed9t \u00edt b\u01a1 v\u00e0o m\u00ec khi ch\u00fang \u0111\u00e3 r\u00e1o n\u01b0\u1edbc gi\u00fap s\u1ee3i m\u00ec r\u00e1o h\u01a1n, th\u01a1m h\u01a1n.<\/span><\/p>\n<p><span style=\"font-weight: 400\">&#8211; Sau \u0111\u00f3 ch\u1ebf bi\u1ebfn th\u00eam c\u00e1c lo\u1ea1i s\u1ed1t \u0111\u1ec3 \u0103n k\u00e8m t\u00f9y theo kh\u1ea9u v\u1ecb c\u1ee7a ng\u01b0\u1eddi d\u00f9ng nh\u01b0: S\u1ed1t c\u00e0 chua, s\u1ed1t b\u00f2 b\u0103m, s\u1ed1t kem, s\u1ed1t h\u1ea3i s\u1ea3n\u2026<\/span><\/p>\n<p><img decoding=\"async\" class=\"aligncenter\" src=\"https:\/\/havamall.com\/wp-content\/uploads\/2021\/01\/medium_null_GgOB1q7b1G.png\" \/><\/p>\n<h4><strong>M\u1ed9t s\u1ed1 l\u01b0u \u00fd khi ch\u1ebf bi\u1ebfn m\u00ec Spaghetti Ankara Veronelli:<\/strong><\/h4>\n<p><span style=\"font-weight: 400\">\u2013 Sau khi m\u00ec \u0111\u1ec3 r\u00e1o n\u01b0\u1edbc, b\u1ea1n c\u00f3 th\u1ec3 tr\u1ed9n m\u00ec v\u1edbi m\u1ed9t \u00edt d\u1ea7u \u00f4 liu ho\u1eb7c \u1ee7 m\u00ec v\u1edbi m\u1ed9t ch\u00fat b\u01a1, s\u1ee3i m\u00ec s\u1ebd r\u00e1o h\u01a1n, th\u01a1m h\u01a1n.<\/span><\/p>\n<p><span style=\"font-weight: 400\">\u2013 N\u1ebfu b\u1ea1n lu\u1ed9c m\u00ec qu\u00e1 k\u0129, b\u1ea1n c\u00f3 th\u1ec3 d\u1ed9i m\u00ec qua n\u01b0\u1edbc l\u1ea1nh, s\u1ee3i m\u00ec s\u1ebd c\u1ee9ng h\u01a1n.<\/span><\/p>\n<p><span style=\"font-weight: 400\">\u2013 Ngo\u00e0i ra, M\u00ec Spaghetti Ankara 500g c\u00f3 \u0111\u1ed9 n\u1edf kh\u00e1 l\u1edbn n\u00ean c\u1ea7n \u0111\u1ecbnh l\u01b0\u1ee3ng k\u0129 l\u01b0\u1ee3ng c\u1ea7n n\u1ea5u t\u00f9y theo s\u1ee9c \u0103n c\u1ee7a m\u1ed7i ng\u01b0\u1eddi \u0111\u1ec3 b\u1ecb th\u1eeba, b\u1ecf ph\u00ed. Kinh nghi\u1ec7m \u0111\u1ed1i v\u1edbi ch\u00e2u \u00c1, m\u1ed7i ng\u01b0\u1eddi c\u00f3 th\u1ec3 ti\u00eau th\u1ee5 \u0111\u01b0\u1ee3c kho\u1ea3ng 80g m\u00ec\/b\u1eefa trong khi v\u1edbi ng\u01b0\u1eddi Ch\u00e2u \u00c2u \u2013 M\u1ef9 con s\u1ed1 n\u00e0y v\u00e0o kho\u1ea3ng 120g. \u0110\u00e2y l\u00e0 kh\u1ed1i l\u01b0\u1ee3ng m\u00ec kh\u00f4, b\u1ea1n c\u00f3 th\u1ec3 c\u00e2n tr\u01b0\u1edbc khi n\u1ea5u.<\/span><\/p>\n<p>S\u1ea3n Ph\u1ea9m hi\u1ec7n \u0111\u00e3 c\u00f3 m\u1eb7t t\u1ea1i Havamall.<\/p>","protected":false},"excerpt":{"rendered":"<p><span style=\"font-weight: 400\">M\u1ef3 Spaghetti Ankara \u0111\u01b0\u1ee3c s\u1ea3n xu\u1ea5t v\u00e0 \u0111\u00f3ng g\u00f3i tr\u00ean d\u00e2y chuy\u1ec1n c\u00f4ng ngh\u1ec7 hi\u1ec7n \u0111\u1ea1i.<br \/>\n<\/span><span style=\"font-weight: 400\">C\u00e1c nguy\u00ean li\u1ec7u \u0111\u1ec1u l\u1ea5y t\u1eeb t\u1ef1 nhi\u00ean, kh\u00f4ng ch\u1ee9a h\u00f3a ch\u1ea5t, kh\u00f4ng s\u1eed d\u1ee5ng ch\u1ea5t b\u1ea3o qu\u1ea3n, \u0111\u1ea1t y\u00eau c\u1ea7u an to\u00e0n v\u1ec7 sinh th\u1ef1c ph\u1ea9m.<br \/>\n<\/span><span style=\"font-weight: 400\">S\u1ea3n ph\u1ea9m \u0111\u01b0\u1ee3c \u0111\u00f3ng g\u00f3i k\u1ef9 l\u01b0\u1ee1ng, thu\u1eadn l\u1ee3i cho b\u1ea1n mang \u0111i du l\u1ecbch hay d\u00e3 ngo\u1ea1i c\u00f9ng b\u1ea1n b\u00e8, ng\u01b0\u1eddi th\u00e2n.<\/span><\/p>","protected":false},"featured_media":18071,"comment_status":"open","ping_status":"closed","template":"","meta":[],"product_brand":[],"product_cat":[36,134],"product_tag":[],"class_list":{"0":"post-18070","1":"product","2":"type-product","3":"status-publish","4":"has-post-thumbnail","6":"product_cat-thuc-pham-tieu-dung","7":"product_cat-thucpham-saykho","9":"first","10":"outofstock","11":"sale","12":"shipping-taxable","13":"purchasable","14":"product-type-simple"},"_links":{"self":[{"href":"https:\/\/havamall.com\/en\/wp-json\/wp\/v2\/product\/18070","targetHints":{"allow":["GET"]}}],"collection":[{"href":"https:\/\/havamall.com\/en\/wp-json\/wp\/v2\/product"}],"about":[{"href":"https:\/\/havamall.com\/en\/wp-json\/wp\/v2\/types\/product"}],"replies":[{"embeddable":true,"href":"https:\/\/havamall.com\/en\/wp-json\/wp\/v2\/comments?post=18070"}],"version-history":[{"count":0,"href":"https:\/\/havamall.com\/en\/wp-json\/wp\/v2\/product\/18070\/revisions"}],"wp:featuredmedia":[{"embeddable":true,"href":"https:\/\/havamall.com\/en\/wp-json\/wp\/v2\/media\/18071"}],"wp:attachment":[{"href":"https:\/\/havamall.com\/en\/wp-json\/wp\/v2\/media?parent=18070"}],"wp:term":[{"taxonomy":"product_brand","embeddable":true,"href":"https:\/\/havamall.com\/en\/wp-json\/wp\/v2\/product_brand?post=18070"},{"taxonomy":"product_cat","embeddable":true,"href":"https:\/\/havamall.com\/en\/wp-json\/wp\/v2\/product_cat?post=18070"},{"taxonomy":"product_tag","embeddable":true,"href":"https:\/\/havamall.com\/en\/wp-json\/wp\/v2\/product_tag?post=18070"}],"curies":[{"name":"wp","href":"https:\/\/api.w.org\/{rel}","templated":true}]}}