{"id":18297,"date":"2021-02-25T16:32:32","date_gmt":"2021-02-25T09:32:32","guid":{"rendered":"https:\/\/havamall.com\/?post_type=product&#038;p=18297"},"modified":"2021-06-24T15:16:34","modified_gmt":"2021-06-24T08:16:34","slug":"snack-khoai-tay-chien-pho-mai-calbee-wings-potato-bee-melted-cheese-57g","status":"publish","type":"product","link":"https:\/\/havamall.com\/en\/shop\/snack-khoai-tay-chien-pho-mai-calbee-wings-potato-bee-melted-cheese-57g\/","title":{"rendered":"Snack Khoai T\u00e2y Chi\u00ean Ph\u00f4 Mai &#8211; Calbee Wings Potato Bee Melted Cheese 57g"},"content":{"rendered":"<table>\n<tbody>\n<tr>\n<td>Th\u01b0\u01a1ng hi\u1ec7u<\/td>\n<td>Calbee Wings<\/td>\n<\/tr>\n<tr>\n<td>Xu\u1ea5t x\u1ee9<\/td>\n<td>Indonesia<\/td>\n<\/tr>\n<tr>\n<td>Th\u00e0nh ph\u1ea7n<\/td>\n<td>Tinh b\u1ed9t khoai t\u00e2y, b\u1ed9t gia vi\u0323 ph\u00f4 mai, tinh b\u1ed9t khoai mi\u0300,&#8230;<\/td>\n<\/tr>\n<tr>\n<td>H\u1ea1n s\u1eed d\u1ee5ng<\/td>\n<td>24 th\u00e1ng k\u1ec3 t\u1eeb ng\u00e0y s\u1ea3n xu\u1ea5t.<\/td>\n<\/tr>\n<tr>\n<td>B\u1ea3o qu\u1ea3n<\/td>\n<td>\u0110\u1ec3 n\u01a1i kh\u00f4 r\u00e1o, tho\u00e1ng m\u00e1t, tr\u00e1nh \u00e1nh n\u1eafng tr\u1ef1c ti\u1ebfp<\/td>\n<\/tr>\n<tr>\n<td>Kh\u1ed1i l\u01b0\u1ee3ng t\u1ecbnh<\/td>\n<td>57g<\/td>\n<\/tr>\n<\/tbody>\n<\/table>\n<p><span style=\"font-weight: 400\">Calbee Wings Food \u0111\u01b0\u1ee3c th\u00e0nh l\u1eadp v\u00e0o gi\u1eefa n\u0103m 2014. Calbee Wings Food l\u00e0 m\u1ed9t li\u00ean doanh gi\u1eefa Calbee, m\u1ed9t nh\u00e0 s\u1ea3n xu\u1ea5t \u0111\u1ed3 \u0103n nh\u1eb9 s\u1ed1 1 t\u1eeb Nh\u1eadt B\u1ea3n v\u00e0 Wings m\u1ed9t trong nh\u1eefng c\u00f4ng ty ti\u00eau d\u00f9ng h\u00e0ng \u0111\u1ea7u \u1edf Indonesia.<\/span><\/p>\n<p><span style=\"font-weight: 400\">K\u1ec3 t\u1eeb khi Calbee Wings Food \u0111\u01b0\u1ee3c th\u00e0nh l\u1eadp, Calbee Wings Food c\u1ed1 g\u1eafng gi\u1edbi thi\u1ec7u nh\u1eefng s\u1ea3n ph\u1ea9m ngon c\u00f3 th\u1ec3 t\u1ea1o th\u00eam h\u1ee9ng th\u00fa cho cu\u1ed9c s\u1ed1ng c\u1ee7a ng\u01b0\u1eddi ti\u00eau d\u00f9ng, c\u0169ng nh\u01b0 c\u1ea3i thi\u1ec7n v\u00e0 n\u00e2ng cao ch\u1ea5t l\u01b0\u1ee3ng ti\u00eau d\u00f9ng b\u1eb1ng c\u00e1ch cung c\u1ea5p c\u00e1c s\u1ea3n ph\u1ea9m t\u1eeb s\u1ef1 t\u1ed1t l\u00e0nh c\u1ee7a thi\u00ean nhi\u00ean.<\/span><\/p>\n<p><img fetchpriority=\"high\" decoding=\"async\" class=\"aligncenter\" src=\"https:\/\/havamall.com\/wp-content\/uploads\/2021\/02\/94fef5e4-5f6b-4424-b53e-b066573dd94c.jpg\" alt=\"Qoo10 - Global Fashion &amp; Trend leading Shopping\" width=\"732\" height=\"376\" \/><\/p>\n<p><span style=\"font-weight: 400\">Snack khoai<\/span> <span style=\"font-weight: 400\">t\u00e2y<\/span> <span style=\"font-weight: 400\">chi\u00ean ph\u00f4 mai l\u00e0 m\u00f3n ngon \u0111\u01b0\u1ee3c r\u1ea5t nhi\u1ec1u ng\u01b0\u1eddi y\u00eau th\u00edch, \u0111\u1eb7c bi\u1ec7t l\u00e0 c\u00e1c b\u00e9. Khoai t\u00e2y gi\u00f2n th\u01a1m h\u00f2a quy\u1ec7n v\u1edbi v\u1ecb ph\u00f4 mai th\u01a1m l\u1eebng mang \u0111\u1ebfn s\u1ef1 \u0111\u1eadm \u0111\u00e0 v\u00e0 l\u1ea1 mi\u1ec7ng khi \u0103n \u0111ang tr\u1edf th\u00e0nh m\u00f3n \u0103n v\u1eb7t hot kh\u00f4ng th\u1ec3 thi\u1ebfu trong c\u00e1c b\u1eefa ti\u1ec7c. M\u1ed9t trong nh\u1eefng lo\u1ea1i <\/span><span style=\"font-weight: 400\">Snack khoai t\u00e2y <\/span><span style=\"font-weight: 400\">kh\u00f4ng th\u1ec3 kh\u00f4ng nh\u1eafc \u0111\u1ebfn \u0111\u00f3 l\u00e0 <\/span><span style=\"font-weight: 400\">Snack khoai t\u00e2y Calbee Wings Pota Bee ph\u00f4 mai<\/span><\/p>\n<p><img decoding=\"async\" class=\"wp-image-19686 aligncenter\" src=\"https:\/\/havamall.com\/wp-content\/uploads\/2021\/02\/35705833_2064194580508327_6102568926074372096_n-1-300x300.jpg\" alt=\"\" width=\"720\" height=\"720\" \/><\/p>\n<p><span style=\"font-weight: 400\">Th\u00e0nh ph\u1ea7n ch\u00ednh c\u1ee7a Snack khoai t\u00e2y Pota Bee ph\u00f4 mai\u00a0 \u0111\u01b0\u1ee3c l\u00e0m b\u1eb1ng khoai t\u00e2y th\u1eadt v\u1edbi nh\u1eefng mi\u1ebfng khoai t\u00e2y gi\u00f2n tan c\u00f9ng v\u1edbi m\u1ed9t l\u1edbp ph\u00f4 mai th\u01a1m ng\u1eady t\u1ea1o n\u00ean h\u01b0\u01a1ng v\u1ecb \u0111\u1ed9c \u0111\u00e1o m\u1edbi l\u1ea1 khi\u1ebfn b\u1ea1n th\u00edch m\u00ea t\u1eeb l\u1ea7n \u0111\u1ea7u th\u01b0\u1edfng th\u1ee9c.<\/span><\/p>\n<p><img decoding=\"async\" class=\"wp-image-19687 aligncenter\" src=\"https:\/\/havamall.com\/wp-content\/uploads\/2021\/02\/33778952_2049420701985715_282736262576603136_n-1-300x300.jpg\" alt=\"\" width=\"718\" height=\"718\" \/><\/p>\n<p><span style=\"font-weight: 400\">S\u1ea3n ph\u1ea9m \u0111\u01b0\u1ee3c \u0111\u00f3ng g\u00f3i r\u1ea5t ti\u1ec7n l\u1ee3i khi s\u1eed d\u1ee5ng v\u00e0o b\u1ea3o qu\u1ea3n, b\u1ea1n c\u00f3 th\u1ec3 mang theo s\u1ea3n ph\u1ea9m trong nh\u1eefng chuy\u1ebfn du l\u1ecbch, d\u00e3 ngo\u1ea1i,\u2026 \u0111\u1ec3 c\u00f9ng chia s\u1ebb v\u1edbi ng\u01b0\u1eddi th\u00e2n v\u00e0 b\u1ea1n b\u00e8.<\/span><\/p>\n<p><img loading=\"lazy\" decoding=\"async\" class=\"wp-image-19688 aligncenter\" src=\"https:\/\/havamall.com\/wp-content\/uploads\/2021\/02\/33378128_2046238428970609_7672863502691729408_n-1-300x300.jpg\" alt=\"\" width=\"721\" height=\"721\" \/><\/p>\n<p><span style=\"font-weight: 400\">Snack khoai t\u00e2y Pota Bee Calbee Wings ph\u00f4 mai l\u00e0 l\u1ef1a ch\u1ecdn h\u00e0ng \u0111\u1ea7u cho nh\u1eefng cu\u1ed9c vui, khi m\u1ecdi ng\u01b0\u1eddi qu\u00e2y qu\u1ea7n b\u00ean nhau, tr\u00f2 chuy\u1ec7n, vui ch\u01a1i v\u00e0 th\u01b0\u1edfng th\u1ee9c nh\u1eefng mi\u1ebfng b\u00e1nh gi\u00f2n tan r\u1ea5t th\u00fa v\u1ecb.<\/span><\/p>\n<p><span style=\"font-weight: 400\">Snack l\u00e0 m\u1ed9t s\u1ea3n ph\u1ea9m ti\u1ec7n l\u1ee3i, d\u00f9ng tr\u1ef1c ti\u1ebfp sau khi m\u1edf bao b\u00ec, kh\u00f4ng kh\u00f4ng c\u1ea7n qua ch\u1ebf bi\u1ebfn, x\u1eed l\u00fd th\u00eam. B\u00e1nh Snack Khoai t\u00e2y <\/span><span style=\"font-weight: 400\">Pota Bee Calbee Wings ph\u00f4 mai l\u00e0<\/span><span style=\"font-weight: 400\"> m\u00f3n \u0103n v\u1eb7t, \u0103n nh\u1eb9 lu\u00f4n \u0111\u01b0\u1ee3c gi\u1edbi tr\u1ebb s\u0103n \u0111\u00f3n b\u1edfi h\u01b0\u01a1ng v\u1ecb th\u01a1m ngon. S\u1ea3n ph\u1ea9m c\u00f3 k\u00e8m t\u01b0\u01a1ng c\u00e0 chua \u0111\u1ec3 khi\u1ebfn vi\u1ec7c \u0103n v\u1eb7t c\u00e0ng th\u00eam th\u00fa v\u1ecb.<\/span><\/p>\n<p><img loading=\"lazy\" decoding=\"async\" class=\"wp-image-19689 aligncenter\" src=\"https:\/\/havamall.com\/wp-content\/uploads\/2021\/02\/41861124_2147886095472508_1208992367080636416_n-1-300x300.jpg\" alt=\"\" width=\"724\" height=\"724\" \/><\/p>\n<p><span style=\"font-weight: 400\">Th\u00e0nh ph\u1ea7n ch\u00ednh c\u1ee7a <\/span><span style=\"font-weight: 400\">Snack khoai t\u00e2y Pota Bee Calbee Wings ph\u00f4 mai<\/span><span style=\"font-weight: 400\"> \u0111\u01b0\u1ee3c l\u00e0m b\u1eb1ng khoai t\u00e2y th\u1eadt v\u1edbi nh\u1eefng mi\u1ebfng nh\u01b0 Khoai t\u00e2y chi\u00ean kh\u00f4ng c\u00f3 l\u1ed7, gi\u00fap ch\u00fang th\u1eadt s\u1ef1 gi\u00f2n ngon.<\/span><\/p>\n<p><span style=\"font-weight: 400\">Nh\u1eefng mi\u1ebfng snack khoai t\u00e2y th\u01a1m ngon h\u1ea5p d\u1eabn. Khi th\u01b0\u1edfng th\u1ee9c t\u1eebng mi\u1ebfng snack gi\u00f2n tan b\u1ea1n s\u1ebd c\u1ea3m nh\u1eadn \u0111\u01b0\u1ee3c h\u01b0\u01a1ng v\u1ecb \u0111\u1eb7c tr\u01b0ng tr\u00ean t\u1eebng l\u00e1t b\u00e1nh.<\/span><\/p>\n<p>S\u1ea3n ph\u1ea9m hi\u1ec7n \u0111\u00e3 c\u00f3 m\u1eb7t t\u1ea1i Havamall.<\/p>","protected":false},"excerpt":{"rendered":"<p><span style=\"font-weight: 400\">Th\u00e0nh ph\u1ea7n ch\u00ednh c\u1ee7a Snack khoai t\u00e2y Pota Bee ph\u00f4 mai\u00a0 \u0111\u01b0\u1ee3c l\u00e0m b\u1eb1ng khoai t\u00e2y th\u1eadt v\u1edbi nh\u1eefng mi\u1ebfng khoai t\u00e2y gi\u00f2n tan c\u00f9ng v\u1edbi m\u1ed9t l\u1edbp ph\u00f4 mai th\u01a1m ng\u1eady t\u1ea1o n\u00ean h\u01b0\u01a1ng v\u1ecb \u0111\u1ed9c \u0111\u00e1o m\u1edbi l\u1ea1 khi\u1ebfn b\u1ea1n th\u00edch m\u00ea t\u1eeb l\u1ea7n \u0111\u1ea7u th\u01b0\u1edfng th\u1ee9c.<br \/>\nS\u1ea3n ph\u1ea9m \u0111\u01b0\u1ee3c \u0111\u00f3ng g\u00f3i r\u1ea5t ti\u1ec7n l\u1ee3i khi s\u1eed d\u1ee5ng v\u00e0o b\u1ea3o qu\u1ea3n, b\u1ea1n c\u00f3 th\u1ec3 mang theo s\u1ea3n ph\u1ea9m trong nh\u1eefng chuy\u1ebfn du l\u1ecbch, d\u00e3 ngo\u1ea1i,\u2026 \u0111\u1ec3 c\u00f9ng chia s\u1ebb v\u1edbi ng\u01b0\u1eddi th\u00e2n v\u00e0 b\u1ea1n b\u00e8.<\/span><\/p>","protected":false},"featured_media":18300,"comment_status":"open","ping_status":"closed","template":"","meta":[],"product_brand":[],"product_cat":[133,36,134],"product_tag":[],"class_list":{"0":"post-18297","1":"product","2":"type-product","3":"status-publish","4":"has-post-thumbnail","6":"product_cat-banh-keo-chocolate","7":"product_cat-thuc-pham-tieu-dung","8":"product_cat-thucpham-saykho","9":"pa_brand-calbee-wings","11":"first","12":"outofstock","13":"sale","14":"shipping-taxable","15":"purchasable","16":"product-type-simple"},"_links":{"self":[{"href":"https:\/\/havamall.com\/en\/wp-json\/wp\/v2\/product\/18297","targetHints":{"allow":["GET"]}}],"collection":[{"href":"https:\/\/havamall.com\/en\/wp-json\/wp\/v2\/product"}],"about":[{"href":"https:\/\/havamall.com\/en\/wp-json\/wp\/v2\/types\/product"}],"replies":[{"embeddable":true,"href":"https:\/\/havamall.com\/en\/wp-json\/wp\/v2\/comments?post=18297"}],"version-history":[{"count":0,"href":"https:\/\/havamall.com\/en\/wp-json\/wp\/v2\/product\/18297\/revisions"}],"wp:featuredmedia":[{"embeddable":true,"href":"https:\/\/havamall.com\/en\/wp-json\/wp\/v2\/media\/18300"}],"wp:attachment":[{"href":"https:\/\/havamall.com\/en\/wp-json\/wp\/v2\/media?parent=18297"}],"wp:term":[{"taxonomy":"product_brand","embeddable":true,"href":"https:\/\/havamall.com\/en\/wp-json\/wp\/v2\/product_brand?post=18297"},{"taxonomy":"product_cat","embeddable":true,"href":"https:\/\/havamall.com\/en\/wp-json\/wp\/v2\/product_cat?post=18297"},{"taxonomy":"product_tag","embeddable":true,"href":"https:\/\/havamall.com\/en\/wp-json\/wp\/v2\/product_tag?post=18297"}],"curies":[{"name":"wp","href":"https:\/\/api.w.org\/{rel}","templated":true}]}}