{"id":18416,"date":"2021-03-04T16:32:49","date_gmt":"2021-03-04T09:32:49","guid":{"rendered":"https:\/\/havamall.com\/?post_type=product&#038;p=18416"},"modified":"2025-05-16T17:00:33","modified_gmt":"2025-05-16T10:00:33","slug":"18416","status":"publish","type":"product","link":"https:\/\/havamall.com\/en\/shop\/18416\/","title":{"rendered":"B\u1ed9 D\u1ee5ng C\u1ee5 L\u00e0m M\u00f3ng 5 C\u00e1i Uncle Bills"},"content":{"rendered":"<p><span style=\"font-weight: 400;\">Uncle Bills (UBL) cung c\u1ea5p h\u01a1n 1800 s\u1ea3n ph\u1ea9m ti\u00eau d\u00f9ng phi th\u01b0\u0323c ph\u00e2\u0309m h\u00e2\u0301p d\u00e2\u0303n, ti\u00ea\u0323n i\u0301ch, gia\u0301 ph\u1ea3i ch\u0103ng. S\u1ea3n ph\u1ea9m bao g\u1ed3m nhi\u1ec1ulo\u1ea1i ha\u0300ng ho\u0301a kh\u00e1c nhau, t\u1eeb \u0111\u1ed3 du\u0300ng nh\u00e0 b\u1ebfp, ch\u0103m s\u00f3c c\u00e1 nh\u00e2n, l\u00e0m s\u1ea1ch nha\u0300 c\u01b0\u0309a, \u0111\u00f4\u0300 l\u01b0u tr\u1eef, ca\u0301c loa\u0323i du\u0323ng cu\u0323, v\u00e2\u0323t du\u0323ng ngo\u00e0i tr\u1eddi v\u00e0 ca\u0309 cho tr\u1ebb em.UBL Lu\u00f4n lu\u00f4n c\u00e2\u0323p nh\u00e2\u0323t ca\u0301c sa\u0309n ph\u00e2\u0309m m\u01a1\u0301i.<\/span><\/p>\n<p><span style=\"font-weight: 400;\">S\u1ea3n ph\u1ea9m UBL \u0111\u01b0\u1ee3c s\u1ea3n xu\u1ea5t theo ti\u00eau chu\u1ea9n ch\u1ea5t l\u01b0\u1ee3ng nghi\u00eam ng\u1eb7t c\u1ee7a UBL Hongkong v\u00e0 b\u00e1n t\u1ea1i h\u01a1n 50 qu\u1ed1c gia v\u01a1\u0301i h\u01a1n 10.000 c\u1eeda h\u00e0ng, bao g\u1ed3m ch\u00e2u \u00c2u, \u00dac, Ch\u00e2u \u00c1, Ch\u00e2u Phi. S\u1ee9 m\u1ec7nh c\u1ee7a UBL l\u00e0 cung c\u1ea5p nh\u1eefng s\u1ea3n ph\u1ea9m ti\u1ec7n \u00edch v\u00e0 h\u1ea5p d\u1eabn cho ng\u00f4i nh\u00e0 hi\u1ec7n \u0111\u1ea1i c\u1ee7a ng\u01b0\u1eddi Vi\u1ec7t Nam.<\/span><\/p>\n<p><img fetchpriority=\"high\" decoding=\"async\" class=\"aligncenter\" src=\"https:\/\/havamall.com\/wp-content\/uploads\/2025\/05\/f6797de1ee745a2dc0d45cb02727d617.jpg\" alt=\"T\u00fai \u0110\u1ef1ng R\u00e1c Th\u00fa C\u01b0ng T\u1ef1 Ph\u00e2n H\u1ee7y Uncle Bills PA3372 | Shopee Vi\u1ec7t Nam\" width=\"531\" height=\"531\" \/><\/p>\n<p><span style=\"font-weight: 400;\">B\u1ed9 D\u1ee5ng C\u1ee5 L\u00e0m M\u00f3ng 5 C\u00e1i Uncle Bills \u0111\u01b0\u1ee3c thi\u1ebft k\u1ebf nh\u1ecf g\u1ecdn, ti\u1ec7n l\u1ee3i, c\u00f3 th\u1ec3 \u0111em \u0111i m\u1ecdi l\u00fac m\u1ecdi n\u01a1i gi\u00fap b\u1ea1n ch\u0103m s\u00f3c, v\u1ec7 sinh m\u00f3ng d\u1ec5 d\u00e0ng, \u0111\u01a1n gi\u1ea3n. B\u1ed9 s\u1ea3n ph\u1ea9m g\u1ed3m 5 m\u00f3n thi\u1ebft y\u1ebfu, ph\u00f9 h\u1ee3p cho m\u1ecdi \u0111\u1ed1i t\u01b0\u1ee3ng s\u1eed d\u1ee5ng.<\/span><\/p>\n<p><img decoding=\"async\" class=\"aligncenter\" src=\"https:\/\/havamall.com\/wp-content\/uploads\/2021\/03\/ag0003-b_large.jpg\" alt=\"B\u1ed9 D\u1ee5ng C\u1ee5 L\u00e0m M\u00f3ng 5 C\u00e1i - Uncle Bills\" width=\"523\" height=\"523\" \/><\/p>\n<p>Ch\u1ea5t li\u1ec7u th\u00e9p cao c\u1ea5p, an to\u00e0n v\u1edbi da tay Ch\u1ea5t li\u1ec7u th\u00e9p cao c\u1ea5p, s\u00e1ng b\u00f3ng. B\u1ed9 d\u1ee5ng c\u1ee5 ch\u0103m s\u00f3c m\u00f3ng lu\u00f4n s\u1eafc b\u00e9n, c\u00f3 \u0111\u1ed9 b\u1ec1n cao v\u00e0 kh\u00f4ng b\u1ecb c\u00f9n. \u0110\u1ea3m b\u1ea3o an to\u00e0n cho m\u00f3ng v\u00e0 da tay, nh\u1ea5t l\u00e0 \u0111\u1ed1i v\u1edbi tr\u1ebb em.<\/p>\n<p><img decoding=\"async\" class=\"aligncenter\" src=\"https:\/\/havamall.com\/wp-content\/uploads\/2021\/03\/dd790844dc2b6d7f101194585b9a9e36.jpg\" alt=\"B\u1ed9 D\u1ee5ng C\u1ee5 L\u00e0m M\u00f3ng 5 C\u00e1i UBL AG0003 | D\u1ee5ng c\u1ee5 l\u00e0m \u0111\u1eb9p | InnisfreeShop.Vn\" width=\"528\" height=\"528\" \/><\/p>\n<p>D\u1ec5 s\u1eed d\u1ee5ng, ph\u1ea7n tay c\u1ea7m c\u1ee7a t\u1eebng d\u1ee5ng c\u1ee5 thi\u1ebft k\u1ebf c\u1eadn th\u1ea9n, m\u00f3c kh\u00f3e c\u00f3 tay c\u1ea7m b\u1eb1ng nh\u1ef1a gi\u00fap cho vi\u1ec7c c\u1ea7m n\u1eafm ch\u1eafc ch\u1eafn v\u00e0 d\u1ec5 d\u00e0ng h\u01a1n, tr\u00e1nh tr\u01a1n tr\u01b0\u1ee3t khi c\u1eaft, ch\u0103m s\u00f3c m\u00f3c. Bao da v\u1edbi c\u00e1c ng\u0103n \u0111\u1ef1ng thi\u1ebft k\u1ebf s\u1eb5n, gi\u00fap vi\u1ec7c c\u1ea5t gi\u1eef d\u1ec5 d\u00e0ng, g\u1ecdn g\u00e0ng h\u01a1n.<\/p>\n<p><img loading=\"lazy\" decoding=\"async\" class=\"aligncenter\" src=\"https:\/\/havamall.com\/wp-content\/uploads\/2021\/03\/dung-cu-lam-nail-gom-nhung-gi-newgem-1.jpg\" alt=\"B\u1ed9 d\u1ee5ng c\u1ee5 l\u00e0m nail - 5 m\u00f3n c\u01a1 b\u1ea3n kh\u00f4ng th\u1ec3 thi\u1ebfu\" width=\"531\" height=\"354\" \/><\/p>\n<h4><strong>\u0110i\u1ec3m n\u1ed5i b\u1eadt c\u1ee7a B\u1ed9 D\u1ee5ng C\u1ee5 L\u00e0m M\u00f3ng 5 C\u00e1i Uncle Bills:<\/strong><\/h4>\n<p><span style=\"font-weight: 400;\">&#8211; Ch\u1ea5t li\u1ec7u inox<\/span><\/p>\n<p><span style=\"font-weight: 400;\">&#8211; B\u1ed9 d\u1ee5ng c\u1ee5 l\u00e0m m\u00f3ng 5 c\u00e1i \u0111\u01b0\u1ee3c l\u00e0m t\u1eeb ch\u1ea5t li\u1ec7u inox b\u1ec1n \u0111\u1eb9p, kh\u00f4ng g\u1ec9, cho \u0111\u1ed9 b\u1ec1n b\u1ec9 cao, lu\u00f4n s\u1eafc, b\u00e9n, c\u1eaft t\u1ec9a m\u00f3ng tay, m\u00f3ng ch\u00e2n g\u1ecdn g\u00e0ng, \u0111\u1eb9p \u0111\u1ebd.<\/span><\/p>\n<p><span style=\"font-weight: 400;\">&#8211; \u0110\u1ea7y \u0111\u1ee7 d\u1ee5ng c\u1ee5 ch\u0103m s\u00f3c m\u00f3ng tay\/ch\u00e2n<\/span><\/p>\n<p><span style=\"font-weight: 400;\">&#8211; B\u1ed9 s\u1ea3n ph\u1ea9m ti\u1ec7n l\u1ee3i<\/span><\/p>\n<p><span style=\"font-weight: 400;\">&#8211; B\u1ed9 s\u1ea3n ph\u1ea9m 5 m\u00f3n h\u00e3ng \u0111\u1ef1ng trong t\u00fai nh\u1ecf b\u1eb1ng nh\u1ef1a d\u1ebbo, n\u1eafp \u0111\u1eady ch\u1eb7t, gi\u00fap b\u1ea1n c\u00f3 \u0111\u1ea7y \u0111\u1ee7 nh\u1eefng d\u1ee5ng c\u1ee5 ch\u0103m s\u00f3c m\u00f3ng c\u1ea7n thi\u1ebft khi \u0111i du l\u1ecbch.\u200b<\/span><\/p>\n<p>S\u1ea3n ph\u1ea9m hi\u1ec7n \u0111\u00e3 c\u00f3 m\u1eb7t t\u1ea1i Havamall.<\/p>","protected":false},"excerpt":{"rendered":"<p>Uncle Bills (UBL) cung c\u1ea5p h\u01a1n 1800 s\u1ea3n ph\u1ea9m ti\u00eau d\u00f9ng phi th\u01b0\u0323c ph\u00e2\u0309m h\u00e2\u0301p d\u00e2\u0303n, ti\u00ea\u0323n i\u0301ch, gia\u0301 ph\u1ea3i<\/p>","protected":false},"featured_media":18429,"comment_status":"open","ping_status":"closed","template":"","meta":[],"product_brand":[],"product_cat":[35,396],"product_tag":[],"class_list":{"0":"post-18416","1":"product","2":"type-product","3":"status-publish","4":"has-post-thumbnail","6":"product_cat-nha-cua-doi-song","7":"product_cat-suc-khoe-lam-dep","8":"pa_brand-uncle-bills","10":"first","11":"outofstock","12":"sale","13":"shipping-taxable","14":"purchasable","15":"product-type-simple"},"_links":{"self":[{"href":"https:\/\/havamall.com\/en\/wp-json\/wp\/v2\/product\/18416","targetHints":{"allow":["GET"]}}],"collection":[{"href":"https:\/\/havamall.com\/en\/wp-json\/wp\/v2\/product"}],"about":[{"href":"https:\/\/havamall.com\/en\/wp-json\/wp\/v2\/types\/product"}],"replies":[{"embeddable":true,"href":"https:\/\/havamall.com\/en\/wp-json\/wp\/v2\/comments?post=18416"}],"version-history":[{"count":0,"href":"https:\/\/havamall.com\/en\/wp-json\/wp\/v2\/product\/18416\/revisions"}],"wp:featuredmedia":[{"embeddable":true,"href":"https:\/\/havamall.com\/en\/wp-json\/wp\/v2\/media\/18429"}],"wp:attachment":[{"href":"https:\/\/havamall.com\/en\/wp-json\/wp\/v2\/media?parent=18416"}],"wp:term":[{"taxonomy":"product_brand","embeddable":true,"href":"https:\/\/havamall.com\/en\/wp-json\/wp\/v2\/product_brand?post=18416"},{"taxonomy":"product_cat","embeddable":true,"href":"https:\/\/havamall.com\/en\/wp-json\/wp\/v2\/product_cat?post=18416"},{"taxonomy":"product_tag","embeddable":true,"href":"https:\/\/havamall.com\/en\/wp-json\/wp\/v2\/product_tag?post=18416"}],"curies":[{"name":"wp","href":"https:\/\/api.w.org\/{rel}","templated":true}]}}