{"id":18484,"date":"2021-03-05T16:01:49","date_gmt":"2021-03-05T09:01:49","guid":{"rendered":"https:\/\/havamall.com\/?post_type=product&#038;p=18484"},"modified":"2024-12-11T15:39:54","modified_gmt":"2024-12-11T08:39:54","slug":"bao-lam-am-tay-uncle-bills","status":"publish","type":"product","link":"https:\/\/havamall.com\/en\/shop\/bao-lam-am-tay-uncle-bills\/","title":{"rendered":"Bao L\u00e0m \u1ea4m Tay Uncle Bills"},"content":{"rendered":"<p><span style=\"font-weight: 400;\">Uncle Bills (UBL) cung c\u1ea5p h\u01a1n 1800 s\u1ea3n ph\u1ea9m ti\u00eau d\u00f9ng phi th\u01b0\u0323c ph\u00e2\u0309m h\u00e2\u0301p d\u00e2\u0303n, ti\u00ea\u0323n i\u0301ch, gia\u0301 ph\u1ea3i ch\u0103ng. S\u1ea3n ph\u1ea9m bao g\u1ed3m nhi\u1ec1ulo\u1ea1i ha\u0300ng ho\u0301a kh\u00e1c nhau, t\u1eeb \u0111\u1ed3 du\u0300ng nh\u00e0 b\u1ebfp, ch\u0103m s\u00f3c c\u00e1 nh\u00e2n, l\u00e0m s\u1ea1ch nha\u0300 c\u01b0\u0309a, \u0111\u00f4\u0300 l\u01b0u tr\u1eef, ca\u0301c loa\u0323i du\u0323ng cu\u0323, v\u00e2\u0323t du\u0323ng ngo\u00e0i tr\u1eddi v\u00e0 ca\u0309 cho tr\u1ebb em.UBL Lu\u00f4n lu\u00f4n c\u00e2\u0323p nh\u00e2\u0323t ca\u0301c sa\u0309n ph\u00e2\u0309m m\u01a1\u0301i.<\/span><\/p>\n<p><span style=\"font-weight: 400;\">S\u1ea3n ph\u1ea9m UBL \u0111\u01b0\u1ee3c s\u1ea3n xu\u1ea5t theo ti\u00eau chu\u1ea9n ch\u1ea5t l\u01b0\u1ee3ng nghi\u00eam ng\u1eb7t c\u1ee7a UBL Hongkong v\u00e0 b\u00e1n t\u1ea1i h\u01a1n 50 qu\u1ed1c gia v\u01a1\u0301i h\u01a1n 10.000 c\u1eeda h\u00e0ng, bao g\u1ed3m ch\u00e2u \u00c2u, \u00dac, Ch\u00e2u \u00c1, Ch\u00e2u Phi. S\u1ee9 m\u1ec7nh c\u1ee7a UBL l\u00e0 cung c\u1ea5p nh\u1eefng s\u1ea3n ph\u1ea9m ti\u1ec7n \u00edch v\u00e0 h\u1ea5p d\u1eabn cho ng\u00f4i nh\u00e0 hi\u1ec7n \u0111\u1ea1i c\u1ee7a ng\u01b0\u1eddi Vi\u1ec7t Nam.<\/span><\/p>\n<p><img fetchpriority=\"high\" decoding=\"async\" class=\"aligncenter\" src=\"https:\/\/havamall.com\/wp-content\/uploads\/2024\/12\/f6797de1ee745a2dc0d45cb02727d617.jpg\" alt=\"T\u00fai \u0110\u1ef1ng R\u00e1c Th\u00fa C\u01b0ng T\u1ef1 Ph\u00e2n H\u1ee7y Uncle Bills PA3372 | Shopee Vi\u1ec7t Nam\" width=\"609\" height=\"609\" \/><\/p>\n<p><span style=\"font-weight: 400;\">Bao l\u00e0m \u1ea5m tay g\u1ed3m 2 mi\u1ebfng, d\u1ec5 d\u00e0ng s\u1eed d\u1ee5ng v\u1edbi ch\u1ea5t t\u1ea1o nhi\u1ec7t t\u1ef1 nhi\u00ean kh\u00f4ng m\u00f9i, an to\u00e0n cho m\u1ecdi ng\u01b0\u1eddi. Bao l\u00e0m \u1ea5m tay th\u00edch h\u1ee3p s\u1eed d\u1ee5ng cho c\u00e1c ho\u1ea1t \u0111\u1ed9ng ngo\u00e0i tr\u1eddi nh\u01b0 th\u1ec3 thao, shopping, di chuy\u1ec3n c\u00f4ng vi\u1ec7c bao gi\u1eef nhi\u1ec7t t\u1ed1t v\u00e0 cung c\u1ea5p nhi\u1ec7t l\u00ean \u0111\u1ebfn 14 gi\u1edd.<\/span><\/p>\n<p><img decoding=\"async\" class=\"aligncenter\" src=\"https:\/\/havamall.com\/wp-content\/uploads\/2021\/03\/1807769_L.png\" alt=\"B\u1ed9 2 bao l\u00e0m \u1ea5m tay Uncle bills AG1991 | Yes24 Vi\u1ec7t Nam\" width=\"599\" height=\"599\" \/><\/p>\n<p><span style=\"font-weight: 400;\">K\u00edch th\u01b0\u1edbc nh\u1ecf g\u1ecdn, d\u1ec5 d\u00e0ng s\u1eed d\u1ee5ng m\u1ecdi l\u00fac m\u1ecdi n\u01a1i: \u0110i h\u1ecdc, \u0111i l\u00e0m, \u0111i ch\u01a1i, du l\u1ecbch ho\u1eb7c tham gia c\u00e1c ho\u1ea1t \u0111\u1ed9ng th\u1ec3 thao ngo\u00e0i tr\u1eddi nh\u01b0 c\u00e2u c\u00e1, c\u1eafm tr\u1ea1i, \u0111i b\u1ed9 \u0111\u01b0\u1eddng d\u00e0i, l\u00e0m v\u01b0\u1eddn, d\u1eaft th\u00fa c\u01b0ng \u0111i d\u1ea1o<\/span><\/p>\n<p><img decoding=\"async\" class=\"aligncenter\" src=\"https:\/\/havamall.com\/wp-content\/uploads\/2021\/03\/312213-bao-lam-am-tay-body (4).jpg\" alt=\"Bao L\u00e0m \u1ea4m Tay UBL (AG1991)\" width=\"609\" height=\"609\" \/><\/p>\n<h4><strong>\u0110\u1eb7c \u0111i\u1ec3m s\u1ea3n ph\u1ea9m:<\/strong><\/h4>\n<p><span style=\"font-weight: 400;\">&#8211; D\u1ec5 d\u00e0ng s\u1eed d\u1ee5ng<\/span><\/p>\n<p><span style=\"font-weight: 400;\">&#8211; An to\u00e0n, nhi\u1ec7t t\u1ef1 nhi\u00ean.<\/span><\/p>\n<p><span style=\"font-weight: 400;\">&#8211; Kh\u00f4ng m\u00f9i.<\/span><\/p>\n<p><span style=\"font-weight: 400;\">&#8211; Gi\u1eef nhi\u1ec7t t\u1ed1t, cung c\u1ea5p l\u00ean \u0111\u1ebfn 14 gi\u1edd.<\/span><\/p>\n<p><img loading=\"lazy\" decoding=\"async\" class=\"aligncenter\" src=\"https:\/\/havamall.com\/wp-content\/uploads\/2021\/03\/ag1991_grande.jpg\" alt=\"Bao L\u00e0m \u1ea4m Tay - Uncle Bills\" width=\"630\" height=\"630\" \/><\/p>\n<h4><strong>H\u01b0\u1edbng d\u1eabn s\u1eed d\u1ee5ng:<\/strong><\/h4>\n<p><span style=\"font-weight: 400;\">L\u1ea5y t\u00fai \u1ea5m ra kh\u1ecfi bao b\u00ec b\u00ean ngo\u00e0i v\u00e0 l\u1eaft trong kh\u00f4ng kh\u00ed \u0111\u1ec3 k\u00edch ho\u1ea1t t\u00fai l\u00e0m \u1ea5m. T\u00fai s\u1ebd \u1ea5m l\u00ean trong v\u00f2ng 15 \u0111\u1ebfn 30 ph\u00fat. Trong khi s\u1eed d\u1ee5ng n\u1ebfu t\u00fai gi\u1ea3m nhi\u1ec7t \u0111\u1ed9 c\u1ea7m t\u00fai l\u1eaft trong kh\u00f4ng kh\u00ed \u0111\u1ec3 t\u0103ng l\u1ea1i nhi\u1ec7t \u0111\u1ed9 c\u1ee7a t\u00fai.<\/span><\/p>\n<p>S\u1ea3n ph\u1ea9m hi\u1ec7n \u0111\u00e3 c\u00f3 m\u1eb7t t\u1ea1i Havamall.<\/p>","protected":false},"excerpt":{"rendered":"<p>Uncle Bills (UBL) cung c\u1ea5p h\u01a1n 1800 s\u1ea3n ph\u1ea9m ti\u00eau d\u00f9ng phi th\u01b0\u0323c ph\u00e2\u0309m h\u00e2\u0301p d\u00e2\u0303n, ti\u00ea\u0323n i\u0301ch, gia\u0301 ph\u1ea3i<\/p>","protected":false},"featured_media":18502,"comment_status":"open","ping_status":"closed","template":"","meta":[],"product_brand":[],"product_cat":[35,396],"product_tag":[],"class_list":{"0":"post-18484","1":"product","2":"type-product","3":"status-publish","4":"has-post-thumbnail","6":"product_cat-nha-cua-doi-song","7":"product_cat-suc-khoe-lam-dep","8":"pa_brand-uncle-bills","10":"first","11":"outofstock","12":"sale","13":"shipping-taxable","14":"purchasable","15":"product-type-simple"},"_links":{"self":[{"href":"https:\/\/havamall.com\/en\/wp-json\/wp\/v2\/product\/18484","targetHints":{"allow":["GET"]}}],"collection":[{"href":"https:\/\/havamall.com\/en\/wp-json\/wp\/v2\/product"}],"about":[{"href":"https:\/\/havamall.com\/en\/wp-json\/wp\/v2\/types\/product"}],"replies":[{"embeddable":true,"href":"https:\/\/havamall.com\/en\/wp-json\/wp\/v2\/comments?post=18484"}],"version-history":[{"count":0,"href":"https:\/\/havamall.com\/en\/wp-json\/wp\/v2\/product\/18484\/revisions"}],"wp:featuredmedia":[{"embeddable":true,"href":"https:\/\/havamall.com\/en\/wp-json\/wp\/v2\/media\/18502"}],"wp:attachment":[{"href":"https:\/\/havamall.com\/en\/wp-json\/wp\/v2\/media?parent=18484"}],"wp:term":[{"taxonomy":"product_brand","embeddable":true,"href":"https:\/\/havamall.com\/en\/wp-json\/wp\/v2\/product_brand?post=18484"},{"taxonomy":"product_cat","embeddable":true,"href":"https:\/\/havamall.com\/en\/wp-json\/wp\/v2\/product_cat?post=18484"},{"taxonomy":"product_tag","embeddable":true,"href":"https:\/\/havamall.com\/en\/wp-json\/wp\/v2\/product_tag?post=18484"}],"curies":[{"name":"wp","href":"https:\/\/api.w.org\/{rel}","templated":true}]}}