{"id":18491,"date":"2021-03-05T16:38:24","date_gmt":"2021-03-05T09:38:24","guid":{"rendered":"https:\/\/havamall.com\/?post_type=product&#038;p=18491"},"modified":"2021-03-22T16:06:56","modified_gmt":"2021-03-22T09:06:56","slug":"mat-na-gel-lanh-danh-cho-mat-uncle-bills","status":"publish","type":"product","link":"https:\/\/havamall.com\/en\/shop\/mat-na-gel-lanh-danh-cho-mat-uncle-bills\/","title":{"rendered":"M\u1eb7t N\u1ea1 Gel L\u1ea1nh D\u00e0nh Cho M\u1eaft Uncle bills"},"content":{"rendered":"<p><span style=\"font-weight: 400\">Uncle Bills (UBL) cung c\u1ea5p h\u01a1n 1800 s\u1ea3n ph\u1ea9m ti\u00eau d\u00f9ng phi th\u01b0\u0323c ph\u00e2\u0309m h\u00e2\u0301p d\u00e2\u0303n, ti\u00ea\u0323n i\u0301ch, gia\u0301 ph\u1ea3i ch\u0103ng. S\u1ea3n ph\u1ea9m bao g\u1ed3m nhi\u1ec1u lo\u1ea1i ha\u0300ng ho\u0301a kh\u00e1c nhau, t\u1eeb \u0111\u1ed3 du\u0300ng nh\u00e0 b\u1ebfp, ch\u0103m s\u00f3c c\u00e1 nh\u00e2n, l\u00e0m s\u1ea1ch nha\u0300 c\u01b0\u0309a, \u0111\u00f4\u0300 l\u01b0u tr\u1eef, ca\u0301c loa\u0323i du\u0323ng cu\u0323, v\u00e2\u0323t du\u0323ng ngo\u00e0i tr\u1eddi v\u00e0 ca\u0309 cho tr\u1ebb em. UBL Lu\u00f4n lu\u00f4n c\u00e2\u0323p nh\u00e2\u0323t ca\u0301c sa\u0309n ph\u00e2\u0309m m\u01a1\u0301i.<\/span><\/p>\n<p><span style=\"font-weight: 400\">S\u1ea3n ph\u1ea9m UBL \u0111\u01b0\u1ee3c s\u1ea3n xu\u1ea5t theo ti\u00eau chu\u1ea9n ch\u1ea5t l\u01b0\u1ee3ng nghi\u00eam ng\u1eb7t c\u1ee7a UBL Hongkong v\u00e0 b\u00e1n t\u1ea1i h\u01a1n 50 qu\u1ed1c gia v\u01a1\u0301i h\u01a1n 10.000 c\u1eeda h\u00e0ng, bao g\u1ed3m ch\u00e2u \u00c2u, \u00dac, Ch\u00e2u \u00c1, Ch\u00e2u Phi. S\u1ee9 m\u1ec7nh c\u1ee7a UBL l\u00e0 cung c\u1ea5p nh\u1eefng s\u1ea3n ph\u1ea9m ti\u1ec7n \u00edch v\u00e0 h\u1ea5p d\u1eabn cho ng\u00f4i nh\u00e0 hi\u1ec7n \u0111\u1ea1i c\u1ee7a ng\u01b0\u1eddi Vi\u1ec7t Nam.<\/span><\/p>\n<p><img fetchpriority=\"high\" decoding=\"async\" class=\"aligncenter\" src=\"https:\/\/scontent.fvca1-2.fna.fbcdn.net\/v\/t1.0-9\/91384831_2534830543399680_6443312398475460608_n.png?_nc_cat=100&amp;ccb=3&amp;_nc_sid=e3f864&amp;_nc_ohc=Zoq_BKxlNboAX_YpM8c&amp;_nc_ht=scontent.fvca1-2.fna&amp;oh=fb9f27399c5a26974d5f0bfa5719425c&amp;oe=60675384\" alt=\"C\u00f3 th\u1ec3 l\u00e0 h\u00ecnh \u1ea3nh v\u1ec1 v\u0103n b\u1ea3n cho bi\u1ebft 'UNCLE 1LLS PLAY BE CREATIVE HOMEI MY C STLE COOK BAKE &amp; INVITE EXPLORE UNCLE BILLS DECORATE &amp;IMPROVE &amp; \u1265\u30fc\u12d9 KEEP ET 2000+ YOUR HOME PRODUCTS TO ENJOY'\" width=\"593\" height=\"333\" \/><\/p>\n<p><span style=\"font-weight: 400\">M\u1eb7t n\u1ea1 gel Uncle Bills d\u00f9ng cho m\u1eaft v\u1edbi d\u01b0\u1ee1ng ch\u1ea5t gel ti\u00ean ti\u1ebfn gi\u00fap th\u01b0 gi\u00e3n da v\u00f9ng m\u1eaft v\u00e0 \u0111em l\u1ea1i c\u1ea3m gi\u00e1c s\u1ea3ng kho\u00e1i ngay sau khi d\u00f9ng. Sau nh\u1eefng ho\u1ea1t \u0111\u1ed9ng vui ch\u01a1i, l\u00e0m vi\u1ec7c th\u01b0\u1eddng ng\u00e0y, \u0111\u00f4i m\u1eaft c\u1ea7n \u0111\u01b0\u1ee3c ch\u0103m s\u00f3c v\u00e0 ngh\u1ec9 ng\u01a1i \u0111\u1ec3 lu\u00f4n kh\u1ecfe m\u1ea1nh. S\u1edf h\u1eefu m\u1eb7t n\u1ea1 gel n\u00f3ng l\u1ea1nh d\u00f9ng cho m\u1eaft s\u1ebd h\u1ed7 tr\u1ee3 b\u1ea1n trong vi\u1ec7c g\u00ecn gi\u1eef \u0111\u00f4i m\u1eaft s\u00e1ng ng\u1eddi.<\/span><\/p>\n<p><img decoding=\"async\" class=\"aligncenter\" src=\"https:\/\/cf.shopee.vn\/file\/9d50a56d63088555fc01cb5ad53e3532\" alt=\"M\u1eb7t n\u1ea1 gel n\u00f3ng l\u1ea1nh cho m\u1eaft - t\u00fai ch\u01b0\u1eddm n\u00f3ng l\u1ea1nh cho m\u1eaft UBL AG2084, Gi\u00e1 th\u00e1ng 2\/2021\" width=\"598\" height=\"598\" \/><\/p>\n<p><span style=\"font-weight: 400\">M\u1eb7t n\u1ea1 gel l\u1ea1nh d\u00e0nh cho m\u1eaft Uncle bills v\u1edbi thi\u1ebft k\u1ebf \u0111\u1ed9c \u0111\u00e1o, l\u00e0m t\u01b0\u01a1i m\u00e1t v\u00e0 s\u1ea3ng kho\u00e1i v\u00f9ng m\u1eaft, c\u00f3 th\u1ec3 t\u00e1i s\u1eed d\u1ee5ng v\u00e0 d\u00f9ng cho c\u1ea3 nam l\u1eabn n\u1eef. Th\u00e0nh ph\u1ea7n 100% h\u1ea1t gel c\u00f9ng v\u1edbi h\u00ecnh d\u00e1ng thi\u1ebft k\u1ebf kh\u00e9o l\u00e9o, v\u1eeba v\u1eb7n tr\u00ean b\u1ea5t k\u1ef3 khu\u00f4n m\u1eb7t n\u00e0o.<\/span><\/p>\n<p><span style=\"font-weight: 400\">D\u00e2y \u0111eo co gi\u00e3n ti\u1ec7n l\u1ee3i. Thi\u1ebft k\u1ebf m\u1eb7t n\u1ea1 r\u1ea5t nh\u1ecf g\u1ecdn, d\u1ec5 d\u00e0ng mang theo trong c\u00e1c chuy\u1ebfn \u0111i d\u00e3 ngo\u1ea1i xa ho\u1eb7c khi c\u00f3 nhu c\u1ea7u. D\u00e2y \u0111eo b\u1eb1ng thun co gi\u00e3n t\u1ed1t, t\u1ea1o s\u1ef1 v\u1eeba v\u1eb7n v\u00e0 tho\u1ea3i m\u00e1i khi \u0111eo<\/span><\/p>\n<p><span style=\"font-weight: 400\">Nh\u1edd t\u00ednh d\u1ebbo, m\u1eb7t n\u1ea1 gel d\u00e0nh cho m\u1eaft c\u00f3 th\u1ec3 v\u1eeba kh\u00edt v\u1edbi b\u1ea5t c\u1ee9 khu\u00f4n m\u1eb7t n\u00e0o. Kh\u00f4ng ch\u1ec9 gi\u00fap gi\u1ea3m qu\u1ea7ng th\u00e2m, v\u1ebft b\u1ea7m tr\u00ean m\u1eaft, m\u1eb7t n\u1ea1 gel c\u00f2n c\u00f3 c\u00f4ng d\u1ee5ng l\u00e0m gi\u1ea3m \u0111au \u0111\u1ea7u, c\u0103ng th\u1eb3ng, m\u1ec7t m\u1ecfi v\u00e0 gi\u00fap b\u1ea1n lu\u00f4n c\u1ea3m th\u1ea5y t\u01b0\u01a1i t\u1ec9nh.<\/span><\/p>\n<p><img decoding=\"async\" class=\"aligncenter\" src=\"https:\/\/havamall.com\/wp-content\/uploads\/2021\/03\/1807772_L.png\" alt=\"M\u1eb7t n\u1ea1 gel l\u1ea1nh d\u00e0nh cho m\u1eaft Uncle bills AG2084 | Yes24 Vi\u1ec7t Nam\" width=\"599\" height=\"599\" \/><\/p>\n<h4><strong>C\u00f4ng d\u1ee5ng:<\/strong><\/h4>\n<p>&#8211; T\u00fai Ch\u01b0\u1eddm Gel L\u1ea1nh D\u00e0nh Cho M\u1eaft Gel Beads Cooling Eye Mask Uncle Bills\u00a0l\u00e0m gi\u1ea3m v\u1ebft ch\u00e2n chim v\u00e0 qu\u1ea7ng th\u00e2m m\u1eaft<\/p>\n<p>&#8211; Gi\u1ea3m m\u1ecfi m\u1eaft, m\u1eaft s\u01b0ng ph\u00f9 n\u1eb7ng.<\/p>\n<p>&#8211; Th\u01b0 gi\u00e3n tr\u00ean m\u00e1y bay hay t\u1ea1i nh\u00e0.<\/p>\n<p>&#8211; L\u00e0 s\u1ea3n ph\u1ea9m gi\u00fap b\u1ea1n ch\u0103m s\u00f3c \u0111\u00f4i m\u1eaft c\u1ee7a b\u1ea1n<\/p>\n<p><img loading=\"lazy\" decoding=\"async\" class=\"aligncenter\" src=\"https:\/\/havamall.com\/wp-content\/uploads\/2021\/03\/ubl2_grande.jpg\" alt=\"M\u1eb7t n\u1ea1 gel l\u1ea1nh d\u00e0nh cho m\u1eaft - Uncle Bills\" width=\"604\" height=\"944\" \/><\/p>\n<h4><strong>H\u01b0\u1edbng d\u1eabn s\u1eed d\u1ee5ng:<\/strong><\/h4>\n<p><span style=\"font-weight: 400\">&#8211; \u0110\u1eafp m\u1eb7t n\u1ea1 l\u00ean v\u00f9ng m\u1eaft kho\u1ea3ng 15 &#8211; 20 ph\u00fat v\u00e0 n\u00ean n\u1eb1m th\u01b0 gi\u00e3n tr\u00ean gi\u01b0\u1eddng \u0111\u1ec3 \u0111\u1ea1t \u0111\u01b0\u1ee3c hi\u1ec7u qu\u1ea3 t\u1ed1t nh\u1ea5t.<\/span><\/p>\n<p><span style=\"font-weight: 400\">&#8211; C\u00e1ch l\u00e0m l\u1ea1nh kh\u0103n: B\u1ecf v\u00e0o ng\u0103n m\u00e1t t\u1ee7 l\u1ea1nh trong kho\u1ea3ng 2 gi\u1edd ho\u1eb7c b\u1ecf v\u00e0o ng\u0103n \u0111\u00f4ng kho\u1ea3ng 30 ph\u00fat. L\u01b0u \u00fd kh\u00f4ng \u0111\u1ec3 m\u1eb7t n\u1ea1 \u0111\u00f4ng c\u1ee9ng.<\/span><\/p>\n<p>S\u1ea3n ph\u1ea9m hi\u1ec7n \u0111\u00e3 c\u00f3 m\u1eb7t t\u1ea1i Havamall.<\/p>","protected":false},"excerpt":{"rendered":"<p>Uncle Bills (UBL) cung c\u1ea5p h\u01a1n 1800 s\u1ea3n ph\u1ea9m ti\u00eau d\u00f9ng phi th\u01b0\u0323c ph\u00e2\u0309m h\u00e2\u0301p d\u00e2\u0303n, ti\u00ea\u0323n i\u0301ch, gia\u0301 ph\u1ea3i<\/p>","protected":false},"featured_media":18492,"comment_status":"open","ping_status":"closed","template":"","meta":[],"product_brand":[],"product_cat":[35,396],"product_tag":[],"class_list":{"0":"post-18491","1":"product","2":"type-product","3":"status-publish","4":"has-post-thumbnail","6":"product_cat-nha-cua-doi-song","7":"product_cat-suc-khoe-lam-dep","8":"pa_brand-uncle-bills","10":"first","11":"outofstock","12":"sale","13":"shipping-taxable","14":"purchasable","15":"product-type-simple"},"_links":{"self":[{"href":"https:\/\/havamall.com\/en\/wp-json\/wp\/v2\/product\/18491","targetHints":{"allow":["GET"]}}],"collection":[{"href":"https:\/\/havamall.com\/en\/wp-json\/wp\/v2\/product"}],"about":[{"href":"https:\/\/havamall.com\/en\/wp-json\/wp\/v2\/types\/product"}],"replies":[{"embeddable":true,"href":"https:\/\/havamall.com\/en\/wp-json\/wp\/v2\/comments?post=18491"}],"version-history":[{"count":0,"href":"https:\/\/havamall.com\/en\/wp-json\/wp\/v2\/product\/18491\/revisions"}],"wp:featuredmedia":[{"embeddable":true,"href":"https:\/\/havamall.com\/en\/wp-json\/wp\/v2\/media\/18492"}],"wp:attachment":[{"href":"https:\/\/havamall.com\/en\/wp-json\/wp\/v2\/media?parent=18491"}],"wp:term":[{"taxonomy":"product_brand","embeddable":true,"href":"https:\/\/havamall.com\/en\/wp-json\/wp\/v2\/product_brand?post=18491"},{"taxonomy":"product_cat","embeddable":true,"href":"https:\/\/havamall.com\/en\/wp-json\/wp\/v2\/product_cat?post=18491"},{"taxonomy":"product_tag","embeddable":true,"href":"https:\/\/havamall.com\/en\/wp-json\/wp\/v2\/product_tag?post=18491"}],"curies":[{"name":"wp","href":"https:\/\/api.w.org\/{rel}","templated":true}]}}