{"id":18648,"date":"2021-03-10T11:54:02","date_gmt":"2021-03-10T04:54:02","guid":{"rendered":"https:\/\/havamall.com\/?post_type=product&#038;p=18648"},"modified":"2022-01-09T23:26:23","modified_gmt":"2022-01-09T16:26:23","slug":"18648","status":"publish","type":"product","link":"https:\/\/havamall.com\/en\/shop\/18648\/","title":{"rendered":"Bong B\u00f3ng M\u1eebng Sinh Nh\u1eadt 25 C\u00e1i Nhi\u1ec1u M\u00e0u Uncle Bills"},"content":{"rendered":"<p>Uncle Bills (UBL) cung c\u1ea5p h\u01a1n 1800 s\u1ea3n ph\u1ea9m ti\u00eau d\u00f9ng phi th\u01b0\u0323c ph\u00e2\u0309m h\u00e2\u0301p d\u00e2\u0303n, ti\u00ea\u0323n i\u0301ch, gia\u0301 ph\u1ea3i ch\u0103ng. S\u1ea3n ph\u1ea9m bao g\u1ed3m nhi\u1ec1ulo\u1ea1i ha\u0300ng ho\u0301a kh\u00e1c nhau, t\u1eeb \u0111\u1ed3 du\u0300ng nh\u00e0 b\u1ebfp, ch\u0103m s\u00f3c c\u00e1 nh\u00e2n, l\u00e0m s\u1ea1ch nha\u0300 c\u01b0\u0309a, \u0111\u00f4\u0300 l\u01b0u tr\u1eef, ca\u0301c loa\u0323i du\u0323ng cu\u0323, v\u00e2\u0323t du\u0323ng ngo\u00e0i tr\u1eddi v\u00e0 ca\u0309 cho tr\u1ebb em.UBL Lu\u00f4n lu\u00f4n c\u00e2\u0323p nh\u00e2\u0323t ca\u0301c sa\u0309n ph\u00e2\u0309m m\u01a1\u0301i.<\/p>\n<p><span style=\"font-weight: 400;\">S\u1ea3n ph\u1ea9m UBL \u0111\u01b0\u1ee3c s\u1ea3n xu\u1ea5t theo ti\u00eau chu\u1ea9n ch\u1ea5t l\u01b0\u1ee3ng nghi\u00eam ng\u1eb7t c\u1ee7a UBL Hongkong v\u00e0 b\u00e1n t\u1ea1i h\u01a1n 50 qu\u1ed1c gia v\u01a1\u0301i h\u01a1n 10.000 c\u1eeda h\u00e0ng, bao g\u1ed3m ch\u00e2u \u00c2u, \u00dac, Ch\u00e2u \u00c1, Ch\u00e2u Phi. S\u1ee9 m\u1ec7nh c\u1ee7a UBL l\u00e0 cung c\u1ea5p nh\u1eefng s\u1ea3n ph\u1ea9m ti\u1ec7n \u00edch v\u00e0 h\u1ea5p d\u1eabn cho ng\u00f4i nh\u00e0 hi\u1ec7n \u0111\u1ea1i c\u1ee7a ng\u01b0\u1eddi Vi\u1ec7t Nam.<\/span><\/p>\n<p><img fetchpriority=\"high\" decoding=\"async\" class=\"aligncenter\" src=\"https:\/\/cf.shopee.vn\/file\/f6797de1ee745a2dc0d45cb02727d617\" alt=\"T\u00fai \u0110\u1ef1ng R\u00e1c Th\u00fa C\u01b0ng T\u1ef1 Ph\u00e2n H\u1ee7y Uncle Bills PA3372 | Shopee Vi\u1ec7t Nam\" width=\"568\" height=\"568\" \/><\/p>\n<p><span style=\"font-weight: 400;\">G\u00f3i Bong b\u00f3ng m\u1eebng sinh nh\u1eadt 25 c\u00e1i c\u00e1i c\u1ee7a Uncle-bill c\u00f3 nhi\u1ec1u m\u00e0u s\u1eafc b\u1eaft m\u1eaft, vui nh\u1ed9n, in h\u00ecnh ch\u00fac m\u1eebng sinh nh\u1eadt ng\u1ed9 ngh\u0129nh s\u1ebd gi\u00fap cho kh\u00f4ng gian b\u1eefa ti\u1ec7c sinh nh\u1eadt c\u1ee7a b\u1ea1n th\u1eadt ho\u00e0n h\u1ea3o v\u00e0 lunh linh.\u00a0\u0110\u1ec3 c\u00f3 m\u1ed9t b\u1eefa ti\u1ec7c sinh nh\u1eadt ho\u00e0n h\u1ea3o v\u00e0 \u00fd ngh\u0129a, ngo\u00e0i vi\u1ec7c c\u00f3 b\u00e1nh kem, n\u1ebfn, \u0111\u1ed3 \u0103n ngon th\u00ec vi\u1ec7c trang tr\u00ed cho kh\u00f4ng gian b\u1eefa ti\u1ec7c b\u1eb1ng bong b\u00f3ng l\u00e0 \u0111i\u1ec1u kh\u00f4ng th\u1ec3 thi\u1ebfu.<\/span><\/p>\n<p><img decoding=\"async\" class=\"aligncenter\" src=\"https:\/\/havamall.com\/wp-content\/uploads\/2021\/03\/71zxAIQNDiL.jpg\" alt=\"Mua 50pcs 12inch Latex Balloons for Happy Birthday Party Beautiful Flowers Printed Birthday Balloon Decoration Multicolor (Birthday) tr\u00ean Amazon M\u1ef9 ch\u00ednh h\u00e3ng 2021 | Fado\" width=\"560\" height=\"560\" \/><\/p>\n<p><span style=\"font-weight: 400;\">Bong b\u00f3ng \u0111\u01b0\u1ee3c l\u00e0m t\u1eeb ch\u1ea5t li\u1ec7u cao su an to\u00e0n, kh\u00f4ng ch\u1ee9a ch\u1ea5t \u0111\u1ed9c h\u1ea1i. Bong b\u00f3ng c\u00f3 \u0111\u1ed9 \u0111\u00e0n h\u1ed3i cao, b\u01a1m \u0111\u01b0\u1ee3c nhi\u1ec1u h\u01a1i, kh\u00f3 b\u1ecb b\u1ec3.\u00a0M\u00e0u s\u1eafc h\u1ecda ti\u1ebft bong b\u00f3ng t\u01b0\u01a1i t\u1eafn, tr\u1ebb trung<\/span><\/p>\n<p><img decoding=\"async\" class=\"aligncenter\" src=\"https:\/\/havamall.com\/wp-content\/uploads\/2021\/03\/bigstock-Group-Of-Smiling-Children-Play-246052486.jpg\" alt=\"10 great tips for your DIY kids party at home | Grapevyne\" width=\"561\" height=\"364\" \/><\/p>\n<p><span style=\"font-weight: 400;\">G\u00f3i c\u00f3 25 c\u00e1i bong b\u00f3ng nhi\u1ec1u m\u00e0u s\u1eafc t\u01b0\u01a1i t\u1eafn kh\u00e1c nhau, in h\u1ecda ti\u1ebft theo ch\u1ee7 \u0111\u1ec1 \u00fd ngh\u0129a v\u1ec1 ti\u1ec7c sinh nh\u1eadt. Cho kh\u00f4ng gian ti\u1ec7c th\u00eam ph\u1ea7n t\u01b0\u01a1i t\u1eafn, \u00fd ngh\u0129a.<\/span><span style=\"font-weight: 400;\">.<\/span><\/p>\n<p>S\u1ea3n ph\u1ea9m hi\u1ec7n \u0111\u00e3 c\u00f3 m\u1eb7t t\u1ea1i Havamall.<\/p>","protected":false},"excerpt":{"rendered":"<p>Uncle Bills (UBL) cung c\u1ea5p h\u01a1n 1800 s\u1ea3n ph\u1ea9m ti\u00eau d\u00f9ng phi th\u01b0\u0323c ph\u00e2\u0309m h\u00e2\u0301p d\u00e2\u0303n, ti\u00ea\u0323n i\u0301ch, gia\u0301 ph\u1ea3i<\/p>","protected":false},"featured_media":18649,"comment_status":"open","ping_status":"closed","template":"","meta":[],"product_brand":[],"product_cat":[35,394],"product_tag":[],"class_list":{"0":"post-18648","1":"product","2":"type-product","3":"status-publish","4":"has-post-thumbnail","6":"product_cat-nha-cua-doi-song","7":"product_cat-trang-tri-nha-cua","8":"pa_brand-uncle-bills","10":"first","11":"instock","12":"sale","13":"shipping-taxable","14":"purchasable","15":"product-type-simple"},"_links":{"self":[{"href":"https:\/\/havamall.com\/en\/wp-json\/wp\/v2\/product\/18648","targetHints":{"allow":["GET"]}}],"collection":[{"href":"https:\/\/havamall.com\/en\/wp-json\/wp\/v2\/product"}],"about":[{"href":"https:\/\/havamall.com\/en\/wp-json\/wp\/v2\/types\/product"}],"replies":[{"embeddable":true,"href":"https:\/\/havamall.com\/en\/wp-json\/wp\/v2\/comments?post=18648"}],"version-history":[{"count":0,"href":"https:\/\/havamall.com\/en\/wp-json\/wp\/v2\/product\/18648\/revisions"}],"wp:featuredmedia":[{"embeddable":true,"href":"https:\/\/havamall.com\/en\/wp-json\/wp\/v2\/media\/18649"}],"wp:attachment":[{"href":"https:\/\/havamall.com\/en\/wp-json\/wp\/v2\/media?parent=18648"}],"wp:term":[{"taxonomy":"product_brand","embeddable":true,"href":"https:\/\/havamall.com\/en\/wp-json\/wp\/v2\/product_brand?post=18648"},{"taxonomy":"product_cat","embeddable":true,"href":"https:\/\/havamall.com\/en\/wp-json\/wp\/v2\/product_cat?post=18648"},{"taxonomy":"product_tag","embeddable":true,"href":"https:\/\/havamall.com\/en\/wp-json\/wp\/v2\/product_tag?post=18648"}],"curies":[{"name":"wp","href":"https:\/\/api.w.org\/{rel}","templated":true}]}}