{"id":18694,"date":"2021-03-10T17:27:50","date_gmt":"2021-03-10T10:27:50","guid":{"rendered":"https:\/\/havamall.com\/?post_type=product&#038;p=18694"},"modified":"2021-09-28T15:49:44","modified_gmt":"2021-09-28T08:49:44","slug":"can-hanh-ly-32kg-uncle-bills","status":"publish","type":"product","link":"https:\/\/havamall.com\/en\/shop\/can-hanh-ly-32kg-uncle-bills\/","title":{"rendered":"C\u00e2n H\u00e0nh L\u00fd 32Kg Uncle Bills"},"content":{"rendered":"<p><span style=\"font-weight: 400\">Uncle Bills (UBL) cung c\u1ea5p h\u01a1n 1800 s\u1ea3n ph\u1ea9m ti\u00eau d\u00f9ng phi th\u01b0\u0323c ph\u00e2\u0309m h\u00e2\u0301p d\u00e2\u0303n, ti\u00ea\u0323n i\u0301ch, gia\u0301 ph\u1ea3i ch\u0103ng. S\u1ea3n ph\u1ea9m bao g\u1ed3m nhi\u1ec1u lo\u1ea1i ha\u0300ng ho\u0301a kh\u00e1c nhau, t\u1eeb \u0111\u1ed3 du\u0300ng nh\u00e0 b\u1ebfp, ch\u0103m s\u00f3c c\u00e1 nh\u00e2n, l\u00e0m s\u1ea1ch nha\u0300 c\u01b0\u0309a, \u0111\u00f4\u0300 l\u01b0u tr\u1eef, ca\u0301c loa\u0323i du\u0323ng cu\u0323, v\u00e2\u0323t du\u0323ng ngo\u00e0i tr\u1eddi v\u00e0 ca\u0309 cho tr\u1ebb em.\u00a0 UBL Lu\u00f4n lu\u00f4n c\u00e2\u0323p nh\u00e2\u0323t ca\u0301c sa\u0309n ph\u00e2\u0309m m\u01a1\u0301i.<\/span><\/p>\n<p><span style=\"font-weight: 400\">S\u1ea3n ph\u1ea9m UBL \u0111\u01b0\u1ee3c s\u1ea3n xu\u1ea5t theo ti\u00eau chu\u1ea9n ch\u1ea5t l\u01b0\u1ee3ng nghi\u00eam ng\u1eb7t c\u1ee7a UBL Hongkong v\u00e0 b\u00e1n t\u1ea1i h\u01a1n 50 qu\u1ed1c gia v\u01a1\u0301i h\u01a1n 10.000 c\u1eeda h\u00e0ng, bao g\u1ed3m ch\u00e2u \u00c2u, \u00dac, Ch\u00e2u \u00c1, Ch\u00e2u Phi. S\u1ee9 m\u1ec7nh c\u1ee7a UBL l\u00e0 cung c\u1ea5p nh\u1eefng s\u1ea3n ph\u1ea9m ti\u1ec7n \u00edch v\u00e0 h\u1ea5p d\u1eabn cho ng\u00f4i nh\u00e0 hi\u1ec7n \u0111\u1ea1i c\u1ee7a ng\u01b0\u1eddi Vi\u1ec7t Nam.<\/span><\/p>\n<p><img fetchpriority=\"high\" decoding=\"async\" class=\"aligncenter\" src=\"https:\/\/cf.shopee.vn\/file\/f6797de1ee745a2dc0d45cb02727d617\" alt=\"T\u00fai \u0110\u1ef1ng R\u00e1c Th\u00fa C\u01b0ng T\u1ef1 Ph\u00e2n H\u1ee7y Uncle Bills PA3372 | Shopee Vi\u1ec7t Nam\" width=\"526\" height=\"526\" \/><\/p>\n<p><span style=\"font-weight: 400\">C\u00e2n H\u00e0nh L\u00fd 32Kg Uncle Bills<\/span><span style=\"font-weight: 400\"> l\u00e0 d\u00f2ng s\u1ea3n ph\u1ea9m c\u00e2n b\u1ecf t\u00fai, c\u00f3 thi\u1ebft k\u1ebf nh\u1ecf g\u1ecdn, th\u01b0\u1eddng d\u00f9ng \u0111\u1ec3 c\u00e2n th\u1ef1c ph\u1ea9m, c\u00e2n h\u00e0nh l\u00fd, c\u1ea7n \u0111\u1ed3 \u0111\u1ea1c&#8230;c\u00e2n gi\u00fap ng\u01b0\u1eddi s\u1eed d\u1ee5ng d\u1ec5 d\u00e0ng quan s\u00e1t \u0111\u01b0\u1ee3c c\u00e1c th\u00f4ng tin, c\u00e2n c\u00f3 m\u1ee9c t\u1ed1i \u0111a 32kg, cho \u0111\u1ed9 ch\u00ednh x\u00e1c cao.<\/span><\/p>\n<p><img decoding=\"async\" class=\"aligncenter\" src=\"https:\/\/cf.shopee.vn\/file\/ed1c1363e31f962d3ba3d52923d5a5b7\" alt=\"C\u00e2n h\u00e0nh l\u00fd 32 kg Uncle Bills RG0109 | Shopee Vi\u1ec7t Nam\" width=\"530\" height=\"530\" \/><\/p>\n<p><strong><span style=\"font-weight: 400\">C\u00e2n H\u00e0nh L\u00fd 32Kg Uncle Bills<\/span>\u00a0<\/strong>l\u00e0 thi\u1ebft b\u1ecb c\u1ea7n thi\u1ebft cho ng\u01b0\u1eddi th\u01b0\u1eddng xuy\u00ean di chuy\u1ec3n tr\u00ean m\u00e1y bay mu\u1ed1n \u0111o kh\u1ed1i l\u01b0\u1ee3ng h\u00e0nh l\u00fd ch\u00ednh x\u00e1c tr\u00e1nh t\u00ecnh tr\u1ea1ng v\u01b0\u1ee3t qu\u00e1 s\u1ed1 kg quy \u0111\u1ecbnh. C\u00e2n \u0111\u01b0\u1ee3c thi\u1ebft k\u1ebf c\u00f3 m\u00f3c \u0111\u1ec3 treo c\u00e2n h\u00e0nh l\u00fd v\u00e0 th\u01b0\u1edbt \u0111o chi\u1ec1u d\u00e0i h\u00e0nh l\u00fd r\u1ea5t ti\u1ec7n l\u1ee3i.<\/p>\n<p><img decoding=\"async\" class=\"aligncenter\" src=\"https:\/\/cf.shopee.vn\/file\/20303dc4fa23fe90a97a1de4d2bea3d5\" alt=\"C\u00e2n h\u00e0nh l\u00fd 32 kg Uncle Bills RG0109 | Shopee Vi\u1ec7t Nam\" width=\"520\" height=\"520\" \/><\/p>\n<h4><strong>Th\u00f4ng tin s\u1ea3n ph\u1ea9m:<\/strong><\/h4>\n<p><span style=\"font-weight: 400\">&#8211; C\u00f4ng d\u1ee5ng: C\u00e2n h\u00e0nh l\u00fd x\u00e1ch tay<\/span><\/p>\n<p><span style=\"font-weight: 400\">&#8211; Th\u00e0nh ph\u1ea7n: Kim lo\u1ea1i, nh\u1ef1a<\/span><\/p>\n<p><span style=\"font-weight: 400\">&#8211; \u0110\u1ecbnh l\u01b0\u1ee3ng: 1 c\u00e1c\/b\u1ed9<\/span><\/p>\n<p><span style=\"font-weight: 400\">S\u1ea3n ph\u1ea9m hi\u1ec7n \u0111\u00e3 c\u00f3 m\u1eb7t t\u1ea1i Havamall.<\/span><\/p>","protected":false},"excerpt":{"rendered":"<p>Uncle Bills (UBL) cung c\u1ea5p h\u01a1n 1800 s\u1ea3n ph\u1ea9m ti\u00eau d\u00f9ng phi th\u01b0\u0323c ph\u00e2\u0309m h\u00e2\u0301p d\u00e2\u0303n, ti\u00ea\u0323n i\u0301ch, gia\u0301 ph\u1ea3i<\/p>","protected":false},"featured_media":18695,"comment_status":"open","ping_status":"closed","template":"","meta":[],"product_brand":[],"product_cat":[35],"product_tag":[],"class_list":{"0":"post-18694","1":"product","2":"type-product","3":"status-publish","4":"has-post-thumbnail","6":"product_cat-nha-cua-doi-song","7":"pa_brand-uncle-bills","9":"first","10":"outofstock","11":"sale","12":"shipping-taxable","13":"purchasable","14":"product-type-simple"},"_links":{"self":[{"href":"https:\/\/havamall.com\/en\/wp-json\/wp\/v2\/product\/18694","targetHints":{"allow":["GET"]}}],"collection":[{"href":"https:\/\/havamall.com\/en\/wp-json\/wp\/v2\/product"}],"about":[{"href":"https:\/\/havamall.com\/en\/wp-json\/wp\/v2\/types\/product"}],"replies":[{"embeddable":true,"href":"https:\/\/havamall.com\/en\/wp-json\/wp\/v2\/comments?post=18694"}],"version-history":[{"count":0,"href":"https:\/\/havamall.com\/en\/wp-json\/wp\/v2\/product\/18694\/revisions"}],"wp:featuredmedia":[{"embeddable":true,"href":"https:\/\/havamall.com\/en\/wp-json\/wp\/v2\/media\/18695"}],"wp:attachment":[{"href":"https:\/\/havamall.com\/en\/wp-json\/wp\/v2\/media?parent=18694"}],"wp:term":[{"taxonomy":"product_brand","embeddable":true,"href":"https:\/\/havamall.com\/en\/wp-json\/wp\/v2\/product_brand?post=18694"},{"taxonomy":"product_cat","embeddable":true,"href":"https:\/\/havamall.com\/en\/wp-json\/wp\/v2\/product_cat?post=18694"},{"taxonomy":"product_tag","embeddable":true,"href":"https:\/\/havamall.com\/en\/wp-json\/wp\/v2\/product_tag?post=18694"}],"curies":[{"name":"wp","href":"https:\/\/api.w.org\/{rel}","templated":true}]}}