{"id":18717,"date":"2021-03-11T11:08:00","date_gmt":"2021-03-11T04:08:00","guid":{"rendered":"https:\/\/havamall.com\/?post_type=product&#038;p=18717"},"modified":"2021-12-22T16:49:31","modified_gmt":"2021-12-22T09:49:31","slug":"bo-do-may-va-64-mon-uncle-bills","status":"publish","type":"product","link":"https:\/\/havamall.com\/en\/shop\/bo-do-may-va-64-mon-uncle-bills\/","title":{"rendered":"B\u1ed9 \u0110\u1ed3 May V\u00e1 64 M\u00f3n Uncle Bills"},"content":{"rendered":"<h3><strong>TH\u00d4NG TIN TH\u01af\u01a0NG HI\u1ec6U<\/strong><\/h3>\n<p><span style=\"font-weight: 400\">Uncle Bills (UBL) cung c\u1ea5p h\u01a1n 1800 s\u1ea3n ph\u1ea9m ti\u00eau d\u00f9ng phi th\u01b0\u0323c ph\u00e2\u0309m h\u00e2\u0301p d\u00e2\u0303n, ti\u00ea\u0323n i\u0301ch, gia\u0301 ph\u1ea3i ch\u0103ng. S\u1ea3n ph\u1ea9m bao g\u1ed3m nhi\u1ec1u lo\u1ea1i ha\u0300ng ho\u0301a kh\u00e1c nhau, t\u1eeb \u0111\u1ed3 du\u0300ng nh\u00e0 b\u1ebfp, ch\u0103m s\u00f3c c\u00e1 nh\u00e2n, l\u00e0m s\u1ea1ch nha\u0300 c\u01b0\u0309a, \u0111\u00f4\u0300 l\u01b0u tr\u1eef, ca\u0301c loa\u0323i du\u0323ng cu\u0323, v\u00e2\u0323t du\u0323ng ngo\u00e0i tr\u1eddi v\u00e0 ca\u0309 cho tr\u1ebb em.\u00a0 UBL Lu\u00f4n lu\u00f4n c\u00e2\u0323p nh\u00e2\u0323t ca\u0301c sa\u0309n ph\u00e2\u0309m m\u01a1\u0301i.<\/span><\/p>\n<p><span style=\"font-weight: 400\">S\u1ea3n ph\u1ea9m UBL \u0111\u01b0\u1ee3c s\u1ea3n xu\u1ea5t theo ti\u00eau chu\u1ea9n ch\u1ea5t l\u01b0\u1ee3ng nghi\u00eam ng\u1eb7t c\u1ee7a UBL Hongkong v\u00e0 b\u00e1n t\u1ea1i h\u01a1n 50 qu\u1ed1c gia v\u01a1\u0301i h\u01a1n 10.000 c\u1eeda h\u00e0ng, bao g\u1ed3m ch\u00e2u \u00c2u, \u00dac, Ch\u00e2u \u00c1, Ch\u00e2u Phi. S\u1ee9 m\u1ec7nh c\u1ee7a UBL l\u00e0 cung c\u1ea5p nh\u1eefng s\u1ea3n ph\u1ea9m ti\u1ec7n \u00edch v\u00e0 h\u1ea5p d\u1eabn cho ng\u00f4i nh\u00e0 hi\u1ec7n \u0111\u1ea1i c\u1ee7a ng\u01b0\u1eddi Vi\u1ec7t Nam.<\/span><\/p>\n<p><img fetchpriority=\"high\" decoding=\"async\" class=\"aligncenter\" src=\"https:\/\/cf.shopee.vn\/file\/f6797de1ee745a2dc0d45cb02727d617\" alt=\"T\u00fai \u0110\u1ef1ng R\u00e1c Th\u00fa C\u01b0ng T\u1ef1 Ph\u00e2n H\u1ee7y Uncle Bills PA3372 | Shopee Vi\u1ec7t Nam\" width=\"544\" height=\"544\" \/><\/p>\n<p><span style=\"font-weight: 400\">V\u1edbi nh\u1eefng b\u00e0 n\u1ed9i tr\u1ee3 th\u00edch may v\u00e1 v\u00e0 kh\u00e9o tay v\u1edbi nh\u1eefng v\u1eadt d\u1ee5ng th\u1ee7 c\u00f4ng th\u00ec\u00a0<\/span><span style=\"font-weight: 400\">b\u1ed9 \u0111\u1ed3 may v\u00e1 Uncle Billls <\/span><span style=\"font-weight: 400\">l\u00e0 m\u1ed9t tr\u1ee3 th\u1ee7 v\u00f4 c\u00f9ng \u0111\u1eafc l\u1ef1c. \u0110\u01b0\u1ee3c ch\u1ebf t\u1ea1o v\u00e0 s\u1eafp x\u1ebfp t\u00f4ng m\u00e0u t\u1eeb \u0111\u1eadm \u0111\u1ebfn nh\u1ea1t, b\u1ed9 ch\u1ec9 may bao g\u1ed3m t\u1ea5t c\u1ea3 d\u1ee5ng c\u1ee5 c\u1ea7n thi\u1ebft gi\u00fap b\u1ea1n d\u1ec5 d\u00e0ng h\u01a1n trong vi\u1ec7c k\u1ebft h\u1ee3p m\u00e0u v\u1ea3i. <\/span><span style=\"font-weight: 400\">B\u1ed9 \u0111\u1ed3 may v\u00e1 Uncle Billls l\u00e0 <\/span><span style=\"font-weight: 400\">tr\u1ee3 th\u1ee7 \u0111\u1eafc l\u1ef1c c\u1ee7a nh\u1eefng b\u1ea1n \u0111am m\u00ea th\u1ee7 c\u00f4ng v\u00e0 may v\u00e1.<\/span><\/p>\n<p>Ch\u1ea5t li\u1ec7u b\u1ec1n ch\u1eafc, an to\u00e0n v\u1edbi ng\u01b0\u1eddi d\u00f9ng. <span style=\"font-weight: 400\">Cu\u1ed9n ch\u1ec9 may Uncle Bills \u0111\u01b0\u1ee3c s\u1ea3n xu\u1ea5t b\u1eb1ng ch\u1ea5t li\u1ec7u s\u1ee3i cao c\u1ea5p, c\u00f3 \u0111\u1ed9 d\u1ebbo dai v\u00e0 b\u1ec1n ch\u1eafc cao, kh\u00f3 bung \u0111\u1ee9t trong qu\u00e1 tr\u00ecnh s\u1eed d\u1ee5ng. S\u1ea3n ph\u1ea9m th\u00e2n thi\u1ec7n v\u1edbi m\u00f4i tr\u01b0\u1eddng, \u0111\u1ed3ng th\u1eddi c\u0169ng kh\u00f4ng ch\u1ee9a c\u00e1c h\u00f3a ch\u1ea5t \u0111\u1ed9c h\u1ea1i \u1ea3nh h\u01b0\u1edfng \u0111\u1ebfn ng\u01b0\u1eddi d\u00f9ng.<\/span><\/p>\n<p><img decoding=\"async\" class=\"aligncenter\" src=\"https:\/\/havamall.com\/wp-content\/uploads\/2021\/03\/qh0063-a_10dabe2b-b049-45f9-4e0b-fff31783140c_master.jpg\" alt=\"B\u1ed9 \u0110\u1ed3 May V\u00e1 2 Lo\u1ea1i \u2013 Haravan Testing 23\" width=\"530\" height=\"530\" \/><\/p>\n<p><span style=\"font-weight: 400\">B\u1ed9 s\u1ea3n ph\u1ea9m bao g\u1ed3m 36 \u1ed1ng ch\u1ec9 l\u1edbn v\u00e0 20 \u1ed1ng ch\u1ec9 mini v\u1edbi m\u00e0u s\u1eafc \u0111a d\u1ea1ng \u0111\u01b0\u1ee3c s\u1eafp x\u1ebfp theo t\u00f4ng m\u00e0u t\u1eeb \u0111\u1eadm \u0111\u1ebfn nh\u1ea1t, s\u1ebd gi\u00fap b\u1ea1n d\u1ec5 d\u00e0ng h\u01a1n trong vi\u1ec7c k\u1ebft h\u1ee3p s\u1eed d\u1ee5ng tr\u00ean c\u00e1c lo\u1ea1i m\u00e0u v\u1ea3i kh\u00e1c nhau \u0111\u1ec3 may v\u00e1, trang tr\u00ed ho\u1eb7c l\u00e0m c\u00e1c v\u1eadt d\u1ee5ng, m\u00f3n \u0111\u1ed3 th\u1ee7 c\u00f4ng&#8230;<\/span><\/p>\n<p>K\u00edch th\u01b0\u1edbc nh\u1ecf g\u1ecdn, t\u00ednh ti\u1ec7n d\u1ee5ng cao <span style=\"font-weight: 400\">n\u00ean b\u1ea1n c\u00f3 th\u1ec3 thu\u1eadn ti\u1ebfp c\u1ea5t gi\u1eef g\u1ecdn g\u00e0ng ho\u1eb7c mang theo s\u1eed d\u1ee5ng b\u1ea5t c\u1ee9 \u0111\u00e2u khi c\u1ea7n.\u00a0<\/span><\/p>\n<p><img decoding=\"async\" class=\"aligncenter\" src=\"https:\/\/cf.shopee.vn\/file\/3fe3f9fd83dc58688c681a4862f22c54\" alt=\"Shopee Vi\u1ec7t Nam | Mua v\u00e0 B\u00e1n Tr\u00ean \u1ee8ng D\u1ee5ng Di \u0110\u1ed9ng Ho\u1eb7c Website\" width=\"528\" height=\"528\" \/><\/p>\n<h3><strong>\u0110\u1eb7c \u0111i\u1ec3m ch\u00ednh:<\/strong><\/h3>\n<p><span style=\"font-weight: 400\">&#8211; Ch\u1ea5t li\u1ec7u s\u1ee3i cao c\u1ea5p, b\u1ec1n ch\u1eafc<\/span><\/p>\n<p><span style=\"font-weight: 400\">&#8211; M\u00e0u s\u1eafc \u0111a d\u1ea1ng<\/span><\/p>\n<p><span style=\"font-weight: 400\">&#8211; K\u00edch th\u01b0\u1edbc nh\u1ecf g\u1ecdn, t\u00ednh ti\u1ec7n d\u1ee5ng cao<\/span><\/p>\n<p><span style=\"font-weight: 400\">S\u1ea3n ph\u1ea9m hi\u1ec7n \u0111\u00e3 c\u00f3 m\u1eb7t t\u1ea1i Havamall.<\/span><\/p>","protected":false},"excerpt":{"rendered":"<p>TH\u00d4NG TIN TH\u01af\u01a0NG HI\u1ec6U Uncle Bills (UBL) cung c\u1ea5p h\u01a1n 1800 s\u1ea3n ph\u1ea9m ti\u00eau d\u00f9ng phi th\u01b0\u0323c ph\u00e2\u0309m h\u00e2\u0301p d\u00e2\u0303n,<\/p>","protected":false},"featured_media":18998,"comment_status":"open","ping_status":"closed","template":"","meta":[],"product_brand":[],"product_cat":[35],"product_tag":[],"class_list":{"0":"post-18717","1":"product","2":"type-product","3":"status-publish","4":"has-post-thumbnail","6":"product_cat-nha-cua-doi-song","7":"pa_brand-uncle-bills","9":"first","10":"instock","11":"sale","12":"shipping-taxable","13":"purchasable","14":"product-type-simple"},"_links":{"self":[{"href":"https:\/\/havamall.com\/en\/wp-json\/wp\/v2\/product\/18717","targetHints":{"allow":["GET"]}}],"collection":[{"href":"https:\/\/havamall.com\/en\/wp-json\/wp\/v2\/product"}],"about":[{"href":"https:\/\/havamall.com\/en\/wp-json\/wp\/v2\/types\/product"}],"replies":[{"embeddable":true,"href":"https:\/\/havamall.com\/en\/wp-json\/wp\/v2\/comments?post=18717"}],"version-history":[{"count":0,"href":"https:\/\/havamall.com\/en\/wp-json\/wp\/v2\/product\/18717\/revisions"}],"wp:featuredmedia":[{"embeddable":true,"href":"https:\/\/havamall.com\/en\/wp-json\/wp\/v2\/media\/18998"}],"wp:attachment":[{"href":"https:\/\/havamall.com\/en\/wp-json\/wp\/v2\/media?parent=18717"}],"wp:term":[{"taxonomy":"product_brand","embeddable":true,"href":"https:\/\/havamall.com\/en\/wp-json\/wp\/v2\/product_brand?post=18717"},{"taxonomy":"product_cat","embeddable":true,"href":"https:\/\/havamall.com\/en\/wp-json\/wp\/v2\/product_cat?post=18717"},{"taxonomy":"product_tag","embeddable":true,"href":"https:\/\/havamall.com\/en\/wp-json\/wp\/v2\/product_tag?post=18717"}],"curies":[{"name":"wp","href":"https:\/\/api.w.org\/{rel}","templated":true}]}}