{"id":18746,"date":"2021-03-11T14:47:13","date_gmt":"2021-03-11T07:47:13","guid":{"rendered":"https:\/\/havamall.com\/?post_type=product&#038;p=18746"},"modified":"2022-05-10T09:52:05","modified_gmt":"2022-05-10T02:52:05","slug":"dui-bat-kem-12-cai-uncle-bills","status":"publish","type":"product","link":"https:\/\/havamall.com\/en\/shop\/dui-bat-kem-12-cai-uncle-bills\/","title":{"rendered":"\u0110ui B\u1eaft Kem 12 C\u00e1i Uncle Bills"},"content":{"rendered":"<p><span style=\"font-weight: 400\">Uncle Bills (UBL) cung c\u1ea5p h\u01a1n 1800 s\u1ea3n ph\u1ea9m ti\u00eau d\u00f9ng phi th\u01b0\u0323c ph\u00e2\u0309m h\u00e2\u0301p d\u00e2\u0303n, ti\u00ea\u0323n i\u0301ch, gia\u0301 ph\u1ea3i ch\u0103ng. S\u1ea3n ph\u1ea9m bao g\u1ed3m nhi\u1ec1u lo\u1ea1i ha\u0300ng ho\u0301a kh\u00e1c nhau, t\u1eeb \u0111\u1ed3 du\u0300ng nh\u00e0 b\u1ebfp, ch\u0103m s\u00f3c c\u00e1 nh\u00e2n, l\u00e0m s\u1ea1ch nha\u0300 c\u01b0\u0309a, \u0111\u00f4\u0300 l\u01b0u tr\u1eef, ca\u0301c loa\u0323i du\u0323ng cu\u0323, v\u00e2\u0323t du\u0323ng ngo\u00e0i tr\u1eddi v\u00e0 ca\u0309 cho tr\u1ebb em.\u00a0 UBL Lu\u00f4n lu\u00f4n c\u00e2\u0323p nh\u00e2\u0323t ca\u0301c sa\u0309n ph\u00e2\u0309m m\u01a1\u0301i.<\/span><\/p>\n<p><span style=\"font-weight: 400\">S\u1ea3n ph\u1ea9m UBL \u0111\u01b0\u1ee3c s\u1ea3n xu\u1ea5t theo ti\u00eau chu\u1ea9n ch\u1ea5t l\u01b0\u1ee3ng nghi\u00eam ng\u1eb7t c\u1ee7a UBL Hongkong v\u00e0 b\u00e1n t\u1ea1i h\u01a1n 50 qu\u1ed1c gia v\u01a1\u0301i h\u01a1n 10.000 c\u1eeda h\u00e0ng, bao g\u1ed3m ch\u00e2u \u00c2u, \u00dac, Ch\u00e2u \u00c1, Ch\u00e2u Phi. S\u1ee9 m\u1ec7nh c\u1ee7a UBL l\u00e0 cung c\u1ea5p nh\u1eefng s\u1ea3n ph\u1ea9m ti\u1ec7n \u00edch v\u00e0 h\u1ea5p d\u1eabn cho ng\u00f4i nh\u00e0 hi\u1ec7n \u0111\u1ea1i c\u1ee7a ng\u01b0\u1eddi Vi\u1ec7t Nam.<\/span><\/p>\n<p><img fetchpriority=\"high\" decoding=\"async\" class=\"aligncenter\" src=\"https:\/\/cf.shopee.vn\/file\/f6797de1ee745a2dc0d45cb02727d617\" alt=\"T\u00fai \u0110\u1ef1ng R\u00e1c Th\u00fa C\u01b0ng T\u1ef1 Ph\u00e2n H\u1ee7y Uncle Bills PA3372 | Shopee Vi\u1ec7t Nam\" width=\"491\" height=\"491\" \/><\/p>\n<p><span style=\"font-weight: 400\">\u0110\u1ec3 l\u00e0m n\u00ean nh\u1eefng chi\u1ebfc b\u00e1nh kem xinh \u0111\u1eb9p th\u00ec kh\u00f4ng th\u1ec3 thi\u1ebfu s\u1ef1 tr\u1ee3 gi\u00fap c\u1ee7a 1 d\u1ee5ng c\u1ee5 l\u00e0m b\u00e1nh v\u00f4 c\u00f9ng quan tr\u1ecdng \u0111\u00f3 l\u00e0 \u0111ui b\u1eaft kem. B\u1ed9 \u0111ui b\u1eaft kem v\u1edbi c\u00e1c ki\u1ec3u d\u00e1ng kh\u00e1c nhau n\u00e0y c\u00f3 kh\u1ea3 n\u0103ng gi\u00fap b\u1ea1n trang tr\u00ed t\u1eeb a \u0111\u1ebfn z, t\u1eeb trang tr\u00ed b\u00e1nh cupcake, b\u00e1nh gato, b\u00e1nh kem\u2026.<\/span><\/p>\n<p><img decoding=\"async\" class=\"aligncenter\" src=\"https:\/\/havamall.com\/wp-content\/uploads\/2021\/03\/9620941b600d4c74d4dc6219eff10795.jpg\" alt=\"\u0110ui b\u1eaft kem 12 m\u1eabu Uncle Bills KA0735 | Tiki\" width=\"481\" height=\"481\" \/><\/p>\n<p><span style=\"font-weight: 400\">V\u1edbi 12 m\u1eabu \u0111ui kh\u00e1c nhau \u0111ui b\u1eaft kem Uncle Bills gi\u00fap b\u1ea1n s\u00e1ng t\u1ea1o ra nhi\u1ec1u h\u00ecnh b\u1eaft m\u1eaft cho chi\u1ebfc b\u00e1nh c\u1ee7a b\u1ea1n nh\u01b0 h\u00ecnh hoa h\u1ed3ng. \u0110ui b\u1eaft kem Uncle Bills gi\u00fap b\u1ea1n t\u1ea1o ra c\u00e1c l\u1edbp ph\u1ee7 \u0111\u1eb9p m\u1eaft v\u00e0 h\u1ea5p d\u1eabn cho nh\u1eefng chi\u1ebfc b\u00e1nh v\u00e0 m\u00f3n tr\u00e1ng mi\u1ec7ng th\u01a1m ngon c\u1ee7a b\u1ea1n m\u1ed9t c\u00e1ch d\u1ec5 d\u00e0ng nh\u1ea5t.<\/span><\/p>\n<p><img decoding=\"async\" class=\"aligncenter\" src=\"https:\/\/havamall.com\/wp-content\/uploads\/2021\/03\/coc-giay-cupcake.jpg\" alt=\"C\u1ed1c gi\u1ea5y cupcake, c\u00e1ch l\u00e0m c\u1ed1c gi\u1ea5y cupcake trong 3 b\u01b0\u1edbc\" width=\"471\" height=\"314\" \/><\/p>\n<p><span style=\"font-weight: 400\">\u0110\u01b0\u1ee3c l\u00e0m t\u1eeb ch\u1ea5t li\u1ec7u th\u00e9p kh\u00f4ng g\u1ec9 an to\u00e0n cho s\u1ee9c kh\u1ecfe, ch\u1ed1ng \u0103n m\u00f2n, kh\u00f4ng ch\u1ea5t th\u00e0nh ph\u1ea7n \u0111\u1ed9c h\u1ea1i.\u00a0<\/span><\/p>\n<p><span style=\"font-weight: 400\">\u0110ui b\u1eaft kem Uncle Bills d\u1ec5 s\u1eed d\u1ee5ng v\u00e0 d\u1ec5 lau ch\u00f9i kh\u00f4ng c\u1ea7n t\u1ed1n th\u1eddi gian, l\u00e0m s\u1ea1ch v\u1edbi n\u01b0\u1edbc khi s\u1eed d\u1ee5ng l\u1ea7n \u0111\u1ea7u ti\u00ean. h\u00ecnh hoa c\u00fac, ngo\u00e0i ra c\u00f3 th\u1ec3 b\u1eaft kem: \u0111\u01b0\u1eddng vi\u1ec1n, n\u01a1, ribbons\u2026<\/span><\/p>\n<p><img loading=\"lazy\" decoding=\"async\" class=\"aligncenter\" src=\"https:\/\/havamall.com\/wp-content\/uploads\/2021\/03\/092d83f1ecd6c092bf4301b4efd22a97.jpg\" alt=\"\u0110ui b\u1eaft kem 12 m\u1eabu Uncle Bills KA0735 | Tiki\" width=\"459\" height=\"459\" \/><\/p>\n<p><span style=\"font-weight: 400\">S\u1ea3n ph\u1ea9m ho\u00e0n h\u1ea3o \u0111\u1ec3 s\u00e1ng t\u1ea1o nhi\u1ec1u h\u00ecnh d\u00e1ng \u0111\u1ec3 trang tr\u00ed b\u00e1nh cupcake, cookie, n\u01b0\u1edbng, b\u00e1nh ng\u1ecdt,\u2026D\u1ec5 s\u1eed d\u1ee5ng v\u00e0 d\u1ec5 lau ch\u00f9i, l\u00e0m s\u1ea1ch v\u1edbi n\u01b0\u1edbc tr\u01b0\u1edbc khi s\u1eed d\u1ee5ng l\u1ea7n \u0111\u1ea7u ti\u00ean.<\/span><\/p>\n<p><img loading=\"lazy\" decoding=\"async\" class=\"aligncenter\" src=\"http:\/\/abby.vn\/wp-content\/uploads\/2014\/06\/102684708_ninerbakes_frosting_piping_techniques_022_cupcake_decorating_large.jpg\" alt=\"Trang tr\u00ed cupcake \u2013 bi\u1ebfn h\u00f3a kh\u00f4n l\u01b0\u1eddng c\u1ee7a s\u1ef1 s\u00e1ng t\u1ea1o\" width=\"453\" height=\"361\" \/><\/p>\n<h4><strong>C\u00e1ch s\u1eed d\u1ee5ng:<\/strong><\/h4>\n<p><span style=\"font-weight: 400\">&#8211; B\u1ea1n c\u00f3 th\u1ec3 s\u1eed d\u1ee5ng \u0111ui b\u1eaft kem theo 2 c\u00e1ch, m\u1ed9t l\u00e0 g\u1eafn v\u00e0o ch\u1ed1t \u0111ui &#8211; ho\u1eb7c l\u00e0 cho th\u1eb3ng v\u00e0o t\u00fai b\u1eaft kem.\u00a0<\/span><\/p>\n<p><span style=\"font-weight: 400\">&#8211; C\u00e1ch c\u1ea7m t\u00fai b\u1eaft kem v\u00e0 \u0111\u1eb7t g\u00f3c so v\u1edbi m\u1eb7t b\u00e1nh s\u1ebd quy\u1ebft \u0111\u1ecbnh h\u00ecnh d\u00e1ng c\u1ee7a b\u00f4ng kem. V\u1edbi \u0111ui sao, khi \u0111\u1eb7t theo ph\u01b0\u01a1ng th\u1eb3ng \u0111\u1ee9ng 90 \u0111\u1ed9 s\u1ebd t\u1ea1o h\u00ecnh sao \u2013 nh\u01b0ng n\u1ebfu \u0111\u1eb7t nghi\u00eang 45 \u0111\u1ed9 s\u1ebd t\u1ea1o h\u00ecnh s\u00f2. Do \u0111\u00f3, b\u1ea1n c\u1ea7n x\u00e1c \u0111\u1ecbnh h\u00ecnh d\u00e1ng c\u1ee7a b\u00f4ng kem v\u00e0 c\u00e1ch c\u1ea7m t\u00fai b\u1eaft kem cho \u0111\u00fang.<\/span><\/p>\n<p><span style=\"font-weight: 400\">S\u1ea3n ph\u1ea9m hi\u1ec7n \u0111\u00e3 c\u00f3 m\u1eb7t t\u1ea1i Havamall.<\/span><\/p>","protected":false},"excerpt":{"rendered":"<p>Uncle Bills (UBL) cung c\u1ea5p h\u01a1n 1800 s\u1ea3n ph\u1ea9m ti\u00eau d\u00f9ng phi th\u01b0\u0323c ph\u00e2\u0309m h\u00e2\u0301p d\u00e2\u0303n, ti\u00ea\u0323n i\u0301ch, gia\u0301 ph\u1ea3i<\/p>","protected":false},"featured_media":24617,"comment_status":"open","ping_status":"closed","template":"","meta":[],"product_brand":[],"product_cat":[393,255,35],"product_tag":[],"class_list":{"0":"post-18746","1":"product","2":"type-product","3":"status-publish","4":"has-post-thumbnail","6":"product_cat-bep-phong-an","7":"product_cat-nguyen-lieu-lam-banh","8":"product_cat-nha-cua-doi-song","9":"pa_brand-uncle-bills","11":"first","12":"instock","13":"sale","14":"shipping-taxable","15":"purchasable","16":"product-type-simple"},"_links":{"self":[{"href":"https:\/\/havamall.com\/en\/wp-json\/wp\/v2\/product\/18746","targetHints":{"allow":["GET"]}}],"collection":[{"href":"https:\/\/havamall.com\/en\/wp-json\/wp\/v2\/product"}],"about":[{"href":"https:\/\/havamall.com\/en\/wp-json\/wp\/v2\/types\/product"}],"replies":[{"embeddable":true,"href":"https:\/\/havamall.com\/en\/wp-json\/wp\/v2\/comments?post=18746"}],"version-history":[{"count":0,"href":"https:\/\/havamall.com\/en\/wp-json\/wp\/v2\/product\/18746\/revisions"}],"wp:featuredmedia":[{"embeddable":true,"href":"https:\/\/havamall.com\/en\/wp-json\/wp\/v2\/media\/24617"}],"wp:attachment":[{"href":"https:\/\/havamall.com\/en\/wp-json\/wp\/v2\/media?parent=18746"}],"wp:term":[{"taxonomy":"product_brand","embeddable":true,"href":"https:\/\/havamall.com\/en\/wp-json\/wp\/v2\/product_brand?post=18746"},{"taxonomy":"product_cat","embeddable":true,"href":"https:\/\/havamall.com\/en\/wp-json\/wp\/v2\/product_cat?post=18746"},{"taxonomy":"product_tag","embeddable":true,"href":"https:\/\/havamall.com\/en\/wp-json\/wp\/v2\/product_tag?post=18746"}],"curies":[{"name":"wp","href":"https:\/\/api.w.org\/{rel}","templated":true}]}}