{"id":18864,"date":"2021-03-13T09:22:22","date_gmt":"2021-03-13T02:22:22","guid":{"rendered":"https:\/\/havamall.com\/?post_type=product&#038;p=18864"},"modified":"2022-11-03T15:37:47","modified_gmt":"2022-11-03T08:37:47","slug":"nuoc-suc-mieng-dental-care-gargle-garglin-original-750ml","status":"publish","type":"product","link":"https:\/\/havamall.com\/en\/shop\/nuoc-suc-mieng-dental-care-gargle-garglin-original-750ml\/","title":{"rendered":"N\u01b0\u1edbc S\u00fac Mi\u1ec7ng \u2013 Dental Care Gargle Garglin Original 750ml"},"content":{"rendered":"<table>\n<tbody>\n<tr>\n<td>Th\u01b0\u01a1ng hi\u1ec7u<\/td>\n<td>Garglin<\/td>\n<\/tr>\n<tr>\n<td>Xu\u1ea5t x\u1ee9<\/td>\n<td>H\u00e0n Qu\u1ed1c<\/td>\n<\/tr>\n<tr>\n<td>Th\u00e0nh ph\u1ea7n<\/td>\n<td>Purified warter, etanol, concentrated glycerin,\u2026<\/td>\n<\/tr>\n<tr>\n<td>H\u1ea1n s\u1eed d\u1ee5ng<\/td>\n<td>3 n\u0103m k\u1ec3 t\u1eeb ng\u00e0y s\u1ea3n xu\u1ea5t.<\/td>\n<\/tr>\n<tr>\n<td>B\u1ea3o qu\u1ea3n<\/td>\n<td>\u0110\u1ec3 n\u01a1i kh\u00f4 r\u00e1o, tho\u00e1ng m\u00e1t, tr\u00e1nh \u00e1nh n\u1eafng tr\u1ef1c ti\u1ebfp<\/td>\n<\/tr>\n<tr>\n<td>Th\u1ec3 t\u00edch<\/td>\n<td>750ml<\/td>\n<\/tr>\n<\/tbody>\n<\/table>\n<p>Garglin l\u00e0 th\u01b0\u01a1ng hi\u1ec7u ch\u0103m s\u00f3c r\u0103ng n\u1ed5i ti\u1ebfng c\u1ee7a H\u00e0n Qu\u1ed1c.\u00a0D\u00f9ng n\u01b0\u1edbc s\u00fac mi\u1ec7ng ch\u1ec9 h\u01a1i th\u1edf s\u1ea1ch s\u1ebd th\u01a1m tho, ng\u0103n ng\u1eeba s\u00e2u r\u0103ng m\u00e0 c\u00f2n gi\u1ea3m nguy c\u01a1 m\u1eafc c\u00e1c b\u1ec7nh vi\u00eam l\u1ee3i, nhi\u1ec7t mi\u1ec7ng.<\/p>\n<p><img fetchpriority=\"high\" decoding=\"async\" class=\"aligncenter\" src=\"https:\/\/contents.lotteon.com\/itemimage\/_v151622\/LF\/13\/56\/85\/8_\/0\/LF1356858_0_1.jpg\/dims\/resizef\/720X720\" alt=\"\ub3d9\uc544\uc81c\uc57d \uac00\uadf8\ub9b0 \uc624\ub9ac\uc9c0\ub110 750ML : \ub86f\ub370ON\" width=\"598\" height=\"598\" \/><\/p>\n<p>S\u00fac mi\u1ec7ng ng\u00e0y hai l\u1ea7n kh\u00f4ng ch\u1ec9 hi\u1ec7u qu\u1ea3 trong vi\u1ec7c gi\u1eef h\u01a1i th\u1edf th\u01a1m m\u00e1t. \u0110\u00e2y c\u00f2n l\u00e0 ph\u01b0\u01a1ng ph\u00e1p t\u1ed1i \u01b0u gi\u00fap v\u1ec7 sinh to\u00e0n khoang mi\u1ec7ng. Th\u1ef1c t\u1ebf l\u00e0 ch\u1ea3i r\u0103ng \u0111\u01a1n thu\u1ea7n ch\u1ec9 l\u00e0m s\u1ea1ch 25% khoang mi\u1ec7ng. S\u00fac mi\u1ec7ng c\u00f3 t\u00e1c d\u1ee5ng ch\u1ed1ng vi khu\u1ea9n trong to\u00e0n khoang mi\u1ec7ng, r\u0103ng v\u00e0 n\u01b0\u1edbu. N\u00ean s\u00fac ng\u00e0y hai l\u1ea7n \u0111\u1ec3 ph\u00e1t huy hi\u1ec7u qu\u1ea3 l\u00e0m s\u1ea1ch s\u00e2u. \u0110\u1ec3 n\u01b0\u1edbc s\u00fac mi\u1ec7ng Garglin Original ph\u00e1t huy t\u1ed1i \u0111a c\u00f4ng d\u1ee5ng, h\u00e3y d\u00f9ng theo \u0111\u00fang ch\u1ec9 d\u1eabn, v\u00e0 s\u00fac mi\u1ec7ng \u0111\u1ee7 30 gi\u00e2y 2 l\u1ea7n m\u1ed7i ng\u00e0y.<\/p>\n<p><img decoding=\"async\" class=\"aligncenter\" src=\"https:\/\/scontent.fvca1-2.fna.fbcdn.net\/v\/t1.0-9\/19554649_991457234330396_5837737264717776760_n.jpg?_nc_cat=109&amp;ccb=1-3&amp;_nc_sid=cdbe9c&amp;_nc_ohc=ZuOreYHvDxUAX-BWLUi&amp;_nc_ht=scontent.fvca1-2.fna&amp;oh=994c2b9735bcf372ed787f2d525b6e41&amp;oe=607323A3\" alt=\"C\u00f3 th\u1ec3 l\u00e0 h\u00ecnh \u1ea3nh v\u1ec1 1 ng\u01b0\u1eddi v\u00e0 \u0111ang c\u01b0\u1eddi\" width=\"598\" height=\"409\" \/><\/p>\n<p>Vi\u1ec7c s\u1eed d\u1ee5ng n\u01b0\u1edbc s\u00fac mi\u1ec7ng Garglin Original sau khi \u0111\u00e1nh r\u0103ng s\u1ebd gi\u1ea3m \u0111\u01b0\u1ee3c l\u01b0\u1ee3ng m\u1ea3ng b\u00e1m tr\u00ean r\u0103ng, l\u00e0m s\u1ea1ch t\u1ea5t c\u1ea3 c\u00e1c k\u1ebd s\u00e2u trong khoang mi\u1ec7ng \u0111\u1ed3ng th\u1eddi gi\u1eef cho h\u01a1i th\u1edf th\u01a1m m\u00e1t d\u00e0i l\u00e2u.<\/p>\n<p>N\u01b0\u1edbc s\u00fac mi\u1ec7ng Garglin Original s\u1ebd l\u00e0 n\u01b0\u1edbc s\u00fac mi\u1ec7ng gi\u00fap di\u1ec7t khu\u1ea9n cho c\u1ea3 gia \u0111\u00ecnh b\u1ea1n.\u00a0N\u01b0\u1edbc s\u00fac mi\u1ec7ng\u00a0Garglin Original\u00a0gi\u00fap di\u1ec7t\u00a0t\u1eadn g\u1ed1c nh\u1eefng vi khu\u1ea9n g\u00e2y b\u1ec7nh v\u00e0 gi\u00fap ng\u0103n ng\u1eeba m\u1ea7m b\u1ec7nh \u1ea3nh h\u01b0\u1edfng \u0111\u1ebfn s\u1ee9c kh\u1ecfe r\u0103ng mi\u1ec7ng, kh\u1eed m\u00f9i h\u00f4i, l\u00e0m s\u1ea1ch r\u0103ng mi\u1ec7ng v\u00e0 ng\u0103n ng\u1eeba vi\u00eam h\u1ecdng, vi\u00eam l\u1ee3i, ch\u1ea3y m\u00e1u ch\u00e2n r\u0103ng v\u00e0 s\u00e2u r\u0103ng.<\/p>\n<p><img decoding=\"async\" class=\"aligncenter\" src=\"https:\/\/havamall.com\/wp-content\/uploads\/2021\/03\/853_shop1_243688.jpg\" alt=\"\uc720\ud55c\ud0b4\ubc8c\ub9ac \uacf5\uc2dd\ub300\ub9ac\uc810 \" width=\"629\" height=\"629\" \/><\/p>\n<h4><strong>H\u01b0\u1edbng d\u1eabn s\u1eed d\u1ee5ng:<\/strong><\/h4>\n<p>\u2013 M\u1edf n\u1eafp b\u00ecnh, \u0111\u1ed5 N\u01b0\u1edbc s\u00fac mi\u1ec7ng Garglin Original kho\u1ea3ng 10 v\u00e0 cho dung d\u1ecbch v\u00e0o mi\u1ec7ng.<\/p>\n<p>\u2013\u00a0 Gi\u1eef n\u01b0\u1edbc s\u00fac mi\u1ec7ng trong mi\u1ec7ng trong 1 ph\u00fat, \u0111\u1ec3 cho dung d\u1ecbch \u0111i \u0111\u1ebfn h\u1ebft c\u00e1c ng\u00f3c ng\u00e1ch trong mi\u1ec7ng v\u00e0 nh\u1ed5 ra.<\/p>\n<p><img loading=\"lazy\" decoding=\"async\" class=\"aligncenter\" src=\"https:\/\/havamall.com\/wp-content\/uploads\/2021\/03\/3step.png\" alt=\"\uac00\uadf8\ub9b0 \uc624\ub9ac\uc9c0\ub110 10ml*200\uac1c (\uac1c\ubcc4\ud3ec\uc7a5) - \ub3d9\uc544\uc81c\uc57d \uacf5\uc2dd \ube0c\ub79c\ub4dc\ubab0 \ub514\ubab0 :Dmall\" width=\"626\" height=\"348\" \/><\/p>\n<h4><strong>Th\u00f4ng tin c\u1ea3nh b\u00e1o:<\/strong><\/h4>\n<p>\u2013 Tr\u00e1nh xa t\u1ea7m tay tr\u1ebb em<\/p>\n<p>\u2013 Kh\u00f4ng nu\u1ed1t s\u1ea3n ph\u1ea9m<\/p>\n<p>\u2013 Kh\u00f4ng d\u00f9ng cho tr\u1ebb em<\/p>\n<p>\u2013 Khi u\u1ed1ng m\u1ed9t l\u01b0\u1ee3ng l\u1edbn ph\u1ea3i u\u1ed1ng th\u1eadt nhi\u1ec1u s\u1eefa v\u00e0 l\u00e0m theo h\u01b0\u1edbng d\u1eabn c\u1ee7a b\u00e1c s\u0129<\/p>\n<p>S\u1ea3n ph\u1ea9m hi\u1ec7n \u0111\u00e3 c\u00f3 m\u1eb7t t\u1ea1i Havamall.<\/p>","protected":false},"excerpt":{"rendered":"<p>Th\u01b0\u01a1ng hi\u1ec7u Garglin Xu\u1ea5t x\u1ee9 H\u00e0n Qu\u1ed1c Th\u00e0nh ph\u1ea7n Purified warter, etanol, concentrated glycerin,\u2026 H\u1ea1n s\u1eed d\u1ee5ng 3 n\u0103m k\u1ec3<\/p>","protected":false},"featured_media":18865,"comment_status":"open","ping_status":"closed","template":"","meta":[],"product_brand":[],"product_cat":[35,396],"product_tag":[],"class_list":{"0":"post-18864","1":"product","2":"type-product","3":"status-publish","4":"has-post-thumbnail","6":"product_cat-nha-cua-doi-song","7":"product_cat-suc-khoe-lam-dep","8":"pa_brand-garglin","10":"first","11":"outofstock","12":"sale","13":"shipping-taxable","14":"purchasable","15":"product-type-simple"},"_links":{"self":[{"href":"https:\/\/havamall.com\/en\/wp-json\/wp\/v2\/product\/18864","targetHints":{"allow":["GET"]}}],"collection":[{"href":"https:\/\/havamall.com\/en\/wp-json\/wp\/v2\/product"}],"about":[{"href":"https:\/\/havamall.com\/en\/wp-json\/wp\/v2\/types\/product"}],"replies":[{"embeddable":true,"href":"https:\/\/havamall.com\/en\/wp-json\/wp\/v2\/comments?post=18864"}],"version-history":[{"count":0,"href":"https:\/\/havamall.com\/en\/wp-json\/wp\/v2\/product\/18864\/revisions"}],"wp:featuredmedia":[{"embeddable":true,"href":"https:\/\/havamall.com\/en\/wp-json\/wp\/v2\/media\/18865"}],"wp:attachment":[{"href":"https:\/\/havamall.com\/en\/wp-json\/wp\/v2\/media?parent=18864"}],"wp:term":[{"taxonomy":"product_brand","embeddable":true,"href":"https:\/\/havamall.com\/en\/wp-json\/wp\/v2\/product_brand?post=18864"},{"taxonomy":"product_cat","embeddable":true,"href":"https:\/\/havamall.com\/en\/wp-json\/wp\/v2\/product_cat?post=18864"},{"taxonomy":"product_tag","embeddable":true,"href":"https:\/\/havamall.com\/en\/wp-json\/wp\/v2\/product_tag?post=18864"}],"curies":[{"name":"wp","href":"https:\/\/api.w.org\/{rel}","templated":true}]}}