{"id":18890,"date":"2021-03-16T17:42:26","date_gmt":"2021-03-16T10:42:26","guid":{"rendered":"https:\/\/havamall.com\/?post_type=product&#038;p=18890"},"modified":"2024-01-23T14:06:21","modified_gmt":"2024-01-23T07:06:21","slug":"but-ve-mat-5-cai-uncle-bills","status":"publish","type":"product","link":"https:\/\/havamall.com\/en\/shop\/but-ve-mat-5-cai-uncle-bills\/","title":{"rendered":"B\u00fat V\u1ebd M\u1eb7t 5 C\u00e1i Uncle Bills"},"content":{"rendered":"<p>Uncle Bills (UBL) cung c\u1ea5p h\u01a1n 1800 s\u1ea3n ph\u1ea9m ti\u00eau d\u00f9ng phi th\u01b0\u0323c ph\u00e2\u0309m h\u00e2\u0301p d\u00e2\u0303n, ti\u00ea\u0323n i\u0301ch, gia\u0301 ph\u1ea3i ch\u0103ng. S\u1ea3n ph\u1ea9m bao g\u1ed3m nhi\u1ec1u lo\u1ea1i ha\u0300ng ho\u0301a kh\u00e1c nhau, t\u1eeb \u0111\u1ed3 du\u0300ng nh\u00e0 b\u1ebfp, ch\u0103m s\u00f3c c\u00e1 nh\u00e2n, l\u00e0m s\u1ea1ch nha\u0300 c\u01b0\u0309a, \u0111\u00f4\u0300 l\u01b0u tr\u1eef, ca\u0301c loa\u0323i du\u0323ng cu\u0323, v\u00e2\u0323t du\u0323ng ngo\u00e0i tr\u1eddi v\u00e0 ca\u0309 cho tr\u1ebb em.\u00a0 UBL Lu\u00f4n lu\u00f4n c\u00e2\u0323p nh\u00e2\u0323t ca\u0301c sa\u0309n ph\u00e2\u0309m m\u01a1\u0301i.<\/p>\n<p><span style=\"font-weight: 400\">S\u1ea3n ph\u1ea9m UBL \u0111\u01b0\u1ee3c s\u1ea3n xu\u1ea5t theo ti\u00eau chu\u1ea9n ch\u1ea5t l\u01b0\u1ee3ng nghi\u00eam ng\u1eb7t c\u1ee7a UBL Hongkong v\u00e0 b\u00e1n t\u1ea1i h\u01a1n 50 qu\u1ed1c gia v\u01a1\u0301i h\u01a1n 10.000 c\u1eeda h\u00e0ng, bao g\u1ed3m ch\u00e2u \u00c2u, \u00dac, Ch\u00e2u \u00c1, Ch\u00e2u Phi. S\u1ee9 m\u1ec7nh c\u1ee7a UBL l\u00e0 cung c\u1ea5p nh\u1eefng s\u1ea3n ph\u1ea9m ti\u1ec7n \u00edch v\u00e0 h\u1ea5p d\u1eabn cho ng\u00f4i nh\u00e0 hi\u1ec7n \u0111\u1ea1i c\u1ee7a ng\u01b0\u1eddi Vi\u1ec7t Nam.<\/span><\/p>\n<p><img fetchpriority=\"high\" decoding=\"async\" class=\"aligncenter\" src=\"https:\/\/cf.shopee.vn\/file\/f6797de1ee745a2dc0d45cb02727d617\" alt=\"T\u00fai \u0110\u1ef1ng R\u00e1c Th\u00fa C\u01b0ng T\u1ef1 Ph\u00e2n H\u1ee7y Uncle Bills PA3372 | Shopee Vi\u1ec7t Nam\" width=\"453\" height=\"453\" \/><\/p>\n<p>B\u1ea1n mu\u1ed1n tr\u00f4ng th\u1eadt n\u1ed5i b\u1eadt v\u00e0 h\u1ea5p d\u1eabn trong c\u00e1c d\u1ecbp l\u1ec5 h\u1ed9i, c\u00e1c b\u1eefa ti\u1ec7c ho\u00e1 trang? B\u1ea1n mu\u1ed1n tr\u1edf th\u00e0nh t\u00e2m \u0111i\u1ec3m c\u1ee7a m\u1ecdi s\u1ef1 ch\u00fa \u00fd? B\u00fat v\u1ebd m\u1eb7t 5 c\u00e1i Uncle Bills s\u1ebd gi\u00fap b\u1ea1n thu h\u00fat m\u1ecdi \u00e1nh nh\u00ecn.<\/p>\n<p>B\u00fat v\u1ebd m\u1eb7t 5 c\u00e1i Uncle Bills g\u1ed3m 5 m\u00e0u s\u1eafc kh\u00e1c nhau gi\u00fap b\u1ea1n c\u00f3 th\u1ec3 s\u00e1ng t\u1ea1o nh\u1eefng t\u00e1c ph\u1ea9m ho\u00e0nh tr\u00e1ng v\u00e0 \u0111\u1ea7y t\u00ednh ngh\u1ec7 thu\u1eadt tr\u00ean khu\u00f4n m\u1eb7t.<\/p>\n<p><img decoding=\"async\" class=\"aligncenter\" src=\"https:\/\/havamall.com\/wp-content\/uploads\/2021\/03\/60508b9310406_tc0921__2__large.jpg\" alt=\"B\u00fat v\u1ebd m\u1eb7t 5 c\u00e1i\/b\u1ed9 - Uncle Bills\" width=\"455\" height=\"455\" \/><\/p>\n<p>B\u00fat v\u1ebd m\u1eb7t 5 c\u00e1i Uncle Bills v\u1edbi <span style=\"font-weight: 400\">m\u00e0u s\u1eafc ng\u1ed9 ngh\u0129nh; \u0111\u00e1ng y\u00eau. Ch\u1ea5t li\u1ec7u an to\u00e0n cho da. D\u1ec5 d\u00e0ng lau ch\u00f9i, t\u1ea9y trang.\u00a0 B\u1ed9 g\u1ed3m 5 m\u00e0u: tr\u1eafng, h\u1ed3ng, xanh d\u01b0\u01a1ng \u0111\u1eadm, \u0111\u1ecf, \u0111en. S\u1eed d\u1ee5ng \u0111\u1ec3 h\u00f3a trang trong c\u00e1c b\u1eefa ti\u1ec7c, l\u1ec5 h\u1ed9i.\u00a0<\/span><\/p>\n<p><img decoding=\"async\" class=\"aligncenter\" src=\"https:\/\/havamall.com\/wp-content\/uploads\/2021\/03\/cach-hoa-trang-halloween-cho-tre-em-don-gian-nhat-4.jpg\" alt=\"5 c\u00e1ch h\u00f3a trang Halloween cho tr\u1ebb em \u0111\u01a1n gi\u1ea3n nh\u1ea5t\" width=\"464\" height=\"677\" \/><\/p>\n<h4><strong>\u0110\u1eb7c \u0111i\u1ec3m n\u1ed5i b\u1eadt:<\/strong><\/h4>\n<p><span style=\"font-weight: 400\">&#8211; Th\u00edch h\u1ee3p cho vi\u1ec7c h\u00f3a trang t\u1ea1o nhi\u1ec1u ngo\u1ea1i h\u00ecnh kh\u00e1c nhau, t\u1ea1o h\u00ecnh theo ch\u1ee7 \u0111\u1ec1 vui nh\u1ed9n<\/span><\/p>\n<p><span style=\"font-weight: 400\">&#8211; D\u1ec5 d\u00e0ng t\u1ea9y r\u1eeda b\u1eb1ng n\u01b0\u1edbc ho\u1eb7c x\u00e0 ph\u00f2ng<\/span><\/p>\n<p><span style=\"font-weight: 400\">&#8211; An to\u00e0n v\u1edbi m\u1ecdi lo\u1ea1i da<\/span><\/p>\n<p><span style=\"font-weight: 400\">&#8211; <\/span><span style=\"font-weight: 400\">S\u1eed d\u1ee5ng \u0111\u1ec3 h\u00f3a trang trong c\u00e1c b\u1eefa ti\u1ec7c, l\u1ec5 h\u1ed9i.<\/span><\/p>\n<p>S\u1ea3n ph\u1ea9m hi\u1ec7n \u0111\u00e3 c\u00f3 m\u1eb7t t\u1ea1i Havamall.<\/p>","protected":false},"excerpt":{"rendered":"<p>Uncle Bills (UBL) cung c\u1ea5p h\u01a1n 1800 s\u1ea3n ph\u1ea9m ti\u00eau d\u00f9ng phi th\u01b0\u0323c ph\u00e2\u0309m h\u00e2\u0301p d\u00e2\u0303n, ti\u00ea\u0323n i\u0301ch, gia\u0301 ph\u1ea3i<\/p>","protected":false},"featured_media":18891,"comment_status":"open","ping_status":"closed","template":"","meta":[],"product_brand":[],"product_cat":[397,35],"product_tag":[],"class_list":{"0":"post-18890","1":"product","2":"type-product","3":"status-publish","4":"has-post-thumbnail","6":"product_cat-hang-me-be-do-choi","7":"product_cat-nha-cua-doi-song","8":"pa_brand-uncle-bills","10":"first","11":"outofstock","12":"sale","13":"shipping-taxable","14":"purchasable","15":"product-type-simple"},"_links":{"self":[{"href":"https:\/\/havamall.com\/en\/wp-json\/wp\/v2\/product\/18890","targetHints":{"allow":["GET"]}}],"collection":[{"href":"https:\/\/havamall.com\/en\/wp-json\/wp\/v2\/product"}],"about":[{"href":"https:\/\/havamall.com\/en\/wp-json\/wp\/v2\/types\/product"}],"replies":[{"embeddable":true,"href":"https:\/\/havamall.com\/en\/wp-json\/wp\/v2\/comments?post=18890"}],"version-history":[{"count":0,"href":"https:\/\/havamall.com\/en\/wp-json\/wp\/v2\/product\/18890\/revisions"}],"wp:featuredmedia":[{"embeddable":true,"href":"https:\/\/havamall.com\/en\/wp-json\/wp\/v2\/media\/18891"}],"wp:attachment":[{"href":"https:\/\/havamall.com\/en\/wp-json\/wp\/v2\/media?parent=18890"}],"wp:term":[{"taxonomy":"product_brand","embeddable":true,"href":"https:\/\/havamall.com\/en\/wp-json\/wp\/v2\/product_brand?post=18890"},{"taxonomy":"product_cat","embeddable":true,"href":"https:\/\/havamall.com\/en\/wp-json\/wp\/v2\/product_cat?post=18890"},{"taxonomy":"product_tag","embeddable":true,"href":"https:\/\/havamall.com\/en\/wp-json\/wp\/v2\/product_tag?post=18890"}],"curies":[{"name":"wp","href":"https:\/\/api.w.org\/{rel}","templated":true}]}}