{"id":18927,"date":"2021-03-22T10:53:30","date_gmt":"2021-03-22T03:53:30","guid":{"rendered":"https:\/\/havamall.com\/?post_type=product&#038;p=18927"},"modified":"2021-08-17T19:18:58","modified_gmt":"2021-08-17T12:18:58","slug":"snack-calbee-wings-nhan-socola-kriss-bee-pilllow-rasa-choco-lava-110g","status":"publish","type":"product","link":"https:\/\/havamall.com\/en\/shop\/snack-calbee-wings-nhan-socola-kriss-bee-pilllow-rasa-choco-lava-110g\/","title":{"rendered":"Snack Calbee Wings Nh\u00e2n Socola- Kris Bee Pilllow Rasa Choco Lava 110g"},"content":{"rendered":"<table>\n<tbody>\n<tr>\n<td>Th\u01b0\u01a1ng hi\u1ec7u<\/td>\n<td>Calbee Wings<\/td>\n<\/tr>\n<tr>\n<td>Xu\u1ea5t x\u1ee9<\/td>\n<td>Indonesia<\/td>\n<\/tr>\n<tr>\n<td>Th\u00e0nh ph\u1ea7n<\/td>\n<td>\u0110\u01b0\u1eddng, b\u1ed9t m\u00ec, d\u1ea7u \u0103n g\u1ea1o,\u00a0 s\u1eefa b\u1ed9, b\u1ed9t cacao (5%), mu\u1ed1i, &#8230;<\/td>\n<\/tr>\n<tr>\n<td>H\u1ea1n s\u1eed d\u1ee5ng<\/td>\n<td>24 th\u00e1ng k\u1ec3 t\u1eeb ng\u00e0y s\u1ea3n xu\u1ea5t.<\/td>\n<\/tr>\n<tr>\n<td>B\u1ea3o qu\u1ea3n<\/td>\n<td>\u0110\u1ec3 n\u01a1i kh\u00f4 r\u00e1o, tho\u00e1ng m\u00e1t, tr\u00e1nh \u00e1nh n\u1eafng tr\u1ef1c ti\u1ebfp<\/td>\n<\/tr>\n<tr>\n<td>Kh\u1ed1i l\u01b0\u1ee3ng t\u1ecbnh<\/td>\n<td>110g<\/td>\n<\/tr>\n<\/tbody>\n<\/table>\n<p><span style=\"font-weight: 400\">Calbee Wings Food \u0111\u01b0\u1ee3c th\u00e0nh l\u1eadp v\u00e0o gi\u1eefa n\u0103m 2014. Calbee Wings Food l\u00e0 m\u1ed9t li\u00ean doanh gi\u1eefa Calbee, m\u1ed9t nh\u00e0 s\u1ea3n xu\u1ea5t \u0111\u1ed3 \u0103n nh\u1eb9 s\u1ed1 1 t\u1eeb Nh\u1eadt B\u1ea3n v\u00e0 Wings m\u1ed9t trong nh\u1eefng c\u00f4ng ty ti\u00eau d\u00f9ng h\u00e0ng \u0111\u1ea7u \u1edf Indonesia.<\/span><\/p>\n<p><span style=\"font-weight: 400\">K\u1ec3 t\u1eeb khi Calbee Wings Food \u0111\u01b0\u1ee3c th\u00e0nh l\u1eadp, Calbee Wings Food c\u1ed1 g\u1eafng gi\u1edbi thi\u1ec7u nh\u1eefng s\u1ea3n ph\u1ea9m ngon c\u00f3 th\u1ec3 t\u1ea1o th\u00eam h\u1ee9ng th\u00fa cho cu\u1ed9c s\u1ed1ng c\u1ee7a ng\u01b0\u1eddi ti\u00eau d\u00f9ng, c\u0169ng nh\u01b0 c\u1ea3i thi\u1ec7n v\u00e0 n\u00e2ng cao ch\u1ea5t l\u01b0\u1ee3ng ti\u00eau d\u00f9ng b\u1eb1ng c\u00e1ch cung c\u1ea5p c\u00e1c s\u1ea3n ph\u1ea9m t\u1eeb s\u1ef1 t\u1ed1t l\u00e0nh c\u1ee7a thi\u00ean nhi\u00ean.<\/span><\/p>\n<p><img fetchpriority=\"high\" decoding=\"async\" class=\"aligncenter\" src=\"https:\/\/havamall.com\/wp-content\/uploads\/2021\/03\/krisbee_whs---krisbee-pillow-snack--exclusive-launch-promo-pack-_full02.jpg\" alt=\"Jual WHS - KRISBEE Pillow Snack [Exclusive Launch Promo Pack] Online Maret 2021 | Blibli\" width=\"757\" height=\"757\" \/><\/p>\n<p>B\u00e1nh Snack Kriss Bee Nh\u00e2n Socola 110G <span style=\"font-weight: 400\">\u0111\u01b0\u1ee3c l\u00e0m t\u1eeb nh\u1eefng nguy\u00ean li\u1ec7u t\u1ef1 nhi\u00ean v\u00e0 qua nhi\u1ec1u kh\u00e2u ch\u1ecdn l\u1ecdc k\u1ef9 l\u01b0\u1ee1ng, mang \u0111\u1ebfn ch\u1ea5t l\u01b0\u1ee3ng v\u00e0 m\u00f9i v\u1ecb tuy\u1ec7t h\u1ea3o. B\u00e1nh gi\u00f2n tan h\u00f2a quy\u1ec7n c\u00f9ng v\u1ecb socola th\u01a1m n\u1ed3ng mang \u0111\u1ebfn s\u1ef1 th\u00edch th\u00fa cho b\u1ea1n khi th\u01b0\u1edfng th\u1ee9c.<\/span><\/p>\n<p><span style=\"font-weight: 400\">Snack Kriss Bee Pillows nh\u00e2n socola mang v\u1ecb ngon, x\u1ed1p gi\u00f2n c\u00f9ng l\u1edbp socola b\u00ean trong b\u00e1nh mang \u0111\u1ebfn c\u1ea3m gi\u00e1c th\u00edch th\u00fa khi \u0103n.<\/span><\/p>\n<p><img decoding=\"async\" class=\"aligncenter\" src=\"https:\/\/havamall.com\/wp-content\/uploads\/2021\/03\/605814bad93f2_maxresdefault.jpg\" alt=\"Bumper Krisbee Pillow Choco Lava - YouTube\" width=\"741\" height=\"417\" \/><\/p>\n<p><span style=\"font-weight: 400\">B\u00e1nh c\u00f3 th\u1ec3 d\u00f9ng l\u00e0m b\u1eefa \u0103n nh\u1eb9 b\u1ed5 sung ngu\u1ed3n n\u0103ng l\u01b0\u1ee3ng tuy\u1ec7t v\u1eddi cho b\u1ea1n v\u00e0 nh\u1eefng ng\u01b0\u1eddi th\u00e2n y\u00eau trong gia \u0111\u00ecnh. B\u1ea1n c\u00f3 th\u1ec3 chu\u1ea9n b\u1ecb b\u00e1nh cho c\u00e1c b\u00e9 y\u00eau mang t\u1edbi tr\u01b0\u1eddng hay nh\u1eefng bu\u1ed5i d\u00e3 ngo\u1ea1i ngo\u00e0i tr\u1eddi.<\/span><\/p>\n<p><img decoding=\"async\" class=\"aligncenter\" src=\"https:\/\/havamall.com\/wp-content\/uploads\/2021\/03\/snack-oishi-nhan-socola-100g-4-org.jpg\" alt=\"Snack nh\u00e2n s\u00f4 c\u00f4 la Oishi Pillows g\u00f3i 100g gi\u00f2n ngon, h\u1ea5p d\u1eabn, gi\u00e1 t\u1ed1t\" width=\"744\" height=\"559\" \/><\/p>\n<p><span style=\"font-weight: 400\">Snack Kriss Bee Pillows Rasa<\/span>\u00a0Choco Lava l\u00e0 l\u1ef1a ch\u1ecdn h\u00e0ng \u0111\u1ea7u cho nh\u1eefng cu\u1ed9c vui, khi m\u1ecdi ng\u01b0\u1eddi qu\u00e2y qu\u1ea7n b\u00ean nhau, tr\u00f2 chuy\u1ec7n, vui ch\u01a1i v\u00e0 th\u01b0\u1edfng th\u1ee9c nh\u1eefng mi\u1ebfng b\u00e1nh h\u00ecnh chi\u1ebfc g\u1ed1i ng\u1ed9 ngh\u0129nh gi\u00f2n tan r\u1ea5t th\u00fa v\u1ecb.<\/p>\n<p><img loading=\"lazy\" decoding=\"async\" class=\"aligncenter\" src=\"https:\/\/havamall.com\/wp-content\/uploads\/2021\/03\/crispy-creamy.png\" alt=\"Krisbee\" width=\"719\" height=\"280\" \/><\/p>\n<p><span style=\"font-weight: 400\">G\u00f3i b\u00e1nh \u0111\u01b0\u1ee3c thi\u1ebft k\u1ebf mi\u1ec7ng t\u00fai c\u00f3 kh\u00f3a nh\u1ecf, <\/span><span style=\"font-weight: 400\">\u00a0r\u1ea5t ti\u1ec7n l\u1ee3i khi s\u1eed d\u1ee5ng v\u00e0o b\u1ea3o qu\u1ea3n, b\u1ea1n c\u00f3 th\u1ec3 mang theo s\u1ea3n ph\u1ea9m trong nh\u1eefng chuy\u1ebfn du l\u1ecbch, d\u00e3 ngo\u1ea1i,\u2026 \u0111\u1ec3 c\u00f9ng chia s\u1ebb v\u1edbi ng\u01b0\u1eddi th\u00e2n v\u00e0 b\u1ea1n b\u00e8<\/span><span style=\"font-weight: 400\">. Ng\u01b0\u1eddi d\u00f9ng c\u00f3 th\u1ec3 \u0111\u00f3ng m\u1edf d\u1ec5 d\u00e0ng ngay c\u1ea3 khi ch\u01b0a d\u00f9ng h\u1ebft, \u0111\u1ea3m b\u1ea3o gi\u1eef nguy\u00ean v\u1eb9n h\u01b0\u01a1ng v\u1ecb c\u1ee7a s\u1ea3n ph\u1ea9m.<\/span><\/p>\n<p><img loading=\"lazy\" decoding=\"async\" class=\" wp-image-18955 aligncenter\" src=\"https:\/\/havamall.com\/wp-content\/uploads\/2021\/03\/banh-goi-300x252.png\" alt=\"\" width=\"720\" height=\"603\" \/><\/p>\n<p><span style=\"font-weight: 400\">Snack Kriss Bee nh\u00e2n s\u00f4 c\u00f4 la Pillows <\/span><span style=\"font-weight: 400\">Calbee Wings<\/span><span style=\"font-weight: 400\"> lu\u00f4n \u0111\u01b0\u1ee3c nhi\u1ec1u ng\u01b0\u1eddi ti\u00eau d\u00f9ng \u01b0a chu\u1ed9ng v\u00e0 tin t\u01b0\u1edfng l\u1ef1a ch\u1ecdn.\u00a0<\/span><span style=\"font-weight: 400\">Snack l\u00e0 m\u1ed9t s\u1ea3n ph\u1ea9m ti\u1ec7n l\u1ee3i, d\u00f9ng tr\u1ef1c ti\u1ebfp sau khi m\u1edf bao b\u00ec, kh\u00f4ng kh\u00f4ng c\u1ea7n qua ch\u1ebf bi\u1ebfn, x\u1eed l\u00fd th\u00eam. B\u00e1nh Snack Kriss Bee Nh\u00e2n Socola Calbee Wings l\u00e0 m\u00f3n \u0103n v\u1eb7t, \u0103n nh\u1eb9 lu\u00f4n \u0111\u01b0\u1ee3c gi\u1edbi tr\u1ebb s\u0103n \u0111\u00f3n b\u1edfi h\u01b0\u01a1ng v\u1ecb th\u01a1m ngon.\u00a0<\/span><\/p>\n<p>S\u1ea3n ph\u1ea9m hi\u1ec7n \u0111\u00e3 c\u00f3 m\u1eb7t t\u1ea1i Havamall.<\/p>\n","protected":false},"excerpt":{"rendered":"<p>B\u00e1nh Snack Kriss Bee Nh\u00e2n Socola 110G <span style=\"font-weight: 400\">\u0111\u01b0\u1ee3c l\u00e0m t\u1eeb nh\u1eefng nguy\u00ean li\u1ec7u t\u1ef1 nhi\u00ean v\u00e0 qua nhi\u1ec1u kh\u00e2u ch\u1ecdn l\u1ecdc k\u1ef9 l\u01b0\u1ee1ng, mang \u0111\u1ebfn ch\u1ea5t l\u01b0\u1ee3ng v\u00e0 m\u00f9i v\u1ecb tuy\u1ec7t h\u1ea3o. B\u00e1nh gi\u00f2n tan h\u00f2a quy\u1ec7n c\u00f9ng v\u1ecb socola th\u01a1m n\u1ed3ng mang \u0111\u1ebfn s\u1ef1 th\u00edch th\u00fa cho b\u1ea1n khi th\u01b0\u1edfng th\u1ee9c.<\/span><\/p>\n<p><span style=\"font-weight: 400\">Snack Kriss Bee Pillows nh\u00e2n socola mang v\u1ecb ngon, x\u1ed1p gi\u00f2n c\u00f9ng l\u1edbp socola b\u00ean trong b\u00e1nh mang \u0111\u1ebfn c\u1ea3m gi\u00e1c th\u00edch th\u00fa khi \u0103n.<\/span><\/p>","protected":false},"featured_media":18953,"comment_status":"open","ping_status":"closed","template":"","meta":[],"product_brand":[],"product_cat":[133,36],"product_tag":[],"class_list":{"0":"post-18927","1":"product","2":"type-product","3":"status-publish","4":"has-post-thumbnail","6":"product_cat-banh-keo-chocolate","7":"product_cat-thuc-pham-tieu-dung","8":"pa_brand-calbee-wings","10":"first","11":"outofstock","12":"sale","13":"shipping-taxable","14":"purchasable","15":"product-type-simple"},"_links":{"self":[{"href":"https:\/\/havamall.com\/en\/wp-json\/wp\/v2\/product\/18927","targetHints":{"allow":["GET"]}}],"collection":[{"href":"https:\/\/havamall.com\/en\/wp-json\/wp\/v2\/product"}],"about":[{"href":"https:\/\/havamall.com\/en\/wp-json\/wp\/v2\/types\/product"}],"replies":[{"embeddable":true,"href":"https:\/\/havamall.com\/en\/wp-json\/wp\/v2\/comments?post=18927"}],"version-history":[{"count":0,"href":"https:\/\/havamall.com\/en\/wp-json\/wp\/v2\/product\/18927\/revisions"}],"wp:featuredmedia":[{"embeddable":true,"href":"https:\/\/havamall.com\/en\/wp-json\/wp\/v2\/media\/18953"}],"wp:attachment":[{"href":"https:\/\/havamall.com\/en\/wp-json\/wp\/v2\/media?parent=18927"}],"wp:term":[{"taxonomy":"product_brand","embeddable":true,"href":"https:\/\/havamall.com\/en\/wp-json\/wp\/v2\/product_brand?post=18927"},{"taxonomy":"product_cat","embeddable":true,"href":"https:\/\/havamall.com\/en\/wp-json\/wp\/v2\/product_cat?post=18927"},{"taxonomy":"product_tag","embeddable":true,"href":"https:\/\/havamall.com\/en\/wp-json\/wp\/v2\/product_tag?post=18927"}],"curies":[{"name":"wp","href":"https:\/\/api.w.org\/{rel}","templated":true}]}}