{"id":18941,"date":"2021-03-22T13:47:23","date_gmt":"2021-03-22T06:47:23","guid":{"rendered":"https:\/\/havamall.com\/?post_type=product&#038;p=18941"},"modified":"2022-04-01T14:23:38","modified_gmt":"2022-04-01T07:23:38","slug":"hat-nem-ga-hai-thien-chicken-seasoning-seeds-300g","status":"publish","type":"product","link":"https:\/\/havamall.com\/en\/shop\/hat-nem-ga-hai-thien-chicken-seasoning-seeds-300g\/","title":{"rendered":"H\u1ea1t N\u00eam G\u00e0 H\u1ea3i Thi\u00ean-Chicken Seasoning Seeds 300g"},"content":{"rendered":"<table>\n<tbody>\n<tr>\n<td>Th\u01b0\u01a1ng hi\u1ec7u<\/td>\n<td>H\u1ea3i Thi\u00ean<\/td>\n<\/tr>\n<tr>\n<td>Xu\u1ea5t x\u1ee9<\/td>\n<td>Trung Qu\u1ed1c<\/td>\n<\/tr>\n<tr>\n<td>Th\u00e0nh ph\u1ea7n<\/td>\n<td>Mu\u1ed1i \u0103n, b\u1ed9t th\u1ecbt g\u00e0, th\u1ecbt \u1ee9c g\u00e0, b\u1ed9t l\u00f2ng \u0111\u1ecf tr\u1ee9ng g\u00e0, d\u1ea7u g\u00e0,&#8230;<\/td>\n<\/tr>\n<tr>\n<td>H\u1ea1n s\u1eed d\u1ee5ng<\/td>\n<td>18 th\u00e1ng k\u1ec3 t\u1eeb ng\u00e0y s\u1ea3n xu\u1ea5t.<\/td>\n<\/tr>\n<tr>\n<td>B\u1ea3o qu\u1ea3n<\/td>\n<td>\u0110\u1ec3 n\u01a1i kh\u00f4 r\u00e1o, tho\u00e1ng m\u00e1t, tr\u00e1nh \u00e1nh n\u1eafng tr\u1ef1c ti\u1ebfp<\/td>\n<\/tr>\n<tr>\n<td>Kh\u1ed1i l\u01b0\u1ee3ng t\u1ecbnh<\/td>\n<td>300g<\/td>\n<\/tr>\n<\/tbody>\n<\/table>\n<p><span style=\"font-weight: 400;\">H\u1ea3i Thi\u00ean l\u00e0 c\u00f4ng ty h\u00e0ng \u0111\u1ea7u trong ng\u00e0nh c\u00f4ng nghi\u1ec7p gia v\u1ecb v\u00e0 n\u01b0\u1edbc s\u1ed1t c\u1ee7a Trung Qu\u1ed1c chuy\u00ean kinh doanh c\u00e1c s\u1ea3n ph\u1ea9m gia v\u1ecb.<\/span><\/p>\n<p><span style=\"font-weight: 400;\">V\u1edbi s\u1ee9 m\u1ec7nh \u201cph\u00e1t tri\u1ec3n ngh\u1ec1 nghi\u1ec7p trong ng\u00e0nh gia v\u1ecb v\u00e0 t\u1ea1o ra m\u1ed9t cu\u1ed9c s\u1ed1ng ho\u00e0n h\u1ea3o\u201d, H\u1ea3i Thi\u00ean lu\u00f4n cam k\u1ebft b\u1ea3o t\u1ed3n v\u00e0 \u0111\u1ed5i m\u1edbi quy tr\u00ecnh s\u1ea3n xu\u1ea5t l\u00ean men truy\u1ec1n th\u1ed1ng v\u1edbi c\u00f4ng ngh\u1ec7 khoa h\u1ecdc hi\u1ec7n \u0111\u1ea1i. C\u00f4ng ty \u0111\u00e3 s\u1eed d\u1ee5ng m\u1ed9t s\u1ed1 d\u00e2y chuy\u1ec1n s\u1ea3n xu\u1ea5t bao b\u00ec t\u1ef1 \u0111\u1ed9ng h\u00e0ng \u0111\u1ea7u th\u1ebf gi\u1edbi v\u00e0 c\u00e1c ph\u00f2ng th\u00ed nghi\u1ec7m \u0111\u01b0\u1ee3c c\u00f4ng nh\u1eadn h\u00e0ng \u0111\u1ea7u trong ng\u00e0nh, gi\u00fap th\u1ef1c hi\u1ec7n c\u00e1c ti\u00eau chu\u1ea9n ch\u1ea5t l\u01b0\u1ee3ng ch\u1eb7t ch\u1ebd h\u01a1n v\u00e0 x\u00e2y d\u1ef1ng c\u01a1 s\u1edf s\u1ea3n xu\u1ea5t gia v\u1ecb h\u00e0ng \u0111\u1ea7u th\u1ebf gi\u1edbi.<\/span><\/p>\n<p><img fetchpriority=\"high\" decoding=\"async\" class=\"aligncenter\" src=\"https:\/\/cf.shopee.com.my\/file\/02bd18699ae8928928a05fab953a28ab\" alt=\"\u73b0\u8d27\u3011\u6d77\u5929\u3010\u56db\u6d77\u9c9c\u9e21\u7cbe\u3011\u9c9c\u800c\u4e0d\u54b81\u7f50300g HADAY CHICKEN ESSENCE SEASONING 300g | Shopee Malaysia\" width=\"668\" height=\"669\" \/><\/p>\n<p>M\u1ed9t m\u00f3n \u0103n ngon kh\u00f4ng ch\u1ec9 do ch\u00fang ta l\u1ef1a ch\u1ecdn \u0111\u01b0\u1ee3c nguy\u00ean li\u1ec7u th\u1ef1c ph\u1ea9m t\u01b0\u01a1i ngon, \u0111\u1ea3m b\u1ea3o ch\u1ea5t l\u01b0\u1ee3ng m\u00e0 n\u00f3 c\u00f2n ph\u1ee5 thu\u1ed9c ho\u00e0n to\u00e0n v\u00e0o gia v\u1ecb m\u00e0 ch\u00fang ta th\u00eam v\u00e0o. <span style=\"font-weight: 400;\">H\u1ea1t n\u00eam g\u00e0 H\u1ea3i Thi\u00ean s\u1ebd l\u00e0\u00a0<\/span>m\u1ed9t gia v\u1ecb kh\u00f4ng th\u1ec3 thi\u1ebfu trong b\u1eefa c\u01a1m m\u1ed7i gia \u0111\u00ecnh.<\/p>\n<p><span style=\"font-weight: 400;\">H\u1ea1t n\u00eam g\u00e0 H\u1ea3i Thi\u00ean \u0111\u01b0\u1ee3c chi\u1ebft xu\u1ea5t tr\u1ef1c ti\u1ebfp t\u1eeb th\u1ecbt g\u00e0, H\u1ea1t n\u00eam t\u1eeb th\u1ecbt g\u00e0 mang l\u1ea1i h\u01b0\u01a1ng v\u1ecb th\u01a1m ngon, \u0111\u1eadm \u0111\u00e0 cho m\u00f3n \u0103n. V\u1ecb ng\u1ecdt thanh v\u00e0 h\u01b0\u01a1ng th\u01a1m quy\u1ebfn r\u0169 s\u1ebd k\u00e9o gia \u0111\u00ecnh b\u1ea1n qu\u00e2y qu\u1ea7n b\u00ean nhau m\u1ed7i ng\u00e0y.<\/span><\/p>\n<p><img decoding=\"async\" class=\"aligncenter\" src=\"https:\/\/havamall.com\/wp-content\/uploads\/2021\/03\/6abbf41a33be356603dad273f86d6560.jpg\" alt=\"H\u1ea1t n\u00eam t\u1eeb th\u1ecbt g\u00e0 300g h\u00e0ng n\u1ed9i \u0111\u1ecba Nh\u1eadt B\u1ea3n | undefined | Tiki\" width=\"650\" height=\"650\" \/><\/p>\n<p><span style=\"font-weight: 400;\">V\u1edbi <\/span><span style=\"font-weight: 400;\">h\u1ea1t n\u00eam g\u00e0 H\u1ea3i Thi\u00ean<\/span><span style=\"font-weight: 400;\"> m\u00f3n \u0103n s\u1ebd tr\u1edf n\u00ean \u0111\u1eadm \u0111\u00e0 h\u01a1n, h\u1ea5p d\u1eabn v\u1edbi v\u1ecb ng\u1ecdt v\u00e0 th\u01a1m t\u1eeb th\u1ecbt g\u00e0 t\u1ef1 nhi\u00ean. <\/span><span style=\"font-weight: 400;\">H\u1ea1t n\u00eam t\u1eeb th\u1ecbt g\u00e0 gi\u1eef \u0111\u01b0\u1ee3c v\u1ecb ng\u1ecdt s\u00e2u c\u1ee7a n\u01b0\u1edbc d\u00f9ng t\u1eeb g\u00e0 v\u00e0 mang l\u1ea1i d\u01b0 v\u1ecb th\u01a1m ngon ng\u00e2y ng\u1ea5t.<\/span><\/p>\n<p><img decoding=\"async\" class=\"aligncenter\" src=\"https:\/\/havamall.com\/wp-content\/uploads\/2021\/03\/5badf7a4N8b8d5bff.jpg\" alt=\"\u6d77\u5929\u9e21\u7cbe\u56db\u6d77\u9c9c\u9e21\u7cbe300g(\u7f50) \u84b8\u716e\u51c9\u62cc\u53a8\u623f\u8c03\u5473\u9e21\u7cbe\u3010\u56fe\u7247\u4ef7\u683c\u54c1\u724c\u62a5\u4ef7\u3011-\u4eac\u4e1c\" width=\"653\" height=\"642\" \/><\/p>\n<p><span style=\"font-weight: 400;\">H\u1ea1t n\u00eam g\u00e0 H\u1ea3i Thi\u00ean \u0111\u01b0\u1ee3c s\u1ea3n xu\u1ea5t theo c\u00f4ng ngh\u1ec7 hi\u1ec7n \u0111\u1ea1i k\u1ebft h\u1ee3p v\u1edbi nguy\u00ean li\u1ec7u t\u1ef1 nhi\u00ean mang \u0111\u1ebfn h\u01b0\u01a1ng v\u1ecb th\u01a1m ngon cho c\u00e1c m\u00f3n \u0103n khi ch\u1ebf bi\u1ebfn. Th\u00eam v\u00e0o \u0111\u00f3, s\u1ea3n ph\u1ea9m kh\u00f4ng ch\u1ee9a c\u00e1c ch\u1ea5t b\u1ea3o qu\u1ea3n \u0111\u1ed9c h\u1ea1i. To\u00e0n b\u1ed9 quy tr\u00ecnh s\u1ea3n xu\u1ea5t \u0111\u01b0\u1ee3c \u00e1p d\u1ee5ng h\u1ec7 th\u1ed1ng qu\u1ea3n l\u00fd ch\u1ea5t l\u01b0\u1ee3ng nghi\u00eam ng\u1eb7t nh\u1eb1m \u0111\u1ea3m b\u1ea3o mang \u0111\u1ebfn s\u1ea3n ph\u1ea9m ch\u1ea5t l\u01b0\u1ee3ng v\u00e0 an to\u00e0n cho ng\u01b0\u1eddi ti\u00eau d\u00f9ng.<\/span><\/p>\n<p><img loading=\"lazy\" decoding=\"async\" class=\"aligncenter\" src=\"https:\/\/havamall.com\/wp-content\/uploads\/2021\/03\/5badf7a6Nf10c80e2.jpg\" alt=\"\u6d77\u5929\u9e21\u7cbe\u56db\u6d77\u9c9c\u9e21\u7cbe300g(\u7f50) \u84b8\u716e\u51c9\u62cc\u53a8\u623f\u8c03\u5473\u9e21\u7cbe\u3010\u56fe\u7247\u4ef7\u683c\u54c1\u724c\u62a5\u4ef7\u3011-\u4eac\u4e1c\" width=\"658\" height=\"614\" \/><\/p>\n<h4><strong>\u0110\u1eb7c \u0111i\u1ec3m n\u1ed5i b\u1eadt:<\/strong><\/h4>\n<p><span style=\"font-weight: 400;\">&#8211; Cung c\u1ea5p l\u01b0\u1ee3ng mu\u1ed1i i &#8211; \u1ed1t v\u1eeba \u0111\u1ee7<\/span><\/p>\n<p><span style=\"font-weight: 400;\">&#8211; C\u00f3 \u0111\u1ed9 ng\u1ecdt v\u1eeba ph\u1ea3i, c\u00e2n b\u1eb1ng hai v\u1ecb c\u1ee7a mu\u1ed1i v\u00e0 \u0111\u01b0\u1eddng.\u00a0<\/span><\/p>\n<p><span style=\"font-weight: 400;\">&#8211; Mang l\u1ea1i h\u01b0\u01a1ng v\u1ecb th\u01a1m ngon, \u0111\u1eadm \u0111\u00e0 h\u1ea5p d\u1eabn<\/span><\/p>\n<p><span style=\"font-weight: 400;\">&#8211; Kh\u00f4ng ch\u1ea5t b\u1ea3o qu\u1ea3n, kh\u00f4ng ch\u1ea5t t\u1ea1o m\u00e0u v\u00e0 d\u1ec5 tan<\/span><\/p>\n<p><span style=\"font-weight: 400;\">&#8211; <\/span><span style=\"font-weight: 400;\">H\u1ea1t n\u00eam g\u00e0 H\u1ea3i Thi\u00ean <\/span><span style=\"font-weight: 400;\">cho v\u1ecb ng\u1ecdt s\u00e2u v\u00e0 gi\u1eef \u0111\u01b0\u1ee3c h\u1eadu v\u1ecb t\u1ef1 nhi\u00ean cho m\u00f3n \u0103n th\u00eam \u0111\u1eadm \u0111\u00e0, h\u1ea5p d\u1eabn v\u00e0 l\u00e0m t\u00f4n l\u00ean h\u01b0\u01a1ng v\u1ecb t\u1ef1 nhi\u00ean c\u1ee7a m\u00f3n \u0103n.<\/span><\/p>\n<p><img loading=\"lazy\" decoding=\"async\" class=\"aligncenter\" src=\"https:\/\/cf.shopee.com.my\/file\/fa3cc1631186404a439c6f678c903de9\" alt=\"\u73b0\u8d27\u3011\u6d77\u5929\u3010\u56db\u6d77\u9c9c\u9e21\u7cbe\u3011\u9c9c\u800c\u4e0d\u54b81\u7f50300g HADAY CHICKEN ESSENCE SEASONING 300g | Shopee Malaysia\" width=\"679\" height=\"680\" \/><\/p>\n<h4><strong>H\u01b0\u1edbng d\u1eabn s\u1eed d\u1ee5ng:\u00a0<\/strong><\/h4>\n<p><span style=\"font-weight: 400;\">&#8211; D\u00f9ng h\u1ea1t g\u00e0 l\u00e0m gia v\u1ecb \u0111\u1ec3 th\u1ef1c hi\u1ec7n ch\u1ebf bi\u1ebfn c\u00e1c m\u00f3n \u0103n t\u1eeb g\u00e0.<\/span><\/p>\n<p><span style=\"font-weight: 400;\">&#8211; D\u00f9ng h\u1ea1t g\u00e0 l\u00e0m gia v\u1ecb \u0111\u1ec3 th\u1ef1c hi\u1ec7n ch\u1ebf bi\u1ebfn c\u00e1c m\u00f3n nh\u01b0 canh, sup, l\u1ea9u, m\u00ec,&#8230;<\/span><\/p>\n<p><span style=\"font-weight: 400;\">&#8211; L\u00e0m c\u00e1c m\u00f3n \u0111i\u1ec3m t\u00e2m, salad, c\u00e1c m\u00f3n th\u1ecbt<\/span><\/p>\n<p><span style=\"font-weight: 400;\">&#8211; Mu\u1ed1i d\u01b0a chua<\/span><\/p>\n<p>S\u1ea3n ph\u1ea9m hi\u1ec7n \u0111\u00e3 c\u00f3 m\u1eb7t t\u1ea1i Havamall.<\/p>","protected":false},"excerpt":{"rendered":"<p>Th\u01b0\u01a1ng hi\u1ec7u H\u1ea3i Thi\u00ean Xu\u1ea5t x\u1ee9 Trung Qu\u1ed1c Th\u00e0nh ph\u1ea7n Mu\u1ed1i \u0103n, b\u1ed9t th\u1ecbt g\u00e0, th\u1ecbt \u1ee9c g\u00e0, b\u1ed9t l\u00f2ng<\/p>","protected":false},"featured_media":18946,"comment_status":"open","ping_status":"closed","template":"","meta":[],"product_brand":[],"product_cat":[36],"product_tag":[],"class_list":{"0":"post-18941","1":"product","2":"type-product","3":"status-publish","4":"has-post-thumbnail","6":"product_cat-thuc-pham-tieu-dung","7":"pa_brand-hai-thien","9":"first","10":"outofstock","11":"sale","12":"shipping-taxable","13":"purchasable","14":"product-type-simple"},"_links":{"self":[{"href":"https:\/\/havamall.com\/en\/wp-json\/wp\/v2\/product\/18941","targetHints":{"allow":["GET"]}}],"collection":[{"href":"https:\/\/havamall.com\/en\/wp-json\/wp\/v2\/product"}],"about":[{"href":"https:\/\/havamall.com\/en\/wp-json\/wp\/v2\/types\/product"}],"replies":[{"embeddable":true,"href":"https:\/\/havamall.com\/en\/wp-json\/wp\/v2\/comments?post=18941"}],"version-history":[{"count":0,"href":"https:\/\/havamall.com\/en\/wp-json\/wp\/v2\/product\/18941\/revisions"}],"wp:featuredmedia":[{"embeddable":true,"href":"https:\/\/havamall.com\/en\/wp-json\/wp\/v2\/media\/18946"}],"wp:attachment":[{"href":"https:\/\/havamall.com\/en\/wp-json\/wp\/v2\/media?parent=18941"}],"wp:term":[{"taxonomy":"product_brand","embeddable":true,"href":"https:\/\/havamall.com\/en\/wp-json\/wp\/v2\/product_brand?post=18941"},{"taxonomy":"product_cat","embeddable":true,"href":"https:\/\/havamall.com\/en\/wp-json\/wp\/v2\/product_cat?post=18941"},{"taxonomy":"product_tag","embeddable":true,"href":"https:\/\/havamall.com\/en\/wp-json\/wp\/v2\/product_tag?post=18941"}],"curies":[{"name":"wp","href":"https:\/\/api.w.org\/{rel}","templated":true}]}}