{"id":19016,"date":"2021-03-26T11:36:34","date_gmt":"2021-03-26T04:36:34","guid":{"rendered":"https:\/\/havamall.com\/?post_type=product&#038;p=19016"},"modified":"2021-10-20T14:45:24","modified_gmt":"2021-10-20T07:45:24","slug":"19016","status":"publish","type":"product","link":"https:\/\/havamall.com\/en\/shop\/19016\/","title":{"rendered":"Vi\u1ec7t Qu\u1ea5t S\u1ea5y Gi\u00f2n &#8211; DJ&amp;A Fruity Crisps Blueberry 25g"},"content":{"rendered":"<table>\n<tbody>\n<tr>\n<td>Th\u01b0\u01a1ng hi\u1ec7u<\/td>\n<td>DJ&amp;A<\/td>\n<\/tr>\n<tr>\n<td>Xu\u1ea5t x\u1ee9<\/td>\n<td>Australia<\/td>\n<\/tr>\n<tr>\n<td>Th\u00e0nh ph\u1ea7n<\/td>\n<td>100% vi\u1ec7t qu\u1ea5t<\/td>\n<\/tr>\n<tr>\n<td>H\u1ea1n s\u1eed d\u1ee5ng<\/td>\n<td>12 th\u00e1ng k\u1ec3 t\u1eeb ng\u00e0y s\u1ea3n xu\u1ea5t.<\/td>\n<\/tr>\n<tr>\n<td>B\u1ea3o qu\u1ea3n<\/td>\n<td>B\u1ea3o qu\u1ea3n n\u01a1i kh\u00f4 r\u00e1o tho\u00e1ng m\u00e1t, tr\u00e1nh \u00e1nh n\u1eafng tr\u1ef1c ti\u1ebfp<\/td>\n<\/tr>\n<tr>\n<td>Kh\u1ed1i l\u01b0\u1ee3ng t\u1ecbnh<\/td>\n<td>25g<\/td>\n<\/tr>\n<\/tbody>\n<\/table>\n<p><span style=\"font-weight: 400\">DJ&amp;A Fruity Crisps Blueberries \u0111\u01b0\u1ee3c s\u1ea3n xu\u1ea5t theo c\u00f4ng ngh\u1ec7 s\u1ea1ch h\u01b0\u01a1ng v\u1ecb th\u01a1m ngon, gi\u00f2n tan nh\u01b0 snack, \u0103n th\u1ecfa th\u00edch m\u00e0 kh\u00f4ng ph\u1ea3i lo v\u1ec1 c\u00e2n n\u1eb7ng. Qu\u1ea3 Vi\u1ec7t Qu\u1ed1c S\u1ea5y Gi\u00f2n DJ&amp;A C\u1ee7a \u00dac l\u00e0 tr\u00e1i c\u00e2y s\u1ea5y kh\u00f4 theo c\u00f4ng ngh\u1ec7 Freeze Dried DJ&amp;A \u0111\u1ea3m b\u1ea3o gi\u1eef nguy\u00ean 100% h\u00e0m l\u01b0\u1ee3ng dinh d\u01b0\u1ee1ng c\u00f3 trong qu\u1ea3. DJ&amp;A Fruity Crisps Blueberries kh\u00f4ng ch\u1ec9 l\u00e0 m\u00f3n \u0103n ch\u01a1i vui mi\u1ec7ng m\u00e0 lo\u1ea1i tr\u00e1i c\u00e2y s\u1ea5y gi\u00f2n n\u00e0y c\u00f2n gi\u00fap gi\u1ea3m \u0111\u01b0\u1ee3c nguy c\u01a1 m\u1eafc b\u1ec7nh b\u00e9o ph\u00ec, ti\u1ec3u \u0111\u01b0\u1eddng, tim m\u1ea1ch, \u0111\u1ed3ng th\u1eddi b\u1ea3o v\u1ec7 l\u00e0n da v\u00e0 m\u00e1i t\u00f3c kh\u1ecfe m\u1ea1nh.<\/span><\/p>\n<p><img fetchpriority=\"high\" decoding=\"async\" class=\"wp-image-19033 aligncenter\" src=\"https:\/\/havamall.com\/wp-content\/uploads\/2021\/03\/162097917_796079894337814_7286588175733031965_o-300x300.png\" alt=\"\" width=\"670\" height=\"670\" \/><\/p>\n<p><span style=\"font-weight: 400\">Lo\u1ea1i qu\u1ea3 vi\u1ec7t qu\u1ed1c s\u1ea5y gi\u00f2n c\u1ee7a DJ&amp;A l\u00e0 gi\u1ed1ng vi\u1ec7t qu\u1ed1c thu\u1ea7n \u0111\u01b0\u1ee3c nu\u00f4i tr\u1ed3ng theo m\u00f4 h\u00ecnh s\u1ea1ch c\u1ee7a Australia. \u0110\u01b0\u1ee3c l\u1ef1a ch\u1ecdn l\u1ecdc kh\u1eaft khe v\u00e0 \u0111\u1ea3m b\u1ea3o \u0111\u01b0\u1ee3c gi\u00e1 tr\u1ecb dinh d\u01b0\u1ee1ng r\u1ea5t cao, an to\u00e0n khi s\u1eed d\u1ee5ng.<\/span><\/p>\n<p><span style=\"font-weight: 400\">V\u1edbi c\u00f4ng ngh\u1ec7 s\u1ea5y l\u1ea1nh c\u1ee7a \u00dac hi\u1ec7n \u0111\u1ea1i gi\u00fap rau c\u1ee7, qu\u1ea3 v\u1eabn gi\u1eef \u0111\u01b0\u1ee3c h\u00ecnh d\u1ea1ng, h\u01b0\u01a1ng v\u1ecb v\u00e0 \u0111\u1ed9 chua ng\u1ecdt v\u1eeba ph\u1ea3i c\u1ef1c b\u1eaft v\u1ecb. \u0110\u1ed9 gi\u00f2n c\u1ee7a vi\u1ec7t qu\u1ea5t gi\u00fap b\u1ea1n c\u1ea3m nh\u1eadn m\u00f3n \u0103n tuy\u1ec7t v\u1eddi n\u00e0y t\u01b0\u01a1ng t\u1ef1 nh\u01b0 Snack, ngon mi\u1ec7ng, gi\u00e0u d\u01b0\u1ee1ng ch\u1ea5t v\u00e0 t\u1ed1t cho s\u1ee9c kh\u1ecfe.<\/span><\/p>\n<p><img decoding=\"async\" class=\"aligncenter\" src=\"https:\/\/scontent.fvca1-2.fna.fbcdn.net\/v\/t1.0-9\/108270931_2720981741516014_1485459079227882242_o.jpg?_nc_cat=100&amp;ccb=1-3&amp;_nc_sid=8bfeb9&amp;_nc_ohc=BS_Cak1vSZ8AX-NHtoZ&amp;_nc_ht=scontent.fvca1-2.fna&amp;oh=e3686ade8b8ad8df841b9509d05a5297&amp;oe=6081C41E\" alt=\"Kh\u00f4ng c\u00f3 m\u00f4 t\u1ea3 \u1ea3nh.\" width=\"653\" height=\"654\" \/><\/p>\n<p><span style=\"font-weight: 400\">Qu\u1ea3 vi\u1ec7t qu\u1ea5t ch\u1ee9a \u0111\u1ea7y \u0111\u1ee7 c\u00e1c lo\u1ea1i dinh d\u01b0\u1ee1ng thi\u1ebft y\u1ebfu \u0111\u1ec3 c\u01a1 th\u1ec3 ho\u1ea1t \u0111\u1ed9ng kh\u1ecfe m\u1ea1nh nh\u01b0 vitamin K ,E, C, A, c\u00e1c kho\u00e1ng ch\u1ea5t v\u00e0 ch\u1ea5t x\u01a1. \u0110\u1eb7c bi\u1ec7t lo\u1ea1i qu\u1ea3 n\u00e0y ch\u1ee9a vitamin B-complex, t\u1ee9c l\u00e0 B-6, pantothenic acid, riboflavin, niacin v\u00e0 acid folic gi\u00fap c\u01a1 th\u1ec3 chuy\u1ec3n h\u00f3a protein, ch\u1ea5t b\u00e9o, carbohydrate.<\/span><\/p>\n<p><span style=\"font-weight: 400\">C\u00e1c nghi\u00ean c\u1ee9u \u0111\u00e3 ch\u1ee9ng minh r\u1eb1ng khi \u0103n lo\u1ea1i qu\u1ea3 vi\u1ec7t qu\u1ea5t, b\u1ea1n kh\u00f4ng nh\u1eefng gi\u1ea3m \u0111\u01b0\u1ee3c nguy c\u01a1 m\u1eafc b\u1ec7nh b\u00e9o ph\u00ec, ti\u1ec3u \u0111\u01b0\u1eddng, tim m\u1ea1ch, m\u00e0 c\u00f2n c\u00f3 l\u00e0n da v\u00e0 m\u00e1i t\u00f3c kh\u1ecfe m\u1ea1nh. B\u1ea1n s\u1ebd tr\u00f4ng t\u01b0\u01a1i tr\u1ebb, tr\u00e0n \u0111\u1ea7y n\u0103ng l\u01b0\u1ee3ng v\u00e0 c\u00f3 m\u1ed9t v\u00f3c d\u00e1ng c\u00e2n \u0111\u1ed1i.<\/span><\/p>\n<p><img decoding=\"async\" class=\"aligncenter\" src=\"https:\/\/havamall.com\/wp-content\/uploads\/2021\/03\/6d6477ec5b7a10eb6339ae4a3d66f334.jpg_1200x1200q80.jpg_.webp\" alt=\"Vi\u1ec7t Qu\u1ea5t S\u1ea5y L\u1ea1nh DJ&amp;A - Fruity Crisps Blueberries | Lazada.vn\" width=\"644\" height=\"483\" \/><\/p>\n<h4><strong>\u0110\u1eb7c \u0111i\u1ec3m n\u1ed5i b\u1eadt c\u1ee7a s\u1ea3n ph\u1ea9m:<\/strong><\/h4>\n<p><span style=\"font-weight: 400\">&#8211; Kh\u00f4ng th\u00eam \u0111\u01b0\u1eddng<\/span><\/p>\n<p><span style=\"font-weight: 400\">&#8211; Kh\u00f4ng bi\u1ebfn \u0111\u1ed5i gen<\/span><\/p>\n<p><span style=\"font-weight: 400\">&#8211; Kh\u00f4ng Gluten<\/span><\/p>\n<p><span style=\"font-weight: 400\">&#8211; An to\u00e0n, d\u1ec5 s\u1eed d\u1ee5ng cho b\u00e9 \u0103n d\u1eb7m, ng\u01b0\u1eddi l\u1edbn, ng\u01b0\u1eddi \u0103n chay\u2026<\/span><\/p>\n<p><span style=\"font-weight: 400\">&#8211; Gi\u00fap b\u1ea1n t\u0103ng s\u1ee9c \u0111\u1ec1 kh\u00e1ng, t\u0103ng mi\u1ec5n d\u1ecbch<\/span><\/p>\n<p><img loading=\"lazy\" decoding=\"async\" class=\"wp-image-19051 aligncenter\" src=\"https:\/\/havamall.com\/wp-content\/uploads\/2021\/03\/42eba73cc6a643573bec6ca30da70608-600x802-1-224x300.png\" alt=\"\" width=\"608\" height=\"814\" \/><\/p>\n<h4><strong>C\u00f4ng d\u1ee5ng c\u1ee7a qu\u1ea3 vi\u1ec7t qu\u1ea5t:<\/strong><\/h4>\n<p><span style=\"font-weight: 400\">&#8211; Ng\u0103n ng\u1eeba l\u00e3o h\u00f3a\u00a0<\/span><\/p>\n<p><span style=\"font-weight: 400\">&#8211; B\u1ea3o v\u1ec7 s\u1ee9c kh\u1ecfe tim m\u1ea1ch v\u00e0 gi\u1ea3m huy\u1ebft \u00e1p<\/span><\/p>\n<p><span style=\"font-weight: 400\">&#8211; T\u1ed1t cho n\u00e3o b\u1ed9, c\u1ea3i thi\u1ec7n tr\u00ed nh\u1edb\u00a0<\/span><\/p>\n<p><span style=\"font-weight: 400\">&#8211; Ng\u0103n ng\u1eeba b\u1ec7nh ti\u1ec3u \u0111\u01b0\u1eddng<\/span><\/p>\n<p><span style=\"font-weight: 400\">&#8211; Ch\u1ed1ng vi\u00eam hi\u1ec7u qu\u1ea3 &#8230;<\/span><\/p>\n<p>S\u1ea3n ph\u1ea9m hi\u1ec7n \u0111\u00e3 c\u00f3 m\u1eb7t t\u1ea1i Havamall.<\/p>","protected":false},"excerpt":{"rendered":"<p>Th\u01b0\u01a1ng hi\u1ec7u DJ&amp;A Xu\u1ea5t x\u1ee9 Australia Th\u00e0nh ph\u1ea7n 100% vi\u1ec7t qu\u1ea5t H\u1ea1n s\u1eed d\u1ee5ng 12 th\u00e1ng k\u1ec3 t\u1eeb ng\u00e0y s\u1ea3n<\/p>","protected":false},"featured_media":19034,"comment_status":"open","ping_status":"closed","template":"","meta":[],"product_brand":[],"product_cat":[133,36],"product_tag":[],"class_list":{"0":"post-19016","1":"product","2":"type-product","3":"status-publish","4":"has-post-thumbnail","6":"product_cat-banh-keo-chocolate","7":"product_cat-thuc-pham-tieu-dung","8":"pa_brand-dja","10":"first","11":"outofstock","12":"sale","13":"shipping-taxable","14":"purchasable","15":"product-type-simple"},"_links":{"self":[{"href":"https:\/\/havamall.com\/en\/wp-json\/wp\/v2\/product\/19016","targetHints":{"allow":["GET"]}}],"collection":[{"href":"https:\/\/havamall.com\/en\/wp-json\/wp\/v2\/product"}],"about":[{"href":"https:\/\/havamall.com\/en\/wp-json\/wp\/v2\/types\/product"}],"replies":[{"embeddable":true,"href":"https:\/\/havamall.com\/en\/wp-json\/wp\/v2\/comments?post=19016"}],"version-history":[{"count":0,"href":"https:\/\/havamall.com\/en\/wp-json\/wp\/v2\/product\/19016\/revisions"}],"wp:featuredmedia":[{"embeddable":true,"href":"https:\/\/havamall.com\/en\/wp-json\/wp\/v2\/media\/19034"}],"wp:attachment":[{"href":"https:\/\/havamall.com\/en\/wp-json\/wp\/v2\/media?parent=19016"}],"wp:term":[{"taxonomy":"product_brand","embeddable":true,"href":"https:\/\/havamall.com\/en\/wp-json\/wp\/v2\/product_brand?post=19016"},{"taxonomy":"product_cat","embeddable":true,"href":"https:\/\/havamall.com\/en\/wp-json\/wp\/v2\/product_cat?post=19016"},{"taxonomy":"product_tag","embeddable":true,"href":"https:\/\/havamall.com\/en\/wp-json\/wp\/v2\/product_tag?post=19016"}],"curies":[{"name":"wp","href":"https:\/\/api.w.org\/{rel}","templated":true}]}}