{"id":19025,"date":"2021-03-26T14:08:07","date_gmt":"2021-03-26T07:08:07","guid":{"rendered":"https:\/\/havamall.com\/?post_type=product&#038;p=19025"},"modified":"2022-01-09T23:34:09","modified_gmt":"2022-01-09T16:34:09","slug":"tao-say-gion-mat-ong-dja-crispy-baked-apple-slices-with-honey-30g","status":"publish","type":"product","link":"https:\/\/havamall.com\/en\/shop\/tao-say-gion-mat-ong-dja-crispy-baked-apple-slices-with-honey-30g\/","title":{"rendered":"T\u00e1o S\u1ea5y Gi\u00f2n M\u1eadt Ong DJ&amp;A &#8211; Crispy Baked Apple slices With Honey 30G"},"content":{"rendered":"<table>\n<tbody>\n<tr>\n<td>Th\u01b0\u01a1ng hi\u1ec7u<\/td>\n<td>DJ&amp;A<\/td>\n<\/tr>\n<tr>\n<td>Xu\u1ea5t x\u1ee9<\/td>\n<td>Australia<\/td>\n<\/tr>\n<tr>\n<td>Th\u00e0nh ph\u1ea7n<\/td>\n<td>T\u00e1o 89%, m\u1eadt ong 11%,&#8230;<\/td>\n<\/tr>\n<tr>\n<td>H\u1ea1n s\u1eed d\u1ee5ng<\/td>\n<td>12 th\u00e1ng k\u1ec3 t\u1eeb ng\u00e0y s\u1ea3n xu\u1ea5t.<\/td>\n<\/tr>\n<tr>\n<td>B\u1ea3o qu\u1ea3n<\/td>\n<td>B\u1ea3o qu\u1ea3n n\u01a1i kh\u00f4 r\u00e1o tho\u00e1ng m\u00e1t, tr\u00e1nh \u00e1nh n\u1eafng tr\u1ef1c ti\u1ebfp<\/td>\n<\/tr>\n<tr>\n<td>Kh\u1ed1i l\u01b0\u1ee3ng t\u1ecbnh<\/td>\n<td>30g<\/td>\n<\/tr>\n<\/tbody>\n<\/table>\n<p><span style=\"font-weight: 400;\">T\u00e1o s\u1ea5y gi\u00f2n m\u1eadt ong l\u00e0 m\u1ed9t trong nh\u1eefng s\u1ea3n ph\u1ea9m n\u1ed5i ti\u1ebfng c\u1ee7a DJ&amp;A \u0111\u01b0\u1ee3c ch\u1ebf bi\u1ebfn t\u1eeb t\u00e1o t\u01b0\u01a1i, t\u1ea9m m\u1eadt ong v\u00e0 s\u1ea5y kh\u00f4, t\u00e1o s\u1ebd c\u00f3 v\u1ecb chua ng\u1ecdt \u0111\u1eb7c tr\u01b0ng k\u1ebft h\u1ee3p v\u1edbi \u0111\u1ed9 gi\u00f2n mang l\u1ea1i h\u01b0\u01a1ng v\u1ecb th\u01a1m ngon. T\u00e1o l\u00e0 m\u1ed9t trong nh\u1eefng lo\u1ea1i th\u1ef1c ph\u1ea9m v\u00f4 c\u00f9ng t\u1ed1t cho s\u1ee9c kh\u1ecfe, c\u00f3 nhi\u1ec1u vitamin, ch\u1ea5t x\u01a1, kho\u00e1ng ch\u1ea5t, protein, kali&#8230;T\u00e1o s\u1ea5y kh\u00f4 \u0111\u01b0\u1ee3c lo\u1ea1i b\u1ecf ph\u1ea7n n\u01b0\u1edbc gi\u00fap c\u00f4 \u0111\u1eb7c d\u01b0\u1ee1ng ch\u1ea5t b\u1ed5 sung v\u00e0o c\u01a1 th\u1ec3 l\u00e0 m\u00f3n \u0103n v\u1eb7t c\u00f3 th\u1ec3 s\u1eed d\u1ee5ng m\u1ecdi l\u00fac m\u1ecdi n\u01a1i.\u00a0<\/span><\/p>\n<p><img fetchpriority=\"high\" decoding=\"async\" class=\"wp-image-19029 aligncenter\" src=\"https:\/\/havamall.com\/wp-content\/uploads\/2021\/03\/156520128_785770195368784_2321120744385271799_o-300x200.png\" alt=\"\" width=\"645\" height=\"429\" \/><\/p>\n<p><span style=\"font-weight: 400;\">\u0110\u01b0\u1ee3c t\u1ea1o n\u00ean t\u1eeb nh\u1eefng qu\u1ea3 t\u00e1o thu\u1ea7n ch\u1ee7ng tr\u1ed3ng theo m\u00f4 h\u00ecnh s\u1ea1ch organic t\u1ea1i \u00dac v\u00e0 s\u1ea5y l\u1ea1nh b\u1eb1ng c\u00f4ng ngh\u1ec7 Freeze Dried DJ&amp;A.\u00a0<\/span><span style=\"font-weight: 400;\">S\u1ea3n ph\u1ea9m \u0111\u1ea3m b\u1ea3o v\u1eabn gi\u1eef \u0111\u01b0\u1ee3c \u0111\u1ed9 gi\u00f2n, ng\u1ecdt m\u00e0 kh\u00f4ng m\u1ea5t \u0111i c\u00e1c d\u01b0\u1ee1ng ch\u1ea5t c\u00f3 l\u1ee3i cho s\u1ee9c kh\u1ecfe. S\u1ea3n ph\u1ea9m ho\u00e0n to\u00e0n t\u1ef1 nhi\u00ean th\u00e2n thi\u1ec7n v\u1edbi ng\u01b0\u1eddi \u0103n chay v\u00e0 l\u00e0 ngu\u1ed3n cung c\u1ea5p ch\u1ea5t x\u01a1.<br \/>\n<\/span><\/p>\n<p><img decoding=\"async\" class=\"aligncenter\" src=\"https:\/\/havamall.com\/wp-content\/uploads\/2021\/03\/baked-apple-chips.jpg\" alt=\"Baked Apple Chips | Carilion Clinic Living\" width=\"645\" height=\"430\" \/><\/p>\n<p><span style=\"font-weight: 400;\">T\u00e1o ch\u1ee9a vitamin A, E, B1, B2, B6 v\u00e0 ch\u1ea5t ch\u1ed1ng oxy ho\u00e1 t\u1ed1t cho s\u1ee9c kh\u1ecfe. M\u1eadt ong \u00dac n\u1ed5i ti\u1ebfng b\u1edfi nh\u1eefng t\u00e1c d\u1ee5ng t\u1ed1t \u0111\u1ed1i v\u1edbi s\u1ee9c kh\u1ecfe v\u00e0 \u0111\u1eb7c bi\u1ec7t \u0111\u01b0\u1ee3c c\u00f4ng nh\u1eadn tr\u00ean to\u00e0n th\u1ebf gi\u1edbi b\u1edfi thu\u1ed9c t\u00ednh kh\u00e1ng khu\u1ea9n \u0111\u1ed9c \u0111\u00e1o. Ch\u00ednh v\u00ec v\u1eady s\u1ef1 k\u1ebft h\u1ee3p n\u00e0y s\u1ebd mang \u0111\u1ebfn cho b\u1ea1n m\u1ed9t h\u01b0\u01a1ng v\u1ecb v\u00f4 c\u00f9ng t\u01b0\u01a1i ngon &amp; ho\u00e0n h\u1ea3o.<\/span><\/p>\n<p><img decoding=\"async\" class=\"wp-image-19030 aligncenter\" src=\"https:\/\/havamall.com\/wp-content\/uploads\/2021\/03\/158576312_787780348501102_3037126672120006331_o-300x300.png\" alt=\"\" width=\"642\" height=\"643\" \/><\/p>\n<p><span style=\"font-weight: 400;\">V\u1edbi c\u00f4ng ngh\u1ec7 s\u1ea5y l\u1ea1nh c\u1ee7a \u00dac hi\u1ec7n \u0111\u1ea1i gi\u00fap rau c\u1ee7, qu\u1ea3 v\u1eabn gi\u1eef \u0111\u01b0\u1ee3c h\u00ecnh d\u1ea1ng, h\u01b0\u01a1ng v\u1ecb v\u00e0 \u0111\u1ed9 chua ng\u1ecdt v\u1eeba ph\u1ea3i c\u1ef1c b\u1eaft v\u1ecb, <\/span><span style=\"font-weight: 400;\">gi\u1eef nguy\u00ean ch\u1ea5t dinh d\u01b0\u1ee1ng.<\/span><\/p>\n<p><span style=\"font-weight: 400;\">Trong qu\u00e1 tr\u00ecnh s\u01a1 ch\u1ebf, t\u00e1o kh\u00f4ng b\u1ecb t\u1ea9m \u01b0\u1edbp c\u00e1c ch\u1ea5t t\u1ea9y, ch\u1ea5t t\u1ea1o m\u00e0u hay ch\u1ea5t b\u1ea3o qu\u1ea3n n\u00ean ho\u00e0n to\u00e0n t\u1ed1t cho s\u1ee9c kh\u1ecfe. V\u1edbi nh\u1eefng \u201c\u0111i\u1ec3m c\u1ed9ng&#8221; nh\u01b0 v\u1eady, \u1edf b\u1ea5t c\u1ee9 \u0111\u00e2u, t\u00e1o s\u1ea5y m\u1eadt ong DJ&amp;A c\u0169ng \u0111\u1eb7c bi\u1ec7t \u0111\u01b0\u1ee3c y\u00eau th\u00edch v\u00e0 l\u1ef1a ch\u1ecdn.<\/span><\/p>\n<p><img loading=\"lazy\" decoding=\"async\" class=\"wp-image-19031 aligncenter\" src=\"https:\/\/havamall.com\/wp-content\/uploads\/2021\/03\/161067068_791009598178177_7371189990592116430_o-300x300.png\" alt=\"\" width=\"639\" height=\"639\" \/><\/p>\n<h4><strong>\u0110\u1eb7c \u0111i\u1ec3m n\u1ed5i b\u1eadt c\u1ee7a s\u1ea3n ph\u1ea9m:<\/strong><\/h4>\n<p><span style=\"font-weight: 400;\">&#8211; Kh\u00f4ng th\u00eam \u0111\u01b0\u1eddng<\/span><\/p>\n<p><span style=\"font-weight: 400;\">&#8211; Kh\u00f4ng bi\u1ebfn \u0111\u1ed5i gen<\/span><\/p>\n<p><span style=\"font-weight: 400;\">&#8211; Kh\u00f4ng Gluten<\/span><\/p>\n<p><span style=\"font-weight: 400;\">&#8211; An to\u00e0n, d\u1ec5 s\u1eed d\u1ee5ng cho b\u00e9 \u0103n d\u1eb7m, ng\u01b0\u1eddi l\u1edbn, ng\u01b0\u1eddi \u0103n chay\u2026<\/span><\/p>\n<p>&#8211; Cung c\u1ea5p n\u0103ng l\u01b0\u1ee3ng cho c\u01a1 th\u1ec3<\/p>\n<p>&#8211; K\u00edch th\u00edch v\u1ecb gi\u00e1c<\/p>\n<p>&#8211; T\u1ed1t cho h\u1ec7 ti\u00eau h\u00f3a<\/p>\n<p>S\u1ea3n ph\u1ea9m hi\u1ec7n \u0111\u00e3 c\u00f3 m\u1eb7t t\u1ea1i Havamall.<\/p>","protected":false},"excerpt":{"rendered":"<p>Th\u01b0\u01a1ng hi\u1ec7u DJ&amp;A Xu\u1ea5t x\u1ee9 Australia Th\u00e0nh ph\u1ea7n T\u00e1o 89%, m\u1eadt ong 11%,&#8230; H\u1ea1n s\u1eed d\u1ee5ng 12 th\u00e1ng k\u1ec3 t\u1eeb<\/p>","protected":false},"featured_media":19035,"comment_status":"open","ping_status":"closed","template":"","meta":[],"product_brand":[],"product_cat":[133,36],"product_tag":[],"class_list":{"0":"post-19025","1":"product","2":"type-product","3":"status-publish","4":"has-post-thumbnail","6":"product_cat-banh-keo-chocolate","7":"product_cat-thuc-pham-tieu-dung","8":"pa_brand-dja","10":"first","11":"outofstock","12":"sale","13":"shipping-taxable","14":"purchasable","15":"product-type-simple"},"_links":{"self":[{"href":"https:\/\/havamall.com\/en\/wp-json\/wp\/v2\/product\/19025","targetHints":{"allow":["GET"]}}],"collection":[{"href":"https:\/\/havamall.com\/en\/wp-json\/wp\/v2\/product"}],"about":[{"href":"https:\/\/havamall.com\/en\/wp-json\/wp\/v2\/types\/product"}],"replies":[{"embeddable":true,"href":"https:\/\/havamall.com\/en\/wp-json\/wp\/v2\/comments?post=19025"}],"version-history":[{"count":0,"href":"https:\/\/havamall.com\/en\/wp-json\/wp\/v2\/product\/19025\/revisions"}],"wp:featuredmedia":[{"embeddable":true,"href":"https:\/\/havamall.com\/en\/wp-json\/wp\/v2\/media\/19035"}],"wp:attachment":[{"href":"https:\/\/havamall.com\/en\/wp-json\/wp\/v2\/media?parent=19025"}],"wp:term":[{"taxonomy":"product_brand","embeddable":true,"href":"https:\/\/havamall.com\/en\/wp-json\/wp\/v2\/product_brand?post=19025"},{"taxonomy":"product_cat","embeddable":true,"href":"https:\/\/havamall.com\/en\/wp-json\/wp\/v2\/product_cat?post=19025"},{"taxonomy":"product_tag","embeddable":true,"href":"https:\/\/havamall.com\/en\/wp-json\/wp\/v2\/product_tag?post=19025"}],"curies":[{"name":"wp","href":"https:\/\/api.w.org\/{rel}","templated":true}]}}