{"id":19037,"date":"2021-03-26T15:32:47","date_gmt":"2021-03-26T08:32:47","guid":{"rendered":"https:\/\/havamall.com\/?post_type=product&#038;p=19037"},"modified":"2025-07-10T16:09:51","modified_gmt":"2025-07-10T09:09:51","slug":"sot-thit-nuong-kraft-slow-simmered-original-barbecue-sauce-510g","status":"publish","type":"product","link":"https:\/\/havamall.com\/en\/shop\/sot-thit-nuong-kraft-slow-simmered-original-barbecue-sauce-510g\/","title":{"rendered":"S\u1ed1t Th\u1ecbt N\u01b0\u1edbng Kraft &#8211; Slow-Simmered Original Barbecue Sauce 510g"},"content":{"rendered":"<p style=\"text-align: left;\"><span style=\"font-weight: 400;\">Kraft Original Slow-Simmered Barbecue Sauce gi\u00fap h\u01b0\u01a1ng v\u1ecb th\u1ecbt n\u01b0\u1edbng \u0111\u1eadm \u0111\u00e0, m\u1ea1nh m\u1ebd cho h\u1ea7u h\u1ebft m\u1ecdi th\u1ee9. B\u00f9ng n\u1ed5 v\u1edbi m\u1eadt \u0111\u01b0\u1eddng, gi\u1ea5m t\u00e1o, gia v\u1ecb v\u00e0 h\u01b0\u01a1ng v\u1ecb kh\u00f3i, chai n\u01b0\u1edbc s\u1ed1t th\u1ecbt n\u01b0\u1edbng y\u00eau th\u00edch c\u1ee7a gia \u0111\u00ecnh mang \u0111\u1ebfn h\u01b0\u01a1ng v\u1ecb h\u1ea5p d\u1eabn trong t\u1eebng mi\u1ebfng \u0103n. N\u01b0\u1edbc s\u1ed1t th\u1ecbt n\u01b0\u1edbng Kraft \u0111\u1ee7 \u0111\u1eb7c \u0111\u1ec3 ph\u1ebft ho\u1eb7c ch\u1ea5m, v\u00e0 n\u00f3 t\u1ea1o n\u00ean m\u1ed9t lo\u1ea1i n\u01b0\u1edbc s\u1ed1t th\u1ecbt tuy\u1ec7t v\u1eddi. N\u01b0\u1edbc s\u1ed1t th\u1ecbt n\u01b0\u1edbng Kraft l\u00e0 m\u1ed9t s\u1ef1 b\u1ed5 sung tuy\u1ec7t v\u1eddi cho t\u1ea5t c\u1ea3 c\u00e1c b\u1eefa \u0103n gia \u0111\u00ecnh y\u00eau th\u00edch c\u1ee7a b\u1ea1n.\u00a0<\/span><\/p>\n<p><img fetchpriority=\"high\" decoding=\"async\" class=\"aligncenter\" src=\"https:\/\/havamall.com\/wp-content\/uploads\/2021\/03\/efc86d08-c707-4e2e-80af-748c01370235.2beb385ce84424d35ee325875b971e41.jpeg\" alt=\"Kraft Original Slow-Simmered Barbecue Sauce, 40 oz Bottle - Walmart.com - Walmart.com\" width=\"613\" height=\"613\" \/><\/p>\n<p><span style=\"font-weight: 400;\">S\u1ed1t th\u1ecbt n\u01b0\u1edbng Kraft Original Slow-Simmered Barbecue\u00a0<\/span>510g l\u00e0 m\u00f3n gia v\u1ecb ph\u00f9 h\u1ee3p d\u00f9ng l\u00e0m n\u01b0\u1edbc s\u1ed1t t\u1ea9m \u01b0\u1edbp ho\u1eb7c ph\u1ebft cho b\u00e1nh m\u00ec k\u1eb9p th\u1ecbt, g\u00e0 t\u00e2y, x\u01b0\u01a1ng s\u01b0\u1eddn, x\u00fac x\u00edch, c\u00e1, c\u00e1c lo\u1ea1i th\u1ecbt n\u01b0\u1edbng\u2026 S\u1ea3n ph\u1ea9m gi\u00fap b\u1ea1n nhanh ch\u00f3ng c\u00f3 m\u00f3n n\u01b0\u1edbng BBQ th\u01a1m ngon \u0111\u00fang \u0111i\u1ec7u m\u00e0 kh\u00f4ng m\u1ea5t nhi\u1ec1u th\u1eddi gian chu\u1ea9n b\u1ecb gia v\u1ecb s\u1ed1t.<\/p>\n<p><img decoding=\"async\" class=\"aligncenter\" src=\"https:\/\/havamall.com\/wp-content\/uploads\/2021\/03\/Nhung-mon-an-hap-dan-danh-cho-nguoi-me-do-nuong-2-1586856254-314-width1920height1280.jpg\" alt=\"Nh\u1eefng m\u00f3n \u0103n h\u1ea5p d\u1eabn d\u00e0nh cho ng\u01b0\u1eddi m\u00ea \u0111\u1ed3 n\u01b0\u1edbng - Baogiaothong.vn\" width=\"616\" height=\"411\" \/><\/p>\n<p>Ngo\u00e0i h\u01b0\u01a1ng v\u1ecb th\u01a1m ngon, s\u1ed1t c\u00f2n c\u00f4 \u0111\u1eb7c n\u00ean s\u1ebd d\u1ec5 d\u00e0ng b\u00e1m v\u00e0o th\u1ee9c \u0103n m\u00e0 kh\u00f4ng g\u00e2y l\u00e3ng ph\u00ed n\u01b0\u1edbc s\u1ed1t. Ngo\u00e0i ra, m\u00e0u n\u00e2u c\u1ee7a s\u1ed1t gi\u00fap m\u00f3n \u0103n tr\u1edf n\u00ean cu\u1ed1n h\u00fat ng\u01b0\u1eddi d\u00f9ng ng\u00e0y t\u1eeb c\u00e1i nh\u00ecn \u0111\u00e2u ti\u00ean c\u00f9ng v\u1edbi h\u01b0\u01a1ng th\u01a1m quy\u1ebfn r\u0169 c\u1ee7a m\u00f3n BBQ ch\u1eafc ch\u1eafn s\u1ebd l\u00e0m h\u00e0i l\u00f2ng c\u00e1c th\u1ef1c kh\u00e1ch.<\/p>\n<p><img decoding=\"async\" class=\"aligncenter\" src=\"https:\/\/havamall.com\/wp-content\/uploads\/2021\/03\/Sauce-.png\" alt=\"When to Apply BBQ Sauce - Chad\" width=\"604\" height=\"424\" \/><\/p>\n<p><span style=\"font-weight: 400;\">S\u1ed1t th\u1ecbt n\u01b0\u1edbng Kraft Original Slow-Simmered Barbecue<\/span>\u00a0l\u00e0 s\u1ea3n ph\u1ea9m cao c\u1ea5p c\u1ee7a Kraft v\u1edbi quy tr\u00ecnh s\u1ea3n xu\u1ea5t v\u00e0 c\u00e1c nguy\u00ean li\u1ec7u an to\u00e0n, h\u1ee3p v\u1ec7 sinh an to\u00e0n th\u1ef1c ph\u1ea9m, n\u00ean b\u1ea1n ho\u00e0n to\u00e0n y\u00ean t\u00e2m s\u1eed d\u1ee5ng t\u1ea9m \u01b0\u1edbp, gia t\u0103ng th\u00eam h\u01b0\u01a1ng v\u1ecb cho c\u00e1c m\u00f3n \u0103n phong c\u00e1ch BBQ.<\/p>\n<p><span style=\"font-weight: 400;\">S\u1ed1t th\u1ecbt n\u01b0\u1edbng Kraft Original Slow-Simmered Barbecue Sauce c\u00f2n c\u00f3 th\u1ec3 s\u1eed d\u1ee5ng \u0111\u1ec3 l\u00e0m n\u01b0\u1edbc s\u1ed1t cho th\u1ecbt g\u00e0, th\u1ecbt l\u1ee3n v\u00e0 th\u1ecbt b\u00f2, ho\u1eb7c l\u00e0m n\u01b0\u1edbc ch\u1ea5m cho c\u00e1nh v\u00e0 c\u1ed1m.<\/span><\/p>\n<p><img loading=\"lazy\" decoding=\"async\" class=\"aligncenter\" src=\"https:\/\/havamall.com\/wp-content\/uploads\/2021\/01\/Sweet---Sassy-Baby-Back-Ribs_exps118864_BAFTB2307047A03_16_3b(1)_RMS.jpg\" alt=\"Sweet &amp; Sassy Baby Back Ribs Recipe: How to Make It | Taste of Home\" width=\"606\" height=\"456\" \/><\/p>\n<p><span style=\"font-weight: 400;\">S\u1ea3n ph\u1ea9m mang t\u1edbi s\u1ef1 th\u01a1m ngon c\u1ee7a nh\u1eefng nguy\u00ean li\u1ec7u t\u1ef1 nhi\u00ean, h\u01b0\u01a1ng v\u1ecb \u0111\u1eadm \u0111\u00e0, k\u00edch th\u00edch v\u1ecb gi\u00e1c, ph\u00f9 h\u1ee3p kh\u1ea9u v\u1ecb m\u1ecdi l\u1ee9a tu\u1ed5i. Khi kh\u00f4ng c\u00f3 nhi\u1ec1u th\u1eddi gian d\u00e0nh cho vi\u1ec7c n\u1ea5u n\u01b0\u1edbng, <\/span><span style=\"font-weight: 400;\">S\u1ed1t Kraft Original Slow-Simmered Barbecue<\/span><span style=\"font-weight: 400;\"> l\u00e0 l\u1ef1a ch\u1ecdn h\u00e0ng \u0111\u1ea7u. S\u1ea3n ph\u1ea9m d\u00f9ng thay th\u1ebf cho nhi\u1ec1u lo\u1ea1i gia v\u1ecb kh\u00e1c, \u01b0\u1edbp tr\u1ef1c ti\u1ebfp ho\u1eb7c t\u1ea9m \u01b0\u1edbp c\u00e1c m\u00f3n th\u1ecbt, c\u00e1, b\u00e1nh m\u00ec\u2026 tr\u01b0\u1edbc khi n\u01b0\u1edbng ho\u1eb7c r\u00e1n. Cho <\/span><span style=\"font-weight: 400;\">s\u1ed1t th\u1ecbt n\u01b0\u1edbng Kraft Original Slow-Simmered Barbecue<\/span><span style=\"font-weight: 400;\"> l\u00ean c\u00e1c m\u00f3n \u0103n sau n\u01b0\u1edbng ho\u1eb7c r\u00e1n \u0111\u1ec3 t\u0103ng m\u00f9i th\u01a1m v\u00e0 h\u01b0\u01a1ng v\u1ecb \u0111\u1eadm \u0111\u00e0.<\/span><\/p>\n<p><img loading=\"lazy\" decoding=\"async\" class=\"aligncenter\" src=\"https:\/\/havamall.com\/wp-content\/uploads\/2021\/03\/IMG_0928-e1422628428603.jpg\" alt=\"Spiraled Grilled Sausage with Barbecue Sauce | Giggles, Gobbles and Gulps\" width=\"608\" height=\"405\" \/><\/p>\n<h4><strong>\u0110\u1eb7c \u0111i\u1ec3m n\u1ed5i b\u1eadt c\u1ee7a s\u1ea3n ph\u1ea9m:<\/strong><\/h4>\n<p><span style=\"font-weight: 400;\">&#8211; N\u01b0\u1edbc s\u1ed1t v\u00e0 n\u01b0\u1edbc ch\u1ea5m th\u1ecbt n\u01b0\u1edbng n\u1ea5u ch\u1eadm Kraft Original \u0111\u01b0\u1ee3c l\u00e0m b\u1eb1ng c\u00e1c nguy\u00ean li\u1ec7u ch\u1ea5t l\u01b0\u1ee3ng<\/span><\/p>\n<p><span style=\"font-weight: 400;\">&#8211; N\u01b0\u1edbc s\u1ed1t th\u1ecbt n\u01b0\u1edbng h\u01b0\u01a1ng v\u1ecb nguy\u00ean b\u1ea3n c\u00f3 v\u1ecb kh\u00f3i \u0111\u1eadm \u0111\u00e0 v\u00e0 m\u1ed9t ch\u00fat ng\u1ecdt<\/span><\/p>\n<p><span style=\"font-weight: 400;\">&#8211; S\u1ed1t BBQ c\u00f3 k\u1ebft c\u1ea5u \u0111\u1eb7c, \u0111\u1eadm \u0111\u00e0 \u0111\u1ec3 d\u1ec5 d\u00e0ng ph\u1ebft v\u00e0 ch\u1ea5m<\/span><\/p>\n<p><span style=\"font-weight: 400;\">&#8211; N\u01b0\u1edbc s\u1ed1t th\u1ecbt n\u01b0\u1edbng c\u00f3 th\u1ec3 l\u00e0m n\u01b0\u1edbc s\u1ed1t ho\u1eb7c gia v\u1ecb ho\u1eb7c n\u01b0\u1edbc ch\u1ea5m<\/span><\/p>\n<p><span style=\"font-weight: 400;\">&#8211; Chai c\u00f3 d\u1ea1ng b\u00f3p ti\u1ec7n l\u1ee3i gi\u00fap b\u1ea1n d\u1ec5 d\u00e0ng pha ch\u1ebf \u0111\u00fang l\u01b0\u1ee3ng cho m\u00f3n \u0103n y\u00eau th\u00edch c\u1ee7a m\u00ecnh<\/span><\/p>\n<p><img loading=\"lazy\" decoding=\"async\" class=\"aligncenter\" src=\"https:\/\/havamall.com\/wp-content\/uploads\/2021\/03\/91WPJ5yQHKL._SL1500_.jpg\" alt=\"Amazon.com : Kraft Original BBQ Sauce (18 oz Bottles, Pack of 12) : Grocery &amp; Gourmet Food\" width=\"619\" height=\"619\" \/><\/p>\n<h4><strong>H\u01b0\u1edbng d\u1eabn b\u1ea3o qu\u1ea3n:<\/strong><\/h4>\n<p>\u2013 B\u1ea3o qu\u1ea3n n\u01a1i kh\u00f4 r\u00e1o tho\u00e1ng m\u00e1t, tr\u00e1nh \u00e1nh n\u1eafng tr\u1ef1c ti\u1ebfp<\/p>\n<p>\u2013 B\u1ea3o qu\u1ea3n \u1edf ng\u0103n m\u00e1t t\u1ee7 l\u1ea1nh sau khi d\u00f9ng kh\u00f4ng h\u1ebft.<\/p>\n<p>S\u1ea3n ph\u1ea9m hi\u1ec7n \u0111\u00e3 c\u00f3 m\u1eb7t t\u1ea1i Havamall.<\/p>","protected":false},"excerpt":{"rendered":"<p>Kraft Original Slow-Simmered Barbecue Sauce gi\u00fap h\u01b0\u01a1ng v\u1ecb th\u1ecbt n\u01b0\u1edbng \u0111\u1eadm \u0111\u00e0, m\u1ea1nh m\u1ebd cho h\u1ea7u h\u1ebft m\u1ecdi th\u1ee9. B\u00f9ng<\/p>","protected":false},"featured_media":19038,"comment_status":"open","ping_status":"closed","template":"","meta":[],"product_brand":[],"product_cat":[720,705,36,143],"product_tag":[],"class_list":{"0":"post-19037","1":"product","2":"type-product","3":"status-publish","4":"has-post-thumbnail","6":"product_cat-nhap-khau-my","7":"product_cat-sot-do-hop","8":"product_cat-thuc-pham-tieu-dung","9":"product_cat-thuc-pham-dong-hop","11":"first","12":"outofstock","13":"sale","14":"shipping-taxable","15":"purchasable","16":"product-type-simple"},"_links":{"self":[{"href":"https:\/\/havamall.com\/en\/wp-json\/wp\/v2\/product\/19037","targetHints":{"allow":["GET"]}}],"collection":[{"href":"https:\/\/havamall.com\/en\/wp-json\/wp\/v2\/product"}],"about":[{"href":"https:\/\/havamall.com\/en\/wp-json\/wp\/v2\/types\/product"}],"replies":[{"embeddable":true,"href":"https:\/\/havamall.com\/en\/wp-json\/wp\/v2\/comments?post=19037"}],"version-history":[{"count":0,"href":"https:\/\/havamall.com\/en\/wp-json\/wp\/v2\/product\/19037\/revisions"}],"wp:featuredmedia":[{"embeddable":true,"href":"https:\/\/havamall.com\/en\/wp-json\/wp\/v2\/media\/19038"}],"wp:attachment":[{"href":"https:\/\/havamall.com\/en\/wp-json\/wp\/v2\/media?parent=19037"}],"wp:term":[{"taxonomy":"product_brand","embeddable":true,"href":"https:\/\/havamall.com\/en\/wp-json\/wp\/v2\/product_brand?post=19037"},{"taxonomy":"product_cat","embeddable":true,"href":"https:\/\/havamall.com\/en\/wp-json\/wp\/v2\/product_cat?post=19037"},{"taxonomy":"product_tag","embeddable":true,"href":"https:\/\/havamall.com\/en\/wp-json\/wp\/v2\/product_tag?post=19037"}],"curies":[{"name":"wp","href":"https:\/\/api.w.org\/{rel}","templated":true}]}}