{"id":19109,"date":"2021-04-06T15:15:08","date_gmt":"2021-04-06T08:15:08","guid":{"rendered":"https:\/\/havamall.com\/?post_type=product&#038;p=19109"},"modified":"2021-10-20T09:10:26","modified_gmt":"2021-10-20T02:10:26","slug":"mat-ong-thien-nhien-golden-bee-natural-honey-240g","status":"publish","type":"product","link":"https:\/\/havamall.com\/en\/shop\/mat-ong-thien-nhien-golden-bee-natural-honey-240g\/","title":{"rendered":"M\u1eadt Ong Thi\u00ean Nhi\u00ean &#8211; Golden Bee Natural Honey 240g"},"content":{"rendered":"<h3><strong>TH\u00d4NG TIN S\u1ea2N PH\u1ea8M<\/strong><\/h3>\n<table>\n<tbody>\n<tr>\n<td>Th\u01b0\u01a1ng hi\u1ec7u<\/td>\n<td>Golden Bee<\/td>\n<\/tr>\n<tr>\n<td>Xu\u1ea5t x\u1ee9<\/td>\n<td>Vi\u1ec7t Nam<\/td>\n<\/tr>\n<tr>\n<td>Th\u00e0nh ph\u1ea7n<\/td>\n<td>100% m\u1eadt ong thi\u00ean nhi\u00ean<\/td>\n<\/tr>\n<tr>\n<td>H\u1ea1n s\u1eed d\u1ee5ng<\/td>\n<td>24 th\u00e1ng k\u1ec3 t\u1eeb ng\u00e0y s\u1ea3n xu\u1ea5t.<\/td>\n<\/tr>\n<tr>\n<td>B\u1ea3o qu\u1ea3n<\/td>\n<td>\u0110\u1ec3 n\u01a1i kh\u00f4 r\u00e1o, tho\u00e1ng m\u00e1t, tr\u00e1nh \u00e1nh n\u1eafng tr\u1ef1c ti\u1ebfp<\/td>\n<\/tr>\n<tr>\n<td>Kh\u1ed1i l\u01b0\u1ee3ng t\u1ecbnh<\/td>\n<td>240g<\/td>\n<\/tr>\n<\/tbody>\n<\/table>\n<p><span style=\"font-weight: 400\">B\u00e1ch Vi\u1ec7t l\u00e0 m\u1ed9t trong nh\u1eefng C\u00f4ng ty s\u1ea3n xu\u1ea5t ch\u1ebf bi\u1ebfn th\u1ef1c ph\u1ea9m h\u00e0ng \u0111\u1ea7u c\u1ee7a Vi\u1ec7t Nam. S\u1ea3n ph\u1ea9m c\u1ee7a C\u00f4ng ty \u0111a d\u1ea1ng , \u0111\u00e3 v\u00e0 \u0111ang ph\u1ee5c v\u1ee5 h\u1eefu \u00edch cho \u0111\u1eddi s\u1ed1ng h\u00e0ng ng\u00e0y, \u0111\u00e1p \u1ee9ng \u0111\u1ea7y \u0111\u1ee7 c\u00e1c \u0111\u00f2i h\u1ecfi c\u1ee7a ng\u01b0\u1eddi ti\u00eau d\u00f9ng. S\u1ea3n ph\u1ea9m c\u1ee7a C\u00f4ng ty \u0111\u01b0\u1ee3c duy tr\u00ec v\u00e0 ph\u00e1t tri\u1ec3n v\u1edbi t\u00ednh chuy\u00ean s\u00e2u cao, c\u00f4ng ngh\u1ec7 s\u1ea3n xu\u1ea5t hi\u1ec7n \u0111\u1ea1i, \u0111\u00fang v\u1edbi ph\u01b0\u01a1ng ch\u00e2m &#8221; Lu\u00f4n h\u01b0\u1edbng t\u1edbi s\u1ef1 thu\u1ea7n khi\u1ebft c\u1ee7a t\u1ef1 nhi\u00ean\u201d<\/span><\/p>\n<p><span style=\"font-weight: 400\">Golden Bee l\u00e0 s\u1ea3n ph\u1ea9m c\u1ee7a c\u00f4ng ty TNHH K\u1ef9 ngh\u1ec7 Th\u1ef1c ph\u1ea9m B\u00e1ch Vi\u1ec7t ( th\u00e0nh l\u1eadp t\u1eeb n\u0103m 2009), m\u1ed9t trong nh\u1eefng c\u00f4ng ty c\u00f3 b\u1ec1 d\u00e0y s\u1ea3n xu\u1ea5t v\u00e0 xu\u1ea5t kh\u1ea9u m\u1eadt ong t\u1ea1i Vi\u1ec7t Nam.\u00a0<\/span><\/p>\n<p><img fetchpriority=\"high\" decoding=\"async\" class=\"wp-image-19110 aligncenter\" src=\"https:\/\/havamall.com\/wp-content\/uploads\/2021\/04\/rvkOSl-300x300.png\" alt=\"\" width=\"708\" height=\"708\" \/><\/p>\n<p><span style=\"font-weight: 400\">N\u0103m 2011, l\u00f4 h\u00e0ng \u0111\u1ea7u ti\u00ean c\u1ee7a c\u00f4ng ty \u0111\u01b0\u1ee3c th\u00f4ng quan, v\u01b0\u1ee3t qua h\u00e0ng r\u00e0o ki\u1ec3m \u0111\u1ecbnh g\u1eaft gao \u0111\u1ec3 v\u00e0o th\u1ecb tr\u01b0\u1eddng Nh\u1eadt B\u1ea3n (d\u01b0\u1edbi t\u00ean c\u00e1c th\u01b0\u01a1ng hi\u1ec7u Bon Sante, Forelli.\u00a0<\/span><span style=\"font-weight: 400\">N\u0103m 2013, c\u00f4ng ty B\u00e1ch Vi\u1ec7t \u0111\u01b0\u1ee3c C\u01a1 quan qu\u1ea3n l\u00fd d\u01b0\u1ee3c v\u00e0 th\u1ef1c ph\u1ea9m H\u00f2a K\u1ef3 (FDA) c\u1ea5p gi\u1ea5y ch\u1ee9ng nh\u1eadn v\u00e0 cho ph\u00e9p b\u00e1n l\u1ebb t\u1ea1i th\u1ecb tr\u01b0\u1eddng Hoa K\u1ef3.<\/span><\/p>\n<p><span style=\"font-weight: 400\">M\u1eadt ong GoldenBee \u0111\u00e1p \u1ee9ng m\u1ecdi ti\u00eau chu\u1ea9n k\u1ef9 thu\u1eadt kh\u1eaft khe c\u1ee7a c\u00e1c th\u1ecb tr\u01b0\u1eddng kh\u00f3 t\u00ednh v\u00e0 lu\u00f4n \u0111\u00f2i h\u1ecfi ch\u1ea5t l\u01b0\u1ee3ng cao. V\u1edbi s\u1ee9 m\u1ec7nh &#8221; Ng\u01b0\u1eddi Vi\u1ec7t c\u1ea7n \u0111\u01b0\u1ee3c \u01b0u ti\u00ean d\u00f9ng h\u00e0ng ch\u1ea5t l\u01b0\u1ee3ng nh\u01b0 xu\u1ea5t kh\u1ea9u&#8221; m\u1eadt ong GoldenBee \u0111\u00e3 \u0111\u01b0\u1ee3c b\u00e1n l\u1ebb t\u1ea1i th\u1ecb tr\u01b0\u1eddng.<\/span><\/p>\n<p><img decoding=\"async\" class=\"wp-image-19111 aligncenter\" src=\"https:\/\/havamall.com\/wp-content\/uploads\/2021\/04\/m\u1eadt-ong-4-300x300.png\" alt=\"\" width=\"716\" height=\"717\" \/><\/p>\n<p><span style=\"font-weight: 400\">Ngu\u1ed3n m\u1eadt ong c\u1ee7a C\u00f4ng ty B\u00e1ch Vi\u1ec7t \u0111\u01b0\u1ee3c khai th\u00e1c \u1edf c\u00e1c v\u00f9ng n\u00fai<\/span><span style=\"font-weight: 400\"> v\u00e0 cao nguy\u00ean Vi\u1ec7t Nam (Daklak, \u0110\u1ed3ng Nai, U Minh,) v\u00e0 t\u1ea1i r\u1eebng nguy\u00ean sinh t\u1ec9nh Champasak ( L\u00e0o)<\/span><span style=\"font-weight: 400\">, cao nguy\u00ean Vi\u1ec7t nam v\u1edbi nh\u1eefng c\u00e1nh \u0111\u1ed3ng hoa ng\u1eadp tr\u00e0n \u00e1nh n\u1eafng n\u00ean c\u00f3 ch\u1ea5t l\u01b0\u1ee3ng cao. Ngo\u00e0i ra, kh\u00e2u \u0111\u00f3ng g\u00f3i ho\u00e0n ch\u1ec9nh, bao b\u00ec \u0111\u1eb9p, xu\u1ea5t kh\u1ea9u ra th\u1ecb tr\u01b0\u1eddng nhi\u1ec1u n\u01b0\u1edbc tr\u00ean th\u1ebf gi\u1edbi.<\/span><\/p>\n<p><img decoding=\"async\" class=\"wp-image-19112 aligncenter\" src=\"https:\/\/havamall.com\/wp-content\/uploads\/2021\/04\/m\u1eadt-ong-1-240x300.png\" alt=\"\" width=\"718\" height=\"897\" \/><\/p>\n<p><span style=\"font-weight: 400\">M\u1eadt ong Golden Bee l\u00e0 lo\u1ea1i th\u1ef1c ph\u1ea9m d\u00f9ng tr\u1ef1c ti\u1ebfp cho con ng\u01b0\u1eddi &amp; c\u00f3 ngu\u1ed3n g\u1ed1c t\u1eeb thi\u00ean nhi\u00ean n\u00ean c\u00e1c quy \u0111\u1ecbnh c\u1ee7a c\u01a1 quan qu\u1ea3n l\u00fd nh\u00e0 n\u01b0\u1edbc ch\u1ee7 y\u1ebfu quy \u0111\u1ecbnh v\u1ec1 d\u01b0 l\u01b0\u1ee3ng c\u00e1c kh\u00e1ng sinh \u0111\u1ed9c h\u1ea1i c\u00f3 th\u1ec3 l\u00e0m \u1ea3nh h\u01b0\u1edfng t\u1edbi s\u1ee9c kh\u1ecfe c\u1ee7a ng\u01b0\u1eddi ti\u00eau d\u00f9ng.<\/span><\/p>\n<p><img loading=\"lazy\" decoding=\"async\" class=\"aligncenter\" src=\"https:\/\/havamall.com\/wp-content\/uploads\/2021\/04\/2c7a91c34881a6dfff90.jpg\" alt=\"M\u1eacT ONG R\u1eeaNG - D\u01af\u1ee2C LI\u1ec6U T\u00c2Y B\u1eaeC L\u00ca T\u01af\" width=\"724\" height=\"483\" \/><\/p>\n<p><span style=\"font-weight: 400\">M\u1eadt ong c\u00f2n l\u00e0 m\u1ed9t th\u1ef1c ph\u1ea9m gi\u00fap t\u0103ng c\u01b0\u1eddng h\u1ec7 mi\u1ec5n d\u1ecbch c\u1ee7a b\u1ea1n. Trong th\u00e0nh ph\u1ea7n c\u1ee7a m\u1eadt ong c\u00f3 ch\u1ee9a nhi\u1ec1u ch\u1ea5t ch\u1ed1ng oxy h\u00f3a v\u00e0 t\u00ednh kh\u00e1ng khu\u1ea9n n\u00ean c\u00f3 th\u1ec3 gi\u00fap b\u1ea1n c\u1ea3i thi\u1ec7n h\u1ec7 th\u1ed1ng ti\u00eau h\u00f3a v\u00e0 ch\u1ed1ng l\u1ea1i vi khu\u1ea9n c\u00f3 h\u1ea1i, cho b\u1ea1n m\u1ed9t h\u1ec7 ti\u00eau h\u00f3a kh\u1ecfe m\u1ea1nh.<\/span><\/p>\n<p><span style=\"font-weight: 400\">\u00a0M\u1eadt ong c\u00f2n c\u00f3 t\u00e1c d\u1ee5ng t\u0103ng hi\u1ec7u su\u1ea5t th\u1ec3 thao cho nh\u1eefng ng\u01b0\u1eddi t\u1eadp luy\u1ec7n th\u1ec3 d\u1ee5c th\u1ec3 thao h\u00e0ng ng\u00e0y. Ngo\u00e0i ra, sau khi t\u1eadp luy\u1ec7n, vi\u1ec7c u\u1ed1ng m\u1eadt ong c\u0169ng l\u00e0 bi\u1ec7n ph\u00e1p tuy\u1ec7t v\u1eddi gi\u00fap kh\u00f4i ph\u1ee5c glycogen v\u00e0 ph\u1ee5c h\u1ed3i c\u01a1 b\u1eafp sau khi t\u1eadp th\u1ec3 d\u1ee5c c\u01b0\u1eddng \u0111\u1ed9 cao.<\/span><\/p>\n<p><img loading=\"lazy\" decoding=\"async\" class=\"wp-image-19133 aligncenter\" src=\"https:\/\/havamall.com\/wp-content\/uploads\/2021\/04\/m\u1eadt-ong-h\u00f4ng-ph\u1ea3i-m\u1eadt-m\u00eda-300x200.png\" alt=\"\" width=\"722\" height=\"481\" \/><\/p>\n<h3><strong>C\u00f4ng d\u1ee5ng c\u1ee7a m\u1eadt ong:<\/strong><\/h3>\n<p><span style=\"font-weight: 400\">&#8211; M\u1eadt ong c\u0169ng l\u00e0 m\u1ed9t ngu\u1ed3n n\u0103ng l\u01b0\u1ee3ng c\u1ef1c k\u1ef3 t\u1ed1t cho s\u1ee9c kh\u1ecfe b\u1edfi v\u00ec n\u00f3 c\u00f3 ch\u1ee9a 54 calo trong m\u1ed9t mu\u1ed7ng canh m\u1eadt ong.<\/span><\/p>\n<p><span style=\"font-weight: 400\">&#8211; M\u1eadt ong gi\u00fap b\u1ea1n gi\u1ea3m c\u00e2n nhanh ch\u00f3ng. \u0110\u1ec3 c\u00f3 \u0111\u01b0\u1ee3c l\u1ee3i \u00edch n\u00e0y, b\u1ea1n c\u00f3 th\u1ec3 k\u1ebft h\u1ee3p m\u1eadt ong v\u1edbi n\u01b0\u1edbc chanh ho\u1eb7c qu\u1ebf gi\u00fap c\u01a1 th\u1ec3 d\u1ec5 d\u00e0ng ti\u00eau h\u00f3a ch\u1ea5t b\u00e9o trong c\u01a1 th\u1ec3<\/span><\/p>\n<p><span style=\"font-weight: 400\">&#8211; V\u1edbi nhi\u1ec1u vitamin, kho\u00e1ng ch\u1ea5t, m\u1eadt ong c\u1ef1c k\u1ef3 t\u1ed1t cho l\u00e0n da ph\u1ee5 n\u1eef: ch\u1ed1ng l\u00e3o h\u00f3a, cho l\u00e0n da m\u1ecbn m\u00e0ng, h\u1ed3ng h\u00e0o v\u00e0 s\u0103n ch\u1eafc<\/span><\/p>\n<p><span style=\"font-weight: 400\">&#8211; M\u1eadt ong c\u00f3 th\u1ec3 gi\u00fap l\u00e0m d\u1ecbu c\u1ed5 h\u1ecdng, \u0111au h\u1ecdng v\u00ec trong m\u1eadt ong c\u00f3 vi khu\u1ea9n kh\u00e1ng khu\u1ea9n c\u00f3 th\u1ec3 gi\u1ebft ch\u1ebft c\u00e1c vi khu\u1ea9n g\u00e2y nhi\u1ec5m tr\u00f9ng \u1edf c\u1ed5 h\u1ecdng<\/span><\/p>\n<p><span style=\"font-weight: 400\">&#8211; Pha m\u1ed9t \u00edt m\u1eadt ong v\u00e0o m\u1ed9t c\u1ed1c s\u1eefa \u1ea5m v\u00e0 u\u1ed1ng tr\u01b0\u1edbc khi \u0111i ng\u1ee7 mang l\u1ea1i gi\u1ea5c ng\u1ee7 ngon<\/span><\/p>\n<h3><strong>H\u01b0\u1edbng d\u1eabn s\u1eed d\u1ee5ng:<\/strong><\/h3>\n<p><span style=\"font-weight: 400\">&#8211; C\u00f3 th\u1ec3 d\u00f9ng tr\u1ef1c ti\u1ebfp kh\u00f4ng qua x\u1eed l\u00fd nhi\u1ec7t<\/span><\/p>\n<p><span style=\"font-weight: 400\">&#8211; L\u00e0 gia v\u1ecb kh\u00f4ng th\u1ec3 thi\u1ebfu trong ch\u1ebf bi\u1ebfn th\u1ef1c ph\u1ea9m nh\u01b0: N\u01b0\u1edbng g\u00e0, Quay v\u1ecbt,Kho th\u1ecbt, C\u00e1\u2026<\/span><\/p>\n<p><span style=\"font-weight: 400\">&#8211; Ch\u1ebf bi\u1ebfn \u0111\u1ed3 u\u1ed1ng nh\u01b0 n\u01b0\u1edbc cam, chanh, l\u00e0m b\u00e1nh k\u1eb9o\u2026<\/span><\/p>\n<p>S\u1ea3n ph\u1ea9m hi\u1ec7n \u0111\u00e3 c\u00f3 m\u1eb7t t\u1ea1i Havamall.<\/p>","protected":false},"excerpt":{"rendered":"<p><span style=\"font-weight: 400\">M\u1eadt ong GoldenBee \u0111\u00e1p \u1ee9ng m\u1ecdi ti\u00eau chu\u1ea9n k\u1ef9 thu\u1eadt kh\u1eaft khe c\u1ee7a c\u00e1c th\u1ecb tr\u01b0\u1eddng kh\u00f3 t\u00ednh v\u00e0 lu\u00f4n \u0111\u00f2i h\u1ecfi ch\u1ea5t l\u01b0\u1ee3ng cao. V\u1edbi s\u1ee9 m\u1ec7nh &#8221; Ng\u01b0\u1eddi Vi\u1ec7t c\u1ea7n \u0111\u01b0\u1ee3c \u01b0u ti\u00ean d\u00f9ng h\u00e0ng ch\u1ea5t l\u01b0\u1ee3ng nh\u01b0 xu\u1ea5t kh\u1ea9u&#8221; m\u1eadt ong GoldenBee \u0111\u00e3 \u0111\u01b0\u1ee3c b\u00e1n l\u1ebb t\u1ea1i th\u1ecb tr\u01b0\u1eddng.<\/span><\/p>\n<p><span style=\"font-weight: 400\">M\u1eadt ong c\u00f2n l\u00e0 m\u1ed9t th\u1ef1c ph\u1ea9m gi\u00fap t\u0103ng c\u01b0\u1eddng h\u1ec7 mi\u1ec5n d\u1ecbch c\u1ee7a b\u1ea1n. Trong th\u00e0nh ph\u1ea7n c\u1ee7a m\u1eadt ong c\u00f3 ch\u1ee9a nhi\u1ec1u ch\u1ea5t ch\u1ed1ng oxy h\u00f3a v\u00e0 t\u00ednh kh\u00e1ng khu\u1ea9n n\u00ean c\u00f3 th\u1ec3 gi\u00fap b\u1ea1n c\u1ea3i thi\u1ec7n h\u1ec7 th\u1ed1ng ti\u00eau h\u00f3a v\u00e0 ch\u1ed1ng l\u1ea1i vi khu\u1ea9n c\u00f3 h\u1ea1i, cho b\u1ea1n m\u1ed9t h\u1ec7 ti\u00eau h\u00f3a kh\u1ecfe m\u1ea1nh.<\/span><\/p>\n<p><span style=\"font-weight: 400\">\u00a0M\u1eadt ong c\u00f2n c\u00f3 t\u00e1c d\u1ee5ng t\u0103ng hi\u1ec7u su\u1ea5t th\u1ec3 thao cho nh\u1eefng ng\u01b0\u1eddi t\u1eadp luy\u1ec7n th\u1ec3 d\u1ee5c th\u1ec3 thao h\u00e0ng ng\u00e0y. Ngo\u00e0i ra, sau khi t\u1eadp luy\u1ec7n, vi\u1ec7c u\u1ed1ng m\u1eadt ong c\u0169ng l\u00e0 bi\u1ec7n ph\u00e1p tuy\u1ec7t v\u1eddi gi\u00fap kh\u00f4i ph\u1ee5c glycogen v\u00e0 ph\u1ee5c h\u1ed3i c\u01a1 b\u1eafp sau khi t\u1eadp th\u1ec3 d\u1ee5c c\u01b0\u1eddng \u0111\u1ed9 cao.<\/span><\/p>","protected":false},"featured_media":22505,"comment_status":"open","ping_status":"closed","template":"","meta":[],"product_brand":[],"product_cat":[135,36,143],"product_tag":[],"class_list":{"0":"post-19109","1":"product","2":"type-product","3":"status-publish","4":"has-post-thumbnail","6":"product_cat-sua-do-uong","7":"product_cat-thuc-pham-tieu-dung","8":"product_cat-thuc-pham-dong-hop","9":"pa_brand-juicy-cane","11":"first","12":"instock","13":"sale","14":"shipping-taxable","15":"purchasable","16":"product-type-simple"},"_links":{"self":[{"href":"https:\/\/havamall.com\/en\/wp-json\/wp\/v2\/product\/19109","targetHints":{"allow":["GET"]}}],"collection":[{"href":"https:\/\/havamall.com\/en\/wp-json\/wp\/v2\/product"}],"about":[{"href":"https:\/\/havamall.com\/en\/wp-json\/wp\/v2\/types\/product"}],"replies":[{"embeddable":true,"href":"https:\/\/havamall.com\/en\/wp-json\/wp\/v2\/comments?post=19109"}],"version-history":[{"count":0,"href":"https:\/\/havamall.com\/en\/wp-json\/wp\/v2\/product\/19109\/revisions"}],"wp:featuredmedia":[{"embeddable":true,"href":"https:\/\/havamall.com\/en\/wp-json\/wp\/v2\/media\/22505"}],"wp:attachment":[{"href":"https:\/\/havamall.com\/en\/wp-json\/wp\/v2\/media?parent=19109"}],"wp:term":[{"taxonomy":"product_brand","embeddable":true,"href":"https:\/\/havamall.com\/en\/wp-json\/wp\/v2\/product_brand?post=19109"},{"taxonomy":"product_cat","embeddable":true,"href":"https:\/\/havamall.com\/en\/wp-json\/wp\/v2\/product_cat?post=19109"},{"taxonomy":"product_tag","embeddable":true,"href":"https:\/\/havamall.com\/en\/wp-json\/wp\/v2\/product_tag?post=19109"}],"curies":[{"name":"wp","href":"https:\/\/api.w.org\/{rel}","templated":true}]}}