{"id":19899,"date":"2021-05-13T10:58:43","date_gmt":"2021-05-13T03:58:43","guid":{"rendered":"https:\/\/havamall.com\/?post_type=product&#038;p=19899"},"modified":"2024-12-11T15:40:40","modified_gmt":"2024-12-11T08:40:40","slug":"ban-chai-sieu-mem-radius-cho-be-tu-6-thang-tuoi-pure-brush","status":"publish","type":"product","link":"https:\/\/havamall.com\/en\/shop\/ban-chai-sieu-mem-radius-cho-be-tu-6-thang-tuoi-pure-brush\/","title":{"rendered":"B\u00e0n Ch\u1ea3i Si\u00eau M\u1ec1m Radius Cho B\u00e9 T\u1eeb 6 Th\u00e1ng Tu\u1ed5i Pure Brush"},"content":{"rendered":"<p><span style=\"font-weight: 400;\">M\u1ec1m m\u1ea1i, nh\u1eb9 d\u1ecbu, \u0111\u01a1n gi\u1ea3n nh\u01b0ng hi\u1ec7u qu\u1ea3 l\u00e0 nh\u1eefng ti\u00eau ch\u00ed c\u1ea7n c\u00f3 \u1edf m\u1ed9t s\u1ea3n ph\u1ea9m cho tr\u1ebb em. B\u1ed1 m\u1eb9 lu\u00f4n mu\u1ed1n cho b\u00e9 s\u1eed d\u1ee5ng nh\u1eefng s\u1ea3n ph\u1ea9m t\u1ed1t nh\u1ea5t v\u00e0 ch\u00fang t\u00f4i c\u0169ng v\u1eady. V\u1edbi ch\u1ee9c n\u0103ng c\u1ef1c k\u1ef3 nh\u1eb9 d\u1ecbu v\u00e0 hi\u1ec7u qu\u1ea3, b\u00e0n ch\u1ea3i \u0111\u00e1nh r\u0103ng Pure Baby si\u00eau m\u1ec1m l\u00e0 s\u1ea3n ph\u1ea9m ho\u00e0n h\u1ea3o cho b\u00e9 \u2013 kh\u00f4ng ch\u1ee9a BPA (ch\u1ea5t d\u00f9ng trong ch\u1ebf t\u1ea1o nh\u1ef1a), kh\u00f4ng nhu\u1ed9m m\u00e0u v\u00e0 c\u00e1c ch\u1ea5t ho\u00e1 h\u1ecdc.<\/span><\/p>\n<p><img fetchpriority=\"high\" decoding=\"async\" class=\"wp-image-19902 aligncenter\" src=\"https:\/\/havamall.com\/wp-content\/uploads\/2021\/05\/6-300x300.jpg\" alt=\"\" width=\"582\" height=\"582\" \/><\/p>\n<p><span style=\"font-weight: 400;\">\u0110\u01b0\u1ee3c thi\u1ebft k\u1ebf \u0111\u1ec3 b\u1ea3o v\u1ec7 r\u0103ng v\u00e0 n\u01b0\u1edbu cho b\u00e9 t\u1eeb 6 \u2013 18 th\u00e1ng tu\u1ed5i, b\u00e0n ch\u1ea3i gi\u00fap nh\u1eb9 nh\u00e0ng l\u00e0m s\u1ea1ch r\u0103ng mi\u1ec7ng, ng\u0103n s\u1ef1 h\u00ecnh th\u00e0nh m\u1ea3ng b\u00e1m tr\u00ean r\u0103ng.<\/span><\/p>\n<p><span style=\"font-weight: 400;\">S\u1ea3n ph\u1ea9m \u0111\u01b0\u1ee3c nh\u1eadp kh\u1ea9u ch\u00ednh ng\u1ea1ch, th\u00f4ng tin s\u1ea3n ph\u1ea9m b\u1eb1ng Ti\u1ebfng Vi\u1ec7t \u0111\u01b0\u1ee3c in tr\u00ean nh\u00e3n ph\u1ee5 v\u00e0 \u0111\u01b0\u1ee3c d\u00e1n \u1edf m\u1eb7t sau bao b\u00ec b\u00e0n ch\u1ea3i RADIUS.<\/span><\/p>\n<p><img decoding=\"async\" class=\"wp-image-20190 aligncenter\" src=\"https:\/\/havamall.com\/wp-content\/uploads\/2021\/05\/a1c73e941661e33fba70-1-1-300x200.jpg\" alt=\"\" width=\"585\" height=\"390\" \/><\/p>\n<p><span style=\"font-weight: 400;\">V\u1edbi l\u00f4ng t\u01a1 m\u1ec1m l\u00e0m t\u1eeb th\u1ef1c v\u1eadt ZERO PETROLEUM gi\u00fap l\u00e0m s\u1ea1ch r\u0103ng mi\u1ec7ng hi\u1ec7u qu\u1ea3 m\u00e0 kh\u00f4ng h\u1ec1 g\u00e2y ra t\u1ed5n th\u01b0\u01a1ng cho n\u01b0\u1edbu nh\u1ea1y c\u1ea3m c\u1ee7a tr\u1ebb s\u01a1 sinh, s\u1ea3n ph\u1ea9m ch\u00ednh l\u00e0 s\u1ef1 l\u1ef1a ch\u1ecdn an to\u00e0n tuy\u1ec7t \u0111\u1ed1i cho b\u00e9 y\u00eau c\u1ee7a b\u1ea1n.<\/span><\/p>\n<p><span style=\"font-weight: 400;\">M\u1ec1m m\u1ea1i, nh\u1eb9 d\u1ecbu, \u0111\u01a1n gi\u1ea3n nh\u01b0ng hi\u1ec7u qu\u1ea3 l\u00e0 nh\u1eefng ti\u00eau ch\u00ed c\u1ea7n c\u00f3 \u1edf m\u1ed9t s\u1ea3n ph\u1ea9m cho tr\u1ebb em. B\u1ed1 m\u1eb9 lu\u00f4n mu\u1ed1n cho b\u00e9 s\u1eed d\u1ee5ng nh\u1eefng s\u1ea3n ph\u1ea9m t\u1ed1t nh\u1ea5t v\u00e0 ch\u00fang t\u00f4i c\u0169ng v\u1eady.<\/span><\/p>\n<p><img decoding=\"async\" class=\"wp-image-19904 aligncenter\" src=\"https:\/\/havamall.com\/wp-content\/uploads\/2021\/05\/b\u00e1n-ch\u1ea3i-6-th\u00e1ng-300x300.jpg\" alt=\"\" width=\"583\" height=\"583\" \/><\/p>\n<p><span style=\"font-weight: 400;\">V\u1edbi ch\u1ee9c n\u0103ng c\u1ef1c k\u1ef3 nh\u1eb9 d\u1ecbu v\u00e0 hi\u1ec7u qu\u1ea3, b\u00e0n ch\u1ea3i \u0111\u00e1nh r\u0103ng Pure Baby si\u00eau m\u1ec1m l\u00e0 s\u1ea3n ph\u1ea9m ho\u00e0n h\u1ea3o cho b\u00e9 \u2013 kh\u00f4ng ch\u1ee9a BPA (ch\u1ea5t d\u00f9ng trong ch\u1ebf t\u1ea1o nh\u1ef1a), kh\u00f4ng nhu\u1ed9m m\u00e0u v\u00e0 c\u00e1c ch\u1ea5t ho\u00e1 h\u1ecdc. \u0110\u01b0\u1ee3c thi\u1ebft k\u1ebf \u0111\u1ec3 b\u1ea3o v\u1ec7 r\u0103ng v\u00e0 n\u01b0\u1edbu cho b\u00e9 t\u1eeb 6 \u2013 18 th\u00e1ng tu\u1ed5i, b\u00e0n ch\u1ea3i gi\u00fap nh\u1eb9 nh\u00e0ng l\u00e0m s\u1ea1ch r\u0103ng mi\u1ec7ng, ng\u0103n s\u1ef1 h\u00ecnh th\u00e0nh m\u1ea3ng b\u00e1m tr\u00ean r\u0103ng.<\/span><\/p>\n<p><img loading=\"lazy\" decoding=\"async\" class=\"wp-image-19905 aligncenter\" src=\"https:\/\/havamall.com\/wp-content\/uploads\/2021\/05\/fefdcs-300x300.jpg\" alt=\"\" width=\"607\" height=\"607\" \/><\/p>\n<h4><strong>\u0110\u1eb7c \u0111i\u1ec3m n\u1ed5i b\u1eadt c\u1ee7a s\u1ea3n ph\u1ea9m:<\/strong><\/h4>\n<p><span style=\"font-weight: 400;\">&#8211; Ho\u00e0n to\u00e0n kh\u00f4ng ch\u1ee9a BPA v\u00e0 s\u1ee3i nhu\u1ed9m m\u00e0u.<\/span><\/p>\n<p><span style=\"font-weight: 400;\">&#8211; \u0110\u1ea7u b\u00e0n ch\u1ea3i an to\u00e0n v\u00e0 m\u1ec1m m\u1ea1i.\u00a0<\/span><\/p>\n<p><span style=\"font-weight: 400;\">&#8211; Lo\u1ea1i L\u00f4ng b\u00e0n ch\u1ea3i \u0111\u1eb7c bi\u1ec7t d\u00e0nh ri\u00eang cho tr\u1ebb nh\u1ecf.<\/span><\/p>\n<p>&#8211; Tay\u00a0c\u1ea7m\u00a0thon\u00a0g\u1ecdn\u00a0d\u1ec5\u00a0n\u1eafm.<\/p>\n<p>S\u1ea3n ph\u1ea9m hi\u1ec7n \u0111\u00e3 c\u00f3 m\u1eb7t t\u1ea1i Havamall.<\/p>","protected":false},"excerpt":{"rendered":"<p>M\u1ec1m m\u1ea1i, nh\u1eb9 d\u1ecbu, \u0111\u01a1n gi\u1ea3n nh\u01b0ng hi\u1ec7u qu\u1ea3 l\u00e0 nh\u1eefng ti\u00eau ch\u00ed c\u1ea7n c\u00f3 \u1edf m\u1ed9t s\u1ea3n ph\u1ea9m cho<\/p>","protected":false},"featured_media":19906,"comment_status":"open","ping_status":"closed","template":"","meta":[],"product_brand":[],"product_cat":[397,35],"product_tag":[],"class_list":{"0":"post-19899","1":"product","2":"type-product","3":"status-publish","4":"has-post-thumbnail","6":"product_cat-hang-me-be-do-choi","7":"product_cat-nha-cua-doi-song","9":"first","10":"outofstock","11":"sale","12":"shipping-taxable","13":"purchasable","14":"product-type-simple"},"_links":{"self":[{"href":"https:\/\/havamall.com\/en\/wp-json\/wp\/v2\/product\/19899","targetHints":{"allow":["GET"]}}],"collection":[{"href":"https:\/\/havamall.com\/en\/wp-json\/wp\/v2\/product"}],"about":[{"href":"https:\/\/havamall.com\/en\/wp-json\/wp\/v2\/types\/product"}],"replies":[{"embeddable":true,"href":"https:\/\/havamall.com\/en\/wp-json\/wp\/v2\/comments?post=19899"}],"version-history":[{"count":0,"href":"https:\/\/havamall.com\/en\/wp-json\/wp\/v2\/product\/19899\/revisions"}],"wp:featuredmedia":[{"embeddable":true,"href":"https:\/\/havamall.com\/en\/wp-json\/wp\/v2\/media\/19906"}],"wp:attachment":[{"href":"https:\/\/havamall.com\/en\/wp-json\/wp\/v2\/media?parent=19899"}],"wp:term":[{"taxonomy":"product_brand","embeddable":true,"href":"https:\/\/havamall.com\/en\/wp-json\/wp\/v2\/product_brand?post=19899"},{"taxonomy":"product_cat","embeddable":true,"href":"https:\/\/havamall.com\/en\/wp-json\/wp\/v2\/product_cat?post=19899"},{"taxonomy":"product_tag","embeddable":true,"href":"https:\/\/havamall.com\/en\/wp-json\/wp\/v2\/product_tag?post=19899"}],"curies":[{"name":"wp","href":"https:\/\/api.w.org\/{rel}","templated":true}]}}