{"id":20070,"date":"2021-05-18T17:19:15","date_gmt":"2021-05-18T10:19:15","guid":{"rendered":"https:\/\/havamall.com\/?post_type=product&#038;p=20070"},"modified":"2021-11-24T10:24:35","modified_gmt":"2021-11-24T03:24:35","slug":"mat-na-duong-am-capstay-pure-gold-shining-ampouple-mask","status":"publish","type":"product","link":"https:\/\/havamall.com\/en\/shop\/mat-na-duong-am-capstay-pure-gold-shining-ampouple-mask\/","title":{"rendered":"M\u1eb7t N\u1ea1 D\u01b0\u1ee1ng \u1ea8m &#8211; Capstay Pure Gold Shining Ampoule Mask"},"content":{"rendered":"<p><span style=\"font-weight: 400\">M\u1eb7t n\u1ea1 Pure Gold Shining Ampoule Mask Pack (c\u0103ng b\u00f3ng, c\u1ea5p \u1ea9m, elastin) g\u1ed3m 10 mi\u1ebfng 25g\/h\u1ed9p. <\/span><span style=\"font-weight: 400\">M\u1eb7t n\u1ea1 m\u1ecfng chi\u1ebft xu\u1ea5t t\u1eeb l\u00e1 c\u00e2y b\u1ea1ch \u0111\u00e0n c\u00f3 \u0111\u1ed9 b\u00e1m d\u00ednh t\u1ed1t tr\u00ean da, cung c\u1ea5p d\u01b0\u1ee1ng ch\u1ea5t, d\u01b0\u1ee1ng \u1ea9m, d\u01b0\u1ee1ng tr\u1eafng hi\u1ec7u qu\u1ea3.<\/span><\/p>\n<p><img fetchpriority=\"high\" decoding=\"async\" class=\"wp-image-20487 aligncenter\" src=\"https:\/\/havamall.com\/wp-content\/uploads\/2021\/05\/2a78a13b1dd6e888b1c7-300x300.jpg\" alt=\"\" width=\"563\" height=\"563\" \/><\/p>\n<p><span style=\"font-weight: 400\">S\u1ea3n ph\u1ea9m \u0111\u01b0\u1ee3c s\u1ea3n xu\u1ea5t theo c\u00f4ng ngh\u1ec7 H\u00e0n Qu\u1ed1c, bi\u1ebfn \u0111\u1ed5i vitamin v\u00e0 kho\u00e1ng ch\u1ea5t trong n\u01b0\u1edbc th\u00e0nh c\u00e1c d\u01b0\u1ee1ng ch\u1ea5t c\u00f3 c\u1ea5u tr\u00fac si\u00eau nh\u1ecf, d\u1ec5 d\u00e0ng th\u1ea5m s\u00e2u v\u00e0 b\u1ea3o v\u1ec7 l\u00e0n da gi\u00fap d\u01b0\u1ee1ng \u1ea9m, ch\u1ed1ng l\u00e3o h\u00f3a, tr\u1eafng da, n\u00e2ng c\u01a1 v\u00e0 ch\u1ed1ng n\u1ebfp nh\u0103n gi\u00fap da c\u0103ng b\u00f3ng m\u1ecbn m\u00e0ng.<\/span><\/p>\n<p><img decoding=\"async\" class=\"wp-image-20486 aligncenter\" src=\"https:\/\/havamall.com\/wp-content\/uploads\/2021\/05\/cfa583e23f0fca51931e-300x300.jpg\" alt=\"\" width=\"553\" height=\"553\" \/><\/p>\n<p><span style=\"font-weight: 400\">M\u1eb7t n\u1ea1 ch\u1ee9a d\u1ea7u h\u1ea1t jojoba ch\u1ee9a axit hyaluronic v\u00e0 c\u00e1c th\u00e0nh ph\u1ea7n d\u01b0\u1ee1ng \u1ea9m kh\u00e1c c\u00f3 t\u00e1c d\u1ee5ng d\u01b0\u1ee1ng \u1ea9m, c\u1ea5p n\u01b0\u1edbc tuy\u1ec7t v\u1eddi cho l\u00e0n da kh\u00f4 r\u00e1p v\u00e0 s\u1ea7n s\u00f9i.<\/span><\/p>\n<p><img decoding=\"async\" class=\"aligncenter\" src=\"https:\/\/havamall.com\/wp-content\/uploads\/2021\/05\/20201210_110102.png\" alt=\"M\u1eb7t n\u1ea1 d\u01b0\u1ee1ng \u1ea9m t\u0103ng \u0111\u1ed9 \u0111\u00e0n h\u1ed3i da CAPSTAY MASK PACK - Korea Trend Mall\" width=\"548\" height=\"395\" \/><\/p>\n<p><span style=\"font-weight: 400\">Kh\u00f4ng ch\u1ec9 c\u00f3 c\u00f4ng d\u1ee5ng d\u01b0\u1ee1ng \u1ea9m m\u00e0 tinh ch\u1ea5t trong m\u1eb7t n\u1ea1 c\u00f2n gi\u00fap lo\u1ea1i b\u1ecf b\u00e3 nh\u1eddn v\u00e0 c\u1ea3i thi\u1ec7n l\u00e0n da. Gi\u00fap l\u00e0n da s\u0103n ch\u1eafc kh\u1ecfe m\u1ea1nh v\u00e0 s\u1ea1ch b\u00e3 nh\u1eddn \u0111\u1ec3 d\u01b0\u1ee1ng ch\u1ea5t d\u1ec5 th\u1ea9m th\u1ea5u s\u00e2u trong da.<\/span><\/p>\n<p><img loading=\"lazy\" decoding=\"async\" class=\"aligncenter\" src=\"https:\/\/media.karousell.com\/media\/photos\/products\/2020\/11\/21\/pure_gold_shining_ampoule_mask_1605958218_3d00e026_progressive\" alt=\"Pure Gold Shining Ampoule Mask, Health &amp; Beauty, Face &amp; Skin Care on Carousell\" width=\"528\" height=\"528\" \/><\/p>\n<h4><strong>\u0110\u1eb7c \u0111i\u1ec3m n\u1ed5i b\u1eadt c\u1ee7a s\u1ea3n ph\u1ea9m:<\/strong><\/h4>\n<p><span style=\"font-weight: 400\">&#8211; S\u1ea3n ph\u1ea9m ch\u1ee9a d\u1ea7u h\u1ea1t jojoba ch\u1ee9a axit hyaluronic v\u00e0 c\u00e1c th\u00e0nh ph\u1ea7n d\u01b0\u1ee1ng \u1ea9m kh\u00e1c c\u00f3 t\u00e1c d\u1ee5ng <\/span><span style=\"font-weight: 400\">d\u01b0\u1ee1ng \u1ea9m<\/span><span style=\"font-weight: 400\">, <\/span><span style=\"font-weight: 400\">c\u1ea5p n\u01b0\u1edbc<\/span><span style=\"font-weight: 400\"> tuy\u1ec7t v\u1eddi cho l\u00e0n da kh\u00f4 r\u00e1p v\u00e0 s\u1ea7n s\u00f9i.<\/span><\/p>\n<p><span style=\"font-weight: 400\">&#8211; Kh\u00f4ng ch\u1ec9 c\u00f3 c\u00f4ng d\u1ee5ng d\u01b0\u1ee1ng \u1ea9m m\u00e0 tinh ch\u1ea5t trong m\u1eb7t n\u1ea1 c\u00f2n gi\u00fap <\/span><span style=\"font-weight: 400\">lo\u1ea1i b\u1ecf b\u00e3 nh\u1eddn<\/span><span style=\"font-weight: 400\"> v\u00e0 <\/span><span style=\"font-weight: 400\">c\u1ea3i thi\u1ec7n l\u00e0n da<\/span><\/p>\n<p><span style=\"font-weight: 400\">&#8211; Gi\u00fap l\u00e0n da s\u0103n ch\u1eafc kh\u1ecfe m\u1ea1nh v\u00e0 s\u1ea1ch b\u00e3 nh\u1eddn \u0111\u1ec3 d\u01b0\u1ee1ng ch\u1ea5t d\u1ec5 th\u1ea9m th\u1ea5u s\u00e2u trong da.<\/span><\/p>\n<p><img loading=\"lazy\" decoding=\"async\" class=\"aligncenter\" src=\"https:\/\/havamall.com\/wp-content\/uploads\/2021\/05\/20210104110829951.jpg\" alt=\"buyKOREA for Buyers-CAPSTAY Mask Pack Sheet Mask Pack Face\" width=\"540\" height=\"540\" \/><\/p>\n<h4><strong>H\u01b0\u1edbng d\u1eabn s\u1eed d\u1ee5ng:<\/strong><\/h4>\n<p><span style=\"font-weight: 400\">&gt;B\u01b0\u1edbc 1: C\u00e2n b\u1eb1ng da sau khi r\u1eeda m\u1eb7t<\/span><\/p>\n<p><span style=\"font-weight: 400\">&gt;B\u01b0\u1edbc 2: \u0110\u1eafp m\u1eb7t n\u1ea1 l\u00ean v\u00e0 ch\u1ec9nh cho m\u1eb7t n\u1ea1 v\u1eeba m\u1eb7t<\/span><\/p>\n<p><span style=\"font-weight: 400\">&gt;B\u01b0\u1edbc 3: G\u1ee1 m\u1eb7t n\u1ea1 sau 15-20 ph\u00fat<\/span><\/p>\n<p><span style=\"font-weight: 400\">&gt;B\u01b0\u1edbc 4: Massage nh\u1eb9 nh\u00e0ng ph\u1ea7n tinh ch\u1ea5t c\u00f2n l\u1ea1i tr\u00ean da sau khi g\u1ee1 m\u1eb7t n\u1ea1.<\/span><\/p>\n<p>S\u1ea3m ph\u1ea9m hi\u1ec7n \u0111\u00e3 c\u00f3 m\u1eb7t t\u1ea1i Havamall.<\/p>","protected":false},"excerpt":{"rendered":"<p>M\u1eb7t n\u1ea1 Pure Gold Shining Ampoule Mask Pack (c\u0103ng b\u00f3ng, c\u1ea5p \u1ea9m, elastin) g\u1ed3m 10 mi\u1ebfng 25g\/h\u1ed9p. M\u1eb7t n\u1ea1 m\u1ecfng<\/p>","protected":false},"featured_media":20131,"comment_status":"open","ping_status":"closed","template":"","meta":[],"product_brand":[],"product_cat":[35,396],"product_tag":[],"class_list":{"0":"post-20070","1":"product","2":"type-product","3":"status-publish","4":"has-post-thumbnail","6":"product_cat-nha-cua-doi-song","7":"product_cat-suc-khoe-lam-dep","9":"first","10":"outofstock","11":"sale","12":"shipping-taxable","13":"purchasable","14":"product-type-simple"},"_links":{"self":[{"href":"https:\/\/havamall.com\/en\/wp-json\/wp\/v2\/product\/20070","targetHints":{"allow":["GET"]}}],"collection":[{"href":"https:\/\/havamall.com\/en\/wp-json\/wp\/v2\/product"}],"about":[{"href":"https:\/\/havamall.com\/en\/wp-json\/wp\/v2\/types\/product"}],"replies":[{"embeddable":true,"href":"https:\/\/havamall.com\/en\/wp-json\/wp\/v2\/comments?post=20070"}],"version-history":[{"count":0,"href":"https:\/\/havamall.com\/en\/wp-json\/wp\/v2\/product\/20070\/revisions"}],"wp:featuredmedia":[{"embeddable":true,"href":"https:\/\/havamall.com\/en\/wp-json\/wp\/v2\/media\/20131"}],"wp:attachment":[{"href":"https:\/\/havamall.com\/en\/wp-json\/wp\/v2\/media?parent=20070"}],"wp:term":[{"taxonomy":"product_brand","embeddable":true,"href":"https:\/\/havamall.com\/en\/wp-json\/wp\/v2\/product_brand?post=20070"},{"taxonomy":"product_cat","embeddable":true,"href":"https:\/\/havamall.com\/en\/wp-json\/wp\/v2\/product_cat?post=20070"},{"taxonomy":"product_tag","embeddable":true,"href":"https:\/\/havamall.com\/en\/wp-json\/wp\/v2\/product_tag?post=20070"}],"curies":[{"name":"wp","href":"https:\/\/api.w.org\/{rel}","templated":true}]}}