{"id":20393,"date":"2021-06-03T10:44:33","date_gmt":"2021-06-03T03:44:33","guid":{"rendered":"https:\/\/havamall.com\/?post_type=product&#038;p=20393"},"modified":"2025-10-10T08:46:46","modified_gmt":"2025-10-10T01:46:46","slug":"bo-nut-bit-tai-co-hop-uncle-bills-travel-ear-plugs","status":"publish","type":"product","link":"https:\/\/havamall.com\/en\/shop\/bo-nut-bit-tai-co-hop-uncle-bills-travel-ear-plugs\/","title":{"rendered":"B\u1ed9 N\u00fat B\u1ecbt Tai C\u00f3 H\u1ed9p &#8211; Uncle Bills Travel Ear Plugs"},"content":{"rendered":"<p>Uncle Bills (UBL) cung c\u1ea5p h\u01a1n 1800 s\u1ea3n ph\u1ea9m ti\u00eau d\u00f9ng ti\u1ec7n \u00edch, t\u1ea5t c\u1ea3 \u0111\u1ec1u h\u1ea5p d\u1eabn, ti\u1ec7n l\u1ee3i v\u00e0 gi\u00e1 tr\u1ecb n\u1ed5i b\u1eadt x\u1ee9ng v\u1edbi s\u1ed1 ti\u1ec1n b\u1ecf ra. S\u1ea3n ph\u1ea9m bao g\u1ed3m nhi\u1ec1u lo\u1ea1i, t\u1eeb \u0111\u1ed3 d\u00f9ng nh\u00e0 b\u1ebfp, ch\u0103m s\u00f3c c\u00e1 nh\u00e2n, v\u1ec7 sinh v\u00e0 l\u01b0u tr\u1eef, d\u1ee5ng c\u1ee5 DIY (t\u1ef1 l\u00e0m), ngo\u00e0i tr\u1eddi, v\u0103n ph\u00f2ng ph\u1ea9m v\u00e0 \u0111\u1ed3 d\u00f9ng cho tr\u1ebb em.<\/p>\n<p>S\u1ea3n ph\u1ea9m c\u1ee7a UBL do Uncle Bills Australia ph\u00e1t tri\u1ec3n, gi\u00e1m s\u00e1t v\u00e0 ki\u1ec3m tra ch\u1ea5t l\u01b0\u1ee3ng. S\u1ea3n ph\u1ea9m \u0111\u00e3 \u0111\u01b0\u1ee3c b\u00e1n t\u1ea1i h\u01a1n 10,000 c\u1eeda h\u00e0ng tr\u00ean h\u01a1n 50 qu\u1ed1c gia, bao g\u1ed3m Ch\u00e2u \u00c2u, Ch\u00e2u \u00dac, Ch\u00e2u \u00c1 v\u00e0 Ch\u00e2u Phi.<\/p>\n<p><img fetchpriority=\"high\" decoding=\"async\" class=\"aligncenter\" src=\"https:\/\/havamall.com\/wp-content\/uploads\/2025\/10\/f6797de1ee745a2dc0d45cb02727d617.jpg\" alt=\"T\u00fai \u0110\u1ef1ng R\u00e1c Th\u00fa C\u01b0ng T\u1ef1 Ph\u00e2n H\u1ee7y Uncle Bills PA3372 | Shopee Vi\u1ec7t Nam\" width=\"606\" height=\"606\" \/><\/p>\n<p>N\u00fat b\u1ecbt tai ch\u1ed1ng \u1ed3n Uncle Bills l\u00e0 m\u1ed9t \u0111\u1ed3 v\u1eadt c\u00f3 k\u00edch th\u00edch kh\u00e1 nh\u1ecf, th\u00f4ng th\u01b0\u1eddng ch\u00fang ch\u1ec9 b\u1eb1ng \u0111\u1ea7u ng\u00f3n tay \u00fat c\u1ee7a ng\u01b0\u1eddi tr\u01b0\u1edfng th\u00e0nh. C\u00f4ng d\u1ee5ng c\u1ee7a lo\u1ea1i \u0111\u1ed3 v\u1eadt n\u00e0y l\u00e0 \u0111\u1ec3 h\u1ea1n ch\u1ebf\u00a0ti\u1ebfng \u1ed3n\u00a0\u1ea3nh h\u01b0\u1edfng t\u1edbi\u00a0th\u00ednh gi\u00e1c\u00a0c\u1ee7a con ng\u01b0\u1eddi.<\/p>\n<p><img decoding=\"async\" class=\"aligncenter\" src=\"https:\/\/havamall.com\/wp-content\/uploads\/2021\/06\/85b46580-2bef-46ac-b9be-2ae3b4468dc3-1.jpg\" alt=\"\u041d\u0430\u0431\u043e\u0440 \u043f\u0443\u0442\u0435\u0448\u0435\u0441\u0442\u0432\u0435\u043d\u043d\u0438\u043a\u0430 3 \u0432 1 \u043c\u0430\u0441\u043a\u0430 \u043d\u0430 \u0433\u043b\u0430\u0437\u0430 + \u043f\u043e\u0434\u0443\u0448\u043a\u0430 \u0434\u043b\u044f \u0448\u0435\u0438 + \u0431\u0435\u0440\u0443\u0448\u0438\" width=\"608\" height=\"608\" \/><\/p>\n<p>N\u00fat b\u1ecbt tai Uncle Bills c\u00f3 thi\u1ebft k\u1ebf v\u1eeba v\u1eb7n v\u1edbi \u0111\u00f4i tai n\u00ean khi mang ch\u00fang kh\u00f4ng g\u00e2y ra c\u1ea3m gi\u00e1c kh\u00f3 ch\u1ecbu. H\u00ecnh d\u1ea1ng ph\u1ed5 bi\u1ebfn c\u1ee7a n\u00fat tai ch\u1ed1ng \u1ed3n n\u00e0y l\u00e0 h\u00ecnh n\u00fat tr\u00f2n, h\u00ecnh thu\u00f4n d\u00e0i v\u00e0 h\u00ecnh n\u1ea5m. Tuy c\u00f3 m\u1eb7t tr\u00ean th\u1ecb tr\u01b0\u1eddng t\u1eeb l\u00e2u \u0111\u1eddi nh\u01b0ng g\u1ea7n \u0111\u00e2y s\u1ea3n ph\u1ea9m n\u00e0y m\u1edbi \u0111\u01b0\u1ee3c nhi\u1ec1u ng\u01b0\u1eddi bi\u1ebft t\u1edbi v\u00ec nhu c\u1ea7u \u0111i l\u1ea1i di chuy\u1ec3n b\u1eb1ng m\u00e1y bay ng\u00e0y c\u00e0ng nhi\u1ec1u.<\/p>\n<p><img decoding=\"async\" class=\"aligncenter\" src=\"https:\/\/havamall.com\/wp-content\/uploads\/2021\/06\/serenity-earplugs-with-travel-case-orange--11989300--hd.jpg\" alt=\"Serenity earplugs with travel case, Orange (Travel items) - Rekl\u00e1maj\u00e1nd\u00e9k.hu Ltd.\" width=\"613\" height=\"613\" \/><\/p>\n<p>B\u00ean c\u1ea1nh gi\u00fap cho ng\u01b0\u1eddi s\u1eed d\u1ee5ng c\u00f3 \u0111\u01b0\u1ee3c\u00a0gi\u1ea5c ng\u1ee7 ngon\u00a0th\u00ec c\u00f4ng d\u1ee5ng c\u1ee7a s\u1ea3n ph\u1ea9m n\u00e0y c\u00f2n gi\u00fap con ng\u01b0\u1eddi chuy\u00ean t\u00e2m h\u01a1n v\u00e0o c\u00f4ng vi\u1ec7c. B\u1ecf ngo\u00e0i tai nh\u1eefng ti\u1ebfng \u1ed3n \u00e0o c\u1ee7a xe c\u1ed9, ti\u1ebfng n\u00f3i chuy\u1ec7n c\u1ee7a nh\u1eefng ng\u01b0\u1eddi xung quanh. Hi\u1ec7n nay c\u00f3 nhi\u1ec1u lo\u1ea1i\u00a0n\u00fat tai ch\u1ed1ng \u1ed3n\u00a0\u0111\u01b0\u1ee3c thi\u1ebft k\u1ebf hi\u1ec7n \u0111\u1ea1i, gi\u00fap ch\u00fang ta\u00a0l\u1ecdc\u00a0\u0111\u01b0\u1ee3c nh\u1eefng t\u1ea1p ch\u1ea5t \u1edf b\u00ean ngo\u00e0i m\u00e0 khi c\u1ea7n thi\u1ebft v\u1eabn c\u00f3 th\u1ec3 trao \u0111\u1ed5i v\u1edbi \u0111\u1ed3ng nghi\u1ec7p.<\/p>\n<p><img loading=\"lazy\" decoding=\"async\" class=\"aligncenter\" src=\"https:\/\/havamall.com\/wp-content\/uploads\/2021\/06\/bit-tai-chong-on-kokubo-2_d2f6960bd6f7438e832079938920afc8.jpg\" alt=\"Combo Kobubo Nh\u1eadt B\u1ea3n\" width=\"611\" height=\"611\" \/><\/p>\n<h4><strong>\u0110\u1eb7c \u0111i\u1ec3m c\u1ee7a s\u1ea3n ph\u1ea9m:<\/strong><\/h4>\n<p>&#8211; L\u00e0m t\u1eeb ch\u1ea5t li\u1ec7u v\u1ea3i polyester c\u00f3 t\u00ednh \u0111\u00e0n h\u1ed3i.<br \/>\n&#8211; Gi\u1ea3m ti\u1ebfng \u1ed3n t\u1ed1t v\u00e0 kh\u00f4ng l\u00e0m s\u01b0ng tai<br \/>\n&#8211; C\u00f3 h\u1ed9p \u0111\u1ef1ng \u0111\u1ec3 gi\u1eef s\u1ea1ch sau khi d\u00f9ng<br \/>\n&#8211; B\u1ec1 m\u1eb7t m\u1ecbn m\u00e0ng, ch\u1ed1ng \u00f4 nhi\u1ec5m, an to\u00e0n<\/p>\n<p>S\u1ea3n ph\u1ea9m hi\u1ec7n \u0111\u00e3 c\u00f3 m\u1eb7t t\u1ea1i Havamall.<\/p>","protected":false},"excerpt":{"rendered":"<p>Uncle Bills (UBL) cung c\u1ea5p h\u01a1n 1800 s\u1ea3n ph\u1ea9m ti\u00eau d\u00f9ng ti\u1ec7n \u00edch, t\u1ea5t c\u1ea3 \u0111\u1ec1u h\u1ea5p d\u1eabn, ti\u1ec7n l\u1ee3i<\/p>","protected":false},"featured_media":20394,"comment_status":"open","ping_status":"closed","template":"","meta":[],"product_brand":[],"product_cat":[35,396],"product_tag":[],"class_list":{"0":"post-20393","1":"product","2":"type-product","3":"status-publish","4":"has-post-thumbnail","6":"product_cat-nha-cua-doi-song","7":"product_cat-suc-khoe-lam-dep","8":"pa_brand-uncle-bills","10":"first","11":"outofstock","12":"sale","13":"shipping-taxable","14":"purchasable","15":"product-type-simple"},"_links":{"self":[{"href":"https:\/\/havamall.com\/en\/wp-json\/wp\/v2\/product\/20393","targetHints":{"allow":["GET"]}}],"collection":[{"href":"https:\/\/havamall.com\/en\/wp-json\/wp\/v2\/product"}],"about":[{"href":"https:\/\/havamall.com\/en\/wp-json\/wp\/v2\/types\/product"}],"replies":[{"embeddable":true,"href":"https:\/\/havamall.com\/en\/wp-json\/wp\/v2\/comments?post=20393"}],"version-history":[{"count":0,"href":"https:\/\/havamall.com\/en\/wp-json\/wp\/v2\/product\/20393\/revisions"}],"wp:featuredmedia":[{"embeddable":true,"href":"https:\/\/havamall.com\/en\/wp-json\/wp\/v2\/media\/20394"}],"wp:attachment":[{"href":"https:\/\/havamall.com\/en\/wp-json\/wp\/v2\/media?parent=20393"}],"wp:term":[{"taxonomy":"product_brand","embeddable":true,"href":"https:\/\/havamall.com\/en\/wp-json\/wp\/v2\/product_brand?post=20393"},{"taxonomy":"product_cat","embeddable":true,"href":"https:\/\/havamall.com\/en\/wp-json\/wp\/v2\/product_cat?post=20393"},{"taxonomy":"product_tag","embeddable":true,"href":"https:\/\/havamall.com\/en\/wp-json\/wp\/v2\/product_tag?post=20393"}],"curies":[{"name":"wp","href":"https:\/\/api.w.org\/{rel}","templated":true}]}}