{"id":20405,"date":"2021-06-03T11:59:44","date_gmt":"2021-06-03T04:59:44","guid":{"rendered":"https:\/\/havamall.com\/?post_type=product&#038;p=20405"},"modified":"2026-03-22T13:21:50","modified_gmt":"2026-03-22T06:21:50","slug":"den-xong-tinh-dau-su-trang-uncle-bills-oil-burner","status":"publish","type":"product","link":"https:\/\/havamall.com\/en\/shop\/den-xong-tinh-dau-su-trang-uncle-bills-oil-burner\/","title":{"rendered":"\u0110\u00e8n X\u00f4ng Tinh D\u1ea7u S\u1ee9 Tr\u1eafng &#8211; Uncle Bills Oil Burner"},"content":{"rendered":"<p>Uncle Bills (UBL) cung c\u1ea5p h\u01a1n 1800 s\u1ea3n ph\u1ea9m ti\u00eau d\u00f9ng ti\u1ec7n \u00edch, t\u1ea5t c\u1ea3 \u0111\u1ec1u h\u1ea5p d\u1eabn, ti\u1ec7n l\u1ee3i v\u00e0 gi\u00e1 tr\u1ecb n\u1ed5i b\u1eadt x\u1ee9ng v\u1edbi s\u1ed1 ti\u1ec1n b\u1ecf ra. S\u1ea3n ph\u1ea9m bao g\u1ed3m nhi\u1ec1u lo\u1ea1i, t\u1eeb \u0111\u1ed3 d\u00f9ng nh\u00e0 b\u1ebfp, ch\u0103m s\u00f3c c\u00e1 nh\u00e2n, v\u1ec7 sinh v\u00e0 l\u01b0u tr\u1eef, d\u1ee5ng c\u1ee5 DIY (t\u1ef1 l\u00e0m), ngo\u00e0i tr\u1eddi, v\u0103n ph\u00f2ng ph\u1ea9m v\u00e0 \u0111\u1ed3 d\u00f9ng cho tr\u1ebb em.<\/p>\n<p>S\u1ea3n ph\u1ea9m c\u1ee7a UBL do Uncle Bills Australia ph\u00e1t tri\u1ec3n, gi\u00e1m s\u00e1t v\u00e0 ki\u1ec3m tra ch\u1ea5t l\u01b0\u1ee3ng. S\u1ea3n ph\u1ea9m \u0111\u00e3 \u0111\u01b0\u1ee3c b\u00e1n t\u1ea1i h\u01a1n 10,000 c\u1eeda h\u00e0ng tr\u00ean h\u01a1n 50 qu\u1ed1c gia, bao g\u1ed3m Ch\u00e2u \u00c2u, Ch\u00e2u \u00dac, Ch\u00e2u \u00c1 v\u00e0 Ch\u00e2u Phi.<\/p>\n<p><img fetchpriority=\"high\" decoding=\"async\" class=\"aligncenter\" src=\"https:\/\/havamall.com\/wp-content\/uploads\/2025\/10\/f6797de1ee745a2dc0d45cb02727d617.jpg\" alt=\"T\u00fai \u0110\u1ef1ng R\u00e1c Th\u00fa C\u01b0ng T\u1ef1 Ph\u00e2n H\u1ee7y Uncle Bills PA3372 | Shopee Vi\u1ec7t Nam\" width=\"556\" height=\"556\" \/><\/p>\n<p><span style=\"font-weight: 400;\">\u0110\u00e8n x\u00f4ng tinh d\u1ea7u hay c\u00f2n g\u1ecdi l\u00e0 \u0111\u00e8n x\u00f4ng h\u01b0\u01a1ng t\u1eeb xa x\u01b0a \u0111\u00e3 \u0111\u01b0\u1ee3c c\u00e1c b\u1eadc vua ch\u00faa s\u1eed d\u1ee5ng \u0111\u1ec3 th\u01b0 gi\u00e3n, gi\u1ea3m m\u1ec7t m\u1ecfi, mu\u1ed9n phi\u1ec1n. Ng\u00e0y nay, n\u00f3 tr\u1edf th\u00e0nh ph\u1ea7n m\u1ed9t ph\u1ea7n kh\u00f4ng th\u1ec3 thi\u1ebfu trong c\u00e1c spa, trung t\u00e2m tr\u1ecb li\u1ec7u, nh\u00e0 h\u00e0ng\u2026 \u0111\u1ec3 t\u1ea1o h\u01b0\u01a1ng th\u01a1m, mang \u0111\u1ebfn c\u1ea3m gi\u00e1c nh\u1eb9 nh\u00e0ng, th\u01b0 th\u00e1i c\u0169ng nh\u01b0 t\u00f4 \u0111i\u1ec3m cho kh\u00f4ng gian th\u00eam \u1ea5m c\u00fang, sang tr\u1ecdng.\u00a0<\/span><\/p>\n<p><img decoding=\"async\" class=\"wp-image-20406 aligncenter\" src=\"https:\/\/havamall.com\/wp-content\/uploads\/2021\/06\/H8ca93fb9c5c94f47a3-300x300.png\" alt=\"\" width=\"549\" height=\"549\" \/><\/p>\n<p><span style=\"font-weight: 400;\">\u0110\u00e8n x\u00f4ng tinh d\u1ea7u Uncle Bills l\u00e0 m\u1ed9t lo\u1ea1i \u0111\u00e8n \u0111a ch\u1ee9c n\u0103ng, n\u00f3 c\u00f3 th\u1ec3 \u0111\u01b0\u1ee3c d\u00f9ng \u0111\u1ec3 l\u00e0m \u0111\u00e8n ng\u1ee7, v\u1eadt trang tr\u00ed hay d\u00f9ng v\u00e0o m\u1ee5c \u0111\u00edch x\u00f4ng h\u01b0\u01a1ng cho kh\u00f4ng gian ph\u00f2ng.\u00a0<\/span><\/p>\n<p><span style=\"font-weight: 400;\">H\u01b0\u01a1ng th\u01a1m tho\u00e1t ra t\u1eeb \u0111\u00e8n x\u00f4ng tinh d\u1ea7u Uncle Bills v\u1eabn mang \u0111\u1eadm b\u1ea3n ch\u1ea5t c\u00e1c lo\u1ea1i h\u01b0\u01a1ng t\u1ef1 nhi\u00ean (h\u01b0\u01a1ng x\u1ea3, c\u00e1c lo\u00e0i hoa,\u2026) nh\u01b0ng l\u1ea1i mang phong c\u00e1ch hi\u1ec7n \u0111\u1ea1i h\u01a1n v\u1edbi t\u00ednh th\u1ea9m m\u1ef9 cao.\u00a0<\/span><span style=\"font-weight: 400;\">V\u1edbi thi\u1ebft k\u1ebf tao nh\u00e3 c\u00f9ng v\u1edbi gam m\u00e0u tr\u1eafng sang tr\u1ecdng, \u0111\u00e8n tinh d\u1ea7u Uncle Bills gi\u00fap cho kh\u00f4ng gian nh\u00e0 b\u1ea1n tr\u00f4ng \u1ea5m c\u00fang v\u00e0 l\u00e3ng m\u1ea1n h\u01a1n.<\/span><\/p>\n<p><img decoding=\"async\" class=\"aligncenter\" src=\"https:\/\/havamall.com\/wp-content\/uploads\/2021\/06\/HTB1J23NevWG3KVjSZPcq6zkbXXao.jpg\" alt=\"2 Pieces 4.5 Replacement Oil Warmer Dish Round Glass Dish Wax Melt Warmer Bowl Plate Lid Tray for Aroma Therapy Lamp Electric Lamps Oil and Tart Warmers Home &amp;amp; Kitchen Home D\u00e9cor\" width=\"554\" height=\"308\" \/><\/p>\n<h4><strong>C\u00f4ng d\u1ee5ng khi s\u1eed d\u1ee5ng \u0111\u00e8n x\u00f4ng tinh d\u1ea7u:<\/strong><\/h4>\n<p><span style=\"font-weight: 400;\">&#8211; Gi\u00fap th\u01b0 gi\u00e3n tinh th\u1ea7n, gi\u1ea3m stress, c\u0103ng th\u1eb3ng cho b\u1ea1n nh\u1eefng kho\u1ea3ng th\u1eddi gian th\u01b0 gi\u00e3n tuy\u1ec7t v\u1eddi nh\u1ea5t.<\/span><\/p>\n<p><span style=\"font-weight: 400;\">&#8211; Kh\u1eed m\u00f9i h\u00f4i, \u1ea9m m\u1ed1c, m\u00f9i thu\u1ed1c l\u00e1, th\u1ee9c \u0103n\u2026 \u0111em l\u1ea1i kh\u00f4ng gian s\u1ed1ng trong l\u00e0nh, tr\u00e0n ng\u1eadp h\u01b0\u01a1ng hoa c\u1ecf.<\/span><\/p>\n<p><span style=\"font-weight: 400;\">&#8211; M\u00f9i h\u01b0\u01a1ng nh\u1eb9 nh\u00e0ng gi\u00fap b\u1ea1n d\u1ec5 d\u00e0ng \u0111i v\u00e0o gi\u1ea5c ng\u1ee7 tr\u1ecdn v\u1eb9n.<\/span><\/p>\n<p><span style=\"font-weight: 400;\">&#8211; Gi\u00fap \u0111u\u1ed5i \u0111i nh\u1eefng lo\u1ea1i c\u00f4n tr\u00f9ng nh\u01b0 mu\u1ed7i, gi\u00e1n&#8230;<\/span><\/p>\n<p><span style=\"font-weight: 400;\">&#8211; D\u00f9ng \u0111\u00e8n x\u00f4ng tinh d\u1ea7u x\u00f4ng h\u01a1i tinh d\u1ea7u tr\u00e0m, g\u1eebng ho\u1eb7c b\u1ea1c h\u00e0 s\u1ebd gi\u00fap gi\u1ea3m vi\u00eam xoang, h\u1ed7 tr\u1ee3 h\u1ec7 h\u00f4 h\u1ea5p\u2026<\/span><\/p>\n<p><img loading=\"lazy\" decoding=\"async\" class=\"aligncenter\" src=\"https:\/\/havamall.com\/wp-content\/uploads\/2021\/06\/Wax-Melts-Warmer-Electric-Wax-Melts-Warmer-Candle-Lamp-Oils-Warmer-Aroma-Lamp-Fragrance-Lamp-Essential.jpg\" alt=\"Wax Melts Warmer Electric Wax Melts Warmer Candle Lamp Oils Warmer Aroma Lamp Fragrance Lamp Essential Oil Burner Night Light|Incense &amp;amp; Incense Burners| - AliExpress\" width=\"564\" height=\"564\" \/><\/p>\n<h4><strong>\u01afu \u0111i\u1ec3m:<\/strong><\/h4>\n<p><span style=\"font-weight: 400;\">C\u00f3 th\u1ec3 s\u1eed d\u1ee5ng n\u00f3 b\u1ea5t c\u1ee9 l\u00fac n\u00e0o, k\u1ec3 c\u1ea3 khi c\u00f3 \u0111i\u1ec7n hay m\u1ea5t \u0111i\u1ec7n.<\/span><\/p>\n<p><span style=\"font-weight: 400;\">Ti\u1ebft ki\u1ec7m \u0111\u01b0\u1ee3c chi ph\u00ed \u0111\u1ea7u t\u01b0 cho \u0111\u00e8n l\u1eabn chi ph\u00ed s\u1eed d\u1ee5ng h\u1eb1ng ng\u00e0y. Chi ph\u00ed mua n\u1ebfn v\u00e0 s\u1eed d\u1ee5ng n\u1ebfn r\u1ebb h\u01a1n nhi\u1ec1u so v\u1edbi chi ph\u00ed \u0111i\u1ec7n ti\u00eau th\u1ee5.<\/span><\/p>\n<p>S\u1ea3n ph\u1ea9m hi\u1ec7n \u0111\u00e3 c\u00f3 m\u1eb7t t\u1ea1i Havamall.<\/p>","protected":false},"excerpt":{"rendered":"<p>Uncle Bills (UBL) cung c\u1ea5p h\u01a1n 1800 s\u1ea3n ph\u1ea9m ti\u00eau d\u00f9ng ti\u1ec7n \u00edch, t\u1ea5t c\u1ea3 \u0111\u1ec1u h\u1ea5p d\u1eabn, ti\u1ec7n l\u1ee3i<\/p>","protected":false},"featured_media":20413,"comment_status":"open","ping_status":"closed","template":"","meta":[],"product_brand":[],"product_cat":[130,35,394],"product_tag":[],"class_list":{"0":"post-20405","1":"product","2":"type-product","3":"status-publish","4":"has-post-thumbnail","6":"product_cat-khuyen-mai","7":"product_cat-nha-cua-doi-song","8":"product_cat-trang-tri-nha-cua","9":"pa_brand-uncle-bills","11":"first","12":"instock","13":"sale","14":"shipping-taxable","15":"purchasable","16":"product-type-simple"},"_links":{"self":[{"href":"https:\/\/havamall.com\/en\/wp-json\/wp\/v2\/product\/20405","targetHints":{"allow":["GET"]}}],"collection":[{"href":"https:\/\/havamall.com\/en\/wp-json\/wp\/v2\/product"}],"about":[{"href":"https:\/\/havamall.com\/en\/wp-json\/wp\/v2\/types\/product"}],"replies":[{"embeddable":true,"href":"https:\/\/havamall.com\/en\/wp-json\/wp\/v2\/comments?post=20405"}],"version-history":[{"count":0,"href":"https:\/\/havamall.com\/en\/wp-json\/wp\/v2\/product\/20405\/revisions"}],"wp:featuredmedia":[{"embeddable":true,"href":"https:\/\/havamall.com\/en\/wp-json\/wp\/v2\/media\/20413"}],"wp:attachment":[{"href":"https:\/\/havamall.com\/en\/wp-json\/wp\/v2\/media?parent=20405"}],"wp:term":[{"taxonomy":"product_brand","embeddable":true,"href":"https:\/\/havamall.com\/en\/wp-json\/wp\/v2\/product_brand?post=20405"},{"taxonomy":"product_cat","embeddable":true,"href":"https:\/\/havamall.com\/en\/wp-json\/wp\/v2\/product_cat?post=20405"},{"taxonomy":"product_tag","embeddable":true,"href":"https:\/\/havamall.com\/en\/wp-json\/wp\/v2\/product_tag?post=20405"}],"curies":[{"name":"wp","href":"https:\/\/api.w.org\/{rel}","templated":true}]}}