{"id":21056,"date":"2021-07-29T10:18:05","date_gmt":"2021-07-29T03:18:05","guid":{"rendered":"https:\/\/havamall.com\/?post_type=product&#038;p=21056"},"modified":"2025-05-16T16:37:51","modified_gmt":"2025-05-16T09:37:51","slug":"dau-oliu-hieu-pons-vi-ot-tabasco-pons-extra-virgin-olive-oil-whit-tabasco-125ml","status":"publish","type":"product","link":"https:\/\/havamall.com\/en\/shop\/dau-oliu-hieu-pons-vi-ot-tabasco-pons-extra-virgin-olive-oil-whit-tabasco-125ml\/","title":{"rendered":"D\u1ea7u Oliu Hi\u1ec7u Pons V\u1ecb \u1edat Tabasco &#8211; Pons Extra Virgin Olive Oil Whit Tabasco 125ml"},"content":{"rendered":"<p>D\u1ea7u oliu v\u1ecb \u1edbt Tabasco Pons 125ml l\u00e0 s\u1ea3n ph\u1ea9m \u0111\u1ebfn t\u1eeb th\u01b0\u01a1ng hi\u1ec7u Pons, \u0111\u01b0\u1ee3c nh\u1eadp kh\u1ea9u t\u1eeb T\u00e2y Ban Nha, \u0111\u1ea3m b\u1ea3o an to\u00e0n cho ng\u01b0\u1eddi d\u00f9ng.\u00a0D\u1ea7u oliu v\u1ecb \u1edbt Tabasco Pons \u0111\u01b0\u1ee3c chi\u1ebft xu\u1ea5t t\u1eeb tr\u00e1i oliu nguy\u00ean ch\u1ea5t, do \u0111\u00f3 gi\u00fap gi\u1eef l\u1ea1i nguy\u00ean d\u01b0\u1ee1ng ch\u1ea5t c\u00f3 trong tr\u00e1i oliu. D\u1ea7u c\u00f3 r\u1ea5t nhi\u1ec1u c\u00f4ng d\u1ee5ng nh\u01b0: H\u1ea1 huy\u1ebft \u00e1p, ng\u0103n ch\u1eb7n s\u1ef1 ph\u00e1t tri\u1ec3n c\u1ee7a m\u1ed9t s\u1ed1 lo\u1ea1i ung th\u01b0, xoa d\u1ecbu ch\u1ee9ng th\u1ea5p kh\u1edbp,&#8230;<\/p>\n<p><img fetchpriority=\"high\" decoding=\"async\" class=\"wp-image-21057 aligncenter\" src=\"https:\/\/havamall.com\/wp-content\/uploads\/2021\/07\/hgjfty-300x300.png\" alt=\"\" width=\"606\" height=\"606\" \/><\/p>\n<p>S\u1ea3n ph\u1ea9m c\u00f3 th\u1ec3 d\u00f9ng tr\u1ef1c ti\u1ebfp ho\u1eb7c ch\u1ebf bi\u1ebfn th\u00e0nh nhi\u1ec1u m\u00f3n \u0103n kh\u00e1c nhau. S\u1ea3n ph\u1ea9m \u0111\u01b0\u1ee3c \u0111\u00f3ng chai th\u1ee7y tinh ti\u1ec7n d\u1ee5ng, s\u1ea1ch s\u1ebd. D\u1ea7u oliu nguy\u00ean ch\u1ea5t c\u00f3 v\u1ecb cay n\u1ed3ng c\u1ee7a \u1edbt Tabasco ph\u00f9 h\u1ee3p v\u1edbi c\u00e1c m\u00f3n pizza, h\u1ea3i s\u1ea3n, m\u00ec \u00fd&#8230;. D\u1ea7u Olive nguy\u00ean ch\u1ea5t Pons \u0111\u01b0\u1ee3c nh\u1eadp kh\u1ea9u nguy\u00ean chai t\u1eeb T\u00e2y Ban Nha.<\/p>\n<p><img decoding=\"async\" class=\"wp-image-21058 aligncenter\" src=\"https:\/\/havamall.com\/wp-content\/uploads\/2021\/07\/l.-300x145.png\" alt=\"\" width=\"606\" height=\"293\" \/><\/p>\n<p>D\u1ea7u oliu v\u1ecb \u1edbt Tabasco Pons th\u00e0nh ph\u1ea7n g\u1ed3m c\u00f3 d\u1ea7u \u00f4 liu( 98%), \u1edbt nhuy\u1ec5n Tabasco (\u1edbt, gi\u1ea5m ch\u01b0ng c\u1ea5t, mu\u1ed1i). S\u1ea3n ph\u1ea9m \u0111\u01b0\u1ee3c s\u1ea3n xu\u1ea5t tr\u00ean d\u00e2y chuy\u1ec1n c\u00f4ng ngh\u1ec7 T\u00e2y Ban Nha. Ngu\u1ed3n nguy\u00ean li\u1ec7u t\u01b0\u01a1i \u0111\u00e3 qua ch\u1ecdn l\u1ecdc v\u00e0 ki\u1ec3m tra v\u1ec1 ch\u1ea5t l\u01b0\u1ee3ng, kh\u00f4ng ch\u1ee9a h\u00f3a ch\u1ea5t, t\u1ea1p ch\u1ea5t v\u00e0 ch\u1ea5t b\u1ea3o qu\u1ea3n \u0111\u1ed9c h\u1ea1i, an to\u00e0n cho s\u1ee9c kh\u1ecfe.<\/p>\n<p><img decoding=\"async\" class=\"wp-image-21060 aligncenter\" src=\"https:\/\/havamall.com\/wp-content\/uploads\/2021\/07\/hj\u1ef5y-300x200.png\" alt=\"\" width=\"611\" height=\"408\" \/><\/p>\n<p>D\u1ea7u oliu v\u1ecb \u1edbt Tabasco \u0111\u01b0\u1ee3c s\u1ea3n xu\u1ea5t b\u1eb1ng ph\u01b0\u01a1ng ph\u00e1p \u00e9p ngu\u1ed9i t\u1eeb nh\u1eefng tr\u00e1i oliu nguy\u00ean ch\u1ea5t gi\u1eef l\u1ea1i nguy\u00ean v\u1eb9n c\u00e1c ch\u1ea5t dinh d\u01b0\u1ee1ng, v\u1edbi m\u00e0u v\u00e0ng s\u00e1nh c\u00f9ng h\u01b0\u01a1ng th\u01a1m c\u1ee7a \u1edbt Tabasco.<\/p>\n<p>D\u1ea7u oliu ch\u1ee9a h\u00e0m l\u01b0\u1ee3ng axit oleic v\u00e0 vitamin E t\u1ed1t cho s\u1ee9c kh\u1ecfe, gi\u00fap ng\u0103n ng\u1eeba c\u00e1c b\u1ec7nh v\u1ec1 tim m\u1ea1ch (d\u1ea7u oliu kh\u00f4ng ch\u1ee9 cholesterol), nhu\u1eadn tr\u00e0ng, gi\u00fap c\u1ea3i thi\u1ec7n h\u1ec7 ti\u00eau h\u00f3a, ng\u0103n ng\u1eeba l\u00e3o h\u00f3a. D\u1ea7u oliu c\u00f3 th\u00eam v\u1ecb \u1edbt Tabasco ph\u00f9 h\u1ee3p v\u1edbi c\u00e1c m\u00f3n h\u1ea3i s\u1ea3n, pizza, m\u1ef3 \u00fd.<img loading=\"lazy\" decoding=\"async\" class=\"wp-image-21059 aligncenter\" src=\"https:\/\/havamall.com\/wp-content\/uploads\/2021\/07\/kjjyt-300x188.png\" alt=\"\" width=\"612\" height=\"384\" \/><\/p>\n<p>D\u1ea7u oliu v\u1ecb \u1edbt Tabasco Pons \u0111\u01b0\u1ee3c thu t\u1eeb\u00a0l\u1ea7n \u00e9p \u0111\u1ea7u ti\u00ean c\u1ee7a qu\u1ea3 Olive\u00a0n\u00ean m\u00e0u s\u1ebd \u0111\u1eadm h\u01a1n, \u00edt b\u1ecb can thi\u1ec7p nh\u1ea5t v\u00e0 \u0111\u01b0\u1ee3c ng\u01b0\u1eddi ti\u00eau d\u00f9ng\u00a0l\u1ef1a ch\u1ecdn h\u00e0ng \u0111\u1ea7u. D\u1ea7u oliu v\u1ecb \u1edbt Tabasco Pons c\u1ee7a\u00a0th\u01b0\u01a1ng hi\u1ec7u Pons\u00a0l\u00e0 m\u1ed9t trong s\u1ed1 \u0111\u00f3.<\/p>\n<p>S\u1ea3n ph\u1ea9m \u0111\u01b0\u1ee3c chi\u1ebft xu\u1ea5t 100% nguy\u00ean ch\u1ea5t t\u1eeb tr\u00e1i Olive, l\u00e0 n\u01b0\u1edbc \u00e9p ngu\u1ed9i \u0111\u1ea7u ti\u00ean c\u1ee7a qu\u1ea3 Olive\u00a0n\u00ean lu\u00f4n gi\u1eef\u00a0m\u00f9i v\u1ecb t\u1ef1 nhi\u00ean ho\u00e0n h\u1ea3o\u00a0v\u00e0 gi\u1eef \u0111\u01b0\u1ee3c\u00a0h\u00e0m l\u01b0\u1ee3ng ch\u1ea5t dinh d\u01b0\u1ee1ng cao, ch\u1ea5t b\u00e9o kh\u00f4ng b\u00e3o h\u00f2a\u00a0r\u1ea5t t\u1ed1t cho c\u01a1 th\u1ec3.<\/p>\n<p><img loading=\"lazy\" decoding=\"async\" class=\"aligncenter\" src=\"https:\/\/havamall.com\/wp-content\/uploads\/2021\/07\/tac-dung-dau-oliu.jpg\" alt=\"11 t\u00e1c d\u1ee5ng c\u1ee7a d\u1ea7u oliu \u0111\u00e3 \u0111\u01b0\u1ee3c ch\u1ee9ng minh\" width=\"621\" height=\"414\" \/><\/p>\n<p>D\u1ea7u oliu nguy\u00ean ch\u1ea5t c\u00f3 th\u1ec3 s\u1eed d\u1ee5ng tr\u1ef1c ti\u1ebfp m\u00e0 kh\u00f4ng c\u1ea7n qua c\u00f4ng \u0111o\u1ea1n ch\u1ebf bi\u1ebfn n\u00e0o. D\u1ea1ng Olive Extra virgin nguy\u00ean ch\u1ea5t b\u1ea1n kh\u00f4ng n\u00ean d\u00f9ng \u1edf nhi\u1ec7t \u0111\u1ed9 cao v\u00ec s\u1ebd bi\u1ebfn t\u00ednh g\u00e2y \u1ea3nh h\u01b0\u1edfng \u0111\u1ebfn ch\u1ea5t l\u01b0\u1ee3ng c\u1ee7a s\u1ea3n ph\u1ea9m.<\/p>\n<h4><strong>\u01afu \u0111i\u1ec3m:<\/strong><\/h4>\n<p>\u2013 S\u1ea3n ph\u1ea9m \u0111\u01b0\u1ee3c chi\u1ebft xu\u1ea5t t\u1eeb tr\u00e1i Oliu nguy\u00ean ch\u1ea5t, l\u00e0 n\u01b0\u1edbc \u00e9p ngu\u1ed9i \u0111\u1ea7u ti\u00ean c\u1ee7a qu\u1ea3 \u00d4liu\u00a0n\u00ean lu\u00f4n gi\u1eef m\u00f9i v\u1ecb t\u1ef1 nhi\u00ean ho\u00e0n h\u1ea3o v\u00e0 gi\u1eef \u0111\u01b0\u1ee3c h\u00e0m l\u01b0\u1ee3ng ch\u1ea5t dinh d\u01b0\u1ee1ng cao nh\u01b0 ch\u1ea5t b\u00e9o kh\u00f4ng b\u00e3o h\u00f2a r\u1ea5t t\u1ed1t cho c\u01a1 th\u1ec3.<\/p>\n<p>\u2013\u00a0S\u1ea3n ph\u1ea9m \u0111\u01b0\u1ee3c \u0111\u00f3ng chai th\u1ee7y tinh ti\u1ec7n d\u1ee5ng, s\u1ea1ch s\u1ebd.<\/p>\n<p>\u2013 D\u1ea7u oliu v\u1ecb \u1edbt Tabasco Pons \u0111\u01b0\u1ee3c s\u1ea3n xu\u1ea5t theo c\u00f4ng ngh\u1ec7 hi\u1ec7n \u0111\u1ea1i. M\u1ecdi kh\u00e2u t\u1eeb tuy\u1ec3n ch\u1ecdn nguy\u00ean li\u1ec7u t\u1edbi ch\u1ebf bi\u1ebfn, \u0111\u00f3ng chai \u0111\u1ec1u di\u1ec5n ra kh\u00e9p k\u00edn d\u01b0\u1edbi s\u1ef1 gi\u00e1m s\u00e1t v\u00e0 ki\u1ec3m tra nghi\u00eam ng\u1eb7t c\u1ee7a c\u00e1c chuy\u00ean gia th\u1ef1c ph\u1ea9m h\u00e0ng \u0111\u1ea7u, theo \u0111\u00f3 s\u1ea3n ph\u1ea9m kh\u00f4ng ch\u1ee9a h\u00f3a ch\u1ea5t, ch\u1ea5t b\u1ea3o qu\u1ea3n \u0111\u1ed9c h\u1ea1i, \u0111\u1ea3m b\u1ea3o an to\u00e0n cho s\u1ee9c kh\u1ecfe ng\u01b0\u1eddi ti\u00eau d\u00f9ng.<\/p>\n<p>S\u1ea3n ph\u1ea9m hi\u1ec7n \u0111\u00e3 c\u00f3 m\u1eb7t t\u1ea1i Havamall.<\/p>","protected":false},"excerpt":{"rendered":"<p>D\u1ea7u oliu v\u1ecb \u1edbt Tabasco Pons 125ml l\u00e0 s\u1ea3n ph\u1ea9m \u0111\u1ebfn t\u1eeb th\u01b0\u01a1ng hi\u1ec7u Pons, \u0111\u01b0\u1ee3c nh\u1eadp kh\u1ea9u t\u1eeb T\u00e2y<\/p>","protected":false},"featured_media":21062,"comment_status":"open","ping_status":"closed","template":"","meta":[],"product_brand":[],"product_cat":[154,727,705,36,143],"product_tag":[],"class_list":{"0":"post-21056","1":"product","2":"type-product","3":"status-publish","4":"has-post-thumbnail","6":"product_cat-gia-vi","7":"product_cat-nhap-khau-tay-ban-nha","8":"product_cat-sot-do-hop","9":"product_cat-thuc-pham-tieu-dung","10":"product_cat-thuc-pham-dong-hop","12":"first","13":"outofstock","14":"sale","15":"shipping-taxable","16":"purchasable","17":"product-type-simple"},"_links":{"self":[{"href":"https:\/\/havamall.com\/en\/wp-json\/wp\/v2\/product\/21056","targetHints":{"allow":["GET"]}}],"collection":[{"href":"https:\/\/havamall.com\/en\/wp-json\/wp\/v2\/product"}],"about":[{"href":"https:\/\/havamall.com\/en\/wp-json\/wp\/v2\/types\/product"}],"replies":[{"embeddable":true,"href":"https:\/\/havamall.com\/en\/wp-json\/wp\/v2\/comments?post=21056"}],"version-history":[{"count":0,"href":"https:\/\/havamall.com\/en\/wp-json\/wp\/v2\/product\/21056\/revisions"}],"wp:featuredmedia":[{"embeddable":true,"href":"https:\/\/havamall.com\/en\/wp-json\/wp\/v2\/media\/21062"}],"wp:attachment":[{"href":"https:\/\/havamall.com\/en\/wp-json\/wp\/v2\/media?parent=21056"}],"wp:term":[{"taxonomy":"product_brand","embeddable":true,"href":"https:\/\/havamall.com\/en\/wp-json\/wp\/v2\/product_brand?post=21056"},{"taxonomy":"product_cat","embeddable":true,"href":"https:\/\/havamall.com\/en\/wp-json\/wp\/v2\/product_cat?post=21056"},{"taxonomy":"product_tag","embeddable":true,"href":"https:\/\/havamall.com\/en\/wp-json\/wp\/v2\/product_tag?post=21056"}],"curies":[{"name":"wp","href":"https:\/\/api.w.org\/{rel}","templated":true}]}}