{"id":21166,"date":"2021-08-14T15:05:32","date_gmt":"2021-08-14T08:05:32","guid":{"rendered":"https:\/\/havamall.com\/?post_type=product&#038;p=21166"},"modified":"2025-10-19T09:49:56","modified_gmt":"2025-10-19T02:49:56","slug":"nui-no-divella-farfalle-goi-500gr","status":"publish","type":"product","link":"https:\/\/havamall.com\/en\/shop\/nui-no-divella-farfalle-goi-500gr\/","title":{"rendered":"Nui N\u01a1 Divella Farfalle S\u1ed1 85 G\u00f3i 500gr &#8211; Farfalle Pasta"},"content":{"rendered":"<p>Divella\u00a0l\u00e0 c\u00f4ng ty c\u00f3 l\u1ecbch s\u1eed h\u01a1n 130 n\u0103m trong ng\u00e0nh ch\u1ebf bi\u1ebfn m\u1ef3 pastase molina t\u1eeb b\u1ed9t m\u00ec durum. N\u0103m 1890, \u00f4ng Francesco Divella \u0111\u00e3 x\u00e2y d\u1ef1ng nh\u00e0 m\u00e1y b\u1ed9t m\u00ec \u0111\u1ea7u ti\u00ean t\u1ea1i Rutigliano \u1edf mi\u1ec1n \u0110\u00f4ng Nam n\u01b0\u1edbc \u00dd, tr\u00e1i tim c\u1ee7a v\u00f9ng \u0111\u1ed3ng b\u1eb1ng Apulian, n\u1ed5i ti\u1ebfng l\u00e0 n\u01a1i c\u00f3 ch\u1ea5t l\u01b0\u1ee3ng b\u1ed9t m\u00ec t\u1ed1t c\u1ea3 n\u01b0\u1edbc.<\/p>\n<div><img fetchpriority=\"high\" decoding=\"async\" class=\"wp-image-11902 aligncenter\" src=\"https:\/\/havamall.com\/wp-content\/uploads\/2019\/09\/1f588392af686882ae0f97a7d210ea8e-300x158.jpg\" alt=\"\" width=\"798\" height=\"419\" \/><\/div>\n<p>Hi\u1ec7n Divella \u0111ang \u0111\u01b0\u1ee3c xu\u1ea5t kh\u1ea9u \u0111i h\u01a1n 100 n\u01b0\u1edbc v\u00e0 \u0111\u00e3 \u0111ang chi\u1ebfm v\u1ecb tr\u00ed s\u1ed1 1 t\u1ea1i th\u1ecb tr\u01b0\u1eddng nhi\u1ec1u n\u01b0\u1edbc tr\u00ean th\u1ebf gi\u1edbi.<\/p>\n<p>\u2013 V\u1edbi th\u00e0nh ph\u1ea7n 100% b\u1ed9t l\u00faa m\u00ec nguy\u00ean ch\u1ea5t, gi\u00fap s\u1ee3i m\u00ec c\u00f3 \u0111\u1ed9 dai ngon ho\u00e0n h\u1ea3o, \u0111\u1ea3m b\u1ea3o gi\u1eef \u0111\u01b0\u1ee3c h\u01b0\u01a1ng v\u1ecb th\u01a1m ngon t\u1ef1 nhi\u00ean cho m\u00f3n m\u00ec\u1ea9n v\u1ecb \u00dd, gi\u00fap cho c\u00e1c m\u00f3n \u0103n c\u1ee7a b\u1ea1n th\u00eam ph\u1ea7n th\u01a1m ngon h\u1ea5p d\u1eabn, h\u1ec7t nh\u01b0 \u0111i \u0103n t\u1ea1i nh\u1eefng nh\u00e0 h\u00e0ng \u0111\u1eaft ti\u1ec1n.<\/p>\n<p>\u2013 Th\u01a1m ngon,\u00a0chu\u1ea9n v\u1ecb \u00dd, gi\u00fap cho c\u00e1c m\u00f3n \u0103n c\u1ee7a b\u1ea1n th\u00eam ph\u1ea7n th\u01a1m ngon h\u1ea5p d\u1eabn, h\u1ec7t nh\u01b0 \u0111i \u0103n t\u1ea1i nh\u1eefng nh\u00e0 h\u00e0ng \u0111\u1eaft ti\u1ec1n.<\/p>\n<p>\u2013 D\u1ea1ng m\u1ef3 kh\u00f4, c\u00f3 th\u1ec3 d\u00f9ng x\u00e0o, n\u1ea5u v\u00e0 k\u1ebft h\u1ee3p v\u1edbi nhi\u1ec1u lo\u1ea1i n\u01b0\u1edbc s\u1ed1t kh\u00e1c nhau t\u00f9y s\u1edf th\u00edch.<\/p>\n<p>\u2013 D\u1ec5 ch\u1ebf bi\u1ebfn v\u00e0 b\u1ea3o qu\u1ea3n.<\/p>\n<p><img decoding=\"async\" class=\"wp-image-21179 aligncenter\" src=\"https:\/\/havamall.com\/wp-content\/uploads\/2021\/08\/s\u1ed1-85-2-300x190.jpg\" alt=\"\" width=\"799\" height=\"506\" \/><\/p>\n<p>Ngo\u00e0i nui c\u00f3 nh\u1eefng h\u00ecnh d\u1ea1ng pasta quen thu\u1ed9c nh\u01b0 penne, h\u00ecnh xo\u1eafn th\u00ec nay Havamall \u0111\u00e3 c\u00f3 th\u00eam h\u00ecnh d\u1ea1ng m\u1edbi l\u00e0 nui n\u01a1 farfalle.<\/p>\n<p>Farfalle pasta\u00a0b\u1eaft ngu\u1ed3n t\u1eeb ph\u00eda B\u1eafc c\u1ee7a Italia, \u0111\u01b0\u1ee3c l\u1ea5y c\u1ea3m h\u1ee9ng t\u1eeb h\u00ecnh d\u1ea1ng c\u1ee7a b\u01b0\u1edbm, v\u00e0 \u0111\u01b0\u1ee3c s\u1ea3n xu\u1ea5t b\u1eb1ng c\u00e1ch nh\u1ea5n v\u00e0o ph\u1ea7n trung t\u00e2m c\u1ee7a m\u1ed9t mi\u1ebfng vu\u00f4ng c\u1ee7a m\u00ec \u1ed1ng v\u1edbi m\u1ed9t l\u01b0\u1ee3ng nh\u1ecf. V\u1edbi b\u1ec1 m\u1eb7t nh\u1eb5n v\u00e0 h\u00ecnh d\u1ea1ng c\u1ee7a m\u00ec, Farfalle \u0111\u01b0\u1ee3c \u0111\u1ec1 ngh\u1ecb v\u1edbi n\u01b0\u1edbc s\u1ed1t tinh t\u1ebf: n\u01b0\u1edbc s\u1ed1t b\u01a1, v\u1edbi \u0111\u1eadu H\u00e0 Lan v\u00e0 th\u1ecbt gi\u0103m b\u00f4ng n\u1ea5u ch\u00edn, tinh t\u1ebf v\u1edbi n\u01b0\u1edbc s\u1ed1t kem v\u00e0 c\u00e1 h\u1ed3i; n\u01b0\u1edbc s\u1ed1t pho m\u00e1t tinh t\u1ebf v\u00e0 m\u1ec1m v\u1edbi m\u1ed9t \u00edt ngh\u1ec7 t\u00e2y ho\u1eb7c c\u00e0 ri.<\/p>\n<p><img decoding=\"async\" class=\"wp-image-21173 aligncenter\" src=\"https:\/\/havamall.com\/wp-content\/uploads\/2021\/08\/s\u1ed1-85-4-300x200.jpg\" alt=\"\" width=\"800\" height=\"533\" \/><\/p>\n<p>V\u1edbi h\u00ecnh d\u00e1ng \u0111\u1eb7c bi\u1ec7t c\u1ee7a h\u00ecnh nui n\u01a1, ngo\u00e0i mang t\u00ednh th\u1ea9m m\u1ef9, \u0111em l\u1ea1i s\u1ef1 th\u00fa v\u1ecb cho m\u00f3n \u0103n b\u1eb1ng h\u00ecnh d\u1ea1ng nui h\u00ecnh n\u01a1 xinh \u0111\u1eb9p th\u00ec nui n\u01a1 c\u00f2n \u0111\u01b0\u1ee3c ng\u01b0\u1eddi ti\u00eau d\u00f9ng y\u00eau th\u00edch v\u00ec h\u00ecnh d\u00e1ng \u0111\u1eb7c bi\u1ec7t n\u00e0y gi\u00fap cho c\u1ecdng nui khi \u0103n c\u00f3 th\u1ec3 gi\u1eef \u0111\u01b0\u1ee3c l\u01b0\u1ee3ng n\u01b0\u1edbc s\u1ed1t \u0111\u1ecdng l\u1ea1i tr\u00ean t\u1eebng c\u1ecdng nui nhi\u1ec1u h\u01a1n. T\u1eeb \u0111\u00f3, b\u1ea1n c\u00f3 th\u1ec3 c\u1ea3m nh\u1eadn nhi\u1ec1u h\u01a1n h\u01b0\u01a1ng v\u1ecb h\u00f2a l\u1eabn c\u1ee7a nui v\u00e0 t\u1eebng gi\u1ecdt n\u01b0\u1edbc s\u1ed1t, t\u1ea1o n\u00ean c\u1ea3m gi\u00e1c th\u00eam ph\u1ea7n ngon mi\u1ec7ng h\u01a1n r\u1ea5t nhi\u1ec1u.<\/p>\n<p>S\u1ea3n ph\u1ea9m c\u00f3 h\u01b0\u01a1ng v\u1ecb th\u01a1m ngon c\u1ee7a nh\u1eefng nguy\u00ean li\u1ec7u t\u1ef1 nhi\u00ean, khi n\u1ea5u ch\u00edn s\u1ee3i m\u00ec nui tr\u1edf n\u00ean dai gi\u00f2n, \u0111\u1eadm \u0111\u00e0, k\u00edch th\u00edch v\u1ecb gi\u00e1c, ph\u00f9 h\u1ee3p kh\u1ea9u v\u1ecb c\u1ee7a ng\u01b0\u1eddi Vi\u1ec7t Nam. S\u1ea3n ph\u1ea9m \u0111\u01b0\u1ee3c s\u1ea3n xu\u1ea5t theo c\u00f4ng ngh\u1ec7 hi\u1ec7n \u0111\u1ea1i, m\u1ecdi kh\u00e2u t\u1eeb tuy\u1ec3n ch\u1ecdn nguy\u00ean li\u1ec7u t\u1edbi ch\u1ebf bi\u1ebfn, \u0111\u00f3ng h\u1ed9p \u0111\u1ec1u di\u1ec5n ra kh\u00e9p k\u00edn d\u01b0\u1edbi s\u1ef1 gi\u00e1m s\u00e1t v\u00e0 ki\u1ec3m tra nghi\u00eam ng\u1eb7t, \u0111\u1ea3m b\u1ea3o an to\u00e0n cho s\u1ee9c kh\u1ecfe ng\u01b0\u1eddi ti\u00eau d\u00f9ng.<\/p>\n<p><img loading=\"lazy\" decoding=\"async\" class=\"wp-image-21174 aligncenter\" src=\"https:\/\/havamall.com\/wp-content\/uploads\/2021\/08\/s\u1ed1-85-5-300x300.jpg\" alt=\"\" width=\"797\" height=\"797\" \/><\/p>\n<h4><\/h4>\n<h4><strong>H\u01b0\u1edbng d\u1eabn s\u1eed d\u1ee5ng:<\/strong><\/h4>\n<p>\u2013 Khi n\u01b0\u1edbc s\u00f4i, cho v\u00e0o 1 \u00edt mu\u1ed1i \u0111\u1ec3 t\u0103ng h\u01b0\u01a1ng v\u1ecb nui.<\/p>\n<p>\u2013 Lu\u1ed9c nui trong kho\u1ea3ng 8-11 ph\u00fat.<\/p>\n<p>\u2013 Nui m\u1ec1m, v\u1edbt ra \u0111\u1ec3 r\u00e1o, tr\u1ed9n ch\u00fat d\u1ea7u \u0103n v\u00e0 \u0111\u1ea3o \u0111\u1ec1u \u0111\u1ec3 nui kh\u00f4ng b\u1ecb d\u00ednh.<\/p>\n<p>\u2013 Nui c\u00f3 th\u1ec3 d\u00f9ng v\u1edbi n\u01b0\u1edbc s\u1ed1t th\u1ecbt ho\u1eb7c rau, n\u01b0\u1edbc s\u1ed1t tinh ch\u1ebf t\u1eeb s\u1eefa, nh\u01b0 s\u1ed1t kem n\u1ea5m, n\u01b0\u1edbc s\u1ed1t c\u00e0 chua ho\u1eb7c n\u01b0\u1edbc s\u1ed1t cay.\u00a0 Nui c\u0169ng ngon khi n\u1ea5u chung v\u1edbi c\u00e1c m\u00f3n th\u1ecbt h\u1ea7m ho\u1eb7c \u0111\u00fat l\u00f2,\u2026<\/p>","protected":false},"excerpt":{"rendered":"<ul class=\"list\">\n<li>Nui n\u01a1 \u00dd l\u00e0 m\u1ed9t m\u00f3n \u0103n c\u1ed5 \u0111i\u1ec3n trong \u1ea9m th\u1ef1c \u00dd, d\u1ec5 ch\u1ebf bi\u1ebfn v\u1edbi c\u00e1c nguy\u00ean li\u1ec7u t\u1ef1 nhi\u00ean nh\u1ea5t.<\/li>\n<li>Nui n\u01a1 mang \u0111\u1ebfn cho b\u1ea1n \u0111\u1ea7y \u0111\u1ee7 v\u1ecb th\u01a1m, dai h\u1ea5p d\u1eabn c\u1ee7a t\u1ea5t c\u1ea3 nh\u1eefng g\u00ec tinh t\u00fay nh\u1ea5t \u00e2\u0309m th\u01b0\u0323c \u0111\u00f4\u0323c \u0111a\u0301o Sicilia<\/li>\n<li>Nui n\u01a1 \u00dd \u0111\u01b0\u1ee3c l\u00e0m t\u1eeb 100% b\u1ed9t l\u00faa m\u00ec nguy\u00ean ch\u1ea5t, kh\u00f4ng ch\u1ee9a ch\u1ea5t ph\u1ee5 gia n\u00ean an to\u00e0n tuy\u1ec7t \u0111\u1ed1i cho s\u1ee9c kh\u1ecfe.<\/li>\n<li>H\u00e0ng Nh\u1eadp Kh\u1ea9u tr\u1ef1c ti\u1ebfp t\u1eeb \u00dd.<\/li>\n<li>Cung c\u1ea5p n\u0103ng l\u01b0\u1ee3ng, vitamin, d\u01b0\u1ee1ng ch\u1ea5t c\u1ea7n thi\u1ebft<\/li>\n<li>S\u1ea3n xu\u1ea5t theo c\u00f4ng ngh\u1ec7 hi\u1ec7n \u0111\u1ea1i<\/li>\n<li>Gi\u00fap cho c\u00e1c b\u00e0 n\u1ed9i tr\u1ee3 ti\u1ebft ki\u1ec7m \u0111\u01b0\u1ee3c nhi\u1ec1u th\u1eddi gian.<\/li>\n<\/ul>","protected":false},"featured_media":21175,"comment_status":"open","ping_status":"closed","template":"","meta":[],"product_brand":[],"product_cat":[724,719,36,134],"product_tag":[],"class_list":{"0":"post-21166","1":"product","2":"type-product","3":"status-publish","4":"has-post-thumbnail","6":"product_cat-nhap-khau-y","7":"product_cat-san-pham-theo-xuat-xu","8":"product_cat-thuc-pham-tieu-dung","9":"product_cat-thucpham-saykho","10":"pa_brand-divella","12":"first","13":"outofstock","14":"sale","15":"shipping-taxable","16":"purchasable","17":"product-type-variable"},"_links":{"self":[{"href":"https:\/\/havamall.com\/en\/wp-json\/wp\/v2\/product\/21166","targetHints":{"allow":["GET"]}}],"collection":[{"href":"https:\/\/havamall.com\/en\/wp-json\/wp\/v2\/product"}],"about":[{"href":"https:\/\/havamall.com\/en\/wp-json\/wp\/v2\/types\/product"}],"replies":[{"embeddable":true,"href":"https:\/\/havamall.com\/en\/wp-json\/wp\/v2\/comments?post=21166"}],"version-history":[{"count":0,"href":"https:\/\/havamall.com\/en\/wp-json\/wp\/v2\/product\/21166\/revisions"}],"wp:featuredmedia":[{"embeddable":true,"href":"https:\/\/havamall.com\/en\/wp-json\/wp\/v2\/media\/21175"}],"wp:attachment":[{"href":"https:\/\/havamall.com\/en\/wp-json\/wp\/v2\/media?parent=21166"}],"wp:term":[{"taxonomy":"product_brand","embeddable":true,"href":"https:\/\/havamall.com\/en\/wp-json\/wp\/v2\/product_brand?post=21166"},{"taxonomy":"product_cat","embeddable":true,"href":"https:\/\/havamall.com\/en\/wp-json\/wp\/v2\/product_cat?post=21166"},{"taxonomy":"product_tag","embeddable":true,"href":"https:\/\/havamall.com\/en\/wp-json\/wp\/v2\/product_tag?post=21166"}],"curies":[{"name":"wp","href":"https:\/\/api.w.org\/{rel}","templated":true}]}}