{"id":21312,"date":"2021-08-23T15:04:38","date_gmt":"2021-08-23T08:04:38","guid":{"rendered":"https:\/\/havamall.com\/?post_type=product&#038;p=21312"},"modified":"2025-03-27T10:27:24","modified_gmt":"2025-03-27T03:27:24","slug":"sot-teriyaki-huu-co-lumlum-organic-teriyaki-sauce-200ml","status":"publish","type":"product","link":"https:\/\/havamall.com\/en\/shop\/sot-teriyaki-huu-co-lumlum-organic-teriyaki-sauce-200ml\/","title":{"rendered":"S\u1ed1t Teriyaki H\u1eefu C\u01a1 &#8211; Lumlum Organic Teriyaki Sauce 200ml"},"content":{"rendered":"<h3><strong>TH\u00d4NG TIN S\u1ea2N PH\u1ea8M<\/strong><\/h3>\n<table>\n<tbody>\n<tr>\n<td>Th\u01b0\u01a1ng hi\u1ec7u<\/td>\n<td>Lumlum<\/td>\n<\/tr>\n<tr>\n<td>Xu\u1ea5t x\u1ee9<\/td>\n<td>Th\u00e1i Lan<\/td>\n<\/tr>\n<tr>\n<td>Th\u00e0nh ph\u1ea7n<\/td>\n<td>N\u01b0\u1edbc t\u01b0\u01a1ng h\u1eefu c\u01a1, gi\u1ea5m g\u1ea1o h\u1eefu c\u01a1, \u0111\u01b0\u1eddng m\u00eda h\u1eefu c\u01a1, g\u1eebng h\u1eefu c\u01a1, n\u01b0\u1edbc<\/td>\n<\/tr>\n<tr>\n<td>H\u1ea1n s\u1eed d\u1ee5ng<\/td>\n<td>18 th\u00e1ng k\u1ec3 t\u1eeb ng\u00e0y s\u1ea3n xu\u1ea5t.<\/td>\n<\/tr>\n<tr>\n<td>B\u1ea3o qu\u1ea3n<\/td>\n<td>\u0110\u1eady k\u00edn v\u00e0 b\u1ea3o qu\u1ea3n n\u01a1i tho\u00e1ng m\u00e1t<\/td>\n<\/tr>\n<tr>\n<td>Th\u1ec3 t\u00edch th\u1ef1c<\/td>\n<td>200ml<\/td>\n<\/tr>\n<\/tbody>\n<\/table>\n<p><span style=\"font-weight: 400\">Teriyaki L\u00e0 m\u1ed9t lo\u1ea1i s\u1ed1t d\u1ebbo ng\u1ecdt v\u00e0 th\u01a1m Teriyaki b\u1eaft ngu\u1ed3n t\u1eeb danh t\u1eeb \u201cteri\u201d c\u00f3 ngh\u0129a l\u00e0 s\u1ef1 t\u1ecfa s\u00e1ng &#8211; n\u00f3i \u0111\u1ebfn n\u01b0\u1edbc b\u00f3ng tr\u00ean m\u00f3n \u0103n v\u00e0 \u201cyaki\u201d c\u00f3 ngh\u0129a l\u00e0 n\u01b0\u1edbng.\u00a0<\/span><\/p>\n<p><span style=\"font-weight: 400\">Theo ph\u01b0\u01a1ng ph\u00e1p truy\u1ec1n th\u1ed1ng, mi\u1ebfng th\u1ecbt \u0111\u01b0\u1ee3c nh\u00fang ho\u1eb7c ph\u1ebft v\u1edbi n\u01b0\u1edbc s\u1ed1t v\u00e0i l\u1ea7n trong khi \u0111ang ch\u1ebf bi\u1ebfn. S\u1ed1t Teriyaki l\u00e0 m\u1ed9t lo\u1ea1i n\u01b0\u01a1\u0301c s\u00f4\u0301t m\u0103\u0323n ngo\u0323t \u0111\u0103\u0323c tr\u01b0ng cu\u0309a Nh\u00e2\u0323t Ba\u0309n, th\u01b0\u1eddng \u0111\u01b0\u1ee3c du\u0300ng trong ca\u0301c mo\u0301n thi\u0323t, ca\u0301 n\u01b0\u01a1\u0301ng ho\u0103\u0323c chi\u00ean, nh\u1eb1m ta\u0323o ma\u0300u s\u0103\u0301c sa\u0301ng bo\u0301ng, ngon m\u0103\u0301t cho mo\u0301n \u0103n.\u00a0<\/span><\/p>\n<p><img fetchpriority=\"high\" decoding=\"async\" class=\"wp-image-21313 aligncenter\" src=\"https:\/\/havamall.com\/wp-content\/uploads\/2021\/08\/jy\u1ee5-212x300.png\" alt=\"\" width=\"748\" height=\"1058\" \/><\/p>\n<p><span style=\"font-weight: 400\">S\u1ed1t \u01b0\u1edbp Teriyaki Lumlum<\/span><span style=\"font-weight: 400\"> v\u1edbi th\u00e0nh ph\u1ea7n h\u01b0\u01a1ng t\u1ef1 nhi\u00ean v\u1edbi v\u1ecb ng\u1ecdt thanh, \u0111\u1eadm \u0111\u00e0 v\u00e0 \u0111\u1ed9 s\u00e1nh m\u1ecbn \u0111\u1eb7c tr\u01b0ng l\u00e0 tr\u1ee3 th\u1ee7 \u0111\u1eafc l\u1ef1c c\u1ee7a c\u00e1c b\u00e0 n\u1ed9i tr\u1ee3 khi ch\u1ebf bi\u1ebfn c\u00e1c m\u00f3n \u0103n nh\u01b0 kho, chi\u00ean hay m\u00f3n n\u01b0\u1edbng.<\/span><\/p>\n<p><img decoding=\"async\" class=\"wp-image-21314 aligncenter\" src=\"https:\/\/havamall.com\/wp-content\/uploads\/2021\/08\/175192231_767384433948147_8524081422253611663_n-300x300.png\" alt=\"\" width=\"750\" height=\"750\" \/><\/p>\n<p><span style=\"font-weight: 400\">S\u1ed1t \u01b0\u1edbp teriyaki Lumlum gi\u00fap m\u00f3n \u0103n \u0111\u1eadm \u0111\u00e0, ng\u1eady v\u1ecb v\u00e0 tuy\u1ec7t \u0111\u1ed1i an to\u00e0n v\u1edbi s\u1ee9c kh\u1ecfe ng\u01b0\u1eddi d\u00f9ng. Ch\u00ednh v\u00ec th\u1ebf s\u1ed1t \u01b0\u1edbp Teriyaki kh\u00f4ng ch\u1ec9 n\u1ed5i ti\u1ebfng \u1edf Nh\u1eadt B\u1ea3n m\u00e0 c\u00f2n chinh ph\u1ee5c th\u1ef1c kh\u00e1ch t\u1ea1i h\u01a1n 100 qu\u1ed1c gia tr\u00ean to\u00e0n th\u1ebf gi\u1edbi.<\/span><\/p>\n<p><span style=\"font-weight: 400\">N\u01b0\u1edbc s\u1ed1t teriyaki \u0111\u01b0\u1ee3c s\u1eed d\u1ee5ng l\u00e0m gia v\u1ecb \u0111a n\u0103ng cho t\u1ea5t c\u1ea3 c\u00e1c m\u00f3n \u0103n Nh\u1eadt B\u1ea3n v\u00e0 Trung Qu\u1ed1c, m\u00f3n x\u00e0o ch\u00e2u \u00c1, v\u00e0 l\u00e0 gia v\u1ecb \u01b0\u1edbp t\u1ea5t c\u1ea3 c\u00e1c lo\u1ea1i th\u1ecbt v\u00e0 h\u1ea3i s\u1ea3n, n\u01b0\u1edbc s\u1ed1t th\u1ecbt n\u01b0\u1edbng ho\u1eb7c n\u01b0\u1edbc ch\u1ea5m cho b\u00e1nh bao, sushi, \u0111\u1eadu ph\u1ee5, dim-sum, sa l\u00e1t\u2026<\/span><\/p>\n<p><img decoding=\"async\" class=\"wp-image-21763 aligncenter\" src=\"https:\/\/havamall.com\/wp-content\/uploads\/2021\/08\/fgv-300x200.png\" alt=\"\" width=\"756\" height=\"505\" \/><\/p>\n<p><span style=\"font-weight: 400\">S\u1ed1t Teriyaki \u0111\u1eb7c bi\u1ec7t ph\u00f9 h\u1ee3p cho m\u00f3n n\u01b0\u1edbng, ch\u1ec9 c\u1ea7n m\u1ed9t ch\u00fat s\u1ed1t Teriyaki \u0111\u1eadm \u0111\u1eb7c c\u0169ng \u0111\u1ee7 cho c\u1ea3 m\u1ed9t mi\u1ebfng s\u01b0\u1eddn b\u00f2 to. Khi n\u01b0\u1edbng, d\u00f9ng c\u1ecd ch\u1ea5m v\u00e0o s\u1ed1t v\u00e0 ph\u1ebft nh\u1eb9, \u0111\u1ec1u l\u00ean mi\u1ebfng th\u1ecbt, ch\u1eafc ch\u1eafn m\u00f9i th\u01a1m c\u1ee7a th\u1ecbt n\u01b0\u1edbng h\u00f2a quy\u1ec7n v\u1edbi s\u1ed1t \u01b0\u1edbp Teriyaki s\u1ebd t\u1ea1o ra h\u01b0\u01a1ng v\u1ecb tuy\u1ec7t v\u1eddi cho ng\u01b0\u1eddi th\u01b0\u1edfng th\u1ee9c. Khi \u0111\u00e3i b\u1ea1n b\u00e8 nh\u1eefng m\u00f3n \u0103n n\u01b0\u1edbng hay x\u00e0o c\u00f9ng lo\u1ea1i s\u1ed1t chuy\u00ean d\u1ee5ng n\u00e0y c\u00f3 th\u1ec3 chinh ph\u1ee5c nh\u1eefng v\u1ecb kh\u00e1ch kh\u00f3 t\u00ednh nh\u1ea5t.<\/span><\/p>\n<p><img loading=\"lazy\" decoding=\"async\" class=\"wp-image-21316 aligncenter\" src=\"https:\/\/havamall.com\/wp-content\/uploads\/2021\/08\/ghrt-294x300.png\" alt=\"\" width=\"757\" height=\"773\" \/><\/p>\n<p><span style=\"font-weight: 400\">V\u1ecb ngon ng\u1ecdt ch\u1ea5<\/span><span style=\"font-weight: 400\">m hay \u01b0\u1edbp \u0111\u1ec1u xu\u1ea5t s\u1eafc. S\u1ed1t teriyaki th\u01b0\u1eddng \u0111\u01b0\u1ee3c d\u00f9ng l\u00e0m n\u01b0\u1edbc s\u1ed1t ho\u1eb7c \u01b0\u1edbp cho c\u00e1c lo\u1ea1i th\u1ecbt v\u00e0 c\u00e1. N\u00f3 \u0111\u01b0\u1ee3c bi\u1ebft \u0111\u1ebfn nhi\u1ec1u nh\u1ea5t khi k\u1ebft h\u1ee3p v\u1edbi g\u00e0 n\u01b0\u1edbng, c\u00e1 n\u01b0\u1edbng nh\u01b0 m\u00f3n C\u00e1 h\u1ed3i s\u1ed1t Teriyaki hay C\u01a1m g\u00e0 Teriyaki.<\/span><\/p>\n<p><img loading=\"lazy\" decoding=\"async\" class=\"wp-image-21317 aligncenter\" src=\"https:\/\/havamall.com\/wp-content\/uploads\/2021\/08\/226191725_1138861826622214_7149615938065143494_n-300x190.jpg\" alt=\"\" width=\"766\" height=\"486\" \/><\/p>\n<h3><strong>H\u01b0\u1edbng d\u1eabn s\u1eed d\u1ee5ng:<\/strong><\/h3>\n<p><span style=\"font-weight: 400\">&#8211; S\u1ed1t teriyaki h\u1ea7u h\u1ebft \u0111\u01b0\u1ee3c s\u1eed d\u1ee5ng \u0111\u1ec3 \u01b0\u1edbp ho\u1eb7c r\u01b0\u1edbi l\u00ean th\u1ecbt v\u00e0 c\u00e1 khi n\u1ea5u.\u00a0<\/span><\/p>\n<p><span style=\"font-weight: 400\">&#8211; N\u00f3 \u0111\u01b0\u1ee3c bi\u1ebft \u0111\u1ebfn nhi\u1ec1u nh\u1ea5t trong m\u00f3n g\u00e0 n\u01b0\u1edbng s\u1ed1t teriyaki.\u00a0<\/span><\/p>\n<p><span style=\"font-weight: 400\">&#8211; B\u1ea1n c\u00f3 th\u1ec3 s\u1eed d\u1ee5ng s\u1ed1t \u0111\u1ec3 ch\u1ebf bi\u1ebfn m\u00f3n \u0103n v\u1edbi l\u00f2 n\u01b0\u1edbng, ch\u1ea3o, n\u1ed3i h\u1ea7m ho\u1eb7c chi\u00ean x\u00e0o.\u00a0<\/span><\/p>\n<p><span style=\"font-weight: 400\">&#8211; Ngo\u00e0i ra, c\u00f3 th\u1ec3 r\u01b0\u1edbi s\u1ed1t teriyaki l\u00ean m\u00f3n \u0103n tr\u01b0\u1edbc khi th\u01b0\u1edfng th\u1ee9c ho\u1eb7c d\u00f9ng l\u00e0m n\u01b0\u1edbc ch\u1ea5m trong c\u00e1c m\u00f3n l\u1ea9u ho\u1eb7c \u01b0\u1edbp th\u1ecbt c\u00e1 khi n\u01b0\u1edbng.<\/span><\/p>\n<p><img loading=\"lazy\" decoding=\"async\" class=\"wp-image-21318 aligncenter\" src=\"https:\/\/havamall.com\/wp-content\/uploads\/2021\/08\/ytyt-300x300.png\" alt=\"\" width=\"765\" height=\"765\" \/><\/p>\n<h3><strong>H\u01b0\u1edbng d\u1eabn b\u1ea3o qu\u1ea3n:<\/strong><\/h3>\n<p><span style=\"font-weight: 400\">&gt; B\u1ea3o qu\u1ea3n n\u01b0\u1edbc s\u1ed1t teriyaki \u0111\u00e3 m\u1edf n\u1eafp trong t\u1ee7 l\u1ea1nh c\u00f3 th\u1ec3 d\u00f9ng \u0111\u01b0\u1ee3c \u0111\u1ebfn m\u1ed9t n\u0103m.<\/span><\/p>\n<p><span style=\"font-weight: 400\">&gt;B\u1ea1n c\u0169ng c\u00f3 th\u1ec3 b\u1ea3o qu\u1ea3n trong b\u1ebfp n\u01a1i tho\u00e1ng m\u00e1t, nh\u01b0ng n\u00ean s\u1eed d\u1ee5ng ch\u00fang trong v\u00f2ng s\u00e1u th\u00e1ng.<\/span><\/p>\n<p><span style=\"font-weight: 400\">&gt; Chai ch\u01b0a m\u1edf n\u1eafp n\u00ean b\u1ea3o qu\u1ea3n \u1edf nhi\u1ec7t \u0111\u1ed9 ph\u00f2ng, n\u01a1i tho\u00e1ng m\u00e1t \u0111\u1ebfn hai n\u0103m.\u00a0<\/span><\/p>\n<p>S\u1ea3m ph\u1ea9m hi\u1ec7n \u0111\u00e3 c\u00f3 m\u1eb7t t\u1ea1i Havamall.<\/p>","protected":false},"excerpt":{"rendered":"<p>TH\u00d4NG TIN S\u1ea2N PH\u1ea8M Th\u01b0\u01a1ng hi\u1ec7u Lumlum Xu\u1ea5t x\u1ee9 Th\u00e1i Lan Th\u00e0nh ph\u1ea7n N\u01b0\u1edbc t\u01b0\u01a1ng h\u1eefu c\u01a1, gi\u1ea5m g\u1ea1o h\u1eefu<\/p>","protected":false},"featured_media":21319,"comment_status":"open","ping_status":"closed","template":"","meta":[],"product_brand":[],"product_cat":[730,36,143,256],"product_tag":[],"class_list":{"0":"post-21312","1":"product","2":"type-product","3":"status-publish","4":"has-post-thumbnail","6":"product_cat-cac-nuoc-khac","7":"product_cat-thuc-pham-tieu-dung","8":"product_cat-thuc-pham-dong-hop","9":"product_cat-thuc-pham-huu-co","10":"pa_brand-lumlum","12":"first","13":"outofstock","14":"sale","15":"shipping-taxable","16":"purchasable","17":"product-type-simple"},"_links":{"self":[{"href":"https:\/\/havamall.com\/en\/wp-json\/wp\/v2\/product\/21312","targetHints":{"allow":["GET"]}}],"collection":[{"href":"https:\/\/havamall.com\/en\/wp-json\/wp\/v2\/product"}],"about":[{"href":"https:\/\/havamall.com\/en\/wp-json\/wp\/v2\/types\/product"}],"replies":[{"embeddable":true,"href":"https:\/\/havamall.com\/en\/wp-json\/wp\/v2\/comments?post=21312"}],"version-history":[{"count":1,"href":"https:\/\/havamall.com\/en\/wp-json\/wp\/v2\/product\/21312\/revisions"}],"predecessor-version":[{"id":45825,"href":"https:\/\/havamall.com\/en\/wp-json\/wp\/v2\/product\/21312\/revisions\/45825"}],"wp:featuredmedia":[{"embeddable":true,"href":"https:\/\/havamall.com\/en\/wp-json\/wp\/v2\/media\/21319"}],"wp:attachment":[{"href":"https:\/\/havamall.com\/en\/wp-json\/wp\/v2\/media?parent=21312"}],"wp:term":[{"taxonomy":"product_brand","embeddable":true,"href":"https:\/\/havamall.com\/en\/wp-json\/wp\/v2\/product_brand?post=21312"},{"taxonomy":"product_cat","embeddable":true,"href":"https:\/\/havamall.com\/en\/wp-json\/wp\/v2\/product_cat?post=21312"},{"taxonomy":"product_tag","embeddable":true,"href":"https:\/\/havamall.com\/en\/wp-json\/wp\/v2\/product_tag?post=21312"}],"curies":[{"name":"wp","href":"https:\/\/api.w.org\/{rel}","templated":true}]}}