{"id":21320,"date":"2021-08-23T15:30:55","date_gmt":"2021-08-23T08:30:55","guid":{"rendered":"https:\/\/havamall.com\/?post_type=product&#038;p=21320"},"modified":"2026-04-01T11:09:21","modified_gmt":"2026-04-01T04:09:21","slug":"dau-lang-do-tach-doi-cam-san-ho-huu-co-markal-500gr-lentilles-corail","status":"publish","type":"product","link":"https:\/\/havamall.com\/en\/shop\/dau-lang-do-tach-doi-cam-san-ho-huu-co-markal-500gr-lentilles-corail\/","title":{"rendered":"\u0110\u1eadu L\u0103ng \u0110\u1ecf T\u00e1ch \u0110\u00f4i Cam San H\u00f4 H\u1eefu C\u01a1 Markal 200gr &#8211; Organic Lentilles Coral"},"content":{"rendered":"<p><span style=\"font-weight: 400;\">N\u1eb1m trong khu n\u00f4ng nghi\u1ec7p h\u1eefu c\u01a1 c\u1ee7a v\u00f9ng\u00a0 La Drome mi\u1ec1n Nam n\u01b0\u1edbc Ph\u00e1p, Markal \u0111\u01b0\u1ee3c bi\u1ebft \u0111\u1ebfn nh\u01b0 m\u1ed9t trong nh\u1eefng nh\u00e0 cung c\u1ea5p ch\u1ea5t l\u01b0\u1ee3ng h\u00e0ng \u0111\u1ea7u c\u00e1c s\u1ea3n ph\u1ea9m t\u1eeb ng\u0169 c\u1ed1c v\u00e0 g\u1ea1o h\u1eefu c\u01a1. B\u00ean c\u1ea1nh \u0111\u00f3, c\u00f2n c\u00f3 nh\u1eefng s\u1ea3n ph\u1ea9m h\u1eefu c\u01a1 kh\u00e1c nh\u01b0 \u0111\u1eadu, h\u1ea1t \u0111\u1ec1u \u0111\u01b0\u1ee3c \u01b0a chu\u1ed9ng nh\u1ea5t tr\u00ean th\u1ecb tr\u01b0\u1eddng hi\u1ec7n nay. V\u1edbi h\u1ec7 th\u1ed1ng s\u1ea3n xu\u1ea5t v\u00e0 quy tr\u00ecnh ki\u1ec3m \u0111\u1ecbnh ch\u1eb7t ch\u1ebd theo chu\u1ea9n h\u1eefu c\u01a1 Ch\u00e2u \u00c2u v\u00e0 Ph\u00e1p, Markal t\u1ef1 h\u00e0o mang \u0111\u1ebfn cho ng\u01b0\u1eddi ti\u00eau d\u00f9ng nh\u1eefng s\u1ea3n ph\u1ea9m l\u00e0nh m\u1ea1nh v\u00e0 an to\u00e0n nh\u1ea5t.\u00a0<\/span><\/p>\n<p><img fetchpriority=\"high\" decoding=\"async\" class=\"wp-image-21322 aligncenter\" src=\"https:\/\/havamall.com\/wp-content\/uploads\/2021\/08\/\u0110\u1eacU-2-300x120.jpg\" alt=\"\" width=\"601\" height=\"240\" \/><\/p>\n<p>\u0110\u1eadu l\u0103ng \u0111\u1ecf cam san h\u00f4 h\u1eefu c\u01a1 c\u1ee7a th\u01b0\u01a1ng hi\u1ec7u Markal ch\u1ee9a nhi\u1ec1u ch\u1ea5t dinh d\u01b0\u1ee1ng, ch\u1ee9a nhi\u1ec1u ch\u1ea5t x\u01a1 v\u00e0 h\u00e0m l\u01b0\u1ee3ng carbohydrat ph\u1ee9c th\u1ea5p, th\u1eddi gian b\u1ea3o qu\u1ea3n l\u00e2u. D\u00f9ng l\u00e0m nguy\u00ean li\u1ec7u cho nhi\u1ec1u m\u00f3n \u0103n nh\u01b0 n\u1ea5u s\u00fap, tr\u1ed9n salad, h\u1ea7m x\u01b0\u01a1ng, n\u1ea5u ch\u00e8 v\u00e0 d\u00f9ng cho nhi\u1ec1u m\u00f3n \u0103n kh\u00e1c.<\/p>\n<p><img decoding=\"async\" class=\"wp-image-21326 aligncenter\" src=\"https:\/\/havamall.com\/wp-content\/uploads\/2021\/08\/L\u0102NG-\u0110\u1ece-NGUY\u00caN-H\u1ea0T-6-300x200.jpg\" alt=\"\" width=\"602\" height=\"401\" \/><\/p>\n<p>\u0110\u1eadu l\u0103ng \u0111\u1ecf h\u1eefu c\u01a1 l\u00e0 m\u1ed9t trong nh\u1eefng lo\u1ea1i \u0111\u1eadu \u0111\u01b0\u1ee3c \u0111\u1ec1 cao v\u1ec1 gi\u00e1 tr\u1ecb dinh d\u01b0\u1ee1ng v\u1edbi nhi\u1ec1u c\u00f4ng d\u1ee5ng c\u1ef1c k\u00ec t\u1ed1t cho s\u1ee9c kh\u1ecfe con ng\u01b0\u1eddi. Kh\u00f4ng nh\u1eefng c\u00f3 kh\u1eafc ph\u1ee5c \u0111\u01b0\u1ee3c m\u1ed9t s\u1ed1 lo\u1ea1i b\u1ec7nh, th\u1ef1c ph\u1ea9m dinh d\u01b0\u1ee1ng n\u00e0y c\u00f2n b\u1ea3o v\u1ec7 c\u01a1 th\u1ec3 ch\u1ed1ng kh\u1ecfi s\u1ef1 x\u00e2m nh\u1eadp c\u1ee7a c\u00e1c virus v\u00e0 y\u1ebfu t\u1ed1 g\u00e2y b\u1ec7nh t\u1eeb b\u00ean ngo\u00e0i l\u1eabn b\u00ean trong.<\/p>\n<p><img decoding=\"async\" class=\"wp-image-21323 aligncenter\" src=\"https:\/\/havamall.com\/wp-content\/uploads\/2021\/08\/L\u0102NG-\u0110\u1ece-1-300x300.jpg\" alt=\"\" width=\"600\" height=\"600\" \/><\/p>\n<h4><strong>C\u00f4ng d\u1ee5ng c\u1ee7a \u0111\u1eadu l\u0103ng<\/strong><\/h4>\n<p>\u2013 Gi\u1ea3m cholesterol x\u1ea5u nh\u1edd l\u01b0\u1ee3ng ch\u1ea5t x\u01a1 cao.<\/p>\n<p>\u2013 Cung c\u1ea5p protein v\u00e0 ch\u1ea5t x\u01a1. Th\u00edch h\u1ee3p cho ng\u01b0\u1eddi \u0103n ki\u00eang, gi\u1eef d\u00e1ng. V\u00ec ch\u1ea5t x\u01a1 n\u1ea1p v\u00e0o c\u01a1 th\u1ec3 b\u1ea1n s\u1ebd t\u1ea1o c\u1ea3m gi\u00e1c no l\u00e2u v\u00e0 gi\u1ea3m l\u01b0\u1ee3ng ch\u1ea5t b\u00e9o trong c\u01a1 th\u1ec3.<\/p>\n<p>\u2013 T\u0103ng c\u01b0\u1eddng s\u1ee9c \u0111\u1ec1 kh\u00e1ng v\u00e0 nh\u1eefng d\u01b0\u1ee1ng ch\u1ea5t thi\u1ebft y\u1ebfu cho c\u01a1 th\u1ec3 bao g\u1ed3m: canxi, magie, vitamin v\u00e0 ch\u1ea5t kho\u00e1ng.\u00a0\u0110\u1eadu l\u0103ng\u00a0l\u00e0 ngu\u1ed3n b\u1ed5 sung n\u0103ng l\u01b0\u1ee3ng, t\u0103ng c\u01b0\u1eddng s\u1ee9c \u0111\u1ec1 kh\u00e1ng, gi\u00fap c\u01a1 th\u1ec3 ho\u1ea1t \u0111\u1ed9ng v\u00e0 trao \u0111\u1ed5i ch\u1ea5t t\u1ed1t h\u01a1n. Ng\u0103n ng\u1eeba ung th\u01b0, t\u1ed1t cho ng\u01b0\u1eddi ti\u1ec3u \u0111\u01b0\u1eddng, huy\u1ebft \u00e1p v\u00e0 x\u01b0\u01a1ng ch\u1eafc kh\u1ecfe, mang l\u1ea1i l\u00e0n da kh\u1ecfe m\u1ea1nh.<\/p>\n<p>\u2013 S\u1eed d\u1ee5ng\u00a0\u0111\u1eadu l\u0103ng\u00a0\u0111\u1ecf l\u00e0 l\u1ef1a ch\u1ecdn t\u1ed1t nh\u1ea5t cho m\u1ecdi gia \u0111\u00ecnh.<\/p>\n<p><img loading=\"lazy\" decoding=\"async\" class=\"wp-image-21324 aligncenter\" src=\"https:\/\/havamall.com\/wp-content\/uploads\/2021\/08\/L\u0102NG-\u0110\u1ece-NGUY\u00caN-H\u1ea0T-9-300x199.png\" alt=\"\" width=\"602\" height=\"399\" \/><\/p>\n<h4><strong>H\u01b0\u1edbng d\u1eabn s\u1eed d\u1ee5ng<\/strong><\/h4>\n<ul>\n<li>N\u1ea5u \u0111\u1eadu l\u0103ng \u0111\u1ecf trong n\u01b0\u1edbc mu\u1ed1i v\u1edbi t\u1ec9 l\u1ec7 1:3 trong 15 ph\u00fat.<\/li>\n<li>\u0110\u1eadu l\u0103ng \u0111\u1ecf th\u01b0\u1eddng \u0111\u01b0\u1ee3c ch\u1ebf bi\u1ebfn \u0103n k\u00e8m v\u1edbi th\u1ecbt, rau ho\u1eb7c c\u00e1. Ngo\u00e0i ra c\u0169ng c\u00f3 th\u1ec3 th\u01b0\u1edfng th\u1ee9c v\u1edbi s\u00fap, ch\u00e1o ho\u1eb7c d\u00f9ng \u0111\u1ec3 l\u00e0m b\u00e1nh.<\/li>\n<\/ul>\n<table>\n<tbody>\n<tr>\n<td>Th\u01b0\u01a1ng hi\u1ec7u<\/td>\n<td>MARKAL<\/td>\n<\/tr>\n<tr>\n<td>Xu\u1ea5t x\u1ee9 ngu\u1ed3n nguy\u00ean li\u1ec7u<\/td>\n<td>Th\u1ed5 Nh\u0129 K\u1ef3<\/td>\n<\/tr>\n<tr>\n<td>Th\u00e0nh ph\u1ea7n<\/td>\n<td>100% \u0111\u1eadu l\u0103ng \u0111\u1ecf h\u1eefu c\u01a1<\/td>\n<\/tr>\n<tr>\n<td>H\u1ea1n s\u1eed d\u1ee5ng<\/td>\n<td>18 th\u00e1ng k\u1ec3 t\u1eeb ng\u00e0y s\u1ea3n xu\u1ea5t.<\/td>\n<\/tr>\n<tr>\n<td>B\u1ea3o qu\u1ea3n<\/td>\n<td>\u0110\u1ec3 n\u01a1i kh\u00f4 r\u00e1o, tho\u00e1ng m\u00e1t, tr\u00e1nh \u00e1nh n\u1eafng tr\u1ef1c ti\u1ebfp<\/td>\n<\/tr>\n<tr>\n<td>Kh\u1ed1i l\u01b0\u1ee3ng t\u1ecbnh<\/td>\n<td>200gr<\/td>\n<\/tr>\n<\/tbody>\n<\/table>\n<p>&nbsp;<\/p>","protected":false},"excerpt":{"rendered":"<p>N\u1eb1m trong khu n\u00f4ng nghi\u1ec7p h\u1eefu c\u01a1 c\u1ee7a v\u00f9ng\u00a0 La Drome mi\u1ec1n Nam n\u01b0\u1edbc Ph\u00e1p, Markal \u0111\u01b0\u1ee3c bi\u1ebft \u0111\u1ebfn nh\u01b0<\/p>","protected":false},"featured_media":21328,"comment_status":"open","ping_status":"closed","template":"","meta":[],"product_brand":[],"product_cat":[130,36,256,134],"product_tag":[],"class_list":{"0":"post-21320","1":"product","2":"type-product","3":"status-publish","4":"has-post-thumbnail","6":"product_cat-khuyen-mai","7":"product_cat-thuc-pham-tieu-dung","8":"product_cat-thuc-pham-huu-co","9":"product_cat-thucpham-saykho","10":"pa_brand-markal","12":"first","13":"instock","14":"sale","15":"shipping-taxable","16":"purchasable","17":"product-type-simple"},"_links":{"self":[{"href":"https:\/\/havamall.com\/en\/wp-json\/wp\/v2\/product\/21320","targetHints":{"allow":["GET"]}}],"collection":[{"href":"https:\/\/havamall.com\/en\/wp-json\/wp\/v2\/product"}],"about":[{"href":"https:\/\/havamall.com\/en\/wp-json\/wp\/v2\/types\/product"}],"replies":[{"embeddable":true,"href":"https:\/\/havamall.com\/en\/wp-json\/wp\/v2\/comments?post=21320"}],"version-history":[{"count":0,"href":"https:\/\/havamall.com\/en\/wp-json\/wp\/v2\/product\/21320\/revisions"}],"wp:featuredmedia":[{"embeddable":true,"href":"https:\/\/havamall.com\/en\/wp-json\/wp\/v2\/media\/21328"}],"wp:attachment":[{"href":"https:\/\/havamall.com\/en\/wp-json\/wp\/v2\/media?parent=21320"}],"wp:term":[{"taxonomy":"product_brand","embeddable":true,"href":"https:\/\/havamall.com\/en\/wp-json\/wp\/v2\/product_brand?post=21320"},{"taxonomy":"product_cat","embeddable":true,"href":"https:\/\/havamall.com\/en\/wp-json\/wp\/v2\/product_cat?post=21320"},{"taxonomy":"product_tag","embeddable":true,"href":"https:\/\/havamall.com\/en\/wp-json\/wp\/v2\/product_tag?post=21320"}],"curies":[{"name":"wp","href":"https:\/\/api.w.org\/{rel}","templated":true}]}}