{"id":21335,"date":"2021-08-23T15:54:59","date_gmt":"2021-08-23T08:54:59","guid":{"rendered":"https:\/\/havamall.com\/?post_type=product&#038;p=21335"},"modified":"2022-04-18T13:50:38","modified_gmt":"2022-04-18T06:50:38","slug":"dau-ga-huu-co-markal-500gr-organic-chickpeas","status":"publish","type":"product","link":"https:\/\/havamall.com\/en\/shop\/dau-ga-huu-co-markal-500gr-organic-chickpeas\/","title":{"rendered":"\u0110\u1eadu G\u00e0 H\u1eefu C\u01a1 Markal 500gr &#8211; Organic Chickpeas"},"content":{"rendered":"<p>N\u1eb1m trong khu n\u00f4ng nghi\u1ec7p h\u1eefu c\u01a1 c\u1ee7a v\u00f9ng\u00a0 La Drome mi\u1ec1n Nam n\u01b0\u1edbc Ph\u00e1p, Markal \u0111\u01b0\u1ee3c bi\u1ebft \u0111\u1ebfn nh\u01b0 m\u1ed9t trong nh\u1eefng nh\u00e0 cung c\u1ea5p ch\u1ea5t l\u01b0\u1ee3ng h\u00e0ng \u0111\u1ea7u c\u00e1c s\u1ea3n ph\u1ea9m t\u1eeb ng\u0169 c\u1ed1c v\u00e0 g\u1ea1o h\u1eefu c\u01a1. B\u00ean c\u1ea1nh \u0111\u00f3, c\u00f2n c\u00f3 nh\u1eefng s\u1ea3n ph\u1ea9m h\u1eefu c\u01a1 kh\u00e1c nh\u01b0 \u0111\u1eadu, h\u1ea1t \u0111\u1ec1u \u0111\u01b0\u1ee3c \u01b0a chu\u1ed9ng nh\u1ea5t tr\u00ean th\u1ecb tr\u01b0\u1eddng hi\u1ec7n nay. V\u1edbi h\u1ec7 th\u1ed1ng s\u1ea3n xu\u1ea5t v\u00e0 quy tr\u00ecnh ki\u1ec3m \u0111\u1ecbnh ch\u1eb7t ch\u1ebd theo chu\u1ea9n h\u1eefu c\u01a1 Ch\u00e2u \u00c2u v\u00e0 Ph\u00e1p, Markal t\u1ef1 h\u00e0o mang \u0111\u1ebfn cho ng\u01b0\u1eddi ti\u00eau d\u00f9ng nh\u1eefng s\u1ea3n ph\u1ea9m l\u00e0nh m\u1ea1nh v\u00e0 an to\u00e0n nh\u1ea5t.<\/p>\n<p><img fetchpriority=\"high\" decoding=\"async\" class=\"wp-image-21322 aligncenter\" src=\"https:\/\/havamall.com\/wp-content\/uploads\/2021\/08\/\u0110\u1eacU-2-300x120.jpg\" alt=\"\" width=\"653\" height=\"262\" \/><\/p>\n<p>C\u0169ng gi\u1ed1ng nh\u01b0 c\u00e1c c\u00e2y h\u1ecd \u0111\u1eadu, \u0111\u1eadu g\u00e0 cung c\u1ea5p nhi\u1ec1u l\u1ee3i \u00edch v\u1ec1 s\u1ee9c kho\u1ebb. N\u00f3 gi\u00fap t\u0103ng c\u01b0\u1eddng \u0111\u1ed9 no, t\u0103ng c\u01b0\u1eddng ti\u00eau h\u00f3a, gi\u1eef l\u01b0\u1ee3ng \u0111\u01b0\u1eddng trong m\u00e1u \u1ed5n \u0111\u1ecbnh, t\u0103ng c\u01b0\u1eddng s\u1ef1 b\u1ea3o v\u1ec7 ch\u1ed1ng l\u1ea1i b\u1ec7nh t\u1eadt. \u0110\u1eadu g\u00e0 gi\u00e0u protein, vitamin v\u00e0 kho\u00e1ng ch\u1ea5t, \u0111\u00f3 l\u00e0 l\u00fd do t\u1ea1i sao ch\u00fang th\u01b0\u1eddng \u0111\u01b0\u1ee3c \u0103n trong c\u00e1c th\u1ef1c \u0111\u01a1n ch\u1eefa b\u1ec7nh.<\/p>\n<p><img decoding=\"async\" class=\"wp-image-21340 aligncenter\" src=\"https:\/\/havamall.com\/wp-content\/uploads\/2021\/08\/Chickpeas1200x800-300x200.jpg\" alt=\"\" width=\"654\" height=\"436\" \/><\/p>\n<p>S\u1ea3n ph\u1ea9m \u0111\u1eadu g\u00e0 h\u1eefu c\u01a1 Markal t\u1ea1i Havamall \u0111\u01b0\u1ee3c nh\u1eadp kh\u1ea9u nguy\u00ean li\u1ec7u tr\u1ef1c ti\u1ebfp t\u1eeb \u00dd, \u0111\u01b0\u1ee3c tr\u1ed3ng b\u1eb1ng c\u00f4ng ngh\u1ec7 thu\u1ea7n khi\u1ebft t\u1ef1 nhi\u00ean, sinh h\u1ecdc, kh\u00f4ng bi\u1ebfn \u0111\u1ed5i gien. Kh\u00f4ng s\u1eed d\u1ee5ng thu\u1ed1c b\u1ea3o qu\u1ea3n th\u1ef1c v\u1eadt, kh\u00f4ng s\u1eed d\u1ee5ng ph\u00e2n h\u00f3a h\u1ecdc v\u00e0 k\u00edch th\u00edch sinh tr\u01b0\u1edfng, \u0111\u1ea1t ti\u00eau chu\u1ea9n an to\u00e0n th\u1ef1c ph\u1ea9m.<\/p>\n<p><img decoding=\"async\" class=\"wp-image-21341 aligncenter\" src=\"https:\/\/havamall.com\/wp-content\/uploads\/2021\/08\/\u0110\u1eacU-G\u00c0-4-1-300x300.jpg\" alt=\"\" width=\"654\" height=\"654\" \/><\/p>\n<h3><strong>C\u00f4ng d\u1ee5ng c\u1ee7a \u0111\u1eadu g\u00e0:<\/strong><\/h3>\n<div>\n<p><span style=\"font-weight: 400\">&#8211; Gi\u00e0u protein: 100g \u0111\u1eadu g\u00e0 cung c\u1ea5p 8,9g protein, \u0111\u00e1p \u1ee9ng 19% l\u01b0\u1ee3ng protein c\u1ea7n thi\u1ebft m\u1ed7i ng\u00e0y cho c\u01a1 th\u1ec3: l\u00e0 th\u1ef1c ph\u1ea9m l\u00fd t\u01b0\u1edfng cho ch\u1ebf \u0111\u1ed9 \u0103n ki\u00eang, vegan, \u0103n chay th\u1ef1c d\u01b0\u1ee1ng&#8230;<\/span><\/p>\n<p><span style=\"font-weight: 400\">&#8211; Gi\u00e0u ch\u1ea5t x\u01a1 h\u00f2a tan (h\u1ed7 tr\u1ee3 h\u1ea5p thu v\u00e0 chuy\u1ec3n h\u00f3a c\u00e1c ch\u1ea5t) v\u00e0 tinh b\u1ed9t kh\u00e1ng (resistant starch) : k\u00edch th\u00edch s\u1ef1 ph\u00e1t tri\u1ec3n vi l\u1ee3i khu\u1ea9n bifidobacterium, gi\u00fap c\u1ee7ng c\u1ed1 h\u1ec7 \u0111\u01b0\u1eddng ru\u1ed9t v\u00e0 ng\u0103n ng\u1eeba b\u1ec7nh ung th\u01b0 \u0111\u1ea1i tr\u1ef1c tr\u00e0ng.<\/span><\/p>\n<p><span style=\"font-weight: 400\">&#8211; Ch\u1ee9a \u0111\u01b0\u1eddng \u0111a v\u1edbi ch\u1ec9 s\u1ed1 glycemic r\u1ea5t th\u1ea5p (35), t\u1ed1t cho ng\u01b0\u1eddi b\u1ecb b\u1ec7nh ti\u1ec3u \u0111\u01b0\u1eddng.<\/span><\/p>\n<p><span style=\"font-weight: 400\">&#8211; Kh\u00f4ng ch\u1ee9a gluten, ph\u00f9 h\u1ee3p v\u1edbi nh\u1eefng ng\u01b0\u1eddi b\u1ecb d\u1ecb \u1ee9ng ho\u1eb7c kh\u00f4ng dung n\u1ea1p gluten.<\/span><\/p>\n<p><span style=\"font-weight: 400\">&#8211; Ch\u1ee9a vitamin B (axit folic) v\u00e0 ch\u1ea5t s\u1eaft : \u0111\u01b0\u1ee3c khuy\u00ean d\u00f9ng cho m\u1eb9 b\u1ea7u v\u00e0 m\u1eb9 cho con b\u00fa.<\/span><\/p>\n<\/div>\n<div><\/div>\n<div><\/div>\n<div><img loading=\"lazy\" decoding=\"async\" class=\"wp-image-21342 aligncenter\" src=\"https:\/\/havamall.com\/wp-content\/uploads\/2021\/08\/\u0110\u1eacU-G\u00c0-3-300x300.jpg\" alt=\"\" width=\"652\" height=\"652\" \/><\/div>\n<div>\n<h3><strong>H\u01b0\u1edbng d\u1eabn s\u1eed d\u1ee5ng:<\/strong><\/h3>\n<p><span style=\"font-weight: 400\">&gt; Ng\u00e2m \u0111\u1eadu trong kho\u1ea3ng 12 gi\u1edd ho\u1eb7c qua \u0111\u00eam.<\/span><\/p>\n<p><span style=\"font-weight: 400\">&gt; N\u1ea5u trong 1 gi\u1edd c\u00f9ng v\u1edbi n\u01b0\u1edbc mu\u1ed1i.<\/span><\/p>\n<p><span style=\"font-weight: 400\">&gt;\u0110\u1eadu g\u00e0 \u0111\u01b0\u1ee3c d\u00f9ng \u0111\u1ec3 ch\u1ebf bi\u1ebfn nhi\u1ec1u m\u00f3n \u0103n nh\u01b0: salad, s\u00fap, ch\u00e1o ho\u1eb7c c\u00f3 th\u1ec3 d\u00f9ng \u0111\u1ec3 l\u00e0m b\u00e1nh.<\/span><\/p>\n<p><span style=\"font-weight: 400\">B\u1ea3o qu\u1ea3n n\u01a1i kh\u00f4 r\u00e1o, tho\u00e1ng m\u00e1t. Tr\u00e1nh \u00e1nh n\u1eafng m\u1eb7t tr\u1eddi.<\/span><\/p>\n<p><img loading=\"lazy\" decoding=\"async\" class=\"wp-image-21343 aligncenter\" src=\"https:\/\/havamall.com\/wp-content\/uploads\/2021\/08\/\u0110\u1eacU-G\u00c0-TR\u1eaeNG-6-300x200.jpg\" alt=\"\" width=\"654\" height=\"436\" \/><\/p>\n<table>\n<tbody>\n<tr>\n<td>Th\u01b0\u01a1ng hi\u1ec7u<\/td>\n<td>MARKAL<\/td>\n<\/tr>\n<tr>\n<td>Xu\u1ea5t x\u1ee9 ngu\u1ed3n nguy\u00ean li\u1ec7u<\/td>\n<td>\u00dd<\/td>\n<\/tr>\n<tr>\n<td>Th\u00e0nh ph\u1ea7n<\/td>\n<td>100% \u0111\u1eadu g\u00e0 h\u1eefu c\u01a1<\/td>\n<\/tr>\n<tr>\n<td>H\u1ea1n s\u1eed d\u1ee5ng<\/td>\n<td>18 th\u00e1ng k\u1ec3 t\u1eeb ng\u00e0y s\u1ea3n xu\u1ea5t.<\/td>\n<\/tr>\n<tr>\n<td>B\u1ea3o qu\u1ea3n<\/td>\n<td>\u0110\u1ec3 n\u01a1i kh\u00f4 r\u00e1o, tho\u00e1ng m\u00e1t, tr\u00e1nh \u00e1nh n\u1eafng tr\u1ef1c ti\u1ebfp<\/td>\n<\/tr>\n<tr>\n<td>Kh\u1ed1i l\u01b0\u1ee3ng t\u1ecbnh<\/td>\n<td>500gr<\/td>\n<\/tr>\n<\/tbody>\n<\/table>\n<\/div>","protected":false},"excerpt":{"rendered":"<p>N\u1eb1m trong khu n\u00f4ng nghi\u1ec7p h\u1eefu c\u01a1 c\u1ee7a v\u00f9ng\u00a0 La Drome mi\u1ec1n Nam n\u01b0\u1edbc Ph\u00e1p, Markal \u0111\u01b0\u1ee3c bi\u1ebft \u0111\u1ebfn nh\u01b0<\/p>","protected":false},"featured_media":21346,"comment_status":"open","ping_status":"closed","template":"","meta":[],"product_brand":[],"product_cat":[36,256,134],"product_tag":[],"class_list":{"0":"post-21335","1":"product","2":"type-product","3":"status-publish","4":"has-post-thumbnail","6":"product_cat-thuc-pham-tieu-dung","7":"product_cat-thuc-pham-huu-co","8":"product_cat-thucpham-saykho","9":"pa_brand-markal","11":"first","12":"outofstock","13":"sale","14":"shipping-taxable","15":"purchasable","16":"product-type-simple"},"_links":{"self":[{"href":"https:\/\/havamall.com\/en\/wp-json\/wp\/v2\/product\/21335","targetHints":{"allow":["GET"]}}],"collection":[{"href":"https:\/\/havamall.com\/en\/wp-json\/wp\/v2\/product"}],"about":[{"href":"https:\/\/havamall.com\/en\/wp-json\/wp\/v2\/types\/product"}],"replies":[{"embeddable":true,"href":"https:\/\/havamall.com\/en\/wp-json\/wp\/v2\/comments?post=21335"}],"version-history":[{"count":0,"href":"https:\/\/havamall.com\/en\/wp-json\/wp\/v2\/product\/21335\/revisions"}],"wp:featuredmedia":[{"embeddable":true,"href":"https:\/\/havamall.com\/en\/wp-json\/wp\/v2\/media\/21346"}],"wp:attachment":[{"href":"https:\/\/havamall.com\/en\/wp-json\/wp\/v2\/media?parent=21335"}],"wp:term":[{"taxonomy":"product_brand","embeddable":true,"href":"https:\/\/havamall.com\/en\/wp-json\/wp\/v2\/product_brand?post=21335"},{"taxonomy":"product_cat","embeddable":true,"href":"https:\/\/havamall.com\/en\/wp-json\/wp\/v2\/product_cat?post=21335"},{"taxonomy":"product_tag","embeddable":true,"href":"https:\/\/havamall.com\/en\/wp-json\/wp\/v2\/product_tag?post=21335"}],"curies":[{"name":"wp","href":"https:\/\/api.w.org\/{rel}","templated":true}]}}