{"id":21358,"date":"2021-08-23T16:28:49","date_gmt":"2021-08-23T09:28:49","guid":{"rendered":"https:\/\/havamall.com\/?post_type=product&#038;p=21358"},"modified":"2022-08-31T13:50:18","modified_gmt":"2022-08-31T06:50:18","slug":"dau-trang-huu-co-markal-500gr-organic-white-beans","status":"publish","type":"product","link":"https:\/\/havamall.com\/en\/shop\/dau-trang-huu-co-markal-500gr-organic-white-beans\/","title":{"rendered":"\u0110\u1eadu Tr\u1eafng H\u1eefu C\u01a1 Markal 500gr &#8211; Organic White Beans"},"content":{"rendered":"<p>N\u1eb1m trong khu n\u00f4ng nghi\u1ec7p h\u1eefu c\u01a1 c\u1ee7a v\u00f9ng\u00a0 La Drome mi\u1ec1n Nam n\u01b0\u1edbc Ph\u00e1p, Markal \u0111\u01b0\u1ee3c bi\u1ebft \u0111\u1ebfn nh\u01b0 m\u1ed9t trong nh\u1eefng nh\u00e0 cung c\u1ea5p ch\u1ea5t l\u01b0\u1ee3ng h\u00e0ng \u0111\u1ea7u c\u00e1c s\u1ea3n ph\u1ea9m t\u1eeb ng\u0169 c\u1ed1c v\u00e0 g\u1ea1o h\u1eefu c\u01a1. B\u00ean c\u1ea1nh \u0111\u00f3, c\u00f2n c\u00f3 nh\u1eefng s\u1ea3n ph\u1ea9m h\u1eefu c\u01a1 kh\u00e1c nh\u01b0 \u0111\u1eadu, h\u1ea1t \u0111\u1ec1u \u0111\u01b0\u1ee3c \u01b0a chu\u1ed9ng nh\u1ea5t tr\u00ean th\u1ecb tr\u01b0\u1eddng hi\u1ec7n nay. V\u1edbi h\u1ec7 th\u1ed1ng s\u1ea3n xu\u1ea5t v\u00e0 quy tr\u00ecnh ki\u1ec3m \u0111\u1ecbnh ch\u1eb7t ch\u1ebd theo chu\u1ea9n h\u1eefu c\u01a1 Ch\u00e2u \u00c2u v\u00e0 Ph\u00e1p, Markal t\u1ef1 h\u00e0o mang \u0111\u1ebfn cho ng\u01b0\u1eddi ti\u00eau d\u00f9ng nh\u1eefng s\u1ea3n ph\u1ea9m l\u00e0nh m\u1ea1nh v\u00e0 an to\u00e0n nh\u1ea5t.<\/p>\n<p><img fetchpriority=\"high\" decoding=\"async\" class=\"alignnone wp-image-21322 aligncenter\" src=\"https:\/\/havamall.com\/wp-content\/uploads\/2021\/08\/\u0110\u1eacU-2-300x120.jpg\" alt=\"\" width=\"600\" height=\"240\" \/><\/p>\n<p>\u0110\u1eadu tr\u1eafng h\u1eefu c\u01a1 Markal \u0111\u00e3 c\u00f3 m\u1eb7t t\u1ea1i Havamall v\u1edbi nhi\u1ec1u c\u00f4ng d\u1ee5ng t\u1ed1t cho s\u1ee9c kh\u1ecfe ng\u01b0\u1eddi ti\u00eau d\u00f9ng.<\/p>\n<p>\u0110\u1eadu tr\u1eafng l\u00e0 m\u1ed9t ngu\u1ed3n dinh d\u01b0\u1ee1ng tuy\u1ec7t v\u1eddi. H\u00e0m l\u01b0\u1ee3ng protein trong n\u00f3 c\u00f3 th\u1ec3 \u0111\u01b0\u1ee3c so s\u00e1nh v\u1edbi th\u1ecbt, c\u00e1. Lo\u1ea1i \u0111\u1eadu n\u00e0y c\u0169ng ch\u1ee9a nhi\u1ec1u ch\u1ea5t x\u01a1, g\u1ed3m c\u1ea3 ch\u1ea5t x\u01a1 h\u00f2a tan v\u00e0 kh\u00f4ng h\u00f2a tan. Trong khi ch\u1ea5t x\u01a1 kh\u00f4ng h\u00f2a tan gi\u00fap ng\u0103n ng\u1eeba c\u00e1c v\u1ea5n \u0111\u1ec1 ti\u00eau h\u00f3a nh\u01b0 h\u1ed9i ch\u1ee9ng ru\u1ed9t k\u00edch th\u00edch; ch\u1ea5t x\u01a1 h\u00f2a tan s\u1ebd lo\u1ea1i b\u1ecf \u0111\u1ed9c t\u1ed1 kh\u1ecfi c\u01a1 th\u1ec3 b\u1eb1ng c\u00e1ch li\u00ean k\u1ebft v\u1edbi cholesterol c\u00f3 ch\u1ee9a m\u1eadt.<\/p>\n<p><img decoding=\"async\" class=\"wp-image-21365 aligncenter\" src=\"https:\/\/havamall.com\/wp-content\/uploads\/2021\/08\/istockphoto-1133363944-612x612-300x200.jpg\" alt=\"\" width=\"600\" height=\"400\" \/><\/p>\n<h3><strong>TH\u00c0NH PH\u1ea6N DINH D\u01af\u1ee0NG V\u00c0 C\u00d4NG D\u1ee4NG<\/strong><\/h3>\n<p>\u2013 \u0110\u1eadu tr\u1eafng r\u1ea5t gi\u00e0u ch\u1ea5t ch\u1ed1ng oxy h\u00f3a, \u0111\u01b0\u1ee3c bi\u1ebft l\u00e0 c\u00f3 \u0111\u1eb7c t\u00ednh ch\u1ed1ng ung th\u01b0. Ch\u1ea5t ch\u1ed1ng oxy h\u00f3a ph\u00e1 h\u1ee7y c\u00e1c g\u1ed1c t\u1ebf b\u00e0o t\u1ef1 do, ch\u1ed1ng l\u1ea1i t\u00e1c h\u1ea1i c\u1ee7a ch\u00fang gi\u00fap ng\u0103n ng\u1eeba b\u1ec7nh ung th\u01b0.<\/p>\n<p>\u2013 \u0110\u1eadu tr\u1eafng ch\u1ee9a c\u1ea3 ch\u1ea5t x\u01a1 h\u00f2a tan v\u00e0 kh\u00f4ng h\u00f2a tan. C\u1ea3 hai \u0111\u1ec1u r\u1ea5t t\u1ed1t cho h\u1ec7 ti\u00eau h\u00f3a b\u1edfi ch\u00fang gi\u00fap ng\u0103n ng\u1eeba t\u00e1o b\u00f3n v\u00e0 c\u00e1c bi\u1ebfn ch\u1ee9ng c\u1ee7a h\u1ec7 ti\u00eau h\u00f3a nh\u01b0 h\u1ed9i ch\u1ee9ng k\u00edch th\u00edch ru\u1ed9t v\u00e0 ru\u1ed9t th\u1eeba.<\/p>\n<p>\u2013 \u0110\u1eadu tr\u1eafng r\u1ea5t gi\u00e0u vitamin B9 \u2013 c\u00f2n g\u1ecdi l\u00e0 folate ho\u1eb7c axit folic \u2013 gi\u00fap l\u00e0m gi\u1ea3m m\u1ee9c \u0111\u1ed9 axit amin homocysteine trong m\u00e1u. H\u00e0m l\u01b0\u1ee3ng homocystein trong m\u00e1u cao l\u00e0m t\u0103ng nguy c\u01a1 \u0111au tim v\u00e0 \u0111\u1ed9t qu\u1ef5<\/p>\n<p>\u2013 \u0110\u1eadu tr\u1eafng r\u1ea5t gi\u00e0u vitamin B1, hay thiamin, \u0111\u00f3 l\u00e0 c\u1ea7n thi\u1ebft cho s\u1ef1 h\u00ecnh th\u00e0nh v\u00e0 ho\u1ea1t \u0111\u1ed9ng c\u1ee7a c\u00e1c t\u1ebf b\u00e0o n\u00e3o.<\/p>\n<p>\u2013 \u0110\u1eadu th\u1eadn tr\u1eafng ch\u1ee9a molypden, l\u00e0 m\u1ed9t kho\u00e1ng ch\u1ea5t vi l\u01b0\u1ee3ng<\/p>\n<p>\u2013 M\u1ed9t th\u00e0nh ph\u1ea7n ch\u00ednh c\u1ee7a m\u1ed9t lo\u1ea1i enzyme \u0111\u01b0\u1ee3c g\u1ecdi l\u00e0 sulfite oxidase. Enzyme n\u00e0y gi\u1ea3i \u0111\u1ed9c sulfites th\u01b0\u1eddng \u0111\u01b0\u1ee3c t\u00ecm th\u1ea5y trong th\u1ef1c ph\u1ea9m ch\u1ebf bi\u1ebfn s\u1eb5n nh\u01b0 c\u00e1c lo\u1ea1i salad \u0111\u01b0\u1ee3c chu\u1ea9n b\u1ecb tr\u01b0\u1edbc.<\/p>\n<p>&nbsp;<\/p>\n<p><img decoding=\"async\" class=\"alignnone wp-image-21341 aligncenter\" src=\"https:\/\/havamall.com\/wp-content\/uploads\/2021\/08\/\u0110\u1eacU-G\u00c0-4-1-300x300.jpg\" alt=\"\" width=\"600\" height=\"600\" \/><\/p>\n<h3><strong>H\u01af\u1edaNG D\u1eaaN S\u1eec D\u1ee4NG<\/strong><\/h3>\n<p>\u2013\u00a0Ng\u00e2m \u0111\u1eadu trong kho\u1ea3ng 12 gi\u1edd ho\u1eb7c qua \u0111\u00eam v\u00e0 \u0111\u1ec3 r\u00e1o n\u01b0\u1edbc.<\/p>\n<p>\u2013 N\u1ea5u \u0111\u1eadu trong kho\u1ea3ng 1 gi\u1edd.<\/p>\n<p>\u2013 Ch\u1ebf bi\u1ebfn m\u00f3n \u0103n t\u00f9y th\u00edch. Th\u00f4ng th\u01b0\u1eddng \u0111\u1eadu tr\u1eafng \u0111\u01b0\u1ee3c d\u00f9ng \u0111\u1ec3 l\u00e0m nguy\u00ean li\u1ec7u cho nhi\u1ec1u m\u00f3n \u0103n nh\u01b0 ch\u00e8, salad tr\u1ed9n ho\u1eb7c nh\u1eefng m\u00f3n m\u1eb7n nh\u01b0 s\u00fap, ch\u00e1o.<\/p>\n<p><img loading=\"lazy\" decoding=\"async\" class=\"wp-image-21366 aligncenter\" src=\"https:\/\/havamall.com\/wp-content\/uploads\/2021\/08\/\u0110\u1eacU-TR\u1eaeNG-1-300x200.jpg\" alt=\"\" width=\"600\" height=\"400\" \/><\/p>\n<table>\n<tbody>\n<tr>\n<td>Th\u01b0\u01a1ng hi\u1ec7u<\/td>\n<td>MARKAL<\/td>\n<\/tr>\n<tr>\n<td>Ch\u1ec9 ti\u00eau ch\u1ea5t l\u01b0\u1ee3ng<\/td>\n<td>Xem tr\u00ean bao b\u00ec s\u1ea3n ph\u1ea9m<\/td>\n<\/tr>\n<tr>\n<td>Th\u00e0nh ph\u1ea7n<\/td>\n<td>100% \u0111\u1eadu tr\u1eafng h\u1eefu c\u01a1<\/td>\n<\/tr>\n<tr>\n<td>H\u1ea1n s\u1eed d\u1ee5ng<\/td>\n<td>16 th\u00e1ng k\u1ec3 t\u1eeb ng\u00e0y s\u1ea3n xu\u1ea5t.<\/td>\n<\/tr>\n<tr>\n<td>B\u1ea3o qu\u1ea3n<\/td>\n<td>\u0110\u1ec3 n\u01a1i kh\u00f4 r\u00e1o, tho\u00e1ng m\u00e1t, tr\u00e1nh \u00e1nh n\u1eafng tr\u1ef1c ti\u1ebfp<\/td>\n<\/tr>\n<tr>\n<td>Kh\u1ed1i l\u01b0\u1ee3ng t\u1ecbnh<\/td>\n<td>500gr<\/td>\n<\/tr>\n<\/tbody>\n<\/table>","protected":false},"excerpt":{"rendered":"<p>N\u1eb1m trong khu n\u00f4ng nghi\u1ec7p h\u1eefu c\u01a1 c\u1ee7a v\u00f9ng\u00a0 La Drome mi\u1ec1n Nam n\u01b0\u1edbc Ph\u00e1p, Markal \u0111\u01b0\u1ee3c bi\u1ebft \u0111\u1ebfn nh\u01b0<\/p>","protected":false},"featured_media":21368,"comment_status":"open","ping_status":"closed","template":"","meta":[],"product_brand":[],"product_cat":[36,256,134],"product_tag":[],"class_list":{"0":"post-21358","1":"product","2":"type-product","3":"status-publish","4":"has-post-thumbnail","6":"product_cat-thuc-pham-tieu-dung","7":"product_cat-thuc-pham-huu-co","8":"product_cat-thucpham-saykho","9":"pa_brand-markal","11":"first","12":"outofstock","13":"sale","14":"shipping-taxable","15":"purchasable","16":"product-type-simple"},"_links":{"self":[{"href":"https:\/\/havamall.com\/en\/wp-json\/wp\/v2\/product\/21358","targetHints":{"allow":["GET"]}}],"collection":[{"href":"https:\/\/havamall.com\/en\/wp-json\/wp\/v2\/product"}],"about":[{"href":"https:\/\/havamall.com\/en\/wp-json\/wp\/v2\/types\/product"}],"replies":[{"embeddable":true,"href":"https:\/\/havamall.com\/en\/wp-json\/wp\/v2\/comments?post=21358"}],"version-history":[{"count":0,"href":"https:\/\/havamall.com\/en\/wp-json\/wp\/v2\/product\/21358\/revisions"}],"wp:featuredmedia":[{"embeddable":true,"href":"https:\/\/havamall.com\/en\/wp-json\/wp\/v2\/media\/21368"}],"wp:attachment":[{"href":"https:\/\/havamall.com\/en\/wp-json\/wp\/v2\/media?parent=21358"}],"wp:term":[{"taxonomy":"product_brand","embeddable":true,"href":"https:\/\/havamall.com\/en\/wp-json\/wp\/v2\/product_brand?post=21358"},{"taxonomy":"product_cat","embeddable":true,"href":"https:\/\/havamall.com\/en\/wp-json\/wp\/v2\/product_cat?post=21358"},{"taxonomy":"product_tag","embeddable":true,"href":"https:\/\/havamall.com\/en\/wp-json\/wp\/v2\/product_tag?post=21358"}],"curies":[{"name":"wp","href":"https:\/\/api.w.org\/{rel}","templated":true}]}}