{"id":21392,"date":"2021-08-24T09:12:06","date_gmt":"2021-08-24T02:12:06","guid":{"rendered":"https:\/\/havamall.com\/?post_type=product&#038;p=21392"},"modified":"2024-11-05T15:47:01","modified_gmt":"2024-11-05T08:47:01","slug":"bot-mi-trang-da-dung-huu-co-markal-organic-all-purpose-white-flour-1kg","status":"publish","type":"product","link":"https:\/\/havamall.com\/en\/shop\/bot-mi-trang-da-dung-huu-co-markal-organic-all-purpose-white-flour-1kg\/","title":{"rendered":"B\u1ed9t M\u00ec Tr\u1eafng \u0110a D\u1ee5ng H\u1eefu C\u01a1 Markal &#8211; Organic All-Purpose White Flour 1kg"},"content":{"rendered":"<h3><strong>TH\u00d4NG TIN S\u1ea2N PH\u1ea8M<\/strong><\/h3>\n<table>\n<tbody>\n<tr>\n<td>Th\u01b0\u01a1ng hi\u1ec7u<\/td>\n<td>MARKAL<\/td>\n<\/tr>\n<tr>\n<td>Ch\u1ec9 ti\u00eau ch\u1ea5t l\u01b0\u1ee3ng<\/td>\n<td>Xem tr\u00ean bao b\u00ec s\u1ea3n ph\u1ea9m<\/td>\n<\/tr>\n<tr>\n<td>Th\u00e0nh ph\u1ea7n<\/td>\n<td>L\u00faa m\u00ec m\u1ec1m h\u1eefu c\u01a1, v\u1eebng, \u0111\u1eadu n\u00e0nh<\/td>\n<\/tr>\n<tr>\n<td>H\u1ea1n s\u1eed d\u1ee5ng<\/td>\n<td>12 th\u00e1ng k\u1ec3 t\u1eeb ng\u00e0y s\u1ea3n xu\u1ea5t.<\/td>\n<\/tr>\n<tr>\n<td>B\u1ea3o qu\u1ea3n<\/td>\n<td>\u0110\u1ec3 n\u01a1i kh\u00f4 r\u00e1o, tho\u00e1ng m\u00e1t, tr\u00e1nh \u00e1nh n\u1eafng tr\u1ef1c ti\u1ebfp<\/td>\n<\/tr>\n<tr>\n<td>Kh\u1ed1i l\u01b0\u1ee3ng t\u1ecbnh<\/td>\n<td>1kg<\/td>\n<\/tr>\n<\/tbody>\n<\/table>\n<p>Khi nh\u1eafc \u0111\u1ebfn nh\u1eefng th\u01b0\u01a1ng hi\u1ec7u v\u1edbi c\u00f4ng ngh\u1ec7 s\u1ea3n xu\u1ea5t th\u1ef1c ph\u1ea9m h\u1eefu c\u01a1 kh\u00f4ng th\u1ec3 kh\u00f4ng nh\u1eafc \u0111\u1ebfn th\u01b0\u01a1ng hi\u1ec7u Markal \u0111\u1ebfn t\u1eeb Ph\u00e1p.\u00a0T\u1ea5t c\u1ea3 c\u00e1c s\u1ea3n ph\u1ea9m c\u1ee7a Markal \u0111\u1ec1u \u0111\u01b0\u1ee3c c\u1ea5p gi\u1ea5y ch\u1ee9ng nh\u1eadn h\u1eefu c\u01a1 c\u1ee7a AB, EU.<\/p>\n<p>Markal kh\u00f4ng ch\u1ec9 bi\u1ebft \u0111\u1ebfn l\u00e0 th\u01b0\u01a1ng hi\u1ec7u s\u1ea3n xu\u1ea5t s\u1ea3n ph\u1ea9m t\u1eeb l\u00faa m\u1ea1ch, m\u00e0 t\u1ea1i \u0111\u00e2y, c\u00f2n s\u1ea3n xu\u1ea5t c\u00e1c lo\u1ea1i h\u1ea1t, lo\u1ea1i \u0111\u1eadu h\u1eefu c\u01a1. T\u1eeb kh\u00e2u ch\u1ecdn gi\u1ed1ng c\u00e2y tr\u1ed3ng, \u0111\u1ebfn qu\u00e1 tr\u00ecnh ch\u0103m s\u00f3c: \u0111\u1ea5t, ngu\u1ed3n n\u01b0\u1edbc t\u01b0\u1edbi ti\u00eau \u0111\u1ec1u \u0111\u1ea3m b\u1ea3o s\u1ea1ch, tr\u00e1nh xa m\u00f4i tr\u01b0\u1eddng \u00f4 nhi\u1ec5m.<\/p>\n<p><img fetchpriority=\"high\" decoding=\"async\" class=\"wp-image-21322 aligncenter\" src=\"https:\/\/havamall.com\/wp-content\/uploads\/2021\/08\/\u0110\u1eacU-2-300x120.jpg\" alt=\"\" width=\"753\" height=\"302\" \/><\/p>\n<p>Hi\u1ec7n nay, c\u00e1c s\u1ea3n ph\u1ea9m c\u1ee7a Markal \u0111\u01b0\u1ee3c xu\u1ea5t kh\u1ea9u \u1edf nhi\u1ec1u n\u01b0\u1edbc tr\u00ean th\u1ebf gi\u1edbi, ri\u00eang n\u01b0\u1edbc Ph\u00e1p, th\u01b0\u01a1ng hi\u1ec7u Markal c\u00f3 m\u1eb7t tr\u00ean 900 c\u1eeda h\u00e0ng l\u1edbn, nh\u1ecf. V\u00e0 h\u00f4m nay, nh\u1eefng s\u1ea3n ph\u1ea9m c\u1ee7a Markal \u0111\u00e3 c\u00f3 m\u1eb7t t\u1ea1i Havamall.<\/p>\n<p>B\u1ed9t m\u00ec tr\u1eafng \u0111a d\u1ee5ng h\u1eefu c\u01a1 Markel \u0111\u01b0\u1ee3c l\u00e0m t\u1eeb l\u00faa m\u00ec, \u0111\u01b0\u1ee3c canh t\u00e1c \u1edf nh\u1eefng n\u01a1i c\u00f3 \u0111i\u1ec1u ki\u1ec7n n\u00f4ng nghi\u1ec7p v\u00e0 th\u1eddi ti\u1ebft g\u00f3p ph\u1ea7n t\u1ea1o ra s\u1ea3n ph\u1ea9m ch\u1ea5t l\u01b0\u1ee3ng t\u1ed1t nh\u1ea5t.<\/p>\n<p><img decoding=\"async\" class=\"wp-image-21401 aligncenter\" src=\"https:\/\/havamall.com\/wp-content\/uploads\/2021\/08\/GKJYHJ-300x300.png\" alt=\"\" width=\"754\" height=\"754\" \/><\/p>\n<p>Nh\u1edd h\u1ec7 th\u1ed1ng \u0111\u00f3ng g\u00f3i \u0111\u01b0\u1ee3c b\u1ea3o v\u1ec7 trong m\u00f4i tr\u01b0\u1eddng kh\u00f4ng kh\u00ed, ch\u1ea5t l\u01b0\u1ee3ng h\u01b0\u01a1ng v\u1ecb c\u1ee7a t\u1ea5t c\u1ea3 c\u00e1c lo\u1ea1i b\u1ed9t Markel \u0111\u01b0\u1ee3c b\u1ea3o to\u00e0n theo th\u1eddi gian. B\u1ed9t m\u00ec \u0111a d\u1ee5ng h\u1eefu c\u01a1 c\u00f3 h\u00e0m l\u01b0\u1ee3ng ch\u1ea5t x\u01a1 d\u1ed3i d\u00e0o v\u00e0 cung c\u1ea5p protein c\u00f9ng c\u00e1c kho\u00e1ng ch\u1ea5t c\u1ea7n thi\u1ebft bao g\u1ed3m ph\u1ed1t pho, magie, k\u1ebdm v\u00e0 s\u1eaft.<\/p>\n<p>S\u1ea3n ph\u1ea9m l\u00e0 lo\u1ea1i b\u1ed9t m\u00ec cao c\u1ea5p chuy\u00ean d\u00f9ng \u0111\u1ec3 l\u00e0m c\u00e1c lo\u1ea1i b\u00e1nh m\u00ec, bao g\u1ed3m sandwich, b\u00e1nh cu\u1ed9n th\u00f4, pancake, cookie, b\u00e1nh cake, muffins, pizza v\u00e0 nhi\u1ec1u lo\u1ea1i b\u00e1nh kh\u00e1c.<\/p>\n<p><img decoding=\"async\" class=\"wp-image-21402 aligncenter\" src=\"https:\/\/havamall.com\/wp-content\/uploads\/2021\/08\/BNY-300x300.png\" alt=\"\" width=\"759\" height=\"759\" \/><\/p>\n<p>\u1ee8ng d\u1ee5ng l\u1edbn nh\u1ea5t c\u1ee7a b\u1ed9t m\u00ec \u0111a d\u1ee5ng ch\u00ednh l\u00e0 l\u00e0m c\u00e1c lo\u1ea1i b\u00e1nh kh\u00f4ng c\u1ea7u k\u1ef3, kh\u00f4ng qu\u00e1 kh\u00f3 v\u00e0 kh\u00f4ng y\u00eau c\u1ea7u qu\u00e1 cao v\u1ec1 \u0111\u1ed9 kh\u1eaft khe trong h\u01b0\u01a1ng v\u1ecb c\u0169ng nh\u01b0 th\u00e0nh ph\u1ea9m.<\/p>\n<p>B\u1ed9t m\u00ec \u0111a d\u1ee5ng h\u1eefu c\u01a1 c\u00f3 h\u00e0m l\u01b0\u1ee3ng ch\u1ea5t x\u01a1 d\u1ed3i d\u00e0o v\u00e0 cung c\u1ea5p g\u1ea7n 12% protein c\u00f9ng c\u00e1c kho\u00e1ng ch\u1ea5t c\u1ea7n thi\u1ebft bao g\u1ed3m ph\u1ed1t pho, magie, k\u1ebdm v\u00e0 s\u1eaft n\u00ean r\u1ea5t t\u1ed1t cho c\u00e1c b\u1ea1n khi s\u1eed d\u1ee5ng.<\/p>\n<p><img loading=\"lazy\" decoding=\"async\" class=\"wp-image-21403 aligncenter\" src=\"https:\/\/havamall.com\/wp-content\/uploads\/2021\/08\/b\u1ed9t-l\u00faa-m\u1ea1ch-\u0111en-sotto-300x203.jpg\" alt=\"\" width=\"758\" height=\"513\" \/><\/p>\n<h3><strong>C\u00e1ch s\u1eed d\u1ee5ng: <\/strong><\/h3>\n<p>&#8211; D\u00f9ng \u0111\u1ec3 l\u00e0m c\u00e1c lo\u1ea1i b\u00e1nh m\u00ec, bao g\u1ed3m sandwich, b\u00e1nh cu\u1ed9n th\u00f4, pancake, cookie, b\u00e1nh cake, muffins, pizza v\u00e0 nhi\u1ec1u lo\u1ea1i b\u00e1nh kh\u00e1c.<\/p>\n<p>&#8211; C\u00f3 th\u1ec3 d\u00f9ng \u0111\u1ec3 l\u00e0m c\u00e1c lo\u1ea1i b\u00e1nh b\u00f4ng lan, b\u00e1nh r\u00e1n, m\u00ec s\u1ee3i, b\u00e1nh bao\u2026 v\u00e0 s\u1eed d\u1ee5ng ch\u1ebf bi\u1ebfn c\u00e1c m\u00f3n \u0103n trong gia \u0111\u00ecnh nh\u01b0 g\u00e0 t\u1ea9m, c\u00e1 t\u1ea9m, t\u00f4m t\u1ea9m&#8230;<\/p>\n<p><img loading=\"lazy\" decoding=\"async\" class=\"wp-image-21404 aligncenter\" src=\"https:\/\/havamall.com\/wp-content\/uploads\/2021\/08\/KOUI-300x300.png\" alt=\"\" width=\"751\" height=\"751\" \/><\/p>\n<h3><strong>\u0110\u1eb7c \u0111i\u1ec3m :<\/strong><\/h3>\n<p>&#8211; K\u1ebft c\u1ea5u m\u1ec1m m\u1ecbn, tr\u1eafng, nh\u1eb9.<\/p>\n<p>&#8211; T\u1ea1o \u0111\u1ed9 x\u1ed1p v\u00e0 ph\u1ed3ng h\u01a1n b\u1ed9t m\u00ec nguy\u00ean c\u00e1m.<\/p>\n<p>&#8211; S\u1eed d\u1ee5ng trong c\u00e1c c\u00f4ng th\u1ee9c l\u00e0m b\u00e1nh m\u00ec, b\u00e1nh ng\u1ecdt. C\u00f3 th\u1ec3 pha v\u1edbi b\u1ed9t m\u00ec nguy\u00ean c\u00e1m h\u1eefu c\u01a1.<\/p>\n<p>&#8211; Kh\u00f4ng bi\u1ebfn \u0111\u1ed5i gien, kh\u00f4ng thu\u1ed1c tr\u1eeb s\u00e2u ho\u00e1 h\u1ecdc, kh\u00f4ng ch\u1ea5t b\u1ea3o qu\u1ea3n.<\/p>\n<p>S\u1ea3n ph\u1ea9m hi\u1ec7n \u0111\u00e3 c\u00f3 m\u1eb7t t\u1ea1i Havamall.<\/p>","protected":false},"excerpt":{"rendered":"<p>TH\u00d4NG TIN S\u1ea2N PH\u1ea8M Th\u01b0\u01a1ng hi\u1ec7u MARKAL Ch\u1ec9 ti\u00eau ch\u1ea5t l\u01b0\u1ee3ng Xem tr\u00ean bao b\u00ec s\u1ea3n ph\u1ea9m Th\u00e0nh ph\u1ea7n L\u00faa<\/p>","protected":false},"featured_media":21405,"comment_status":"open","ping_status":"closed","template":"","meta":[],"product_brand":[],"product_cat":[255,36,256,134],"product_tag":[],"class_list":{"0":"post-21392","1":"product","2":"type-product","3":"status-publish","4":"has-post-thumbnail","6":"product_cat-nguyen-lieu-lam-banh","7":"product_cat-thuc-pham-tieu-dung","8":"product_cat-thuc-pham-huu-co","9":"product_cat-thucpham-saykho","10":"pa_brand-markal","12":"first","13":"outofstock","14":"sale","15":"shipping-taxable","16":"purchasable","17":"product-type-simple"},"_links":{"self":[{"href":"https:\/\/havamall.com\/en\/wp-json\/wp\/v2\/product\/21392","targetHints":{"allow":["GET"]}}],"collection":[{"href":"https:\/\/havamall.com\/en\/wp-json\/wp\/v2\/product"}],"about":[{"href":"https:\/\/havamall.com\/en\/wp-json\/wp\/v2\/types\/product"}],"replies":[{"embeddable":true,"href":"https:\/\/havamall.com\/en\/wp-json\/wp\/v2\/comments?post=21392"}],"version-history":[{"count":0,"href":"https:\/\/havamall.com\/en\/wp-json\/wp\/v2\/product\/21392\/revisions"}],"wp:featuredmedia":[{"embeddable":true,"href":"https:\/\/havamall.com\/en\/wp-json\/wp\/v2\/media\/21405"}],"wp:attachment":[{"href":"https:\/\/havamall.com\/en\/wp-json\/wp\/v2\/media?parent=21392"}],"wp:term":[{"taxonomy":"product_brand","embeddable":true,"href":"https:\/\/havamall.com\/en\/wp-json\/wp\/v2\/product_brand?post=21392"},{"taxonomy":"product_cat","embeddable":true,"href":"https:\/\/havamall.com\/en\/wp-json\/wp\/v2\/product_cat?post=21392"},{"taxonomy":"product_tag","embeddable":true,"href":"https:\/\/havamall.com\/en\/wp-json\/wp\/v2\/product_tag?post=21392"}],"curies":[{"name":"wp","href":"https:\/\/api.w.org\/{rel}","templated":true}]}}