{"id":21417,"date":"2021-08-24T10:12:29","date_gmt":"2021-08-24T03:12:29","guid":{"rendered":"https:\/\/havamall.com\/?post_type=product&#038;p=21417"},"modified":"2022-11-02T11:16:40","modified_gmt":"2022-11-02T04:16:40","slug":"dau-ha-lan-xanh-va-vang-tach-doi-huu-co-markal-500gr-organic-green-peas-yellow-peas","status":"publish","type":"product","link":"https:\/\/havamall.com\/en\/shop\/dau-ha-lan-xanh-va-vang-tach-doi-huu-co-markal-500gr-organic-green-peas-yellow-peas\/","title":{"rendered":"\u0110\u1eadu H\u00e0 Lan Xanh V\u00e0 V\u00e0ng T\u00e1ch \u0110\u00f4i H\u1eefu C\u01a1 Markal 500gr &#8211; Organic Green Peas &amp; Yellow Peas"},"content":{"rendered":"<p style=\"text-align: justify;\"><span style=\"font-weight: 400;\">Khi nh\u1eafc \u0111\u1ebfn nh\u00f3m th\u1ef1c ph\u1ea9m h\u1eefu c\u01a1 ng\u01b0\u1eddi ta s\u1ebd ngh\u0129 ngay \u0111\u1ebfn th\u01b0\u01a1ng hi\u1ec7u Markal. S\u1ea3n ph\u1ea9m Markal \u0111a d\u1ea1ng t\u1eeb m\u00ec \u0111\u1ebfn s\u1eefa h\u1ea1t, s\u1eefa b\u1ed9t, gia v\u1ecb cho \u0111\u1ebfn nh\u1eefng lo\u1ea1i \u0111\u1eadu h\u1ea1t s\u1ea5y kh\u00f4,\u2026<\/span><\/p>\n<p style=\"text-align: justify;\"><span style=\"font-weight: 400;\">\u0110\u01b0\u1ee3c th\u00e0nh l\u1eadp t\u1eeb n\u0103m 1936 t\u1ea1i mi\u1ec1n Nam n\u01b0\u1edbc Ph\u00e1p, t\u1ea5t c\u1ea3 c\u00e1c nguy\u00ean li\u1ec7u \u0111\u1ec3 ch\u1ebf bi\u1ebfn s\u1ea3n xu\u1ea5t \u0111\u1ec1u \u0111\u01b0\u1ee3c tr\u1ed3ng t\u1ea1i khu n\u00f4ng nghi\u1ec7p h\u1eefu c\u01a1. T\u1ea1i \u0111\u00e2y, c\u00e1c c\u00e2y tr\u1ed3ng \u0111\u01b0\u1ee3c ch\u0103m s\u00f3c v\u1edbi ngu\u1ed3n n\u01b0\u1edbc, ngu\u1ed3n dinh d\u01b0\u1ee1ng t\u1ef1 nhi\u00ean, s\u1ea1ch, tr\u00e1nh xa m\u00f4i tr\u01b0\u1eddng \u00f4 nhi\u1ec5m nh\u1eb1m \u0111\u1ea3m b\u1ea3o ngu\u1ed3n dinh d\u01b0\u1ee1ng trong c\u00e2y tr\u1ed3ng kh\u00f4ng c\u00f3 ch\u1ee9a ch\u1ea5t \u0111\u1ed9c h\u1ea1i c\u0169ng nh\u01b0 t\u00e0n d\u01b0 ch\u1ea5t h\u00f3a h\u1ecdc.\u00a0<\/span><\/p>\n<p><span style=\"font-weight: 400;\">Nh\u1eefng s\u1ea3n ph\u1ea9m c\u1ee7a Markal \u0111\u00e3 c\u00f3 m\u1eb7t tr\u00ean th\u1ecb tr\u01b0\u1eddng ti\u00eau d\u00f9ng Vi\u1ec7t Nam v\u00e0i n\u0103m tr\u1edf l\u1ea1i \u0111\u00e2y v\u00e0 \u0111ang d\u1ea7n tr\u1edf th\u00e0nh s\u1ea3n ph\u1ea9m thi\u1ebft y\u1ebfu, kh\u00f4ng th\u1ec3 thay th\u1ebf \u0111\u01b0\u1ee3c.<\/span>\u00a0V\u00e0 nay\u00a0\u0111\u00e3 c\u00f3 m\u1eb7t t\u1ea1i Havamall.<\/p>\n<p>T\u1ea5t c\u1ea3 c\u00e1c s\u1ea3n ph\u1ea9m c\u1ee7a Markal \u0111\u1ec1u \u0111\u01b0\u1ee3c c\u1ea5p gi\u1ea5y ch\u1ee9ng nh\u1eadn h\u1eefu c\u01a1 c\u1ee7a AB, EU<\/p>\n<p><img fetchpriority=\"high\" decoding=\"async\" class=\"wp-image-21322 aligncenter\" src=\"https:\/\/havamall.com\/wp-content\/uploads\/2021\/08\/\u0110\u1eacU-2-300x120.jpg\" alt=\"\" width=\"649\" height=\"260\" \/><\/p>\n<p>T\u1eeb xa x\u01b0a, c\u00e1c lo\u1ea1i c\u00e2y h\u1ecd \u0111\u1eadu \u0111\u01b0\u1ee3c xem nh\u01b0 l\u00e0 m\u1ed9t ngu\u1ed3n th\u1ef1c ph\u1ea9m gi\u00e0u dinh d\u01b0\u1ee1ng, \u0111\u1eb7c bi\u1ec7t l\u00e0 \u0111\u1eadu H\u00e0 Lan. H\u00e0m l\u01b0\u1ee3ng dinh d\u01b0\u1ee1ng c\u00f3 trong \u0111\u1eadu H\u00e0 Lan c\u00f3 l\u1ee3i cho s\u1ee9c kh\u1ecfe h\u1ec7 tim m\u1ea1ch, ng\u0103n ng\u1eeba ung th\u01b0, ch\u1ed1ng l\u00e3o h\u00f3a,\u2026H\u00e3y c\u00f9ng Havamall\u00a0t\u00ecm hi\u1ec3u th\u00e0nh ph\u1ea7n, c\u00f4ng d\u1ee5ng v\u00e0 c\u00e1c c\u00e1ch ch\u1ebf bi\u1ebfn \u0111\u1eadu H\u00e0 Lan h\u1eefu c\u01a1 Markal.<\/p>\n<p>\u0110\u1ec3 l\u00e0m n\u00ean th\u00e0nh ph\u1ea9m \u0111\u1eadu H\u00e0 Lan h\u1eefu c\u01a1 Markal th\u00ec 100% \u0111\u1eadu H\u00e0 Lan \u0111\u1ec1u \u0111\u01b0\u1ee3c tr\u1ed3ng v\u00e0 ch\u0103m s\u00f3c t\u1ea1i khu n\u00f4ng nghi\u1ec7p h\u1eefu c\u01a1 La Drome theo quy tr\u00ecnh ch\u0103m s\u00f3c, ch\u1ebf bi\u1ebfn c\u1ee7a Ph\u00e1p v\u00e0 Ch\u00e2u \u00c2u. H\u1ea1t \u0111\u1eadu H\u00e0 Lan sau khi thu ho\u1ea1ch v\u1ec1 s\u1ebd \u0111\u01b0\u1ee3c s\u1ea5y kh\u00f4, \u0111\u00f3ng theo theo c\u00f4ng ngh\u1ec7 ti\u00ean ti\u1ebfn nh\u1ea5t, \u0111\u1ea3m b\u1ea3o c\u00e1c ti\u00eau ch\u00ed h\u1eefu c\u01a1, nh\u1eb1m \u0111em \u0111\u1ebfn cho ng\u01b0\u1eddi ti\u00eau d\u00f9ng \u0111\u1eadu H\u00e0 Lan h\u1eefu c\u01a1 Markal t\u1ed1t nh\u1ea5t.<\/p>\n<p><img decoding=\"async\" class=\"wp-image-21422 aligncenter\" src=\"https:\/\/havamall.com\/wp-content\/uploads\/2021\/08\/HLX-NGUY\u00caN-H\u1ea0T-5-300x137.jpg\" alt=\"\" width=\"648\" height=\"296\" \/><\/p>\n<h3><strong>C\u00d4NG D\u1ee4NG\u00a0 \u0110\u1eacU H\u00c0 LAN<\/strong><\/h3>\n<p>\u0110\u1eadu h\u00e0 lan mang nhi\u1ec1u d\u01b0\u1ee1ng ch\u1ea5t t\u1ed1t cho s\u1ee9c kh\u1ecfe, h\u01b0\u01a1ng v\u1ecb d\u1ec5 d\u00f9ng, \u0111\u01b0\u1ee3c s\u1eed d\u1ee5ng \u0111\u1ec3 ch\u1ebf bi\u1ebfn th\u1ef1c ph\u1ea9m. \u0110\u1eadu h\u00e0 lan s\u1ea5y c\u00f3 t\u00e1c d\u1ee5ng g\u00ec ? Ch\u00fang ta c\u00f9ng nhau t\u00ecm hi\u1ec3u d\u01b0\u1edbi \u0111\u00e2y nh\u00e9.<\/p>\n<p><em><strong>Ng\u0103n ng\u1eeba ung th\u01b0:<\/strong><\/em><\/p>\n<p>\u0110\u1eadu h\u00e0 lan \u0111\u01b0\u1ee3c bi\u1ebft \u0111\u1ebfn v\u1edbi nhi\u1ec1u ch\u1ea5t dinh d\u01b0\u1ee1ng v\u00e0 trong s\u1ed1 \u0111\u00f3 l\u00e0 polyphenol g\u1ecdi l\u00e0 coumestrol \u2013 g\u1ea7n \u0111\u00e2y \u0111\u00e3 \u0111i \u0111\u1ea7u trong nghi\u00ean c\u1ee9u v\u1ec1 b\u1ea3o v\u1ec7 ch\u1ed1ng ung th\u01b0 d\u1ea1 d\u00e0y.<\/p>\n<p><strong><em>Ch\u1ea5t ch\u1ed1ng oxy ho\u00e1 v\u00e0 kh\u00e1ng vi\u00eam<\/em><\/strong>:<\/p>\n<p>\u0110\u1eadu H\u00e0 Lan\u00a0l\u00e0 ngu\u1ed3n c\u00e1c ch\u1ea5t ch\u1ed1ng oxy h\u00f3a, ch\u1ed1ng vi\u00eam v\u00e0 c\u00e1c ch\u1ea5t dinh d\u01b0\u1ee1ng h\u1ed7 tr\u1ee3 s\u1ee9c kho\u1ebb.<\/p>\n<p>Th\u01b0\u1eddng xuy\u00ean ti\u00eau th\u1ee5 c\u00e1c ch\u1ea5t ch\u1ed1ng oxy ho\u00e1 c\u00f3 th\u1ec3 gi\u00fap c\u01a1 th\u1ec3 ch\u00fang ta ng\u0103n ng\u1eeba stress, l\u00e3o h\u00f3a. Trong khi ti\u00eau th\u1ee5 th\u01b0\u1eddng xuy\u00ean c\u00e1c ch\u1ea5t ch\u1ed1ng vi\u00eam c\u00f3 th\u1ec3 gi\u00fap ch\u00fang ta ph\u00f2ng ng\u1eeba vi\u00eam m\u00e3n t\u00ednh kh\u00f4ng mong mu\u1ed1n.<\/p>\n<p><strong><em>Ki\u1ec3m so\u00e1t l\u01b0\u1ee3ng \u0111\u01b0\u1eddng:<\/em><\/strong><\/p>\n<p>\u0110\u1eadu H\u00e0 Lan\u00a0ch\u1ee9a nhi\u1ec1u ch\u1ea5t x\u01a1 v\u00e0 ch\u1ea5t \u0111\u1ea1m tr\u1ef1c ti\u1ebfp \u0111i\u1ec1u ch\u1ec9nh t\u1ed1c \u0111\u1ed9 ti\u00eau h\u00f3a, protein v\u00e0 ch\u1ea5t x\u01a1 c\u0169ng gi\u00fap \u0111i\u1ec1u h\u00f2a s\u1ef1 ph\u00e2n h\u1ee7y c\u00e1c tinh b\u1ed9t th\u00e0nh \u0111\u01b0\u1eddng v\u00e0 s\u1ef1 \u0111i qua c\u00e1c carbs th\u00f4ng qua \u0111\u01b0\u1eddng ti\u00eau h\u00f3a. V\u1edbi vi\u1ec7c \u0111i\u1ec1u ch\u1ec9nh l\u01b0\u1ee3ng carbs t\u1ed1t h\u01a1n, l\u01b0\u1ee3ng \u0111\u01b0\u1eddng trong m\u00e1u c\u1ee7a ch\u00fang ta c\u00f3 th\u1ec3 \u1ed5n \u0111\u1ecbnh h\u01a1n.<\/p>\n<p style=\"text-align: center;\"><img decoding=\"async\" class=\"alignnone wp-image-21423\" src=\"https:\/\/havamall.com\/wp-content\/uploads\/2021\/08\/dsc_0015-300x201.jpg\" alt=\"\" width=\"649\" height=\"435\" \/><\/p>\n<h3><strong>H\u01af\u1edaNG D\u1eaaN S\u1eec D\u1ee4NG<\/strong><\/h3>\n<p>R\u1eeda s\u1ea1ch \u0111\u1eadu H\u00e0 Lan. Cho ng\u1eadp n\u01b0\u1edbc. N\u1ea5u trong kho\u1ea3ng 1 gi\u1edd tr\u00ean l\u1eeda v\u1eeba cho \u0111\u1ebfn khi m\u1ec1m.<\/p>\n<p>\u0110\u1eadu H\u00e0 Lan r\u1ea5t th\u00edch h\u1ee3p \u0111\u1ec3 \u0103n k\u00e8m v\u1edbi th\u1ecbt ngu\u1ed9i. Ngo\u00e0i ra c\u0169ng c\u00f3 th\u1ec3 n\u1ea5u nh\u1eefng m\u00f3n nh\u01b0 s\u00fap, ch\u00e1o, \u0111\u1eb7c bi\u1ec7t cho tr\u1ebb \u0103n d\u1eb7m v\u00e0 c\u00f3 th\u1ec3 d\u00f9ng tr\u1ed9n salad t\u00f9y theo \u00fd th\u00edch.<\/p>\n<p>&nbsp;<\/p>\n<p><img loading=\"lazy\" decoding=\"async\" class=\"wp-image-21424 aligncenter\" src=\"https:\/\/havamall.com\/wp-content\/uploads\/2021\/08\/H\u00c0-LAN-3-300x201.jpg\" alt=\"\" width=\"648\" height=\"434\" \/><\/p>\n<p>&nbsp;<\/p>\n<table>\n<tbody>\n<tr>\n<td>Th\u01b0\u01a1ng hi\u1ec7u<\/td>\n<td>MARKAL<\/td>\n<\/tr>\n<tr>\n<td>Xu\u1ea5t x\u1ee9<\/td>\n<td>\u00dd<\/td>\n<\/tr>\n<tr>\n<td>Th\u00e0nh ph\u1ea7n<\/td>\n<td>50% \u0111\u1eadu H\u00e0 Lan xanh h\u1eefu c\u01a1, 50% \u0111\u1eadu H\u00e0 Lan v\u00e0ng h\u1eefu c\u01a1<\/td>\n<\/tr>\n<tr>\n<td>H\u1ea1n s\u1eed d\u1ee5ng<\/td>\n<td>18 th\u00e1ng k\u1ec3 t\u1eeb ng\u00e0y s\u1ea3n xu\u1ea5t.<\/td>\n<\/tr>\n<tr>\n<td>B\u1ea3o qu\u1ea3n<\/td>\n<td>\u0110\u1ec3 n\u01a1i kh\u00f4 r\u00e1o, tho\u00e1ng m\u00e1t, tr\u00e1nh \u00e1nh n\u1eafng m\u1eb7t tr\u1eddi tr\u1ef1c ti\u1ebfp<\/td>\n<\/tr>\n<tr>\n<td>Kh\u1ed1i l\u01b0\u1ee3ng t\u1ecbnh<\/td>\n<td>500gr<\/td>\n<\/tr>\n<\/tbody>\n<\/table>","protected":false},"excerpt":{"rendered":"<p>Khi nh\u1eafc \u0111\u1ebfn nh\u00f3m th\u1ef1c ph\u1ea9m h\u1eefu c\u01a1 ng\u01b0\u1eddi ta s\u1ebd ngh\u0129 ngay \u0111\u1ebfn th\u01b0\u01a1ng hi\u1ec7u Markal. S\u1ea3n ph\u1ea9m Markal<\/p>","protected":false},"featured_media":21426,"comment_status":"open","ping_status":"closed","template":"","meta":[],"product_brand":[],"product_cat":[36,256,134],"product_tag":[],"class_list":{"0":"post-21417","1":"product","2":"type-product","3":"status-publish","4":"has-post-thumbnail","6":"product_cat-thuc-pham-tieu-dung","7":"product_cat-thuc-pham-huu-co","8":"product_cat-thucpham-saykho","9":"pa_brand-markal","11":"first","12":"outofstock","13":"sale","14":"shipping-taxable","15":"purchasable","16":"product-type-simple"},"_links":{"self":[{"href":"https:\/\/havamall.com\/en\/wp-json\/wp\/v2\/product\/21417","targetHints":{"allow":["GET"]}}],"collection":[{"href":"https:\/\/havamall.com\/en\/wp-json\/wp\/v2\/product"}],"about":[{"href":"https:\/\/havamall.com\/en\/wp-json\/wp\/v2\/types\/product"}],"replies":[{"embeddable":true,"href":"https:\/\/havamall.com\/en\/wp-json\/wp\/v2\/comments?post=21417"}],"version-history":[{"count":0,"href":"https:\/\/havamall.com\/en\/wp-json\/wp\/v2\/product\/21417\/revisions"}],"wp:featuredmedia":[{"embeddable":true,"href":"https:\/\/havamall.com\/en\/wp-json\/wp\/v2\/media\/21426"}],"wp:attachment":[{"href":"https:\/\/havamall.com\/en\/wp-json\/wp\/v2\/media?parent=21417"}],"wp:term":[{"taxonomy":"product_brand","embeddable":true,"href":"https:\/\/havamall.com\/en\/wp-json\/wp\/v2\/product_brand?post=21417"},{"taxonomy":"product_cat","embeddable":true,"href":"https:\/\/havamall.com\/en\/wp-json\/wp\/v2\/product_cat?post=21417"},{"taxonomy":"product_tag","embeddable":true,"href":"https:\/\/havamall.com\/en\/wp-json\/wp\/v2\/product_tag?post=21417"}],"curies":[{"name":"wp","href":"https:\/\/api.w.org\/{rel}","templated":true}]}}