{"id":21468,"date":"2021-08-24T15:15:37","date_gmt":"2021-08-24T08:15:37","guid":{"rendered":"https:\/\/havamall.com\/?post_type=product&#038;p=21468"},"modified":"2024-11-05T15:46:37","modified_gmt":"2024-11-05T08:46:37","slug":"bot-bap-huu-co-hat-min-markal-500g-organic-corn-flour","status":"publish","type":"product","link":"https:\/\/havamall.com\/en\/shop\/bot-bap-huu-co-hat-min-markal-500g-organic-corn-flour\/","title":{"rendered":"B\u1ed9t B\u1eafp H\u1eefu C\u01a1 H\u1ea1t M\u1ecbn Markal 500g &#8211; Organic Corn Flour"},"content":{"rendered":"<h3><strong>TH\u00d4NG TIN S\u1ea2N PH\u1ea8M<\/strong><\/h3>\n<table>\n<tbody>\n<tr>\n<td>Th\u01b0\u01a1ng hi\u1ec7u<\/td>\n<td>Markal<\/td>\n<\/tr>\n<tr>\n<td>Xu\u1ea5t x\u1ee9<\/td>\n<td>Ph\u00e1p<\/td>\n<\/tr>\n<tr>\n<td>Th\u00e0nh ph\u1ea7n<\/td>\n<td>100% b\u1ed9t b\u1eafp h\u1eefu c\u01a1<\/td>\n<\/tr>\n<tr>\n<td>H\u1ea1n s\u1eed d\u1ee5ng<\/td>\n<td>18 th\u00e1ng k\u1ec3 t\u1eeb ng\u00e0y s\u1ea3n xu\u1ea5t.<\/td>\n<\/tr>\n<tr>\n<td>B\u1ea3o qu\u1ea3n<\/td>\n<td>\u0110\u1ec3 n\u01a1i kh\u00f4 r\u00e1o, tho\u00e1ng m\u00e1t, tr\u00e1nh \u00e1nh n\u1eafng tr\u1ef1c ti\u1ebfp<\/td>\n<\/tr>\n<tr>\n<td>Kh\u1ed1i l\u01b0\u1ee3ng<\/td>\n<td>500<\/td>\n<\/tr>\n<\/tbody>\n<\/table>\n<p>Khi nh\u1eafc \u0111\u1ebfn nh\u1eefng th\u01b0\u01a1ng hi\u1ec7u v\u1edbi c\u00f4ng ngh\u1ec7 s\u1ea3n xu\u1ea5t th\u1ef1c ph\u1ea9m h\u1eefu c\u01a1 kh\u00f4ng th\u1ec3 kh\u00f4ng nh\u1eafc \u0111\u1ebfn th\u01b0\u01a1ng hi\u1ec7u Markal \u0111\u1ebfn t\u1eeb Ph\u00e1p. Markal kh\u00f4ng ch\u1ec9 bi\u1ebft \u0111\u1ebfn l\u00e0 th\u01b0\u01a1ng hi\u1ec7u s\u1ea3n xu\u1ea5t s\u1ea3n ph\u1ea9m t\u1eeb l\u00faa m\u1ea1ch, m\u00e0 t\u1ea1i \u0111\u00e2y, c\u00f2n s\u1ea3n xu\u1ea5t c\u00e1c lo\u1ea1i h\u1ea1t, lo\u1ea1i \u0111\u1eadu h\u1eefu c\u01a1. T\u1eeb kh\u00e2u ch\u1ecdn gi\u1ed1ng c\u00e2y tr\u1ed3ng, \u0111\u1ebfn qu\u00e1 tr\u00ecnh ch\u0103m s\u00f3c: \u0111\u1ea5t, ngu\u1ed3n n\u01b0\u1edbc t\u01b0\u1edbi ti\u00eau \u0111\u1ec1u \u0111\u1ea3m b\u1ea3o s\u1ea1ch, tr\u00e1nh xa m\u00f4i tr\u01b0\u1eddng \u00f4 nhi\u1ec5m.<\/p>\n<p>Hi\u1ec7n nay, c\u00e1c s\u1ea3n ph\u1ea9m c\u1ee7a Markal \u0111\u01b0\u1ee3c xu\u1ea5t kh\u1ea9u \u1edf nhi\u1ec1u n\u01b0\u1edbc tr\u00ean th\u1ebf gi\u1edbi, ri\u00eang n\u01b0\u1edbc Ph\u00e1p, th\u01b0\u01a1ng hi\u1ec7u Markal c\u00f3 m\u1eb7t tr\u00ean 900 c\u1eeda h\u00e0ng l\u1edbn, nh\u1ecf. V\u00e0 h\u00f4m nay, nh\u1eefng s\u1ea3n ph\u1ea9m c\u1ee7a Markal \u0111\u00e3 c\u00f3 m\u1eb7t t\u1ea1i Havamall. T\u1ea5t c\u1ea3 c\u00e1c s\u1ea3n ph\u1ea9m c\u1ee7a Markal \u0111\u1ec1u \u0111\u01b0\u1ee3c c\u1ea5p gi\u1ea5y ch\u1ee9ng nh\u1eadn h\u1eefu c\u01a1 c\u1ee7a AB, EU.<\/p>\n<p style=\"text-align: center;\"><img fetchpriority=\"high\" decoding=\"async\" class=\"alignnone wp-image-21322\" src=\"https:\/\/havamall.com\/wp-content\/uploads\/2021\/08\/\u0110\u1eacU-2-300x120.jpg\" alt=\"\" width=\"710\" height=\"284\" \/><\/p>\n<p><span style=\"font-weight: 400;\">B\u1ed9t b\u1eafp h\u1eefu c\u01a1 h\u1ea1t m\u1ecbn Markal ch\u1ee9a nhi\u1ec1u protein v\u00e0 ch\u1ea5t x\u01a1, vitamin A, s\u1eaft, magie v\u00e0 k\u1ebdm. Polenta l\u00e0 m\u1ed9t ngu\u1ed3n carbohydrates ph\u1ee9c t\u1ea1p tuy\u1ec7t v\u1eddi. N\u00f3 c\u1ea7n nhi\u1ec1u th\u1eddi gian h\u01a1n \u0111\u1ec3 ti\u00eau h\u00f3a, c\u00f3 th\u1ec3 gi\u1eef cho l\u01b0\u1ee3ng \u0111\u01b0\u1eddng trong m\u00e1u \u1ed5n \u0111\u1ecbnh.<\/span><\/p>\n<p><span style=\"font-weight: 400;\">B\u1ed9t b\u1eafp h\u1eefu c\u01a1 h\u1ea1t m\u1ecbn Markal ch\u1ee9a r\u1ea5t \u00edt ch\u1ea5t b\u00e9o v\u00e0 l\u01b0\u1ee3ng calo th\u1ea5p, l\u00e0 m\u1ed9t thay th\u1ebf l\u00e0nh m\u1ea1nh cho c\u00e1c m\u00f3n \u0103n ph\u1ee5 hay \u0103n v\u1eb7t chi\u00ean v\u00e0 r\u00e1n\u2026.<\/span><\/p>\n<p><img decoding=\"async\" class=\"wp-image-21475 aligncenter\" src=\"https:\/\/havamall.com\/wp-content\/uploads\/2021\/08\/YTUT-300x300.png\" alt=\"\" width=\"724\" height=\"724\" \/><\/p>\n<p><span style=\"font-weight: 400;\">B\u1ed9t b\u1eafp h\u1eefu c\u01a1 h\u1ea1t m\u1ecbn Markal ch\u1ee9a nhi\u1ec1u protein v\u00e0 ch\u1ea5t x\u01a1, vitamin A, s\u1eaft, magie v\u00e0 k\u1ebdm. B\u00e1nh Cookies d\u00f9ng b\u1ed9t ng\u00f4 polenta l\u00e0m cho b\u00e1nh v\u00e0ng h\u01a1n, th\u00eam mix-fruit (tr\u00e1i c\u00e2y tr\u1ed9n) chua chua n\u00ean kh\u00f4ng ng\u00e1n. L\u00e0 m\u1ed9t c\u00f4ng th\u1ee9c \u0111\u00e1ng \u0111\u1ec3 m\u1ecdi ng\u01b0\u1eddi kh\u00e1m ph\u00e1.<\/span><\/p>\n<p><img decoding=\"async\" class=\"wp-image-21476 aligncenter\" src=\"https:\/\/havamall.com\/wp-content\/uploads\/2021\/08\/JHGJY-300x300.png\" alt=\"\" width=\"728\" height=\"728\" \/><\/p>\n<p><span style=\"font-weight: 400;\">B\u1ed9t b\u1eafp h\u1eefu c\u01a1 h\u1ea1t m\u1ecbn Markal ch\u1ee9a r\u1ea5t \u00edt ch\u1ea5t b\u00e9o v\u00e0 l\u01b0\u1ee3ng calo th\u1ea5p. Do \u0111\u00f3 n\u00f3 tr\u1edf th\u00e0nh s\u1ef1 l\u1ef1a ch\u1ecdn l\u00e0nh m\u1ea1nh cho nh\u1eefng b\u1ea1n \u0111ang trong ch\u1ebf \u0111\u1ed9 \u0103n ki\u00eang, gi\u1ea3m c\u00e2n v\u00e0 mu\u1ed1n duy tr\u00ec c\u00e2n n\u1eb7ng.<\/span><\/p>\n<p><img loading=\"lazy\" decoding=\"async\" class=\"aligncenter\" src=\"https:\/\/havamall.com\/wp-content\/uploads\/2021\/04\/Grilled-Polenta.jpg\" alt=\"Grilled Polenta with Mushrooms\" width=\"699\" height=\"524\" \/><\/p>\n<p><span style=\"font-weight: 400;\">\u0110\u01b0\u1ee3c l\u00e0m t\u1eeb 100% b\u1eafp h\u1eefu c\u01a1, kh\u00f4ng ch\u1ee9a gluten, th\u00edch h\u1ee3p cho nh\u1eefng ng\u01b0\u1eddi mu\u1ed1n h\u1ea1n ch\u1ebf h\u00e0m l\u01b0\u1ee3ng gluten trong kh\u1ea9u ph\u1ea7n \u0103n.\u00a0<\/span><span style=\"font-weight: 400;\">B\u1ed9t b\u1eafp h\u1eefu c\u01a1 Markal c\u00f3 h\u01b0\u01a1ng v\u1ecb b\u1eafp ng\u00f4 nh\u1eb9. Do \u0111\u00f3, b\u1ea1n c\u00f3 th\u1ec3 \u0103n k\u00e8m v\u1edbi c\u00e1c lo\u1ea1i th\u1ea3o m\u1ed9c, rau, pho m\u00e1t hay th\u1ecbt c\u00e1.\u00a0<\/span><\/p>\n<p><img loading=\"lazy\" decoding=\"async\" class=\"aligncenter\" src=\"https:\/\/havamall.com\/wp-content\/uploads\/2021\/04\/polenta-kochen.jpg\" alt=\"Polenta kochen - das beste Rezept | BRIGITTE.de\" width=\"689\" height=\"459\" \/><\/p>\n<h3><strong>H\u01b0\u1edbng d\u1eabn s\u1eed d\u1ee5ng:<\/strong><\/h3>\n<p><span style=\"font-weight: 400;\">&#8211; S\u1ea3n ph\u1ea9m c\u00f3 th\u1ec3 d\u00f9ng ri\u00eang ho\u1eb7c k\u1ebft h\u1ee3p v\u00e0o b\u1ed9t m\u00ec truy\u1ec1n th\u1ed1ng \u0111\u1ec3 l\u00e0m b\u00e1nh m\u00ec, b\u00e1nh ng\u1ecdt, b\u00e1nh k\u1ebfp, b\u00e1nh n\u01b0\u1edbng x\u1ed1p&#8230;. V\u00e0 \u0111\u01b0\u1ee3c s\u1eed d\u1ee5ng nh\u01b0 ch\u1ea5t k\u1ebft d\u00ednh trong n\u01b0\u1edbc s\u1ed1t, kem, s\u00fap.<\/span><\/p>\n<p><span style=\"font-weight: 400;\">&#8211; Ngo\u00e0i ra b\u1ed9t b\u1eafp Polenta c\u00f2n \u0111\u01b0\u1ee3c s\u1eed d\u1ee5ng trong c\u00e1c c\u00f4ng th\u1ee9c l\u00e0m b\u00e1nh m\u00ec \u0111\u1ebfn m\u00f3n tr\u00e1ng mi\u1ec7ng.<\/span><\/p>\n<p><span style=\"font-weight: 400;\">&#8211; <\/span><span style=\"font-weight: 400;\">C\u00f3 th\u1ec3 d\u00f9ng ri\u00eang ho\u1eb7c tr\u1ed9n v\u1edbi b\u1ed9t m\u00ec th\u01b0\u1eddng. B\u1ed9t b\u1eafp \u0111\u01b0\u1ee3c k\u1ebft h\u1ee3p v\u00e0o b\u1ed9t m\u00ec truy\u1ec1n th\u1ed1ng \u0111\u1ec3 l\u00e0m b\u00e1nh m\u00ec, b\u00e1nh ng\u1ecdt, b\u00e1nh k\u1ebfp, b\u00e1nh n\u01b0\u1edbng x\u1ed1p.\u00a0<\/span><\/p>\n<p><span style=\"font-weight: 400;\">&#8211; B\u1ed9t b\u1eafp c\u0169ng c\u00f3 th\u1ec3 \u0111\u01b0\u1ee3c s\u1eed d\u1ee5ng nh\u01b0 m\u1ed9t ch\u1ea5t k\u1ebft d\u00ednh trong n\u01b0\u1edbc s\u1ed1t v\u00e0 kem v\u00e0 ch\u1ea5t l\u00e0m \u0111\u1eb7c trong s\u00fap.\u00a0<\/span><\/p>\n<p>S\u1ea3n ph\u1ea9m hi\u1ec7n \u0111\u00e3 c\u00f3 m\u1eb7t t\u1ea1i Havamall.<\/p>","protected":false},"excerpt":{"rendered":"<p>TH\u00d4NG TIN S\u1ea2N PH\u1ea8M Th\u01b0\u01a1ng hi\u1ec7u Markal Xu\u1ea5t x\u1ee9 Ph\u00e1p Th\u00e0nh ph\u1ea7n 100% b\u1ed9t b\u1eafp h\u1eefu c\u01a1 H\u1ea1n s\u1eed d\u1ee5ng<\/p>","protected":false},"featured_media":21477,"comment_status":"open","ping_status":"closed","template":"","meta":[],"product_brand":[],"product_cat":[255,36,256,134],"product_tag":[],"class_list":{"0":"post-21468","1":"product","2":"type-product","3":"status-publish","4":"has-post-thumbnail","6":"product_cat-nguyen-lieu-lam-banh","7":"product_cat-thuc-pham-tieu-dung","8":"product_cat-thuc-pham-huu-co","9":"product_cat-thucpham-saykho","10":"pa_brand-markal","12":"first","13":"outofstock","14":"sale","15":"shipping-taxable","16":"purchasable","17":"product-type-simple"},"_links":{"self":[{"href":"https:\/\/havamall.com\/en\/wp-json\/wp\/v2\/product\/21468","targetHints":{"allow":["GET"]}}],"collection":[{"href":"https:\/\/havamall.com\/en\/wp-json\/wp\/v2\/product"}],"about":[{"href":"https:\/\/havamall.com\/en\/wp-json\/wp\/v2\/types\/product"}],"replies":[{"embeddable":true,"href":"https:\/\/havamall.com\/en\/wp-json\/wp\/v2\/comments?post=21468"}],"version-history":[{"count":0,"href":"https:\/\/havamall.com\/en\/wp-json\/wp\/v2\/product\/21468\/revisions"}],"wp:featuredmedia":[{"embeddable":true,"href":"https:\/\/havamall.com\/en\/wp-json\/wp\/v2\/media\/21477"}],"wp:attachment":[{"href":"https:\/\/havamall.com\/en\/wp-json\/wp\/v2\/media?parent=21468"}],"wp:term":[{"taxonomy":"product_brand","embeddable":true,"href":"https:\/\/havamall.com\/en\/wp-json\/wp\/v2\/product_brand?post=21468"},{"taxonomy":"product_cat","embeddable":true,"href":"https:\/\/havamall.com\/en\/wp-json\/wp\/v2\/product_cat?post=21468"},{"taxonomy":"product_tag","embeddable":true,"href":"https:\/\/havamall.com\/en\/wp-json\/wp\/v2\/product_tag?post=21468"}],"curies":[{"name":"wp","href":"https:\/\/api.w.org\/{rel}","templated":true}]}}