{"id":21508,"date":"2021-08-25T09:28:10","date_gmt":"2021-08-25T02:28:10","guid":{"rendered":"https:\/\/havamall.com\/?post_type=product&#038;p=21508"},"modified":"2023-06-05T17:28:59","modified_gmt":"2023-06-05T10:28:59","slug":"hon-hop-gia-vi-24-loai-thao-moc-huu-co-bragg-42gr-organic-sprinkle-24-herbs-spices","status":"publish","type":"product","link":"https:\/\/havamall.com\/en\/shop\/hon-hop-gia-vi-24-loai-thao-moc-huu-co-bragg-42gr-organic-sprinkle-24-herbs-spices\/","title":{"rendered":"H\u1ed7n H\u1ee3p Gia V\u1ecb 24 Lo\u1ea1i Th\u1ea3o M\u1ed9c H\u1eefu C\u01a1 Bragg 42gr &#8211; Organic Sprinkle 24 Herbs &amp; Spices"},"content":{"rendered":"<p>BRAGG l\u00e0 m\u1ed9t c\u00f4ng ty m\u00e0 khi nh\u1eafc \u0111\u1ebfn ng\u01b0\u1eddi ta s\u1ebd bi\u1ebft \u0111\u1ebfn ngay b\u1edfi s\u1ea3n ph\u1ea9m c\u1ee7a h\u1ecd \u0111\u1ed3ng ngh\u0129a v\u1edbi cu\u1ed9c s\u1ed1ng l\u00e0nh m\u1ea1nh. C\u00f4ng ty \u0111\u01b0\u1ee3c th\u00e0nh l\u1eadp b\u1edfi v\u1ecb chuy\u00ean gia Paul C. Bragg, l\u00e0 m\u1ed9t nh\u00e0 ph\u00ea b\u00ecnh s\u1ee9c kh\u1ecfe t\u1eeb n\u0103m 1912. Ng\u01b0\u1eddi \u0111\u00e3 th\u00e0nh l\u1eadp Phong tr\u00e0o S\u1ee9c kh\u1ecfe Hoa K\u1ef3, v\u00e0 v\u1eadn \u0111\u1ed9ng cho ch\u1ebf \u0111\u1ed9 \u0103n ki\u00eang, l\u1ed1i s\u1ed1ng t\u1eadp trung v\u00e0o th\u1ef1c ph\u1ea9m s\u1ed1ng t\u1ef1 nhi\u00ean v\u00e0 ch\u1ebf \u0111\u1ed9 l\u00e0nh m\u1ea1nh cho m\u1ed9t cu\u1ed9c s\u1ed1ng l\u00e2u d\u00e0i.<\/p>\n<p>Trong r\u1ea5t nhi\u1ec1u s\u1ea3n ph\u1ea9m v\u00ec s\u1ee9c kh\u1ecfe c\u1ee7a Bragg,\u00a0<strong>H\u1ed7n H\u1ee3p Gia V\u1ecb 24 Lo\u1ea1i Th\u1ea3o M\u1ed9c H\u1eefu C\u01a1 Bragg <\/strong>l\u00e0 m\u1ed9t\u00a0s\u1ea3n ph\u1ea9m d\u00e0nh cho m\u1ed7i b\u1eefa \u0103n, ph\u00f9 h\u1ee3p v\u1edbi ch\u1ebf \u0111\u1ed9 \u0103n ki\u00eang c\u00f3 h\u00e0m l\u01b0\u1ee3ng natri th\u1ea5p. Nay \u0111\u00e3 c\u00f3 m\u1eb7t t\u1ea1i Havamall.<\/p>\n<p><img fetchpriority=\"high\" decoding=\"async\" class=\"wp-image-21492 aligncenter\" src=\"https:\/\/havamall.com\/wp-content\/uploads\/2021\/08\/GI\u1ea4M-T\u00c1O-11-300x169.jpg\" alt=\"\" width=\"751\" height=\"424\" \/><\/p>\n<p>Gia v\u1ecb l\u00e0 1 ph\u1ea7n quan tr\u1ecdng t\u1ea1o n\u00ean h\u01b0\u01a1ng v\u1ecb c\u1ee7a th\u1ee9c \u0103n. Vi\u1ec7c t\u1ea1o n\u00ean m\u00e0u s\u1eafc, m\u00f9i h\u01b0\u01a1ng, v\u1ecb ng\u1ecdt c\u1ee7a th\u1ef1c ph\u1ea9m b\u1eb1ng gia v\u1ecb th\u1ea3o m\u1ed9c s\u1ebd mang l\u1ea1i nhi\u1ec1u l\u1ee3i \u00edch s\u1ee9c kh\u1ecfe cho con ng\u01b0\u1eddi.<\/p>\n<p>H\u1ed7n H\u1ee3p Gia V\u1ecb 24 Lo\u1ea1i Th\u1ea3o D\u01b0\u1ee3c H\u1eefu C\u01a1 Bragg l\u00e0 m\u1ed9t h\u1ed7n h\u1ee3p\u00a0truy\u1ec1n th\u1ed1ng\u00a0c\u1ee7a 24 lo\u1ea1i th\u1ea3o m\u1ed9c h\u1eefu c\u01a1 v\u00e0 gia v\u1ecb g\u00f3p ph\u1ea7n t\u1ea1o n\u00ean m\u00f9i h\u01b0\u01a1ng cho m\u00f3n \u0103n th\u00eam ph\u1ea7n phong ph\u00fa v\u00e0 \u0111\u1eb7c bi\u1ec7t t\u1ed1t cho s\u1ee9c kh\u1ecfe ng\u01b0\u1eddi ti\u00eau d\u00f9ng v\u00ec th\u00e0nh ph\u1ea7n 100% h\u1eefu c\u01a1. S\u1ea3n ph\u1ea9m kh\u00f4ng ch\u1ee9a ph\u1ee5 gia, kh\u00f4ng c\u00f3 ch\u1ea5t b\u1ea3o qu\u1ea3n, kh\u00f4ng c\u00f3 ch\u1ea5t \u0111\u1ed9n, kh\u00f4ng Gluten. \u0110\u01b0\u1ee3c ch\u1ee9ng nh\u1eadn h\u1eefu c\u01a1 USDA.<\/p>\n<p><img decoding=\"async\" class=\"wp-image-21518 aligncenter\" src=\"https:\/\/havamall.com\/wp-content\/uploads\/2021\/08\/gui-hat-tieu-mac-khen-hat-doi-gia-vi-di-dai-loan-300x184.jpg\" alt=\"\" width=\"751\" height=\"461\" \/><\/p>\n<div class=\"o9v6fnle cxmmr5t8 oygrvhab hcukyx3x c1et5uql ii04i59q\">\n<div dir=\"auto\">\n<h4><strong>\u0110\u1eb6C \u0110I\u1ec2M S\u1ea2N PH\u1ea8M<\/strong><\/h4>\n<\/div>\n<div dir=\"auto\">\u2013 Gia v\u1ecb t\u1ed5ng h\u1ee3p th\u1ea3o m\u1ed9c c\u00f3 th\u00e0nh ph\u1ea7n t\u1eeb 24 lo\u1ea1i gia v\u1ecb th\u1ea3o m\u1ed9c h\u1eefu c\u01a1 \u0111\u1eb7c tr\u01b0ng: L\u00e1 h\u01b0\u01a1ng th\u1ea3o, h\u00e0nh b\u0103m, t\u1ecfi b\u0103m, h\u00e0nh t\u00e2y, t\u1ecfi kh\u1eed n\u01b0\u1edbc, c\u1ecf x\u1ea1 h\u01b0\u01a1ng, \u1edbt chu\u00f4ng \u0111\u1ecf kh\u00f4, c\u00e0 r\u1ed1t kh\u00f4, c\u00e0 chua kh\u00f4, ti\u00eau \u0111en, h\u00fang qu\u1ebf , d\u1ea7u \u00f4 liu nguy\u00ean ch\u1ea5t , m\u00f9i t\u00e2y kh\u00f4, ng\u1ea3i gi\u1ea5m kh\u00f4, v\u1ecf chanh kh\u1eed n\u01b0\u1edbc, v\u1ecf cam kh\u1eed n\u01b0\u1edbc, gi\u1ea5m t\u00e1o, h\u1ea1t c\u1ea7n t\u00e2y, h\u1ea1t th\u00ec l\u00e0, rau kinh gi\u1edbi, rau h\u00fang, x\u00f4 th\u01a1m, g\u1eebng nghi\u1ec1n, rau m\u00f9i, l\u00e1 nguy\u1ec7t qu\u1ebf ngh\u1ec7 .<\/div>\n<div dir=\"auto\"><\/div>\n<\/div>\n<div class=\"o9v6fnle cxmmr5t8 oygrvhab hcukyx3x c1et5uql ii04i59q\">\n<div dir=\"auto\">\u2013 Gia v\u1ecb \u0111\u01b0\u1ee3c k\u1ebft h\u1ee3p t\u1ed1t trong t\u1ea5t c\u1ea3 c\u00e1c lo\u1ea1i c\u00f4ng th\u1ee9c n\u1ea5u \u0103n t\u1eeb n\u1ea5u, \u0111\u1ebfn h\u1ea7m, \u01b0\u1edbp n\u01b0\u1edbng, d\u00f9ng tr\u01b0\u1edbc v\u00e0 sau n\u1ea5u \u0103n nh\u01b0 \u01b0\u1edbp th\u1ecbt, c\u00e1 d\u00f9ng cho m\u00f3n n\u01b0\u1edbng, c\u0169ng nh\u01b0 c\u00e1c m\u00f3n h\u1ea7m, m\u00ec \u1ed1ng, c\u01a1m, salad\u2026B\u1ea1n ch\u1ec9 c\u1ea7n r\u1eafc gia v\u1ecb l\u00ean th\u1ecbt v\u00e0 n\u01b0\u1edbng l\u00e0 s\u1ebd ra m\u1ed9t b\u1eefa \u0103n healthy \u0111\u1eadm \u0111\u00e0 ngon mi\u1ec7ng.<\/div>\n<\/div>\n<div dir=\"auto\"><img decoding=\"async\" class=\"wp-image-21517 aligncenter\" src=\"https:\/\/havamall.com\/wp-content\/uploads\/2021\/08\/TH\u1ea2O-M\u1ed8C-6-300x107.png\" alt=\"\" width=\"751\" height=\"268\" \/><\/div>\n<h4><strong>C\u00d4NG D\u1ee4NG C\u1ee6A S\u1ea2N PH\u1ea8M<\/strong><\/h4>\n<p>Do \u0111\u01b0\u1ee3c k\u1ebft h\u1ee3p t\u1eeb nhi\u1ec1u lo\u1ea1i gia v\u1ecb kh\u00e1c nhau n\u00ean s\u1ea3n ph\u1ea9m th\u00edch h\u1ee3p v\u1edbi c\u00e1c m\u00f3n ch\u1ebf bi\u1ebfn t\u1eeb th\u1ecbt l\u1ee3n, th\u1ecbt b\u00f2, th\u1ecbt g\u00e0, h\u1ea3i s\u1ea3n,\u2026 S\u1eed d\u1ee5ng gia v\u1ecb th\u1ea3o m\u1ed9c Bragg r\u1ea5t thu\u1eadn ti\u1ec7n, c\u00f3 th\u1ec3 thay th\u1ebf \u0111\u01b0\u1ee3c nhi\u1ec1u gia v\u1ecb kh\u00e1c nhau, do \u0111\u00f3 kh\u00f4ng c\u1ea7n t\u00edch tr\u1eef nhi\u1ec1u lo\u1ea1i gia v\u1ecb trong b\u1ebfp.<\/p>\n<div dir=\"auto\">\u2013 Gia v\u1ecb \u00dd t\u1ed5ng h\u1ee3p l\u00e0 nguy\u00ean li\u1ec7u kh\u00f4ng th\u1ec3 thi\u1ebfu, \u0111\u01b0\u1ee3c s\u1eed d\u1ee5ng nhi\u1ec1u trong c\u00e1c c\u00f4ng th\u1ee9c n\u1ea5u m\u1ef3 \u00dd, pizza\u2026\u0110\u1eb7c bi\u1ec7t, khi ch\u1ebf bi\u1ebfn c\u00e1c m\u00f3n \u0111\u1ed3 \u0103n T\u00e2y, s\u1ebd ph\u1ea3i s\u1eed d\u1ee5ng r\u1ea5t nhi\u1ec1u nh\u1eefng lo\u1ea1i gia v\u1ecb kh\u00e1c nhau. \u0110i\u1ec1u n\u00e0y s\u1ebd khi\u1ebfn cho c\u00e1c b\u1ea1n t\u1ed1n m\u1ed9t kho\u1ea3n chi ph\u00ed kha kh\u00e1 n\u1ebfu mu\u1ed1n m\u1ed9t m\u00f3n \u0103n chu\u1ea9n v\u1ecb.<\/div>\n<div dir=\"auto\"><\/div>\n<div dir=\"auto\">\u2013 S\u1ea3n ph\u1ea9m ch\u00ednh l\u00e0 l\u1ef1a ch\u1ecdn t\u1ed1i \u01b0u cho ng\u01b0\u1eddi ti\u00eau d\u00f9ng b\u1edfi s\u1ef1 k\u1ebft h\u1ee3p ho\u00e0n h\u1ea3o c\u00e1c gia v\u1ecb \u0111\u1eb7c tr\u01b0ng n\u00ean r\u1ea5t thu\u1eadn ti\u1ec7n trong vi\u1ec7c n\u00eam n\u1ebfm c\u00e1c m\u00f3n \u0103n, \u0111\u01b0\u1ee3c s\u1eed d\u1ee5ng nh\u01b0 gia v\u1ecb tuy\u1ec7t h\u1ea3o cho m\u00f3n Pizza v\u00e0 n\u01b0\u1edbc s\u1ed1t Spaghetti chu\u1ea9n v\u1ecb \u00dd.<\/div>\n<div dir=\"auto\"><img loading=\"lazy\" decoding=\"async\" class=\"alignnone wp-image-21519 aligncenter\" src=\"https:\/\/havamall.com\/wp-content\/uploads\/2021\/08\/TH\u1ea2O-M\u1ed8C-2-300x300.jpg\" alt=\"\" width=\"751\" height=\"751\" \/><\/div>\n<div dir=\"auto\">\n<h4 class=\"vc_custom_heading\"><strong>H\u01af\u1edaNG D\u1eaaN S\u1eec D\u1ee4NG<\/strong><\/h4>\n<p class=\"vc_custom_heading\">&#8211; D\u00f9ng \u0111\u1ec3 r\u1eafc l\u00ean c\u00e1c m\u00f3n \u0103n tr\u01b0\u1edbc ho\u1eb7c sau khi \u0111\u00e3 ho\u00e0n th\u00e0nh, t\u1ea1o h\u01b0\u01a1ng v\u1ecb th\u01a1m ngon v\u00e0 \u0111\u1eb9p m\u1eaft.<\/p>\n<div class=\"wpb_text_column wpb_content_element\">\n<div class=\"wpb_wrapper\">\n<p>&#8211; H\u00e3y l\u00e0m cho m\u00f3n \u0103n c\u1ee7a b\u1ea1n th\u01a1m ngon h\u01a1n b\u1eb1ng c\u00e1ch r\u1eafc th\u00eam h\u1ed7n h\u1ee3p gia v\u1ecb v\u00e0 th\u1ea3o d\u01b0\u1ee3c h\u1eefu c\u01a1 Bragg l\u00ean salad, s\u00fap, ch\u00e1o, nui, rau c\u1ee7, c\u01a1m, m\u00ec, m\u00f3n ch\u00ednh,\u2026<\/p>\n<p><img loading=\"lazy\" decoding=\"async\" class=\"wp-image-21522 aligncenter\" src=\"https:\/\/havamall.com\/wp-content\/uploads\/2021\/08\/11111-300x200.jpg\" alt=\"\" width=\"750\" height=\"501\" \/><\/p>\n<\/div>\n<\/div>\n<\/div>","protected":false},"excerpt":{"rendered":"<ul>\n<li>H\u1ed7n h\u1ee3p\u00a0truy\u1ec1n th\u1ed1ng\u00a0c\u1ee7a 24 lo\u1ea1i th\u1ea3o m\u1ed9c h\u1eefu c\u01a1 v\u00e0 gia v\u1ecb.<\/li>\n<li>\u0110\u01b0\u1ee3c ch\u1ee9ng nh\u1eadn h\u1eefu c\u01a1 USDA.<\/li>\n<li>M\u1ed9t gia v\u1ecb ngon cho m\u1ed7i b\u1eefa \u0103n, ph\u00f9 h\u1ee3p v\u1edbi ch\u1ebf \u0111\u1ed9 \u0103n ki\u00eang c\u00f3 h\u00e0m l\u01b0\u1ee3ng natri th\u1ea5p. R\u1eafc th\u00eam h\u01b0\u01a1ng v\u1ecb cho h\u1ea7u h\u1ebft c\u00e1c c\u00f4ng th\u1ee9c m\u00f3n \u0103n v\u00e0 \u0111\u1ed3 \u0103n nh\u1eb9.<\/li>\n<li>Kh\u00f4ng ch\u1ee9a ph\u1ee5 gia, kh\u00f4ng c\u00f3 ch\u1ea5t b\u1ea3o qu\u1ea3n, kh\u00f4ng c\u00f3 ch\u1ea5t \u0111\u1ed9n.<\/li>\n<li>Nh\u1eadp kh\u1ea9u tr\u1ef1c ti\u1ebfp t\u1eeb M\u1ef9.<\/li>\n<\/ul>","protected":false},"featured_media":21516,"comment_status":"open","ping_status":"closed","template":"","meta":[],"product_brand":[],"product_cat":[36,256,134],"product_tag":[],"class_list":{"0":"post-21508","1":"product","2":"type-product","3":"status-publish","4":"has-post-thumbnail","6":"product_cat-thuc-pham-tieu-dung","7":"product_cat-thuc-pham-huu-co","8":"product_cat-thucpham-saykho","10":"first","11":"outofstock","12":"sale","13":"shipping-taxable","14":"purchasable","15":"product-type-simple"},"_links":{"self":[{"href":"https:\/\/havamall.com\/en\/wp-json\/wp\/v2\/product\/21508","targetHints":{"allow":["GET"]}}],"collection":[{"href":"https:\/\/havamall.com\/en\/wp-json\/wp\/v2\/product"}],"about":[{"href":"https:\/\/havamall.com\/en\/wp-json\/wp\/v2\/types\/product"}],"replies":[{"embeddable":true,"href":"https:\/\/havamall.com\/en\/wp-json\/wp\/v2\/comments?post=21508"}],"version-history":[{"count":0,"href":"https:\/\/havamall.com\/en\/wp-json\/wp\/v2\/product\/21508\/revisions"}],"wp:featuredmedia":[{"embeddable":true,"href":"https:\/\/havamall.com\/en\/wp-json\/wp\/v2\/media\/21516"}],"wp:attachment":[{"href":"https:\/\/havamall.com\/en\/wp-json\/wp\/v2\/media?parent=21508"}],"wp:term":[{"taxonomy":"product_brand","embeddable":true,"href":"https:\/\/havamall.com\/en\/wp-json\/wp\/v2\/product_brand?post=21508"},{"taxonomy":"product_cat","embeddable":true,"href":"https:\/\/havamall.com\/en\/wp-json\/wp\/v2\/product_cat?post=21508"},{"taxonomy":"product_tag","embeddable":true,"href":"https:\/\/havamall.com\/en\/wp-json\/wp\/v2\/product_tag?post=21508"}],"curies":[{"name":"wp","href":"https:\/\/api.w.org\/{rel}","templated":true}]}}