{"id":21707,"date":"2021-08-26T14:04:09","date_gmt":"2021-08-26T07:04:09","guid":{"rendered":"https:\/\/havamall.com\/?post_type=product&#038;p=21707"},"modified":"2022-11-02T11:17:44","modified_gmt":"2022-11-02T04:17:44","slug":"bong-tay-trang-huu-co-tron-80-mieng-silvercare-organic-cotton-pads-80-pieces","status":"publish","type":"product","link":"https:\/\/havamall.com\/en\/shop\/bong-tay-trang-huu-co-tron-80-mieng-silvercare-organic-cotton-pads-80-pieces\/","title":{"rendered":"B\u00f4ng T\u1ea9y Trang H\u1eefu C\u01a1 Tr\u00f2n 80 Mi\u1ebfng Silvercare &#8211; Organic Cotton Pads 80 Pieces"},"content":{"rendered":"<p style=\"text-align: right;\"><strong>SilverCare<\/strong>\u00a0l\u00e0 d\u00f2ng s\u1ea3n ph\u1ea9m ch\u0103m s\u00f3c v\u1ec7 sinh ph\u1ee5 n\u1eef v\u1edbi th\u00e0nh ph\u1ea7n cotton h\u1eefu c\u01a1 c\u00f3 ch\u1ee9ng nh\u1eadn n\u1ed5i ti\u1ebfng t\u1ea1i Ch\u00e2u \u00c2u, tr\u1ef1c thu\u1ed9c c\u00f4ng ty Cohitech, c\u00f3 tr\u1ee5 s\u1edf ch\u00ednh g\u1ea7n Barcelona (T\u00e2y Ban Nha).<\/p>\n<p>Cohitech \u0111\u01b0\u1ee3c bi\u1ebft \u0111\u1ebfn nh\u01b0 m\u1ed9t trong nh\u1eefng nh\u00e0 s\u1ea3n xu\u1ea5t Ch\u00e2u \u00c2u ti\u00ean phong c\u00f3 tr\u00e1ch nhi\u1ec7m v\u1edbi m\u00f4i tr\u01b0\u1eddng v\u00e0 s\u1ee9c kho\u1ebb chuy\u00ean v\u1ec1 s\u1ea3n ph\u1ea9m s\u1eed d\u1ee5ng cotton t\u1ef1 nhi\u00ean v\u00e0 h\u1eefu c\u01a1 ph\u1ee5c v\u1ee5 v\u1ec7 sinh ph\u1ee5 n\u1eef. \u0110\u1ebfn v\u1edbi d\u00f2ng s\u1ea3n ph\u1ea9m ch\u0103m s\u00f3c v\u1ec7 sinh ph\u1ee5 n\u1eef\u00a0SilverCare\u00a0c\u1ee7a Cohitech b\u1ea1n s\u1ebd c\u1ea3m th\u1ea5y an to\u00e0n, t\u1ef1 tin v\u00e0 tho\u1ea3i m\u00e1i d\u1ec5 ch\u1ecbu.<\/p>\n<p><img fetchpriority=\"high\" decoding=\"async\" class=\"alignnone wp-image-21711 aligncenter\" src=\"https:\/\/havamall.com\/wp-content\/uploads\/2021\/08\/T\u1ea8Y-TRANG-6-300x89.jpg\" alt=\"\" width=\"904\" height=\"268\" \/><\/p>\n<p>\u0110\u1ed1i v\u1edbi nh\u1eefng c\u00f4 n\u00e0ng hay trang \u0111i\u1ec3m,\u00a0b\u00f4ng t\u1ea9y trang\u00a0ch\u1eafc h\u1eb3n l\u00e0 m\u00f3n \u0111\u1ed3 kh\u00f4ng th\u1ec3 thi\u1ebfu tr\u00ean b\u00e0n trang \u0111i\u1ec3m. Sau m\u1ed9t ng\u00e0y d\u00e0i, nhi\u1ec7m quan tr\u1ecdng nh\u1ea5t c\u1ee7a mi\u1ebfng\u00a0b\u00f4ng t\u1ea9y trang\u00a0nh\u1ecf x\u00edu n\u00e0y l\u00e0 gi\u00fap b\u1ea1n lo\u1ea1i b\u1ecf ho\u00e0n to\u00e0n b\u1ee5i b\u1ea9n v\u00e0 l\u1edbp trang \u0111i\u1ec3m \u0111ang b\u00e1m tr\u00ean da. B\u00ean c\u1ea1nh \u0111\u00f3,\u00a0b\u00f4ng t\u1ea9y trang\u00a0c\u0169ng c\u00f3 t\u00e1c d\u1ee5ng l\u00e0m s\u1ea1ch da m\u1eb7t r\u1ea5t t\u1ed1t, m\u00e0 l\u1ea1i hi\u1ec7u qu\u1ea3 v\u00e0 \u0111\u1ea3m b\u1ea3o v\u1ec7 sinh h\u01a1n l\u00e0 th\u00f3i quen d\u00f9ng tay \u0111\u1ec3 r\u1eeda m\u1eb7t m\u00e0 b\u1ea1n v\u1eabn hay \u00e1p d\u1ee5ng th\u01b0\u1eddng ng\u00e0y.<\/p>\n<p>N\u00f3i v\u1ec1 b\u00f4ng t\u1ea9y trang th\u00ec hi\u1ec7n nay tr\u00ean th\u1ecb tr\u01b0\u1eddng kh\u00f4ng ch\u1ec9 c\u00f3 nhi\u1ec1u nh\u00e0 s\u1ea3n xu\u1ea5t m\u00e0 ch\u1ee7ng lo\u1ea1i c\u0169ng v\u00f4 c\u00f9ng phong ph\u00fa. \u0110i\u1ec1u n\u00e0y l\u00e0m ng\u01b0\u1eddi ti\u00eau d\u00f9ng \u0111\u00f4i khi l\u00fang t\u00fang kh\u00f4ng bi\u1ebft n\u00ean ch\u1ecdn nh\u00e0 cung c\u1ea5p n\u00e0o v\u00e0 lo\u1ea1i g\u00ec th\u00ec m\u1edbi th\u00edch h\u1ee3p. Havamall s\u1ebd gi\u1edbi thi\u1ec7u cho b\u1ea1n s\u1ea3n ph\u1ea9m <strong>B\u00f4ng t\u1ea9y trang h\u1eefu c\u01a1 SilverCare<\/strong>, m\u1ed9t s\u1ea3n ph\u1ea9m\u00a0an to\u00e0n m\u00e0 ho\u00e0n to\u00e0n kh\u00f4ng g\u00e2y k\u00edch \u1ee9ng cho da.<\/p>\n<p><img decoding=\"async\" class=\"alignnone wp-image-21712 aligncenter\" src=\"https:\/\/havamall.com\/wp-content\/uploads\/2021\/08\/T\u1ea8Y-TRANG-5-300x200.jpg\" alt=\"\" width=\"901\" height=\"601\" \/><\/p>\n<p><strong>B\u00f4ng t\u1ea9y trang h\u1eefu c\u01a1 tr\u00f2n Silvercare<\/strong>\u00a0l\u00e0 lo\u1ea1i b\u00f4ng t\u1ea9y trang an to\u00e0n v\u00e0 ch\u1ea5t l\u01b0\u1ee3ng v\u1edbi th\u00e0nh ph\u1ea7n 100% cotton h\u1eefu c\u01a1. S\u1ea3n ph\u1ea9m mang \u0111\u1ebfn cho b\u1ea1n c\u1ea3m gi\u00e1c m\u1ec1m m\u1ea1i, d\u1ecbu nh\u1eb9, d\u1ec5 ch\u1ecbu cho l\u00e0n da v\u00e0 kh\u00f4ng g\u00e2y k\u00edch \u1ee9ng.\u00a0B\u00f4ng t\u1ea9y trang SilverCare\u00a0\u0111\u1eb7c bi\u1ec7t kh\u00f4ng ch\u1ee9a h\u01b0\u01a1ng th\u01a1m v\u00e0 c\u00e1c ch\u1ea5t th\u1ea5m h\u00fat ngu\u1ed3n g\u1ed1c ho\u00e1 d\u1ea7u.<\/p>\n<p>Mi\u1ebfng b\u00f4ng \u0111\u01b0\u1ee3c d\u1ec7t th\u00e0nh hai m\u1eb7t g\u1ed3m m\u1ed9t m\u1eb7t nh\u1eb5n v\u00e0 m\u1ed9t m\u1eb7t v\u1eb1n gi\u00fap t\u1eadn d\u1ee5ng \u0111\u01b0\u1ee3c t\u1ed1i \u0111a s\u1ea3n ph\u1ea9m, h\u1ea1n ch\u1ebf t\u1ed1i \u0111a d\u1ecb \u1ee9ng. S\u1ee3i b\u00f4ng m\u1ec1m m\u1ecbn th\u1ea5m h\u00fat s\u00e2u dung d\u1ecbch t\u1ea9y trang v\u00e0 n\u01b0\u1edbc hoa h\u1ed3ng, nh\u1eb9 nh\u00e0ng t\u1ea9y s\u1ea1ch da.<\/p>\n<p><img decoding=\"async\" class=\"wp-image-21713 aligncenter\" src=\"https:\/\/havamall.com\/wp-content\/uploads\/2021\/08\/T\u1ea8Y-TRANG-8-300x300.jpg\" alt=\"\" width=\"900\" height=\"900\" \/><\/p>\n<h3><strong>C\u00d4NG D\u1ee4NG S\u1ea2N PH\u1ea8M<\/strong><\/h3>\n<p>\u2013\u00a0D\u00f9ng \u0111\u1ec3 v\u1ec7 sinh da m\u1eb7t: B\u1ea1n c\u00f3 th\u1ec3 d\u00f9ng \u0111\u1ec3 lau m\u1eb7t, th\u1ea5m d\u1ea7u, t\u1ea9y trang\u2026 S\u1ea3n ph\u1ea9m b\u00f4ng t\u1ea9y trang r\u1ea5t m\u1ec1m m\u1ecbn n\u00ean v\u1eeba l\u00e0m s\u1ea1ch da hi\u1ec7u qu\u1ea3 l\u1ea1i kh\u00f4ng l\u00e0m t\u1ed5n th\u01b0\u01a1ng da.<\/p>\n<p>\u2013 Lau lotion: Sau khi r\u1eeda m\u1eb7t, b\u1ea1n n\u00ean cho 5 gi\u1ecdt lotion l\u00ean b\u00f4ng v\u00e0 lau kh\u1eafp m\u1eb7t \u0111\u1ec3 l\u1ea5y \u0111i s\u1ed1 b\u1ee5i b\u1ea9n m\u00e0 s\u1eefa r\u1eeda m\u1eb7t ch\u01b0a l\u00e0m s\u1ea1ch h\u1ebft.<\/p>\n<p>\u2013 D\u01b0\u1ee1ng da: B\u1ea1n c\u00f3 th\u1ec3 th\u1ea5m \u00edt n\u01b0\u1edbc c\u1ed1t chanh v\u00e0o b\u00f4ng v\u00e0 \u0111\u1eafp v\u00e0o v\u00f9ng m\u0169i \u0111\u1ec3 gi\u1ea3m m\u1ee5n \u0111\u1ea7u \u0111en. Ho\u1eb7c c\u0169ng c\u00f3 th\u1ec3 d\u00f9ng c\u00e1c lo\u1ea1i b\u00f4ng m\u1ecfng l\u00e0m lotion mask d\u01b0\u1ee1ng da.<\/p>\n<p>V\u1edbi nh\u1eefng v\u00f9ng da nh\u1ea1y c\u1ea3m ho\u1eb7c trang \u0111i\u1ec3m \u0111\u1eadm, b\u1ea1n n\u00ean \u0111\u1eb7t mi\u1ebfng b\u00f4ng t\u1ea9y trang l\u00ean trong kho\u1ea3ng 15 gi\u00e2y tr\u01b0\u1edbc khi lau.<\/p>\n<p><strong>B\u1ea3o qu\u1ea3n:<\/strong> N\u00ean \u0111\u01b0\u1ee3c \u0111\u1eb7t trong t\u00fai c\u00f3 s\u1eb5n khi mua, \u0111\u1ec3 \u1edf n\u01a1i kh\u00f4 tho\u00e1ng, tr\u00e1nh ngu\u1ed3n nhi\u1ec7t. Ngo\u00e0i ra, b\u1ea1n c\u0169ng c\u00f3 th\u1ec3 mua \u1ed1ng \u0111\u1ef1ng chuy\u00ean d\u1ee5ng \u0111\u1ec3 b\u1ea3o qu\u1ea3n t\u1ed1t h\u01a1n.<\/p>\n<p><img loading=\"lazy\" decoding=\"async\" class=\"alignnone wp-image-21714 aligncenter\" src=\"https:\/\/havamall.com\/wp-content\/uploads\/2021\/08\/T\u1ea8Y-TRANG-7-300x300.jpg\" alt=\"\" width=\"900\" height=\"900\" \/><\/p>","protected":false},"excerpt":{"rendered":"<p>Th\u00e0nh ph\u1ea7n 100% cotton h\u1eefu c\u01a1.<\/p>\n<p>Kh\u00f4ng h\u01b0\u01a1ng th\u01a1m v\u00e0 c\u00e1c ch\u1ea5t th\u1ea5m h\u00fat ngu\u1ed3n g\u1ed1c ho\u00e1 d\u1ea7u.<\/p>\n<p>Kh\u00f4ng g\u00e2y k\u00edch \u1ee9ng da.<\/p>\n<p>Kh\u00f4ng t\u1ea9y tr\u1eafng b\u1eb1ng clo v\u00e0 t\u1ea1o dioxin.<\/p>\n<p>Ph\u00e2n hu\u1ef7 sinh h\u1ecdc cao, kh\u00f4ng g\u00e2y h\u1ea1i \u0111\u1ebfn m\u00f4i tr\u01b0\u1eddng<\/p>\n<p>Ch\u1ee9ng nh\u1eadn h\u1eefu c\u01a1 ICEA v\u00e0 GOTS (Global Organic Textiles Standards)<\/p>","protected":false},"featured_media":21715,"comment_status":"open","ping_status":"closed","template":"","meta":[],"product_brand":[],"product_cat":[35,396,256],"product_tag":[],"class_list":{"0":"post-21707","1":"product","2":"type-product","3":"status-publish","4":"has-post-thumbnail","6":"product_cat-nha-cua-doi-song","7":"product_cat-suc-khoe-lam-dep","8":"product_cat-thuc-pham-huu-co","10":"first","11":"instock","12":"sale","13":"shipping-taxable","14":"purchasable","15":"product-type-simple"},"_links":{"self":[{"href":"https:\/\/havamall.com\/en\/wp-json\/wp\/v2\/product\/21707","targetHints":{"allow":["GET"]}}],"collection":[{"href":"https:\/\/havamall.com\/en\/wp-json\/wp\/v2\/product"}],"about":[{"href":"https:\/\/havamall.com\/en\/wp-json\/wp\/v2\/types\/product"}],"replies":[{"embeddable":true,"href":"https:\/\/havamall.com\/en\/wp-json\/wp\/v2\/comments?post=21707"}],"version-history":[{"count":0,"href":"https:\/\/havamall.com\/en\/wp-json\/wp\/v2\/product\/21707\/revisions"}],"wp:featuredmedia":[{"embeddable":true,"href":"https:\/\/havamall.com\/en\/wp-json\/wp\/v2\/media\/21715"}],"wp:attachment":[{"href":"https:\/\/havamall.com\/en\/wp-json\/wp\/v2\/media?parent=21707"}],"wp:term":[{"taxonomy":"product_brand","embeddable":true,"href":"https:\/\/havamall.com\/en\/wp-json\/wp\/v2\/product_brand?post=21707"},{"taxonomy":"product_cat","embeddable":true,"href":"https:\/\/havamall.com\/en\/wp-json\/wp\/v2\/product_cat?post=21707"},{"taxonomy":"product_tag","embeddable":true,"href":"https:\/\/havamall.com\/en\/wp-json\/wp\/v2\/product_tag?post=21707"}],"curies":[{"name":"wp","href":"https:\/\/api.w.org\/{rel}","templated":true}]}}